{"id":762,"date":"2016-11-09T03:07:02","date_gmt":"2016-11-09T00:07:02","guid":{"rendered":"http:\/\/www.otoekspertizsefakoy.com\/?page_id=762"},"modified":"2023-09-12T18:54:10","modified_gmt":"2023-09-12T15:54:10","slug":"fiyat-teklifi-al","status":"publish","type":"page","link":"https:\/\/acarkereste.com\/?page_id=762","title":{"rendered":"Fiyat Teklifi Al"},"content":{"rendered":"<h1>Fiyat Teklifi Al<\/h1>\n<p>(*) Fiyat teklif talebi i\u00e7in a\u015fa\u011f\u0131daki formu eksiksiz olarak doldurup, g\u00f6nderin.<\/p>\n<p>Fiyat talep formunu doldurduktan sonra ilgili departman\u0131m\u0131z size en k\u0131sa s\u00fcrede ula\u015facakt\u0131r.<br \/>\nHemen bilgi almak ve direkt m\u00fc\u015fteri temsilcisiyle g\u00f6r\u00fc\u015fmek \u00fczere ileti\u015fim sayfam\u0131z\u0131 ziyaret edin.<\/p>\n<p>Bizi tercih etti\u011finiz i\u00e7in te\u015fekk\u00fcr ederiz.<\/p>\n\n<div class=\"wpcf7 no-js\" id=\"wpcf7-f4338-o1\" lang=\"tr-TR\" dir=\"ltr\">\n<div class=\"screen-reader-response\"><p role=\"status\" aria-live=\"polite\" aria-atomic=\"true\"><\/p> <ul><\/ul><\/div>\n<form action=\"\/index.php?rest_route=%2Fwp%2Fv2%2Fpages%2F762#wpcf7-f4338-o1\" method=\"post\" class=\"wpcf7-form init\" aria-label=\"Contact form\" novalidate=\"novalidate\" data-status=\"init\">\n<div style=\"display: none;\">\n<input type=\"hidden\" name=\"_wpcf7\" value=\"4338\" \/>\n<input type=\"hidden\" name=\"_wpcf7_version\" value=\"5.8.2\" \/>\n<input type=\"hidden\" name=\"_wpcf7_locale\" value=\"tr_TR\" \/>\n<input type=\"hidden\" name=\"_wpcf7_unit_tag\" value=\"wpcf7-f4338-o1\" \/>\n<input type=\"hidden\" name=\"_wpcf7_container_post\" value=\"0\" \/>\n<input type=\"hidden\" name=\"_wpcf7_posted_data_hash\" value=\"\" \/>\n<\/div>\n<div class=\"cform\">\n<div class=\"wpcf7-response-output\" aria-hidden=\"true\"><\/div>\n\t<div class=\"row\">\n\t\t<div class=\"col-sm-6 form-n-s-t\">\n\t\t\t<p><label>Ad,Soyad*<\/label><span class=\"wpcf7-form-control-wrap\" data-name=\"adsoyad\"><input size=\"40\" class=\"wpcf7-form-control wpcf7-text wpcf7-validates-as-required\" aria-required=\"true\" aria-invalid=\"false\" value=\"\" type=\"text\" name=\"adsoyad\" \/><\/span><br \/>\n<label>E-mail*<\/label><span class=\"wpcf7-form-control-wrap\" data-name=\"email\"><input size=\"40\" class=\"wpcf7-form-control wpcf7-email wpcf7-validates-as-required wpcf7-text wpcf7-validates-as-email\" aria-required=\"true\" aria-invalid=\"false\" value=\"\" type=\"email\" name=\"email\" \/><\/span><br \/>\n<label>Telefon<\/label><span class=\"wpcf7-form-control-wrap\" data-name=\"telefon\"><input size=\"40\" class=\"wpcf7-form-control wpcf7-tel wpcf7-validates-as-required wpcf7-text wpcf7-validates-as-tel\" aria-required=\"true\" aria-invalid=\"false\" value=\"\" type=\"tel\" name=\"telefon\" \/><\/span>\n\t\t\t<\/p>\n\t\t<\/div>\n\t\t<div class=\"col-sm-6 buttons\">\n\t\t\t<p><label>Mesaj\u0131n\u0131z<\/label><span class=\"wpcf7-form-control-wrap\" data-name=\"mesaj\"><textarea cols=\"40\" rows=\"12\" class=\"wpcf7-form-control wpcf7-textarea\" aria-invalid=\"false\" name=\"mesaj\"><\/textarea><\/span>\n\t\t\t<\/p>\n\t\t<\/div>\n\t\t<div class=\"col-sm-6 buttons\">\n\t\t\t<p><div id=\"cf7sr-69ee5f6a67953\" class=\"cf7sr-g-recaptcha\" data-theme=\"light\" data-type=\"image\" data-size=\"normal\" data-sitekey=\"6Lf3Xx0oAAAAALsnzJ-0_ACQgVxi-kX0oGDfCkTH\"><\/div><span class=\"wpcf7-form-control-wrap cf7sr-g-recaptcha-invalid\"><\/span><br \/>\n<input class=\"wpcf7-form-control wpcf7-submit has-spinner\" type=\"submit\" value=\"G\u00f6nder\" \/>\n\t\t\t<\/p>\n\t\t<\/div>\n\t<\/div>\n<\/div>\n<\/form>\n<\/div>\n\n","protected":false},"excerpt":{"rendered":"<p>Fiyat Teklifi Al (*) Fiyat teklif talebi i\u00e7in a\u015fa\u011f\u0131daki formu eksiksiz olarak doldurup, g\u00f6nderin. Fiyat talep formunu doldurduktan sonra ilgili departman\u0131m\u0131z size en k\u0131sa s\u00fcrede ula\u015facakt\u0131r. Hemen bilgi almak ve direkt m\u00fc\u015fteri temsilcisiyle g\u00f6r\u00fc\u015fmek \u00fczere ileti\u015fim sayfam\u0131z\u0131 ziyaret edin. Bizi tercih etti\u011finiz i\u00e7in te\u015fekk\u00fcr ederiz.<\/p>\n","protected":false},"author":14,"featured_media":0,"parent":0,"menu_order":20,"comment_status":"closed","ping_status":"closed","template":"page-full.php","meta":{"_joinchat":[],"footnotes":""},"class_list":["post-762","page","type-page","status-publish","hentry"],"acf":[],"yoast_head":"<!-- This site is optimized with the Yoast SEO plugin v23.0 - https:\/\/yoast.com\/wordpress\/plugins\/seo\/ -->\n<title>Acar Orman \u00dcr\u00fcnleri: Ah\u015fap Lambiri, \u0130n\u015faatl\u0131k Kereste ve Kereste Fiyatlar\u0131<\/title>\n<meta name=\"description\" content=\"Acar Orman \u00dcr\u00fcnleri, uygun fiyat, profesyonel e\u011fitimli personeli ile g\u00fcvenilir ve ilkeli hizmet i\u00e7in do\u011fru adres, do\u011fru kazan\u00e7!\" \/>\n<meta name=\"robots\" content=\"index, follow, max-snippet:-1, max-image-preview:large, max-video-preview:-1\" \/>\n<link rel=\"canonical\" href=\"https:\/\/acarkereste.com\/?page_id=762\" \/>\n<meta property=\"og:locale\" content=\"tr_TR\" \/>\n<meta property=\"og:type\" content=\"article\" \/>\n<meta property=\"og:title\" content=\"Acar Orman \u00dcr\u00fcnleri: Ah\u015fap Lambiri, \u0130n\u015faatl\u0131k Kereste ve Kereste Fiyatlar\u0131\" \/>\n<meta property=\"og:description\" content=\"Acar Orman \u00dcr\u00fcnleri, uygun fiyat, profesyonel e\u011fitimli personeli ile g\u00fcvenilir ve ilkeli hizmet i\u00e7in do\u011fru adres, do\u011fru kazan\u00e7!\" \/>\n<meta property=\"og:url\" content=\"https:\/\/acarkereste.com\/?page_id=762\" \/>\n<meta property=\"og:site_name\" content=\"Acar Orman\" \/>\n<meta property=\"article:modified_time\" content=\"2023-09-12T15:54:10+00:00\" \/>\n<meta name=\"twitter:label1\" content=\"Tahmini okuma s\u00fcresi\" \/>\n\t<meta name=\"twitter:data1\" content=\"1 dakika\" \/>\n<script type=\"application\/ld+json\" class=\"yoast-schema-graph\">{\"@context\":\"https:\/\/schema.org\",\"@graph\":[{\"@type\":\"WebPage\",\"@id\":\"https:\/\/acarkereste.com\/?page_id=762\",\"url\":\"https:\/\/acarkereste.com\/?page_id=762\",\"name\":\"Acar Orman \u00dcr\u00fcnleri: Ah\u015fap Lambiri, \u0130n\u015faatl\u0131k Kereste ve Kereste Fiyatlar\u0131\",\"isPartOf\":{\"@id\":\"https:\/\/acarkereste.com\/#website\"},\"datePublished\":\"2016-11-09T00:07:02+00:00\",\"dateModified\":\"2023-09-12T15:54:10+00:00\",\"description\":\"Acar Orman \u00dcr\u00fcnleri, uygun fiyat, profesyonel e\u011fitimli personeli ile g\u00fcvenilir ve ilkeli hizmet i\u00e7in do\u011fru adres, do\u011fru kazan\u00e7!\",\"breadcrumb\":{\"@id\":\"https:\/\/acarkereste.com\/?page_id=762#breadcrumb\"},\"inLanguage\":\"tr\",\"potentialAction\":[{\"@type\":\"ReadAction\",\"target\":[\"https:\/\/acarkereste.com\/?page_id=762\"]}]},{\"@type\":\"BreadcrumbList\",\"@id\":\"https:\/\/acarkereste.com\/?page_id=762#breadcrumb\",\"itemListElement\":[{\"@type\":\"ListItem\",\"position\":1,\"name\":\"Ana Sayfa\",\"item\":\"https:\/\/acarkereste.com\/\"},{\"@type\":\"ListItem\",\"position\":2,\"name\":\"Fiyat Teklifi Al\"}]},{\"@type\":\"WebSite\",\"@id\":\"https:\/\/acarkereste.com\/#website\",\"url\":\"https:\/\/acarkereste.com\/\",\"name\":\"Acar Orman\",\"description\":\"Lambri &amp; Kereste \u00dcr\u00fcnleri\",\"publisher\":{\"@id\":\"https:\/\/acarkereste.com\/#organization\"},\"potentialAction\":[{\"@type\":\"SearchAction\",\"target\":{\"@type\":\"EntryPoint\",\"urlTemplate\":\"https:\/\/acarkereste.com\/?s={search_term_string}\"},\"query-input\":\"required name=search_term_string\"}],\"inLanguage\":\"tr\"},{\"@type\":\"Organization\",\"@id\":\"https:\/\/acarkereste.com\/#organization\",\"name\":\"G\u00fcner Oto\",\"url\":\"https:\/\/acarkereste.com\/\",\"logo\":{\"@type\":\"ImageObject\",\"inLanguage\":\"tr\",\"@id\":\"https:\/\/acarkereste.com\/#\/schema\/logo\/image\/\",\"url\":\"\",\"contentUrl\":\"\",\"caption\":\"G\u00fcner Oto\"},\"image\":{\"@id\":\"https:\/\/acarkereste.com\/#\/schema\/logo\/image\/\"}}]}<\/script>\n<!-- \/ Yoast SEO plugin. -->","yoast_head_json":{"title":"Acar Orman \u00dcr\u00fcnleri: Ah\u015fap Lambiri, \u0130n\u015faatl\u0131k Kereste ve Kereste Fiyatlar\u0131","description":"Acar Orman \u00dcr\u00fcnleri, uygun fiyat, profesyonel e\u011fitimli personeli ile g\u00fcvenilir ve ilkeli hizmet i\u00e7in do\u011fru adres, do\u011fru kazan\u00e7!","robots":{"index":"index","follow":"follow","max-snippet":"max-snippet:-1","max-image-preview":"max-image-preview:large","max-video-preview":"max-video-preview:-1"},"canonical":"https:\/\/acarkereste.com\/?page_id=762","og_locale":"tr_TR","og_type":"article","og_title":"Acar Orman \u00dcr\u00fcnleri: Ah\u015fap Lambiri, \u0130n\u015faatl\u0131k Kereste ve Kereste Fiyatlar\u0131","og_description":"Acar Orman \u00dcr\u00fcnleri, uygun fiyat, profesyonel e\u011fitimli personeli ile g\u00fcvenilir ve ilkeli hizmet i\u00e7in do\u011fru adres, do\u011fru kazan\u00e7!","og_url":"https:\/\/acarkereste.com\/?page_id=762","og_site_name":"Acar Orman","article_modified_time":"2023-09-12T15:54:10+00:00","twitter_misc":{"Tahmini okuma s\u00fcresi":"1 dakika"},"schema":{"@context":"https:\/\/schema.org","@graph":[{"@type":"WebPage","@id":"https:\/\/acarkereste.com\/?page_id=762","url":"https:\/\/acarkereste.com\/?page_id=762","name":"Acar Orman \u00dcr\u00fcnleri: Ah\u015fap Lambiri, \u0130n\u015faatl\u0131k Kereste ve Kereste Fiyatlar\u0131","isPartOf":{"@id":"https:\/\/acarkereste.com\/#website"},"datePublished":"2016-11-09T00:07:02+00:00","dateModified":"2023-09-12T15:54:10+00:00","description":"Acar Orman \u00dcr\u00fcnleri, uygun fiyat, profesyonel e\u011fitimli personeli ile g\u00fcvenilir ve ilkeli hizmet i\u00e7in do\u011fru adres, do\u011fru kazan\u00e7!","breadcrumb":{"@id":"https:\/\/acarkereste.com\/?page_id=762#breadcrumb"},"inLanguage":"tr","potentialAction":[{"@type":"ReadAction","target":["https:\/\/acarkereste.com\/?page_id=762"]}]},{"@type":"BreadcrumbList","@id":"https:\/\/acarkereste.com\/?page_id=762#breadcrumb","itemListElement":[{"@type":"ListItem","position":1,"name":"Ana Sayfa","item":"https:\/\/acarkereste.com\/"},{"@type":"ListItem","position":2,"name":"Fiyat Teklifi Al"}]},{"@type":"WebSite","@id":"https:\/\/acarkereste.com\/#website","url":"https:\/\/acarkereste.com\/","name":"Acar Orman","description":"Lambri &amp; Kereste \u00dcr\u00fcnleri","publisher":{"@id":"https:\/\/acarkereste.com\/#organization"},"potentialAction":[{"@type":"SearchAction","target":{"@type":"EntryPoint","urlTemplate":"https:\/\/acarkereste.com\/?s={search_term_string}"},"query-input":"required name=search_term_string"}],"inLanguage":"tr"},{"@type":"Organization","@id":"https:\/\/acarkereste.com\/#organization","name":"G\u00fcner Oto","url":"https:\/\/acarkereste.com\/","logo":{"@type":"ImageObject","inLanguage":"tr","@id":"https:\/\/acarkereste.com\/#\/schema\/logo\/image\/","url":"","contentUrl":"","caption":"G\u00fcner Oto"},"image":{"@id":"https:\/\/acarkereste.com\/#\/schema\/logo\/image\/"}}]}},"_links":{"self":[{"href":"https:\/\/acarkereste.com\/index.php?rest_route=\/wp\/v2\/pages\/762","targetHints":{"allow":["GET"]}}],"collection":[{"href":"https:\/\/acarkereste.com\/index.php?rest_route=\/wp\/v2\/pages"}],"about":[{"href":"https:\/\/acarkereste.com\/index.php?rest_route=\/wp\/v2\/types\/page"}],"author":[{"embeddable":true,"href":"https:\/\/acarkereste.com\/index.php?rest_route=\/wp\/v2\/users\/14"}],"replies":[{"embeddable":true,"href":"https:\/\/acarkereste.com\/index.php?rest_route=%2Fwp%2Fv2%2Fcomments&post=762"}],"version-history":[{"count":0,"href":"https:\/\/acarkereste.com\/index.php?rest_route=\/wp\/v2\/pages\/762\/revisions"}],"wp:attachment":[{"href":"https:\/\/acarkereste.com\/index.php?rest_route=%2Fwp%2Fv2%2Fmedia&parent=762"}],"curies":[{"name":"wp","href":"https:\/\/api.w.org\/{rel}","templated":true}]}}