{"id":4364,"date":"2023-10-23T14:37:34","date_gmt":"2023-10-23T11:37:34","guid":{"rendered":"https:\/\/acarkereste.com\/?page_id=4364"},"modified":"2023-10-23T18:38:10","modified_gmt":"2023-10-23T15:38:10","slug":"kereste","status":"publish","type":"page","link":"https:\/\/acarkereste.com\/?page_id=4364","title":{"rendered":"Kereste"},"content":{"rendered":"<h1>Kereste Fiyatlar\u0131<\/h1>\n<p><strong>Acar Kereste Grubu<\/strong>, \u0130stanbul&#8217;un \u00f6nde gelen \u00f6zel sekt\u00f6r kereste \u00fcreticilerinden biridir. \u0130\u015fletmemiz, \u0130stanbul merkezli, modern \u00fcretim tesisinde faaliyet g\u00f6stermektedir.<\/p>\n<p>Kereste teklif listemiz, m\u00fckemmel kalite ve geni\u015f \u00fcr\u00fcn \u00e7e\u015fitlili\u011fi sunarak s\u00fcrekli bir b\u00fcy\u00fcme kaydetmi\u015ftir. \u0130ster sabit ister de\u011fi\u015fken ihtiya\u00e7lar\u0131n\u0131z olsun, m\u00fc\u015fterilerimiz her zaman Acar markal\u0131 \u00fcr\u00fcnlere g\u00fcvenebilirler.<\/p>\n<p>Hemen \u00fccretsiz teklif almak i\u00e7in &#8220;<a href=\"#popup\" data-toggle=\"modal\" >Fiyat Teklifi Al<\/a>&#8221; sayfam\u0131zdaki formu doldurun.<\/p>\n<h1>Kereste Nedir? Nerede Kullan\u0131l\u0131r?<\/h1>\n<p>Genel anlamda y\u00fczey kaplama malzemesi olarak bilinmektedir.<br \/>\n\u00c7o\u011funlukla \u00e7at\u0131, tavan, duvar y\u00fczeylerinin kaplanmas\u0131nda kullan\u0131lmaktad\u0131r.<br \/>\nYatay ve dikey olacak \u015fekilde yan yana getirerek bir b\u00fct\u00fcn sa\u011flanarak kullan\u0131lmaktad\u0131r.<br \/>\n\u00dcr\u00fcn\u00fcn yap\u0131s\u0131 kolay i\u015flem g\u00f6rebilecek \u015fekilde tasarlanmaktad\u0131r.<\/p>\n<h2>Kereste Fiyat Bilgisi<\/h2>\n<p>Kaliteli, g\u00fcvenilir \u00fcr\u00fcnlerimiz; sert, kolay y\u0131pranmaz, dayan\u0131kl\u0131 ve kullan\u0131m alan\u0131na uygun olacak \u015fekilde haz\u0131rlanmaktad\u0131r.<\/p>\n<table style=\"height: 200px;\" width=\"500\">\n<tbody>\n<tr align=\"center\">\n<td><strong>\u00dcr\u00fcn Cinsi<\/strong><\/td>\n<td><strong>Metre (m)<\/strong><\/td>\n<td><strong>Fiyat (\u20ba)<\/strong><\/td>\n<\/tr>\n<tr align=\"center\">\n<td>\u00c7am Kereste<\/td>\n<td>5&#215;5 cm<\/td>\n<td><a class=\"teklifalbtn\" href=\"#popup\" data-toggle=\"modal\"><strong>Fiyat Teklifi Al<\/strong><\/a><\/td>\n<\/tr>\n<tr align=\"center\">\n<td>\u00c7am Kereste<\/td>\n<td>5&#215;10 cm<\/td>\n<td><a class=\"teklifalbtn\" href=\"#popup\" data-toggle=\"modal\"><strong>Fiyat Teklifi Al<\/strong><\/a><\/td>\n<\/tr>\n<tr align=\"center\">\n<td>\u00c7am Kereste<\/td>\n<td>8&#215;8 cm<\/td>\n<td><a class=\"teklifalbtn\" href=\"#popup\" data-toggle=\"modal\"><strong>Fiyat Teklifi Al<\/strong><\/a><\/td>\n<\/tr>\n<tr align=\"center\">\n<td>\u00c7am Kereste<\/td>\n<td>10&#215;10 cm<\/td>\n<td><a class=\"teklifalbtn\" href=\"#popup\" data-toggle=\"modal\"><strong>Fiyat Teklifi Al<\/strong><\/a><\/td>\n<\/tr>\n<tr align=\"center\">\n<td>\u00c7am Kereste<\/td>\n<td>10&#215;15 cm<\/td>\n<td><a class=\"teklifalbtn\" href=\"#popup\" data-toggle=\"modal\"><strong>Fiyat Teklifi Al<\/strong><\/a><\/td>\n<\/tr>\n<\/tbody>\n<\/table>\n<p>* Fiyatlar\u0131m\u0131za KDV dahil de\u011fildir.<br \/>\n* Y\u00fcksek Metrek\u00fcp (m\u00b3) taleplerinizde iskonto yap\u0131l\u0131r.<\/p>\n<h1>Kereste Nedir? Nerede Kullan\u0131l\u0131r?<\/h1>\n<p>kereste ve modellerimizin standart kal\u0131nl\u0131\u011f\u0131 2 cm olup m\u00fc\u015fteri ihtiyac\u0131na g\u00f6re de\u011fi\u015fiklik g\u00f6stermektedir.<\/p>\n<p>kereste modellerimizin standart geni\u015fli\u011fi 10 &#8211; 12 &#8211; 15 &#8211; 18 &#8211; 20 cm olup m\u00fc\u015fteri ihtiyac\u0131na y\u00f6nelik \u00f6zel \u00fcr\u00fcnlerde haz\u0131rlanmaktad\u0131r.<\/p>\n<p>8 metreye kadar ve stoklar\u0131m\u0131zda haz\u0131r bulundurdu\u011fumuz \u00fcr\u00fcnlerimiz ile hizmetinizdeyiz.<\/p>\n<p>Siz de\u011ferli m\u00fc\u015fterilerimizin isteklerini m\u00fcmk\u00fcn oldu\u011funca h\u0131zl\u0131 s\u00fcrede yerine getirmek en temel hedefimiz.<\/p>\n<p>Her ge\u00e7en g\u00fcn b\u00fcy\u00fcyor daha azimli bir \u015fekilde kaliteli ve g\u00fcvenilir hizmetlerimiz ile m\u00fc\u015fterilerimizin memnuniyetini \u00f6n planda tutuyoruz.<\/p>\n<h2>Kereste \u00d6l\u00e7\u00fcleri<\/h2>\n<ul>\n<li style=\"list-style-type: none;\">\n<ul>\n<li><strong>10 cm<\/strong><\/li>\n<\/ul>\n<p>1 m3 = 36 m\u00b2 yer kaplamaktad\u0131r.<\/p>\n<ul>\n<li><strong>15 cm<\/strong><\/li>\n<\/ul>\n<p>1 m3 = 36 m\u00b2 yer kaplamaktad\u0131r.<\/p>\n<ul>\n<li><b>18 cm<\/b><\/li>\n<\/ul>\n<p>1 m3 = 36 m\u00b2 yer kaplamaktad\u0131r.<\/p>\n<ul>\n<li><strong>20 cm<\/strong><\/li>\n<\/ul>\n<p>1 m3 = 36 m\u00b2 yer kaplamaktad\u0131r.<\/li>\n<\/ul>\n<h2>Kereste Fiyat Bilgisi<\/h2>\n<p>Kaliteli, g\u00fcvenilir \u00fcr\u00fcnlerimiz; sert, kolay y\u0131pranmaz, dayan\u0131kl\u0131 ve kullan\u0131m alan\u0131na uygun olacak \u015fekilde haz\u0131rlanmaktad\u0131r.<\/p>\n<table style=\"height: 200px;\" width=\"500\">\n<tbody>\n<tr align=\"center\">\n<td><strong>\u00dcr\u00fcn Cinsi<\/strong><\/td>\n<td><strong>Metre (m)<\/strong><\/td>\n<td><strong>Fiyat (\u20ba)<\/strong><\/td>\n<\/tr>\n<tr align=\"center\">\n<td>\u00c7am Kereste<\/td>\n<td>0 &#8211; 1,5 m<\/td>\n<td><a class=\"teklifalbtn\" href=\"#popup\" data-toggle=\"modal\"><strong>Fiyat Teklifi Al<\/strong><\/a><\/td>\n<\/tr>\n<tr align=\"center\">\n<td>\u00c7am Kereste<\/td>\n<td>2 m<\/td>\n<td><a class=\"teklifalbtn\" href=\"#popup\" data-toggle=\"modal\"><strong>Fiyat Teklifi Al<\/strong><\/a><\/td>\n<\/tr>\n<\/tbody>\n<\/table>\n<p>* Fiyatlar\u0131m\u0131za KDV dahil de\u011fildir.<br \/>\n* Y\u00fcksek Metrek\u00fcp (m\u00b3) taleplerinizde iskonto yap\u0131l\u0131r.<\/p>\n<h3>Kereste Kullan\u0131m Alanlar\u0131<\/h3>\n<ul>\n<li>\u0130n\u015faat Sekt\u00f6r\u00fc<\/li>\n<li>Peyzaj Mimarl\u0131\u011f\u0131<\/li>\n<li>Mobilya Sekt\u00f6r\u00fc<\/li>\n<li>Marangoz ve Ah\u015fap Tasar\u0131m\u0131<\/li>\n<\/ul>\n<p><em>Sekt\u00f6rlerle birlikte amat\u00f6r olarak kendisine ah\u015fap \u00fcr\u00fcnlerden do\u011fal olarak malzemeler <\/em><br \/>\n<em>yapmak isteyen ki\u015filer i\u00e7in uygun \u00fcr\u00fcn \u00e7e\u015fitlerimiz ve modellerimiz bulunmaktad\u0131r.<\/em><\/p>\n<p>Fabrikam\u0131z i\u00e7erisinde \u00fcretilen \u00fcr\u00fcnler sert, dayan\u0131kl\u0131, kolay y\u0131pranmayan yap\u0131s\u0131 ile \u00f6n plana \u00e7\u0131kmaktad\u0131r.<br \/>\nUzun \u00f6m\u00fcrl\u00fc olmas\u0131 sayesinde iste\u011fe ve amac\u0131n\u0131za uygun \u015fekilde kullan\u0131labilir<\/p>\n<h3>Kereste Teslimat \u0130\u015flemleri<\/h3>\n<p>Aktif ve s\u00fcrekli \u00e7al\u0131\u015ft\u0131\u011f\u0131m\u0131z m\u00fc\u015fterilerimizin kargo i\u015flemleri Acar Orman \u00dcr\u00fcnleri taraf\u0131ndan kar\u015f\u0131lanmaktad\u0131r.<br \/>\nTek seferlik al\u0131nan hizmetlerde m\u00fc\u015fterimiz teslimat i\u015flemini kendisi sa\u011flamaktad\u0131r.<\/p>\n<h3>\u00dcr\u00fcn G\u00f6rselleri<\/h3>\n<div class=\"row gallery\"><div class=\"small-photo col-sm-3 col-xs-6\">\n                            <div class=\"photo-wrap\">\n                                <img decoding=\"async\" src=\"https:\/\/acarkereste.com\/wp-content\/uploads\/2022\/09\/IMG_4732-201x144.jpg\">\n\t\t\t\t\t\t\t\t<div class=\"wrap-gallery\">\n\t\t\t\t\t\t\t\t  <div class=\"gallery-info\">B\u00dcY\u00dcT<span class=\"glyphicon glyphicon-fullscreen\" aria-hidden=\"true\"><\/span><\/div> \n\t\t\t\t\t\t\t\t  <a data-fancybox=\"gallery\" href=\"https:\/\/acarkereste.com\/wp-content\/uploads\/2022\/09\/IMG_4732-scaled.jpg\" class=\"mask\"><\/a>\n\t\t\t\t\t\t\t\t<\/div>\n                            <\/div>  \n                        <\/div><div class=\"small-photo col-sm-3 col-xs-6\">\n                            <div class=\"photo-wrap\">\n                                <img decoding=\"async\" src=\"https:\/\/acarkereste.com\/wp-content\/uploads\/2022\/09\/IMG_4734-201x144.jpg\">\n\t\t\t\t\t\t\t\t<div class=\"wrap-gallery\">\n\t\t\t\t\t\t\t\t  <div class=\"gallery-info\">B\u00dcY\u00dcT<span class=\"glyphicon glyphicon-fullscreen\" aria-hidden=\"true\"><\/span><\/div> \n\t\t\t\t\t\t\t\t  <a data-fancybox=\"gallery\" href=\"https:\/\/acarkereste.com\/wp-content\/uploads\/2022\/09\/IMG_4734-scaled.jpg\" class=\"mask\"><\/a>\n\t\t\t\t\t\t\t\t<\/div>\n                            <\/div>  \n                        <\/div><div class=\"small-photo col-sm-3 col-xs-6\">\n                            <div class=\"photo-wrap\">\n                                <img decoding=\"async\" src=\"https:\/\/acarkereste.com\/wp-content\/uploads\/2022\/09\/IMG_4738-201x144.jpg\">\n\t\t\t\t\t\t\t\t<div class=\"wrap-gallery\">\n\t\t\t\t\t\t\t\t  <div class=\"gallery-info\">B\u00dcY\u00dcT<span class=\"glyphicon glyphicon-fullscreen\" aria-hidden=\"true\"><\/span><\/div> \n\t\t\t\t\t\t\t\t  <a data-fancybox=\"gallery\" href=\"https:\/\/acarkereste.com\/wp-content\/uploads\/2022\/09\/IMG_4738-scaled.jpg\" class=\"mask\"><\/a>\n\t\t\t\t\t\t\t\t<\/div>\n                            <\/div>  \n                        <\/div><div class=\"small-photo col-sm-3 col-xs-6\">\n                            <div class=\"photo-wrap\">\n                                <img decoding=\"async\" src=\"https:\/\/acarkereste.com\/wp-content\/uploads\/2022\/03\/insaatlik-kereste-1-201x144.jpg\">\n\t\t\t\t\t\t\t\t<div class=\"wrap-gallery\">\n\t\t\t\t\t\t\t\t  <div class=\"gallery-info\">B\u00dcY\u00dcT<span class=\"glyphicon glyphicon-fullscreen\" aria-hidden=\"true\"><\/span><\/div> \n\t\t\t\t\t\t\t\t  <a data-fancybox=\"gallery\" href=\"https:\/\/acarkereste.com\/wp-content\/uploads\/2022\/03\/insaatlik-kereste-1.jpg\" class=\"mask\"><\/a>\n\t\t\t\t\t\t\t\t<\/div>\n                            <\/div>  \n                        <\/div><div class=\"small-photo col-sm-3 col-xs-6\">\n                            <div class=\"photo-wrap\">\n                                <img decoding=\"async\" src=\"https:\/\/acarkereste.com\/wp-content\/uploads\/2022\/03\/insaatlik-kereste-2-201x144.jpg\">\n\t\t\t\t\t\t\t\t<div class=\"wrap-gallery\">\n\t\t\t\t\t\t\t\t  <div class=\"gallery-info\">B\u00dcY\u00dcT<span class=\"glyphicon glyphicon-fullscreen\" aria-hidden=\"true\"><\/span><\/div> \n\t\t\t\t\t\t\t\t  <a data-fancybox=\"gallery\" href=\"https:\/\/acarkereste.com\/wp-content\/uploads\/2022\/03\/insaatlik-kereste-2.jpg\" class=\"mask\"><\/a>\n\t\t\t\t\t\t\t\t<\/div>\n                            <\/div>  \n                        <\/div><div class=\"small-photo col-sm-3 col-xs-6\">\n                            <div class=\"photo-wrap\">\n                                <img decoding=\"async\" src=\"https:\/\/acarkereste.com\/wp-content\/uploads\/2022\/03\/insaatlik-kereste-3-201x144.jpg\">\n\t\t\t\t\t\t\t\t<div class=\"wrap-gallery\">\n\t\t\t\t\t\t\t\t  <div class=\"gallery-info\">B\u00dcY\u00dcT<span class=\"glyphicon glyphicon-fullscreen\" aria-hidden=\"true\"><\/span><\/div> \n\t\t\t\t\t\t\t\t  <a data-fancybox=\"gallery\" href=\"https:\/\/acarkereste.com\/wp-content\/uploads\/2022\/03\/insaatlik-kereste-3.jpg\" class=\"mask\"><\/a>\n\t\t\t\t\t\t\t\t<\/div>\n                            <\/div>  \n                        <\/div><div class=\"small-photo col-sm-3 col-xs-6\">\n                            <div class=\"photo-wrap\">\n                                <img decoding=\"async\" src=\"https:\/\/acarkereste.com\/wp-content\/uploads\/2022\/03\/insaatlik-kereste-4-201x144.jpg\">\n\t\t\t\t\t\t\t\t<div class=\"wrap-gallery\">\n\t\t\t\t\t\t\t\t  <div class=\"gallery-info\">B\u00dcY\u00dcT<span class=\"glyphicon glyphicon-fullscreen\" aria-hidden=\"true\"><\/span><\/div> \n\t\t\t\t\t\t\t\t  <a data-fancybox=\"gallery\" href=\"https:\/\/acarkereste.com\/wp-content\/uploads\/2022\/03\/insaatlik-kereste-4.jpg\" class=\"mask\"><\/a>\n\t\t\t\t\t\t\t\t<\/div>\n                            <\/div>  \n                        <\/div><div class=\"small-photo col-sm-3 col-xs-6\">\n                            <div class=\"photo-wrap\">\n                                <img decoding=\"async\" src=\"https:\/\/acarkereste.com\/wp-content\/uploads\/2022\/03\/insaatlik-kereste-5-201x144.jpg\">\n\t\t\t\t\t\t\t\t<div class=\"wrap-gallery\">\n\t\t\t\t\t\t\t\t  <div class=\"gallery-info\">B\u00dcY\u00dcT<span class=\"glyphicon glyphicon-fullscreen\" aria-hidden=\"true\"><\/span><\/div> \n\t\t\t\t\t\t\t\t  <a data-fancybox=\"gallery\" href=\"https:\/\/acarkereste.com\/wp-content\/uploads\/2022\/03\/insaatlik-kereste-5.jpg\" class=\"mask\"><\/a>\n\t\t\t\t\t\t\t\t<\/div>\n                            <\/div>  \n                        <\/div><div class=\"small-photo col-sm-3 col-xs-6\">\n                            <div class=\"photo-wrap\">\n                                <img decoding=\"async\" src=\"https:\/\/acarkereste.com\/wp-content\/uploads\/2022\/03\/insaatlik-kereste-6-201x144.jpg\">\n\t\t\t\t\t\t\t\t<div class=\"wrap-gallery\">\n\t\t\t\t\t\t\t\t  <div class=\"gallery-info\">B\u00dcY\u00dcT<span class=\"glyphicon glyphicon-fullscreen\" aria-hidden=\"true\"><\/span><\/div> \n\t\t\t\t\t\t\t\t  <a data-fancybox=\"gallery\" href=\"https:\/\/acarkereste.com\/wp-content\/uploads\/2022\/03\/insaatlik-kereste-6.jpg\" class=\"mask\"><\/a>\n\t\t\t\t\t\t\t\t<\/div>\n                            <\/div>  \n                        <\/div><div class=\"small-photo col-sm-3 col-xs-6\">\n                            <div class=\"photo-wrap\">\n                                <img decoding=\"async\" src=\"https:\/\/acarkereste.com\/wp-content\/uploads\/2022\/03\/insaatlik-kereste-7-201x144.jpg\">\n\t\t\t\t\t\t\t\t<div class=\"wrap-gallery\">\n\t\t\t\t\t\t\t\t  <div class=\"gallery-info\">B\u00dcY\u00dcT<span class=\"glyphicon glyphicon-fullscreen\" aria-hidden=\"true\"><\/span><\/div> \n\t\t\t\t\t\t\t\t  <a data-fancybox=\"gallery\" href=\"https:\/\/acarkereste.com\/wp-content\/uploads\/2022\/03\/insaatlik-kereste-7.jpg\" class=\"mask\"><\/a>\n\t\t\t\t\t\t\t\t<\/div>\n                            <\/div>  \n                        <\/div><div class=\"small-photo col-sm-3 col-xs-6\">\n                            <div class=\"photo-wrap\">\n                                <img decoding=\"async\" src=\"https:\/\/acarkereste.com\/wp-content\/uploads\/2022\/03\/insaatlik-kereste-8-201x144.jpg\">\n\t\t\t\t\t\t\t\t<div class=\"wrap-gallery\">\n\t\t\t\t\t\t\t\t  <div class=\"gallery-info\">B\u00dcY\u00dcT<span class=\"glyphicon glyphicon-fullscreen\" aria-hidden=\"true\"><\/span><\/div> \n\t\t\t\t\t\t\t\t  <a data-fancybox=\"gallery\" href=\"https:\/\/acarkereste.com\/wp-content\/uploads\/2022\/03\/insaatlik-kereste-8.jpg\" class=\"mask\"><\/a>\n\t\t\t\t\t\t\t\t<\/div>\n                            <\/div>  \n                        <\/div><div class=\"small-photo col-sm-3 col-xs-6\">\n                            <div class=\"photo-wrap\">\n                                <img decoding=\"async\" src=\"https:\/\/acarkereste.com\/wp-content\/uploads\/2022\/03\/insaatlik-kereste-9-201x144.jpg\">\n\t\t\t\t\t\t\t\t<div class=\"wrap-gallery\">\n\t\t\t\t\t\t\t\t  <div class=\"gallery-info\">B\u00dcY\u00dcT<span class=\"glyphicon glyphicon-fullscreen\" aria-hidden=\"true\"><\/span><\/div> \n\t\t\t\t\t\t\t\t  <a data-fancybox=\"gallery\" href=\"https:\/\/acarkereste.com\/wp-content\/uploads\/2022\/03\/insaatlik-kereste-9.jpg\" class=\"mask\"><\/a>\n\t\t\t\t\t\t\t\t<\/div>\n                            <\/div>  \n                        <\/div><div class=\"small-photo col-sm-3 col-xs-6\">\n                            <div class=\"photo-wrap\">\n                                <img decoding=\"async\" src=\"https:\/\/acarkereste.com\/wp-content\/uploads\/2022\/03\/insaatlik-kereste-10-201x144.jpg\">\n\t\t\t\t\t\t\t\t<div class=\"wrap-gallery\">\n\t\t\t\t\t\t\t\t  <div class=\"gallery-info\">B\u00dcY\u00dcT<span class=\"glyphicon glyphicon-fullscreen\" aria-hidden=\"true\"><\/span><\/div> \n\t\t\t\t\t\t\t\t  <a data-fancybox=\"gallery\" href=\"https:\/\/acarkereste.com\/wp-content\/uploads\/2022\/03\/insaatlik-kereste-10.jpg\" class=\"mask\"><\/a>\n\t\t\t\t\t\t\t\t<\/div>\n                            <\/div>  \n                        <\/div><div class=\"small-photo col-sm-3 col-xs-6\">\n                            <div class=\"photo-wrap\">\n                                <img decoding=\"async\" src=\"https:\/\/acarkereste.com\/wp-content\/uploads\/2022\/03\/insaatlik-kereste-11-201x144.jpg\">\n\t\t\t\t\t\t\t\t<div class=\"wrap-gallery\">\n\t\t\t\t\t\t\t\t  <div class=\"gallery-info\">B\u00dcY\u00dcT<span class=\"glyphicon glyphicon-fullscreen\" aria-hidden=\"true\"><\/span><\/div> \n\t\t\t\t\t\t\t\t  <a data-fancybox=\"gallery\" href=\"https:\/\/acarkereste.com\/wp-content\/uploads\/2022\/03\/insaatlik-kereste-11.jpg\" class=\"mask\"><\/a>\n\t\t\t\t\t\t\t\t<\/div>\n                            <\/div>  \n                        <\/div><div class=\"small-photo col-sm-3 col-xs-6\">\n                            <div class=\"photo-wrap\">\n                                <img decoding=\"async\" src=\"https:\/\/acarkereste.com\/wp-content\/uploads\/2022\/03\/insaatlik-kereste-12-201x144.jpg\">\n\t\t\t\t\t\t\t\t<div class=\"wrap-gallery\">\n\t\t\t\t\t\t\t\t  <div class=\"gallery-info\">B\u00dcY\u00dcT<span class=\"glyphicon glyphicon-fullscreen\" aria-hidden=\"true\"><\/span><\/div> \n\t\t\t\t\t\t\t\t  <a data-fancybox=\"gallery\" href=\"https:\/\/acarkereste.com\/wp-content\/uploads\/2022\/03\/insaatlik-kereste-12.jpg\" class=\"mask\"><\/a>\n\t\t\t\t\t\t\t\t<\/div>\n                            <\/div>  \n                        <\/div><div class=\"small-photo col-sm-3 col-xs-6\">\n                            <div class=\"photo-wrap\">\n                                <img decoding=\"async\" src=\"https:\/\/acarkereste.com\/wp-content\/uploads\/2022\/03\/insaatlik-kereste-13-201x144.jpg\">\n\t\t\t\t\t\t\t\t<div class=\"wrap-gallery\">\n\t\t\t\t\t\t\t\t  <div class=\"gallery-info\">B\u00dcY\u00dcT<span class=\"glyphicon glyphicon-fullscreen\" aria-hidden=\"true\"><\/span><\/div> \n\t\t\t\t\t\t\t\t  <a data-fancybox=\"gallery\" href=\"https:\/\/acarkereste.com\/wp-content\/uploads\/2022\/03\/insaatlik-kereste-13.jpg\" class=\"mask\"><\/a>\n\t\t\t\t\t\t\t\t<\/div>\n                            <\/div>  \n                        <\/div><\/div>\n","protected":false},"excerpt":{"rendered":"<p>\u0130n\u015faatl\u0131k kereste imalat\u0131 ve toptan sat\u0131\u015f\u0131 yapan firmam\u0131z\u0131n sitesinde; kereste \u00e7e\u015fitleri ve teknik \u00f6zelliklerine g\u00f6z at\u0131n. H\u0131zl\u0131 fiyat teklifi al\u0131n.<\/p>\n","protected":false},"author":14,"featured_media":4397,"parent":32,"menu_order":5,"comment_status":"closed","ping_status":"closed","template":"page-service.php","meta":{"_joinchat":[],"footnotes":""},"class_list":["post-4364","page","type-page","status-publish","has-post-thumbnail","hentry"],"acf":[],"yoast_head":"<!-- This site is optimized with the Yoast SEO plugin v23.0 - https:\/\/yoast.com\/wordpress\/plugins\/seo\/ -->\n<title>Kereste Fiyatlar\u0131 - Acar Orman \u00dcr\u00fcnleri<\/title>\n<meta name=\"description\" content=\"kereste sat\u0131\u015f\u0131 yapan firmam\u0131z\u0131n sitesinde; kereste \u00e7e\u015fitleri ve teknik \u00f6zellikleri bulunmaktad\u0131r. Fiyat teklifi al.\" \/>\n<meta name=\"robots\" content=\"index, follow, max-snippet:-1, max-image-preview:large, max-video-preview:-1\" \/>\n<link rel=\"canonical\" href=\"https:\/\/acarkereste.com\/?page_id=4364\" \/>\n<meta property=\"og:locale\" content=\"tr_TR\" \/>\n<meta property=\"og:type\" content=\"article\" \/>\n<meta property=\"og:title\" content=\"Kereste Fiyatlar\u0131 - Acar Orman \u00dcr\u00fcnleri\" \/>\n<meta property=\"og:description\" content=\"kereste sat\u0131\u015f\u0131 yapan firmam\u0131z\u0131n sitesinde; kereste \u00e7e\u015fitleri ve teknik \u00f6zellikleri bulunmaktad\u0131r. Fiyat teklifi al.\" \/>\n<meta property=\"og:url\" content=\"https:\/\/acarkereste.com\/?page_id=4364\" \/>\n<meta property=\"og:site_name\" content=\"Acar Orman\" \/>\n<meta property=\"article:modified_time\" content=\"2023-10-23T15:38:10+00:00\" \/>\n<meta property=\"og:image\" content=\"https:\/\/acarkereste.com\/wp-content\/uploads\/2023\/10\/kereste-1.jpg\" \/>\n\t<meta property=\"og:image:width\" content=\"276\" \/>\n\t<meta property=\"og:image:height\" content=\"470\" \/>\n\t<meta property=\"og:image:type\" content=\"image\/jpeg\" \/>\n<meta name=\"twitter:label1\" content=\"Tahmini okuma s\u00fcresi\" \/>\n\t<meta name=\"twitter:data1\" content=\"3 dakika\" \/>\n<script type=\"application\/ld+json\" class=\"yoast-schema-graph\">{\"@context\":\"https:\/\/schema.org\",\"@graph\":[{\"@type\":\"WebPage\",\"@id\":\"https:\/\/acarkereste.com\/?page_id=4364\",\"url\":\"https:\/\/acarkereste.com\/?page_id=4364\",\"name\":\"Kereste Fiyatlar\u0131 - Acar Orman \u00dcr\u00fcnleri\",\"isPartOf\":{\"@id\":\"https:\/\/acarkereste.com\/#website\"},\"primaryImageOfPage\":{\"@id\":\"https:\/\/acarkereste.com\/?page_id=4364#primaryimage\"},\"image\":{\"@id\":\"https:\/\/acarkereste.com\/?page_id=4364#primaryimage\"},\"thumbnailUrl\":\"https:\/\/acarkereste.com\/wp-content\/uploads\/2023\/10\/kereste-1.jpg\",\"datePublished\":\"2023-10-23T11:37:34+00:00\",\"dateModified\":\"2023-10-23T15:38:10+00:00\",\"description\":\"kereste sat\u0131\u015f\u0131 yapan firmam\u0131z\u0131n sitesinde; kereste \u00e7e\u015fitleri ve teknik \u00f6zellikleri bulunmaktad\u0131r. Fiyat teklifi al.\",\"breadcrumb\":{\"@id\":\"https:\/\/acarkereste.com\/?page_id=4364#breadcrumb\"},\"inLanguage\":\"tr\",\"potentialAction\":[{\"@type\":\"ReadAction\",\"target\":[\"https:\/\/acarkereste.com\/?page_id=4364\"]}]},{\"@type\":\"ImageObject\",\"inLanguage\":\"tr\",\"@id\":\"https:\/\/acarkereste.com\/?page_id=4364#primaryimage\",\"url\":\"https:\/\/acarkereste.com\/wp-content\/uploads\/2023\/10\/kereste-1.jpg\",\"contentUrl\":\"https:\/\/acarkereste.com\/wp-content\/uploads\/2023\/10\/kereste-1.jpg\",\"width\":276,\"height\":470},{\"@type\":\"BreadcrumbList\",\"@id\":\"https:\/\/acarkereste.com\/?page_id=4364#breadcrumb\",\"itemListElement\":[{\"@type\":\"ListItem\",\"position\":1,\"name\":\"Ana Sayfa\",\"item\":\"https:\/\/acarkereste.com\/\"},{\"@type\":\"ListItem\",\"position\":2,\"name\":\"\u00dcr\u00fcnler\",\"item\":\"https:\/\/acarkereste.com\/?page_id=32\"},{\"@type\":\"ListItem\",\"position\":3,\"name\":\"Kereste\"}]},{\"@type\":\"WebSite\",\"@id\":\"https:\/\/acarkereste.com\/#website\",\"url\":\"https:\/\/acarkereste.com\/\",\"name\":\"Acar Orman\",\"description\":\"Lambri &amp; Kereste \u00dcr\u00fcnleri\",\"publisher\":{\"@id\":\"https:\/\/acarkereste.com\/#organization\"},\"potentialAction\":[{\"@type\":\"SearchAction\",\"target\":{\"@type\":\"EntryPoint\",\"urlTemplate\":\"https:\/\/acarkereste.com\/?s={search_term_string}\"},\"query-input\":\"required name=search_term_string\"}],\"inLanguage\":\"tr\"},{\"@type\":\"Organization\",\"@id\":\"https:\/\/acarkereste.com\/#organization\",\"name\":\"G\u00fcner Oto\",\"url\":\"https:\/\/acarkereste.com\/\",\"logo\":{\"@type\":\"ImageObject\",\"inLanguage\":\"tr\",\"@id\":\"https:\/\/acarkereste.com\/#\/schema\/logo\/image\/\",\"url\":\"\",\"contentUrl\":\"\",\"caption\":\"G\u00fcner Oto\"},\"image\":{\"@id\":\"https:\/\/acarkereste.com\/#\/schema\/logo\/image\/\"}}]}<\/script>\n<!-- \/ Yoast SEO plugin. -->","yoast_head_json":{"title":"Kereste Fiyatlar\u0131 - Acar Orman \u00dcr\u00fcnleri","description":"kereste sat\u0131\u015f\u0131 yapan firmam\u0131z\u0131n sitesinde; kereste \u00e7e\u015fitleri ve teknik \u00f6zellikleri bulunmaktad\u0131r. Fiyat teklifi al.","robots":{"index":"index","follow":"follow","max-snippet":"max-snippet:-1","max-image-preview":"max-image-preview:large","max-video-preview":"max-video-preview:-1"},"canonical":"https:\/\/acarkereste.com\/?page_id=4364","og_locale":"tr_TR","og_type":"article","og_title":"Kereste Fiyatlar\u0131 - Acar Orman \u00dcr\u00fcnleri","og_description":"kereste sat\u0131\u015f\u0131 yapan firmam\u0131z\u0131n sitesinde; kereste \u00e7e\u015fitleri ve teknik \u00f6zellikleri bulunmaktad\u0131r. Fiyat teklifi al.","og_url":"https:\/\/acarkereste.com\/?page_id=4364","og_site_name":"Acar Orman","article_modified_time":"2023-10-23T15:38:10+00:00","og_image":[{"width":276,"height":470,"url":"https:\/\/acarkereste.com\/wp-content\/uploads\/2023\/10\/kereste-1.jpg","type":"image\/jpeg"}],"twitter_misc":{"Tahmini okuma s\u00fcresi":"3 dakika"},"schema":{"@context":"https:\/\/schema.org","@graph":[{"@type":"WebPage","@id":"https:\/\/acarkereste.com\/?page_id=4364","url":"https:\/\/acarkereste.com\/?page_id=4364","name":"Kereste Fiyatlar\u0131 - Acar Orman \u00dcr\u00fcnleri","isPartOf":{"@id":"https:\/\/acarkereste.com\/#website"},"primaryImageOfPage":{"@id":"https:\/\/acarkereste.com\/?page_id=4364#primaryimage"},"image":{"@id":"https:\/\/acarkereste.com\/?page_id=4364#primaryimage"},"thumbnailUrl":"https:\/\/acarkereste.com\/wp-content\/uploads\/2023\/10\/kereste-1.jpg","datePublished":"2023-10-23T11:37:34+00:00","dateModified":"2023-10-23T15:38:10+00:00","description":"kereste sat\u0131\u015f\u0131 yapan firmam\u0131z\u0131n sitesinde; kereste \u00e7e\u015fitleri ve teknik \u00f6zellikleri bulunmaktad\u0131r. Fiyat teklifi al.","breadcrumb":{"@id":"https:\/\/acarkereste.com\/?page_id=4364#breadcrumb"},"inLanguage":"tr","potentialAction":[{"@type":"ReadAction","target":["https:\/\/acarkereste.com\/?page_id=4364"]}]},{"@type":"ImageObject","inLanguage":"tr","@id":"https:\/\/acarkereste.com\/?page_id=4364#primaryimage","url":"https:\/\/acarkereste.com\/wp-content\/uploads\/2023\/10\/kereste-1.jpg","contentUrl":"https:\/\/acarkereste.com\/wp-content\/uploads\/2023\/10\/kereste-1.jpg","width":276,"height":470},{"@type":"BreadcrumbList","@id":"https:\/\/acarkereste.com\/?page_id=4364#breadcrumb","itemListElement":[{"@type":"ListItem","position":1,"name":"Ana Sayfa","item":"https:\/\/acarkereste.com\/"},{"@type":"ListItem","position":2,"name":"\u00dcr\u00fcnler","item":"https:\/\/acarkereste.com\/?page_id=32"},{"@type":"ListItem","position":3,"name":"Kereste"}]},{"@type":"WebSite","@id":"https:\/\/acarkereste.com\/#website","url":"https:\/\/acarkereste.com\/","name":"Acar Orman","description":"Lambri &amp; Kereste \u00dcr\u00fcnleri","publisher":{"@id":"https:\/\/acarkereste.com\/#organization"},"potentialAction":[{"@type":"SearchAction","target":{"@type":"EntryPoint","urlTemplate":"https:\/\/acarkereste.com\/?s={search_term_string}"},"query-input":"required name=search_term_string"}],"inLanguage":"tr"},{"@type":"Organization","@id":"https:\/\/acarkereste.com\/#organization","name":"G\u00fcner Oto","url":"https:\/\/acarkereste.com\/","logo":{"@type":"ImageObject","inLanguage":"tr","@id":"https:\/\/acarkereste.com\/#\/schema\/logo\/image\/","url":"","contentUrl":"","caption":"G\u00fcner Oto"},"image":{"@id":"https:\/\/acarkereste.com\/#\/schema\/logo\/image\/"}}]}},"_links":{"self":[{"href":"https:\/\/acarkereste.com\/index.php?rest_route=\/wp\/v2\/pages\/4364","targetHints":{"allow":["GET"]}}],"collection":[{"href":"https:\/\/acarkereste.com\/index.php?rest_route=\/wp\/v2\/pages"}],"about":[{"href":"https:\/\/acarkereste.com\/index.php?rest_route=\/wp\/v2\/types\/page"}],"author":[{"embeddable":true,"href":"https:\/\/acarkereste.com\/index.php?rest_route=\/wp\/v2\/users\/14"}],"replies":[{"embeddable":true,"href":"https:\/\/acarkereste.com\/index.php?rest_route=%2Fwp%2Fv2%2Fcomments&post=4364"}],"version-history":[{"count":0,"href":"https:\/\/acarkereste.com\/index.php?rest_route=\/wp\/v2\/pages\/4364\/revisions"}],"up":[{"embeddable":true,"href":"https:\/\/acarkereste.com\/index.php?rest_route=\/wp\/v2\/pages\/32"}],"wp:featuredmedia":[{"embeddable":true,"href":"https:\/\/acarkereste.com\/index.php?rest_route=\/wp\/v2\/media\/4397"}],"wp:attachment":[{"href":"https:\/\/acarkereste.com\/index.php?rest_route=%2Fwp%2Fv2%2Fmedia&parent=4364"}],"curies":[{"name":"wp","href":"https:\/\/api.w.org\/{rel}","templated":true}]}}