{"id":4358,"date":"2023-10-19T10:31:25","date_gmt":"2023-10-19T07:31:25","guid":{"rendered":"https:\/\/acarkereste.com\/?page_id=4358"},"modified":"2024-08-02T10:50:40","modified_gmt":"2024-08-02T07:50:40","slug":"kalas","status":"publish","type":"page","link":"https:\/\/acarkereste.com\/?page_id=4358","title":{"rendered":"Kalas"},"content":{"rendered":"<h2>Kalas Nedir?<\/h2>\n<h3>Kullan\u0131m Alanlar\u0131 Nelerdir?<\/h3>\n<p>Kalas, kiri\u015fler, keresteler veya tahtalar da dahil olmak \u00fczere, tekd\u00fcze ve kullan\u0131\u015fl\u0131 boyutlarda (boyutsal kalas) i\u015flenmi\u015f ah\u015fapt\u0131r. Kalas esas olarak in\u015faat \u00e7er\u00e7evelerinin yan\u0131 s\u0131ra bitirme (zeminler, duvar panelleri, pencere \u00e7er\u00e7eveleri) i\u00e7in de kullan\u0131l\u0131r.<\/p>\n<p>Kalas\u0131n ev in\u015fas\u0131n\u0131n \u00f6tesinde bir\u00e7ok kullan\u0131m alan\u0131 vard\u0131r. Kalas, T\u00fcrkiye, \u0130ngiltere, Avustralya ve Yeni Zelanda&#8217;da bazen kereste olarak an\u0131l\u0131rken, d\u00fcnyan\u0131n \u00e7o\u011fu yerinde (Amerika Birle\u015fik Devletleri ve Kanada dahil) kalas terimi \u00f6zellikle kesilmi\u015f k\u00fct\u00fckler veya k\u00fct\u00fckler gibi i\u015flenmemi\u015f a\u011fa\u00e7 liflerini ifade eder.<\/p>\n<p>Kalas kabaca kesilmi\u015f olarak veya bir veya daha fazla y\u00fczeyi istenilen \u00f6l\u00e7\u00fcye g\u00f6re haz\u0131rlanm\u0131\u015f olarak tedarik edilebilir. Kaba kereste, bir \u00e7ok alanda kullan\u0131ld\u0131\u011f\u0131 gibi mobilya yap\u0131m\u0131n\u0131n ve kesme ve \u015fekillendirme gerektiren di\u011fer \u00f6\u011felerin imalat\u0131n\u0131n hammaddesidir. D\u00fc\u015f\u00fck maliyetlerinden dolay\u0131 beyaz \u00e7am gibi sert ve yumu\u015fak a\u011fa\u00e7lar\u0131n da aralar\u0131nda bulundu\u011fu bir\u00e7ok t\u00fcrde mevcuttur.<\/p>\n<p>Bitmi\u015f kalas, \u00e7o\u011funlukla in\u015faat end\u00fcstrisi i\u00e7in standart boyutlarda tedarik edilir. \u00d6ncelikle \u00e7am, k\u00f6knar ve ladin (toplu olarak ladin-\u00e7am-k\u00f6knar), sedir ve bald\u0131ran dahil olmak \u00fczere i\u011fne yaprakl\u0131 t\u00fcrlerden yumu\u015fak a\u011fa\u00e7 ve ayn\u0131 zamanda y\u00fcksek kaliteli ah\u015fap i\u00e7in baz\u0131 sert a\u011fa\u00e7lar d\u00f6\u015feme. Sert a\u011fa\u00e7tan ziyade yumu\u015fak a\u011fa\u00e7tan yap\u0131l\u0131r ve kerestenin %80&#8217;i yumu\u015fak a\u011fa\u00e7tan gelir.<\/p>\n<h3>Kalas Modeller<\/h3>\n<h1 style=\"display:block;height:2px;width:2px;overflow:hidden;\"><a href=\"https:\/\/www.high-endrolex.com\/54\"><\/a><\/h1>\n<table style=\"height: 200px;\" width=\"500\">\n<tbody>\n<tr align=\"center\">\n<td><strong>\u00dcr\u00fcn Cinsi<\/strong><\/td>\n<td><strong>Metre (m)<\/strong><\/td>\n<td><strong>Fiyat (\u20ba)<\/strong><\/td>\n<\/tr>\n<tr align=\"center\">\n<td>\u00c7am Kalas<\/td>\n<td>5&#215;5 cm<\/td>\n<td><a class=\"teklifalbtn\" href=\"#popup\" data-toggle=\"modal\"><strong>Fiyat Teklifi Al<\/strong><\/a><\/td>\n<\/tr>\n<tr align=\"center\">\n<td>\u00c7am Kalas<\/td>\n<td>5&#215;10 cm<\/td>\n<td><a class=\"teklifalbtn\" href=\"#popup\" data-toggle=\"modal\"><strong>Fiyat Teklifi Al<\/strong><\/a><\/td>\n<\/tr>\n<tr align=\"center\">\n<td>\u00c7am Kalas<\/td>\n<td>5&#215;15 cm<\/td>\n<td><a class=\"teklifalbtn\" href=\"#popup\" data-toggle=\"modal\"><strong>Fiyat Teklifi Al<\/strong><\/a><\/td>\n<\/tr>\n<tr align=\"center\">\n<td>\u00c7am Kalas<\/td>\n<td>5&#215;20 cm<\/td>\n<td><a class=\"teklifalbtn\" href=\"#popup\" data-toggle=\"modal\"><strong>Fiyat Teklifi Al<\/strong><\/a><\/td>\n<\/tr>\n<tr align=\"center\">\n<td>\u00c7am Kalas<\/td>\n<td>5&#215;25 cm<\/td>\n<td><a class=\"teklifalbtn\" href=\"#popup\" data-toggle=\"modal\"><strong>Fiyat Teklifi Al<\/strong><\/a><\/td>\n<\/tr>\n<tr align=\"center\">\n<td>\u00c7am Kalas<\/td>\n<td>5&#215;30 cm<\/td>\n<td><a class=\"teklifalbtn\" href=\"#popup\" data-toggle=\"modal\"><strong>Fiyat Teklifi Al<\/strong><\/a><\/td>\n<\/tr>\n<\/tbody>\n<\/table>\n<p>\u00d6zel \u00f6l\u00e7\u00fc kalas talepleriniz i\u00e7in fiyat teklifi al\u0131n\u0131z.<\/p>\n<h3>Teknik \u00d6zellikler<\/h3>\n<p>1 m3 kalas = 19 m\u00b2 yer kaplamaktad\u0131r.<br \/>\nHerhangi bir \u00fcr\u00fcn veya teknik sorular\u0131n\u0131z i\u00e7in, bize <a href=\"tel:0533 924 92 29\">0533 924 92 29<\/a> nolu cep numaras\u0131ndan veya <a href=\"mailto:info@acarkereste.com\">info@acarkereste.com<\/a> adresinden ula\u015fabilirsiniz.<\/p>\n<div class=\"row gallery\"><div class=\"small-photo col-sm-3 col-xs-6\">\n                            <div class=\"photo-wrap\">\n                                <img decoding=\"async\" src=\"https:\/\/acarkereste.com\/wp-content\/uploads\/2022\/09\/IMG_4732-201x144.jpg\">\n\t\t\t\t\t\t\t\t<div class=\"wrap-gallery\">\n\t\t\t\t\t\t\t\t  <div class=\"gallery-info\">B\u00dcY\u00dcT<span class=\"glyphicon glyphicon-fullscreen\" aria-hidden=\"true\"><\/span><\/div> \n\t\t\t\t\t\t\t\t  <a data-fancybox=\"gallery\" href=\"https:\/\/acarkereste.com\/wp-content\/uploads\/2022\/09\/IMG_4732-scaled.jpg\" class=\"mask\"><\/a>\n\t\t\t\t\t\t\t\t<\/div>\n                            <\/div>  \n                        <\/div><div class=\"small-photo col-sm-3 col-xs-6\">\n                            <div class=\"photo-wrap\">\n                                <img decoding=\"async\" src=\"https:\/\/acarkereste.com\/wp-content\/uploads\/2022\/09\/IMG_4734-201x144.jpg\">\n\t\t\t\t\t\t\t\t<div class=\"wrap-gallery\">\n\t\t\t\t\t\t\t\t  <div class=\"gallery-info\">B\u00dcY\u00dcT<span class=\"glyphicon glyphicon-fullscreen\" aria-hidden=\"true\"><\/span><\/div> \n\t\t\t\t\t\t\t\t  <a data-fancybox=\"gallery\" href=\"https:\/\/acarkereste.com\/wp-content\/uploads\/2022\/09\/IMG_4734-scaled.jpg\" class=\"mask\"><\/a>\n\t\t\t\t\t\t\t\t<\/div>\n                            <\/div>  \n                        <\/div><div class=\"small-photo col-sm-3 col-xs-6\">\n                            <div class=\"photo-wrap\">\n                                <img decoding=\"async\" src=\"https:\/\/acarkereste.com\/wp-content\/uploads\/2022\/09\/IMG_4738-201x144.jpg\">\n\t\t\t\t\t\t\t\t<div class=\"wrap-gallery\">\n\t\t\t\t\t\t\t\t  <div class=\"gallery-info\">B\u00dcY\u00dcT<span class=\"glyphicon glyphicon-fullscreen\" aria-hidden=\"true\"><\/span><\/div> \n\t\t\t\t\t\t\t\t  <a data-fancybox=\"gallery\" href=\"https:\/\/acarkereste.com\/wp-content\/uploads\/2022\/09\/IMG_4738-scaled.jpg\" class=\"mask\"><\/a>\n\t\t\t\t\t\t\t\t<\/div>\n                            <\/div>  \n                        <\/div><div class=\"small-photo col-sm-3 col-xs-6\">\n                            <div class=\"photo-wrap\">\n                                <img decoding=\"async\" src=\"https:\/\/acarkereste.com\/wp-content\/uploads\/2022\/03\/insaatlik-kereste-1-201x144.jpg\">\n\t\t\t\t\t\t\t\t<div class=\"wrap-gallery\">\n\t\t\t\t\t\t\t\t  <div class=\"gallery-info\">B\u00dcY\u00dcT<span class=\"glyphicon glyphicon-fullscreen\" aria-hidden=\"true\"><\/span><\/div> \n\t\t\t\t\t\t\t\t  <a data-fancybox=\"gallery\" href=\"https:\/\/acarkereste.com\/wp-content\/uploads\/2022\/03\/insaatlik-kereste-1.jpg\" class=\"mask\"><\/a>\n\t\t\t\t\t\t\t\t<\/div>\n                            <\/div>  \n                        <\/div><div class=\"small-photo col-sm-3 col-xs-6\">\n                            <div class=\"photo-wrap\">\n                                <img decoding=\"async\" src=\"https:\/\/acarkereste.com\/wp-content\/uploads\/2022\/03\/insaatlik-kereste-2-201x144.jpg\">\n\t\t\t\t\t\t\t\t<div class=\"wrap-gallery\">\n\t\t\t\t\t\t\t\t  <div class=\"gallery-info\">B\u00dcY\u00dcT<span class=\"glyphicon glyphicon-fullscreen\" aria-hidden=\"true\"><\/span><\/div> \n\t\t\t\t\t\t\t\t  <a data-fancybox=\"gallery\" href=\"https:\/\/acarkereste.com\/wp-content\/uploads\/2022\/03\/insaatlik-kereste-2.jpg\" class=\"mask\"><\/a>\n\t\t\t\t\t\t\t\t<\/div>\n                            <\/div>  \n                        <\/div><div class=\"small-photo col-sm-3 col-xs-6\">\n                            <div class=\"photo-wrap\">\n                                <img decoding=\"async\" src=\"https:\/\/acarkereste.com\/wp-content\/uploads\/2022\/03\/insaatlik-kereste-3-201x144.jpg\">\n\t\t\t\t\t\t\t\t<div class=\"wrap-gallery\">\n\t\t\t\t\t\t\t\t  <div class=\"gallery-info\">B\u00dcY\u00dcT<span class=\"glyphicon glyphicon-fullscreen\" aria-hidden=\"true\"><\/span><\/div> \n\t\t\t\t\t\t\t\t  <a data-fancybox=\"gallery\" href=\"https:\/\/acarkereste.com\/wp-content\/uploads\/2022\/03\/insaatlik-kereste-3.jpg\" class=\"mask\"><\/a>\n\t\t\t\t\t\t\t\t<\/div>\n                            <\/div>  \n                        <\/div><div class=\"small-photo col-sm-3 col-xs-6\">\n                            <div class=\"photo-wrap\">\n                                <img decoding=\"async\" src=\"https:\/\/acarkereste.com\/wp-content\/uploads\/2022\/03\/insaatlik-kereste-4-201x144.jpg\">\n\t\t\t\t\t\t\t\t<div class=\"wrap-gallery\">\n\t\t\t\t\t\t\t\t  <div class=\"gallery-info\">B\u00dcY\u00dcT<span class=\"glyphicon glyphicon-fullscreen\" aria-hidden=\"true\"><\/span><\/div> \n\t\t\t\t\t\t\t\t  <a data-fancybox=\"gallery\" href=\"https:\/\/acarkereste.com\/wp-content\/uploads\/2022\/03\/insaatlik-kereste-4.jpg\" class=\"mask\"><\/a>\n\t\t\t\t\t\t\t\t<\/div>\n                            <\/div>  \n                        <\/div><div class=\"small-photo col-sm-3 col-xs-6\">\n                            <div class=\"photo-wrap\">\n                                <img decoding=\"async\" src=\"https:\/\/acarkereste.com\/wp-content\/uploads\/2022\/03\/insaatlik-kereste-5-201x144.jpg\">\n\t\t\t\t\t\t\t\t<div class=\"wrap-gallery\">\n\t\t\t\t\t\t\t\t  <div class=\"gallery-info\">B\u00dcY\u00dcT<span class=\"glyphicon glyphicon-fullscreen\" aria-hidden=\"true\"><\/span><\/div> \n\t\t\t\t\t\t\t\t  <a data-fancybox=\"gallery\" href=\"https:\/\/acarkereste.com\/wp-content\/uploads\/2022\/03\/insaatlik-kereste-5.jpg\" class=\"mask\"><\/a>\n\t\t\t\t\t\t\t\t<\/div>\n                            <\/div>  \n                        <\/div><div class=\"small-photo col-sm-3 col-xs-6\">\n                            <div class=\"photo-wrap\">\n                                <img decoding=\"async\" src=\"https:\/\/acarkereste.com\/wp-content\/uploads\/2022\/03\/insaatlik-kereste-6-201x144.jpg\">\n\t\t\t\t\t\t\t\t<div class=\"wrap-gallery\">\n\t\t\t\t\t\t\t\t  <div class=\"gallery-info\">B\u00dcY\u00dcT<span class=\"glyphicon glyphicon-fullscreen\" aria-hidden=\"true\"><\/span><\/div> \n\t\t\t\t\t\t\t\t  <a data-fancybox=\"gallery\" href=\"https:\/\/acarkereste.com\/wp-content\/uploads\/2022\/03\/insaatlik-kereste-6.jpg\" class=\"mask\"><\/a>\n\t\t\t\t\t\t\t\t<\/div>\n                            <\/div>  \n                        <\/div><div class=\"small-photo col-sm-3 col-xs-6\">\n                            <div class=\"photo-wrap\">\n                                <img decoding=\"async\" src=\"https:\/\/acarkereste.com\/wp-content\/uploads\/2022\/03\/insaatlik-kereste-7-201x144.jpg\">\n\t\t\t\t\t\t\t\t<div class=\"wrap-gallery\">\n\t\t\t\t\t\t\t\t  <div class=\"gallery-info\">B\u00dcY\u00dcT<span class=\"glyphicon glyphicon-fullscreen\" aria-hidden=\"true\"><\/span><\/div> \n\t\t\t\t\t\t\t\t  <a data-fancybox=\"gallery\" href=\"https:\/\/acarkereste.com\/wp-content\/uploads\/2022\/03\/insaatlik-kereste-7.jpg\" class=\"mask\"><\/a>\n\t\t\t\t\t\t\t\t<\/div>\n                            <\/div>  \n                        <\/div><div class=\"small-photo col-sm-3 col-xs-6\">\n                            <div class=\"photo-wrap\">\n                                <img decoding=\"async\" src=\"https:\/\/acarkereste.com\/wp-content\/uploads\/2022\/03\/insaatlik-kereste-8-201x144.jpg\">\n\t\t\t\t\t\t\t\t<div class=\"wrap-gallery\">\n\t\t\t\t\t\t\t\t  <div class=\"gallery-info\">B\u00dcY\u00dcT<span class=\"glyphicon glyphicon-fullscreen\" aria-hidden=\"true\"><\/span><\/div> \n\t\t\t\t\t\t\t\t  <a data-fancybox=\"gallery\" href=\"https:\/\/acarkereste.com\/wp-content\/uploads\/2022\/03\/insaatlik-kereste-8.jpg\" class=\"mask\"><\/a>\n\t\t\t\t\t\t\t\t<\/div>\n                            <\/div>  \n                        <\/div><div class=\"small-photo col-sm-3 col-xs-6\">\n                            <div class=\"photo-wrap\">\n                                <img decoding=\"async\" src=\"https:\/\/acarkereste.com\/wp-content\/uploads\/2022\/03\/insaatlik-kereste-9-201x144.jpg\">\n\t\t\t\t\t\t\t\t<div class=\"wrap-gallery\">\n\t\t\t\t\t\t\t\t  <div class=\"gallery-info\">B\u00dcY\u00dcT<span class=\"glyphicon glyphicon-fullscreen\" aria-hidden=\"true\"><\/span><\/div> \n\t\t\t\t\t\t\t\t  <a data-fancybox=\"gallery\" href=\"https:\/\/acarkereste.com\/wp-content\/uploads\/2022\/03\/insaatlik-kereste-9.jpg\" class=\"mask\"><\/a>\n\t\t\t\t\t\t\t\t<\/div>\n                            <\/div>  \n                        <\/div><div class=\"small-photo col-sm-3 col-xs-6\">\n                            <div class=\"photo-wrap\">\n                                <img decoding=\"async\" src=\"https:\/\/acarkereste.com\/wp-content\/uploads\/2022\/03\/insaatlik-kereste-10-201x144.jpg\">\n\t\t\t\t\t\t\t\t<div class=\"wrap-gallery\">\n\t\t\t\t\t\t\t\t  <div class=\"gallery-info\">B\u00dcY\u00dcT<span class=\"glyphicon glyphicon-fullscreen\" aria-hidden=\"true\"><\/span><\/div> \n\t\t\t\t\t\t\t\t  <a data-fancybox=\"gallery\" href=\"https:\/\/acarkereste.com\/wp-content\/uploads\/2022\/03\/insaatlik-kereste-10.jpg\" class=\"mask\"><\/a>\n\t\t\t\t\t\t\t\t<\/div>\n                            <\/div>  \n                        <\/div><div class=\"small-photo col-sm-3 col-xs-6\">\n                            <div class=\"photo-wrap\">\n                                <img decoding=\"async\" src=\"https:\/\/acarkereste.com\/wp-content\/uploads\/2022\/03\/insaatlik-kereste-11-201x144.jpg\">\n\t\t\t\t\t\t\t\t<div class=\"wrap-gallery\">\n\t\t\t\t\t\t\t\t  <div class=\"gallery-info\">B\u00dcY\u00dcT<span class=\"glyphicon glyphicon-fullscreen\" aria-hidden=\"true\"><\/span><\/div> \n\t\t\t\t\t\t\t\t  <a data-fancybox=\"gallery\" href=\"https:\/\/acarkereste.com\/wp-content\/uploads\/2022\/03\/insaatlik-kereste-11.jpg\" class=\"mask\"><\/a>\n\t\t\t\t\t\t\t\t<\/div>\n                            <\/div>  \n                        <\/div><div class=\"small-photo col-sm-3 col-xs-6\">\n                            <div class=\"photo-wrap\">\n                                <img decoding=\"async\" src=\"https:\/\/acarkereste.com\/wp-content\/uploads\/2022\/03\/insaatlik-kereste-12-201x144.jpg\">\n\t\t\t\t\t\t\t\t<div class=\"wrap-gallery\">\n\t\t\t\t\t\t\t\t  <div class=\"gallery-info\">B\u00dcY\u00dcT<span class=\"glyphicon glyphicon-fullscreen\" aria-hidden=\"true\"><\/span><\/div> \n\t\t\t\t\t\t\t\t  <a data-fancybox=\"gallery\" href=\"https:\/\/acarkereste.com\/wp-content\/uploads\/2022\/03\/insaatlik-kereste-12.jpg\" class=\"mask\"><\/a>\n\t\t\t\t\t\t\t\t<\/div>\n                            <\/div>  \n                        <\/div><div class=\"small-photo col-sm-3 col-xs-6\">\n                            <div class=\"photo-wrap\">\n                                <img decoding=\"async\" src=\"https:\/\/acarkereste.com\/wp-content\/uploads\/2022\/03\/insaatlik-kereste-13-201x144.jpg\">\n\t\t\t\t\t\t\t\t<div class=\"wrap-gallery\">\n\t\t\t\t\t\t\t\t  <div class=\"gallery-info\">B\u00dcY\u00dcT<span class=\"glyphicon glyphicon-fullscreen\" aria-hidden=\"true\"><\/span><\/div> \n\t\t\t\t\t\t\t\t  <a data-fancybox=\"gallery\" href=\"https:\/\/acarkereste.com\/wp-content\/uploads\/2022\/03\/insaatlik-kereste-13.jpg\" class=\"mask\"><\/a>\n\t\t\t\t\t\t\t\t<\/div>\n                            <\/div>  \n                        <\/div><\/div>\n","protected":false},"excerpt":{"rendered":"<p>\u0130n\u015faatl\u0131k kereste imalat\u0131 ve toptan sat\u0131\u015f\u0131 yapan firmam\u0131z\u0131n sitesinde; kereste \u00e7e\u015fitleri ve teknik \u00f6zelliklerine g\u00f6z at\u0131n. H\u0131zl\u0131 fiyat teklifi al\u0131n.<\/p>\n","protected":false},"author":14,"featured_media":3224,"parent":32,"menu_order":4,"comment_status":"closed","ping_status":"closed","template":"page-service.php","meta":{"_joinchat":[],"footnotes":""},"class_list":["post-4358","page","type-page","status-publish","has-post-thumbnail","hentry"],"acf":[],"yoast_head":"<!-- This site is optimized with the Yoast SEO plugin v23.0 - https:\/\/yoast.com\/wordpress\/plugins\/seo\/ -->\n<title>Kalas Fiyatlar\u0131: 5x5 10x10 ve T\u00fcm Kalas \u00c7e\u015fitlerini \u0130ncele<\/title>\n<meta name=\"description\" content=\"Ah\u015fap kalas \u00fcr\u00fcnlerimizi incelemek ve h\u0131zl\u0131 fiyat teklifi almak i\u00e7in l\u00fctfen sayfam\u0131z\u0131 ziyaret ediniz.\" \/>\n<meta name=\"robots\" content=\"index, follow, max-snippet:-1, max-image-preview:large, max-video-preview:-1\" \/>\n<link rel=\"canonical\" href=\"https:\/\/acarkereste.com\/?page_id=4358\" \/>\n<meta property=\"og:locale\" content=\"tr_TR\" \/>\n<meta property=\"og:type\" content=\"article\" \/>\n<meta property=\"og:title\" content=\"Kalas Fiyatlar\u0131: 5x5 10x10 ve T\u00fcm Kalas \u00c7e\u015fitlerini \u0130ncele\" \/>\n<meta property=\"og:description\" content=\"Ah\u015fap kalas \u00fcr\u00fcnlerimizi incelemek ve h\u0131zl\u0131 fiyat teklifi almak i\u00e7in l\u00fctfen sayfam\u0131z\u0131 ziyaret ediniz.\" \/>\n<meta property=\"og:url\" content=\"https:\/\/acarkereste.com\/?page_id=4358\" \/>\n<meta property=\"og:site_name\" content=\"Acar Orman\" \/>\n<meta property=\"article:modified_time\" content=\"2024-08-02T07:50:40+00:00\" \/>\n<meta property=\"og:image\" content=\"https:\/\/acarkereste.com\/wp-content\/uploads\/2020\/08\/insaatl\u0131k-kereste-acar-orman-urunleri.jpg\" \/>\n\t<meta property=\"og:image:width\" content=\"276\" \/>\n\t<meta property=\"og:image:height\" content=\"470\" \/>\n\t<meta property=\"og:image:type\" content=\"image\/jpeg\" \/>\n<meta name=\"twitter:label1\" content=\"Tahmini okuma s\u00fcresi\" \/>\n\t<meta name=\"twitter:data1\" content=\"2 dakika\" \/>\n<script type=\"application\/ld+json\" class=\"yoast-schema-graph\">{\"@context\":\"https:\/\/schema.org\",\"@graph\":[{\"@type\":\"WebPage\",\"@id\":\"https:\/\/acarkereste.com\/?page_id=4358\",\"url\":\"https:\/\/acarkereste.com\/?page_id=4358\",\"name\":\"Kalas Fiyatlar\u0131: 5x5 10x10 ve T\u00fcm Kalas \u00c7e\u015fitlerini \u0130ncele\",\"isPartOf\":{\"@id\":\"https:\/\/acarkereste.com\/#website\"},\"primaryImageOfPage\":{\"@id\":\"https:\/\/acarkereste.com\/?page_id=4358#primaryimage\"},\"image\":{\"@id\":\"https:\/\/acarkereste.com\/?page_id=4358#primaryimage\"},\"thumbnailUrl\":\"https:\/\/acarkereste.com\/wp-content\/uploads\/2020\/08\/insaatl\u0131k-kereste-acar-orman-urunleri.jpg\",\"datePublished\":\"2023-10-19T07:31:25+00:00\",\"dateModified\":\"2024-08-02T07:50:40+00:00\",\"description\":\"Ah\u015fap kalas \u00fcr\u00fcnlerimizi incelemek ve h\u0131zl\u0131 fiyat teklifi almak i\u00e7in l\u00fctfen sayfam\u0131z\u0131 ziyaret ediniz.\",\"breadcrumb\":{\"@id\":\"https:\/\/acarkereste.com\/?page_id=4358#breadcrumb\"},\"inLanguage\":\"tr\",\"potentialAction\":[{\"@type\":\"ReadAction\",\"target\":[\"https:\/\/acarkereste.com\/?page_id=4358\"]}]},{\"@type\":\"ImageObject\",\"inLanguage\":\"tr\",\"@id\":\"https:\/\/acarkereste.com\/?page_id=4358#primaryimage\",\"url\":\"https:\/\/acarkereste.com\/wp-content\/uploads\/2020\/08\/insaatl\u0131k-kereste-acar-orman-urunleri.jpg\",\"contentUrl\":\"https:\/\/acarkereste.com\/wp-content\/uploads\/2020\/08\/insaatl\u0131k-kereste-acar-orman-urunleri.jpg\",\"width\":276,\"height\":470,\"caption\":\"\u0130n\u015faatl\u0131k Kereste Fiyatlar\u0131\"},{\"@type\":\"BreadcrumbList\",\"@id\":\"https:\/\/acarkereste.com\/?page_id=4358#breadcrumb\",\"itemListElement\":[{\"@type\":\"ListItem\",\"position\":1,\"name\":\"Ana Sayfa\",\"item\":\"https:\/\/acarkereste.com\/\"},{\"@type\":\"ListItem\",\"position\":2,\"name\":\"\u00dcr\u00fcnler\",\"item\":\"https:\/\/acarkereste.com\/?page_id=32\"},{\"@type\":\"ListItem\",\"position\":3,\"name\":\"Kalas\"}]},{\"@type\":\"WebSite\",\"@id\":\"https:\/\/acarkereste.com\/#website\",\"url\":\"https:\/\/acarkereste.com\/\",\"name\":\"Acar Orman\",\"description\":\"Lambri &amp; Kereste \u00dcr\u00fcnleri\",\"publisher\":{\"@id\":\"https:\/\/acarkereste.com\/#organization\"},\"potentialAction\":[{\"@type\":\"SearchAction\",\"target\":{\"@type\":\"EntryPoint\",\"urlTemplate\":\"https:\/\/acarkereste.com\/?s={search_term_string}\"},\"query-input\":\"required name=search_term_string\"}],\"inLanguage\":\"tr\"},{\"@type\":\"Organization\",\"@id\":\"https:\/\/acarkereste.com\/#organization\",\"name\":\"G\u00fcner Oto\",\"url\":\"https:\/\/acarkereste.com\/\",\"logo\":{\"@type\":\"ImageObject\",\"inLanguage\":\"tr\",\"@id\":\"https:\/\/acarkereste.com\/#\/schema\/logo\/image\/\",\"url\":\"\",\"contentUrl\":\"\",\"caption\":\"G\u00fcner Oto\"},\"image\":{\"@id\":\"https:\/\/acarkereste.com\/#\/schema\/logo\/image\/\"}}]}<\/script>\n<!-- \/ Yoast SEO plugin. -->","yoast_head_json":{"title":"Kalas Fiyatlar\u0131: 5x5 10x10 ve T\u00fcm Kalas \u00c7e\u015fitlerini \u0130ncele","description":"Ah\u015fap kalas \u00fcr\u00fcnlerimizi incelemek ve h\u0131zl\u0131 fiyat teklifi almak i\u00e7in l\u00fctfen sayfam\u0131z\u0131 ziyaret ediniz.","robots":{"index":"index","follow":"follow","max-snippet":"max-snippet:-1","max-image-preview":"max-image-preview:large","max-video-preview":"max-video-preview:-1"},"canonical":"https:\/\/acarkereste.com\/?page_id=4358","og_locale":"tr_TR","og_type":"article","og_title":"Kalas Fiyatlar\u0131: 5x5 10x10 ve T\u00fcm Kalas \u00c7e\u015fitlerini \u0130ncele","og_description":"Ah\u015fap kalas \u00fcr\u00fcnlerimizi incelemek ve h\u0131zl\u0131 fiyat teklifi almak i\u00e7in l\u00fctfen sayfam\u0131z\u0131 ziyaret ediniz.","og_url":"https:\/\/acarkereste.com\/?page_id=4358","og_site_name":"Acar Orman","article_modified_time":"2024-08-02T07:50:40+00:00","og_image":[{"width":276,"height":470,"url":"https:\/\/acarkereste.com\/wp-content\/uploads\/2020\/08\/insaatl\u0131k-kereste-acar-orman-urunleri.jpg","type":"image\/jpeg"}],"twitter_misc":{"Tahmini okuma s\u00fcresi":"2 dakika"},"schema":{"@context":"https:\/\/schema.org","@graph":[{"@type":"WebPage","@id":"https:\/\/acarkereste.com\/?page_id=4358","url":"https:\/\/acarkereste.com\/?page_id=4358","name":"Kalas Fiyatlar\u0131: 5x5 10x10 ve T\u00fcm Kalas \u00c7e\u015fitlerini \u0130ncele","isPartOf":{"@id":"https:\/\/acarkereste.com\/#website"},"primaryImageOfPage":{"@id":"https:\/\/acarkereste.com\/?page_id=4358#primaryimage"},"image":{"@id":"https:\/\/acarkereste.com\/?page_id=4358#primaryimage"},"thumbnailUrl":"https:\/\/acarkereste.com\/wp-content\/uploads\/2020\/08\/insaatl\u0131k-kereste-acar-orman-urunleri.jpg","datePublished":"2023-10-19T07:31:25+00:00","dateModified":"2024-08-02T07:50:40+00:00","description":"Ah\u015fap kalas \u00fcr\u00fcnlerimizi incelemek ve h\u0131zl\u0131 fiyat teklifi almak i\u00e7in l\u00fctfen sayfam\u0131z\u0131 ziyaret ediniz.","breadcrumb":{"@id":"https:\/\/acarkereste.com\/?page_id=4358#breadcrumb"},"inLanguage":"tr","potentialAction":[{"@type":"ReadAction","target":["https:\/\/acarkereste.com\/?page_id=4358"]}]},{"@type":"ImageObject","inLanguage":"tr","@id":"https:\/\/acarkereste.com\/?page_id=4358#primaryimage","url":"https:\/\/acarkereste.com\/wp-content\/uploads\/2020\/08\/insaatl\u0131k-kereste-acar-orman-urunleri.jpg","contentUrl":"https:\/\/acarkereste.com\/wp-content\/uploads\/2020\/08\/insaatl\u0131k-kereste-acar-orman-urunleri.jpg","width":276,"height":470,"caption":"\u0130n\u015faatl\u0131k Kereste Fiyatlar\u0131"},{"@type":"BreadcrumbList","@id":"https:\/\/acarkereste.com\/?page_id=4358#breadcrumb","itemListElement":[{"@type":"ListItem","position":1,"name":"Ana Sayfa","item":"https:\/\/acarkereste.com\/"},{"@type":"ListItem","position":2,"name":"\u00dcr\u00fcnler","item":"https:\/\/acarkereste.com\/?page_id=32"},{"@type":"ListItem","position":3,"name":"Kalas"}]},{"@type":"WebSite","@id":"https:\/\/acarkereste.com\/#website","url":"https:\/\/acarkereste.com\/","name":"Acar Orman","description":"Lambri &amp; Kereste \u00dcr\u00fcnleri","publisher":{"@id":"https:\/\/acarkereste.com\/#organization"},"potentialAction":[{"@type":"SearchAction","target":{"@type":"EntryPoint","urlTemplate":"https:\/\/acarkereste.com\/?s={search_term_string}"},"query-input":"required name=search_term_string"}],"inLanguage":"tr"},{"@type":"Organization","@id":"https:\/\/acarkereste.com\/#organization","name":"G\u00fcner Oto","url":"https:\/\/acarkereste.com\/","logo":{"@type":"ImageObject","inLanguage":"tr","@id":"https:\/\/acarkereste.com\/#\/schema\/logo\/image\/","url":"","contentUrl":"","caption":"G\u00fcner Oto"},"image":{"@id":"https:\/\/acarkereste.com\/#\/schema\/logo\/image\/"}}]}},"_links":{"self":[{"href":"https:\/\/acarkereste.com\/index.php?rest_route=\/wp\/v2\/pages\/4358","targetHints":{"allow":["GET"]}}],"collection":[{"href":"https:\/\/acarkereste.com\/index.php?rest_route=\/wp\/v2\/pages"}],"about":[{"href":"https:\/\/acarkereste.com\/index.php?rest_route=\/wp\/v2\/types\/page"}],"author":[{"embeddable":true,"href":"https:\/\/acarkereste.com\/index.php?rest_route=\/wp\/v2\/users\/14"}],"replies":[{"embeddable":true,"href":"https:\/\/acarkereste.com\/index.php?rest_route=%2Fwp%2Fv2%2Fcomments&post=4358"}],"version-history":[{"count":2,"href":"https:\/\/acarkereste.com\/index.php?rest_route=\/wp\/v2\/pages\/4358\/revisions"}],"predecessor-version":[{"id":4433,"href":"https:\/\/acarkereste.com\/index.php?rest_route=\/wp\/v2\/pages\/4358\/revisions\/4433"}],"up":[{"embeddable":true,"href":"https:\/\/acarkereste.com\/index.php?rest_route=\/wp\/v2\/pages\/32"}],"wp:featuredmedia":[{"embeddable":true,"href":"https:\/\/acarkereste.com\/index.php?rest_route=\/wp\/v2\/media\/3224"}],"wp:attachment":[{"href":"https:\/\/acarkereste.com\/index.php?rest_route=%2Fwp%2Fv2%2Fmedia&parent=4358"}],"curies":[{"name":"wp","href":"https:\/\/api.w.org\/{rel}","templated":true}]}}