{"id":4347,"date":"2023-09-12T19:10:48","date_gmt":"2023-09-12T16:10:48","guid":{"rendered":"https:\/\/acarkereste.com\/?page_id=4347"},"modified":"2023-09-13T12:41:41","modified_gmt":"2023-09-13T09:41:41","slug":"tesekkurler-fiyat-teklifi-al","status":"publish","type":"page","link":"https:\/\/acarkereste.com\/?page_id=4347","title":{"rendered":"Te\u015fekk\u00fcrler Fiyat Teklifi Al"},"content":{"rendered":"<h1 style=\"text-align: center;\"><strong>Te\u015fekk\u00fcrler!<\/strong><br \/>\nFormunuz ba\u015far\u0131yla g\u00f6nderilmi\u015ftir. Ana Sayfa&#8217;ya geri d\u00f6nmek i\u00e7in <a href=\"https:\/\/acarkereste.com\">www.acarkereste.com<\/a> linkine t\u0131klayabilirsiniz.<\/h1>\n<p>&nbsp;<\/p>\n<p><img loading=\"lazy\" decoding=\"async\" class=\"wp-image-1023 size-full aligncenter\" src=\"https:\/\/acarkereste.com\/wp-content\/uploads\/2015\/05\/gulucuk.png\" width=\"343\" height=\"160\" srcset=\"https:\/\/acarkereste.com\/wp-content\/uploads\/2015\/05\/gulucuk.png 343w, https:\/\/acarkereste.com\/wp-content\/uploads\/2015\/05\/gulucuk-300x140.png 300w\" sizes=\"auto, (max-width: 343px) 100vw, 343px\" \/><\/p>\n","protected":false},"excerpt":{"rendered":"<p>Te\u015fekk\u00fcrler! Formunuz ba\u015far\u0131yla g\u00f6nderilmi\u015ftir. Ana Sayfa&#8217;ya geri d\u00f6nmek i\u00e7in www.acarkereste.com linkine t\u0131klayabilirsiniz. &nbsp;<\/p>\n","protected":false},"author":14,"featured_media":0,"parent":0,"menu_order":28,"comment_status":"closed","ping_status":"closed","template":"thanks.php","meta":{"_joinchat":[],"footnotes":""},"class_list":["post-4347","page","type-page","status-publish","hentry"],"acf":[],"yoast_head":"<!-- This site is optimized with the Yoast SEO plugin v23.0 - https:\/\/yoast.com\/wordpress\/plugins\/seo\/ -->\n<title>Te\u015fekk\u00fcrler - Acar Kereste<\/title>\n<meta name=\"description\" content=\"www.acarkereste.com &#039;deki formlar\u0131n g\u00f6nderilmesi sonucu \u00e7\u0131kan te\u015fekk\u00fcr sayfas\u0131d\u0131r. Sayfay\u0131 g\u00f6r\u00fcyorsan\u0131z formunuz g\u00f6nderilmi\u015ftir.\" \/>\n<meta name=\"robots\" content=\"index, follow, max-snippet:-1, max-image-preview:large, max-video-preview:-1\" \/>\n<link rel=\"canonical\" href=\"https:\/\/acarkereste.com\/?page_id=4347\" \/>\n<meta property=\"og:locale\" content=\"tr_TR\" \/>\n<meta property=\"og:type\" content=\"article\" \/>\n<meta property=\"og:title\" content=\"Te\u015fekk\u00fcrler - Acar Kereste\" \/>\n<meta property=\"og:description\" content=\"www.acarkereste.com &#039;deki formlar\u0131n g\u00f6nderilmesi sonucu \u00e7\u0131kan te\u015fekk\u00fcr sayfas\u0131d\u0131r. Sayfay\u0131 g\u00f6r\u00fcyorsan\u0131z formunuz g\u00f6nderilmi\u015ftir.\" \/>\n<meta property=\"og:url\" content=\"https:\/\/acarkereste.com\/?page_id=4347\" \/>\n<meta property=\"og:site_name\" content=\"Acar Orman\" \/>\n<meta property=\"article:modified_time\" content=\"2023-09-13T09:41:41+00:00\" \/>\n<meta property=\"og:image\" content=\"https:\/\/acarkereste.com\/wp-content\/uploads\/2015\/05\/gulucuk.png\" \/>\n<meta name=\"twitter:label1\" content=\"Tahmini okuma s\u00fcresi\" \/>\n\t<meta name=\"twitter:data1\" content=\"1 dakika\" \/>\n<script type=\"application\/ld+json\" class=\"yoast-schema-graph\">{\"@context\":\"https:\/\/schema.org\",\"@graph\":[{\"@type\":\"WebPage\",\"@id\":\"https:\/\/acarkereste.com\/?page_id=4347\",\"url\":\"https:\/\/acarkereste.com\/?page_id=4347\",\"name\":\"Te\u015fekk\u00fcrler - Acar Kereste\",\"isPartOf\":{\"@id\":\"https:\/\/acarkereste.com\/#website\"},\"primaryImageOfPage\":{\"@id\":\"https:\/\/acarkereste.com\/?page_id=4347#primaryimage\"},\"image\":{\"@id\":\"https:\/\/acarkereste.com\/?page_id=4347#primaryimage\"},\"thumbnailUrl\":\"https:\/\/acarkereste.com\/wp-content\/uploads\/2015\/05\/gulucuk.png\",\"datePublished\":\"2023-09-12T16:10:48+00:00\",\"dateModified\":\"2023-09-13T09:41:41+00:00\",\"description\":\"www.acarkereste.com 'deki formlar\u0131n g\u00f6nderilmesi sonucu \u00e7\u0131kan te\u015fekk\u00fcr sayfas\u0131d\u0131r. Sayfay\u0131 g\u00f6r\u00fcyorsan\u0131z formunuz g\u00f6nderilmi\u015ftir.\",\"breadcrumb\":{\"@id\":\"https:\/\/acarkereste.com\/?page_id=4347#breadcrumb\"},\"inLanguage\":\"tr\",\"potentialAction\":[{\"@type\":\"ReadAction\",\"target\":[\"https:\/\/acarkereste.com\/?page_id=4347\"]}]},{\"@type\":\"ImageObject\",\"inLanguage\":\"tr\",\"@id\":\"https:\/\/acarkereste.com\/?page_id=4347#primaryimage\",\"url\":\"https:\/\/acarkereste.com\/wp-content\/uploads\/2015\/05\/gulucuk.png\",\"contentUrl\":\"https:\/\/acarkereste.com\/wp-content\/uploads\/2015\/05\/gulucuk.png\",\"width\":343,\"height\":160},{\"@type\":\"BreadcrumbList\",\"@id\":\"https:\/\/acarkereste.com\/?page_id=4347#breadcrumb\",\"itemListElement\":[{\"@type\":\"ListItem\",\"position\":1,\"name\":\"Ana Sayfa\",\"item\":\"https:\/\/acarkereste.com\/\"},{\"@type\":\"ListItem\",\"position\":2,\"name\":\"Te\u015fekk\u00fcrler Fiyat Teklifi Al\"}]},{\"@type\":\"WebSite\",\"@id\":\"https:\/\/acarkereste.com\/#website\",\"url\":\"https:\/\/acarkereste.com\/\",\"name\":\"Acar Orman\",\"description\":\"Lambri &amp; Kereste \u00dcr\u00fcnleri\",\"publisher\":{\"@id\":\"https:\/\/acarkereste.com\/#organization\"},\"potentialAction\":[{\"@type\":\"SearchAction\",\"target\":{\"@type\":\"EntryPoint\",\"urlTemplate\":\"https:\/\/acarkereste.com\/?s={search_term_string}\"},\"query-input\":\"required name=search_term_string\"}],\"inLanguage\":\"tr\"},{\"@type\":\"Organization\",\"@id\":\"https:\/\/acarkereste.com\/#organization\",\"name\":\"G\u00fcner Oto\",\"url\":\"https:\/\/acarkereste.com\/\",\"logo\":{\"@type\":\"ImageObject\",\"inLanguage\":\"tr\",\"@id\":\"https:\/\/acarkereste.com\/#\/schema\/logo\/image\/\",\"url\":\"\",\"contentUrl\":\"\",\"caption\":\"G\u00fcner Oto\"},\"image\":{\"@id\":\"https:\/\/acarkereste.com\/#\/schema\/logo\/image\/\"}}]}<\/script>\n<!-- \/ Yoast SEO plugin. -->","yoast_head_json":{"title":"Te\u015fekk\u00fcrler - Acar Kereste","description":"www.acarkereste.com 'deki formlar\u0131n g\u00f6nderilmesi sonucu \u00e7\u0131kan te\u015fekk\u00fcr sayfas\u0131d\u0131r. Sayfay\u0131 g\u00f6r\u00fcyorsan\u0131z formunuz g\u00f6nderilmi\u015ftir.","robots":{"index":"index","follow":"follow","max-snippet":"max-snippet:-1","max-image-preview":"max-image-preview:large","max-video-preview":"max-video-preview:-1"},"canonical":"https:\/\/acarkereste.com\/?page_id=4347","og_locale":"tr_TR","og_type":"article","og_title":"Te\u015fekk\u00fcrler - Acar Kereste","og_description":"www.acarkereste.com 'deki formlar\u0131n g\u00f6nderilmesi sonucu \u00e7\u0131kan te\u015fekk\u00fcr sayfas\u0131d\u0131r. Sayfay\u0131 g\u00f6r\u00fcyorsan\u0131z formunuz g\u00f6nderilmi\u015ftir.","og_url":"https:\/\/acarkereste.com\/?page_id=4347","og_site_name":"Acar Orman","article_modified_time":"2023-09-13T09:41:41+00:00","og_image":[{"url":"https:\/\/acarkereste.com\/wp-content\/uploads\/2015\/05\/gulucuk.png"}],"twitter_misc":{"Tahmini okuma s\u00fcresi":"1 dakika"},"schema":{"@context":"https:\/\/schema.org","@graph":[{"@type":"WebPage","@id":"https:\/\/acarkereste.com\/?page_id=4347","url":"https:\/\/acarkereste.com\/?page_id=4347","name":"Te\u015fekk\u00fcrler - Acar Kereste","isPartOf":{"@id":"https:\/\/acarkereste.com\/#website"},"primaryImageOfPage":{"@id":"https:\/\/acarkereste.com\/?page_id=4347#primaryimage"},"image":{"@id":"https:\/\/acarkereste.com\/?page_id=4347#primaryimage"},"thumbnailUrl":"https:\/\/acarkereste.com\/wp-content\/uploads\/2015\/05\/gulucuk.png","datePublished":"2023-09-12T16:10:48+00:00","dateModified":"2023-09-13T09:41:41+00:00","description":"www.acarkereste.com 'deki formlar\u0131n g\u00f6nderilmesi sonucu \u00e7\u0131kan te\u015fekk\u00fcr sayfas\u0131d\u0131r. Sayfay\u0131 g\u00f6r\u00fcyorsan\u0131z formunuz g\u00f6nderilmi\u015ftir.","breadcrumb":{"@id":"https:\/\/acarkereste.com\/?page_id=4347#breadcrumb"},"inLanguage":"tr","potentialAction":[{"@type":"ReadAction","target":["https:\/\/acarkereste.com\/?page_id=4347"]}]},{"@type":"ImageObject","inLanguage":"tr","@id":"https:\/\/acarkereste.com\/?page_id=4347#primaryimage","url":"https:\/\/acarkereste.com\/wp-content\/uploads\/2015\/05\/gulucuk.png","contentUrl":"https:\/\/acarkereste.com\/wp-content\/uploads\/2015\/05\/gulucuk.png","width":343,"height":160},{"@type":"BreadcrumbList","@id":"https:\/\/acarkereste.com\/?page_id=4347#breadcrumb","itemListElement":[{"@type":"ListItem","position":1,"name":"Ana Sayfa","item":"https:\/\/acarkereste.com\/"},{"@type":"ListItem","position":2,"name":"Te\u015fekk\u00fcrler Fiyat Teklifi Al"}]},{"@type":"WebSite","@id":"https:\/\/acarkereste.com\/#website","url":"https:\/\/acarkereste.com\/","name":"Acar Orman","description":"Lambri &amp; Kereste \u00dcr\u00fcnleri","publisher":{"@id":"https:\/\/acarkereste.com\/#organization"},"potentialAction":[{"@type":"SearchAction","target":{"@type":"EntryPoint","urlTemplate":"https:\/\/acarkereste.com\/?s={search_term_string}"},"query-input":"required name=search_term_string"}],"inLanguage":"tr"},{"@type":"Organization","@id":"https:\/\/acarkereste.com\/#organization","name":"G\u00fcner Oto","url":"https:\/\/acarkereste.com\/","logo":{"@type":"ImageObject","inLanguage":"tr","@id":"https:\/\/acarkereste.com\/#\/schema\/logo\/image\/","url":"","contentUrl":"","caption":"G\u00fcner Oto"},"image":{"@id":"https:\/\/acarkereste.com\/#\/schema\/logo\/image\/"}}]}},"_links":{"self":[{"href":"https:\/\/acarkereste.com\/index.php?rest_route=\/wp\/v2\/pages\/4347","targetHints":{"allow":["GET"]}}],"collection":[{"href":"https:\/\/acarkereste.com\/index.php?rest_route=\/wp\/v2\/pages"}],"about":[{"href":"https:\/\/acarkereste.com\/index.php?rest_route=\/wp\/v2\/types\/page"}],"author":[{"embeddable":true,"href":"https:\/\/acarkereste.com\/index.php?rest_route=\/wp\/v2\/users\/14"}],"replies":[{"embeddable":true,"href":"https:\/\/acarkereste.com\/index.php?rest_route=%2Fwp%2Fv2%2Fcomments&post=4347"}],"version-history":[{"count":0,"href":"https:\/\/acarkereste.com\/index.php?rest_route=\/wp\/v2\/pages\/4347\/revisions"}],"wp:attachment":[{"href":"https:\/\/acarkereste.com\/index.php?rest_route=%2Fwp%2Fv2%2Fmedia&parent=4347"}],"curies":[{"name":"wp","href":"https:\/\/api.w.org\/{rel}","templated":true}]}}