{"id":3904,"date":"2020-09-02T19:02:32","date_gmt":"2020-09-02T16:02:32","guid":{"rendered":"https:\/\/acarkereste.com\/?page_id=3904"},"modified":"2021-11-23T17:15:31","modified_gmt":"2021-11-23T14:15:31","slug":"membran","status":"publish","type":"page","link":"https:\/\/acarkereste.com\/?page_id=3904","title":{"rendered":"Membran"},"content":{"rendered":"<h1>Membran Nedir? Nerede Kullan\u0131l\u0131r?<\/h1>\n<p>Membran, uyguland\u0131\u011f\u0131 y\u00fczeye su izolasyonu sa\u011flayan, <strong>esnek<\/strong> ve <strong>dayan\u0131kl\u0131<\/strong> bir kaplama malzemesidir.<br \/>\nBasit\u00e7e membran, <strong>polyester ke\u00e7enin<\/strong> ya da <strong>fibrocam\u0131n<\/strong> \u00f6zel i\u00e7erikli <strong>asfalt<\/strong> ile kaplanmas\u0131 ve iki y\u00fczeyinin de <strong>polietilen film<\/strong> ile kaplanmas\u0131yla olu\u015fturulan bir malzemedir. \u00c7o\u011funlukla <strong>\u00e7at\u0131larda<\/strong>, <strong>pergola sistemlerinde<\/strong> ve <strong>su izolasyonu<\/strong> gereken t\u00fcm zeminlerde kullan\u0131labilmektedir.<\/p>\n<h2>Membran Faydalar\u0131<\/h2>\n<ul>\n<li><strong>Esnek<\/strong> ve <strong>uzun<\/strong> \u00f6m\u00fcrl\u00fcd\u00fcr.<\/li>\n<li>Her t\u00fcrl\u00fc <strong>y\u00fczeye<\/strong> kolayl\u0131kla uygulanabilir.<\/li>\n<li>Toprak alt\u0131nda olu\u015fabilecek k\u00f6t\u00fc ko\u015fullara kar\u015f\u0131 <strong>dayan\u0131kl\u0131d\u0131r.<\/strong><\/li>\n<li>Uygulanan yap\u0131y\u0131 olas\u0131 <strong>su s\u0131z\u0131nt\u0131lar\u0131na kar\u015f\u0131 korur<\/strong> ve yap\u0131n\u0131n zarar g\u00f6rmesini engeller.<\/li>\n<\/ul>\n<h2>Membran Teknik \u00d6zellikleri<\/h2>\n<ul>\n<li>A\u011f\u0131rl\u0131k: &gt;50 gr\/m\u00b2<\/li>\n<li>Rulo \u00d6l\u00e7\u00fcs\u00fc: 1 m x 10 m<\/li>\n<li>\u00dcst Kaplama: PE (polietilen) film<\/li>\n<li>Alt Kaplama: PE (polietilen) film<\/li>\n<li>Yumu\u015fama Noktas\u0131: &gt;120 C\u00b0<\/li>\n<li>So\u011fukta K\u0131r\u0131lganl\u0131k: &gt;-10 C\u00b0<\/li>\n<li>Su Ge\u00e7irmezlik: %100 Su ge\u00e7irmez<\/li>\n<\/ul>\n<h2>Membran Palet Boyutlar\u0131<\/h2>\n<ul>\n<li>En x Boy x Y\u00fckseklik: 120 cm x 100 cm x 110 cm<\/li>\n<li>Konteyner Palet Adeti: 20 Palet<\/li>\n<li>\u00c7ekici (T\u0131r) Palet Adeti: 26 Palet<\/li>\n<\/ul>\n<h3>Kullan\u0131m Alanlar\u0131<\/h3>\n<ul>\n<li>Boh\u00e7alama<\/li>\n<li>Temel Perde \u0130zolasyonu<\/li>\n<li>\u0130stinat ve Bodrum Duvarlar\u0131<\/li>\n<li>Teras, Balkon, \u00c7i\u00e7eklik, Bah\u00e7e<\/li>\n<li>Havuzlar, Islak Hacimli Mekanlar<\/li>\n<li>Otopark, Teras ve E\u011fimli \u00c7at\u0131lar<\/li>\n<\/ul>\n<p>Fabrikam\u0131z i\u00e7erisinde \u00fcretilen \u00fcr\u00fcnler sert, dayan\u0131kl\u0131, kolay y\u0131pranmayan yap\u0131s\u0131 ile \u00f6n plana \u00e7\u0131kmaktad\u0131r.<br \/>\nUzun \u00f6m\u00fcrl\u00fc olmas\u0131 sayesinde iste\u011fe ve amac\u0131n\u0131za uygun \u015fekilde kullan\u0131labilir.<\/p>\n<h4>Teslimat \u0130\u015flemleri<\/h4>\n<p>Aktif ve s\u00fcrekli \u00e7al\u0131\u015ft\u0131\u011f\u0131m\u0131z m\u00fc\u015fterilerimizin kargo i\u015flemleri Acar Orman \u00dcr\u00fcnleri taraf\u0131ndan kar\u015f\u0131lanmaktad\u0131r.<br \/>\nTek seferlik al\u0131nan hizmetlerde m\u00fc\u015fterimiz teslimat i\u015flemini kendisi sa\u011flamaktad\u0131r.<\/p>\n<h2>Membran Fiyat Bilgisi<\/h2>\n<p>Kaliteli, g\u00fcvenilir \u00fcr\u00fcnlerimiz; kolay y\u0131pranmaz, dayan\u0131kl\u0131 ve kullan\u0131m alan\u0131na uygun olacak \u015fekilde haz\u0131rlanmaktad\u0131r.<\/p>\n<table style=\"height: 200px;\" width=\"749\">\n<tbody>\n<thead>\n<tr align=\"center\">\n<td><strong>\u00dcr\u00fcn Cinsi<\/strong><\/td>\n<td><strong>Renk<\/strong><\/td>\n<td><strong>Paketleme<\/strong><\/td>\n<td><strong>A\u011f\u0131rl\u0131k (kg)<\/strong><\/td>\n<td><strong>Teslimat<\/strong><\/td>\n<td><strong>Fiyat (\u20ba)<\/strong><\/td>\n<\/tr>\n<\/thead>\n<tr align=\"center\">\n<td>F &#8211; 3 Cam T\u00fcl\u00fc Ta\u015f\u0131y\u0131c\u0131l\u0131<\/td>\n<td>&#8211;<\/td>\n<td>Rulo ile Sat\u0131\u015f<\/td>\n<td>&gt;50 gr\/m\u00b2<\/td>\n<td><a href=\"https:\/\/acarkereste.com\/iletisim\">Sorunuz<\/a><\/td>\n<td><a class=\"teklifalbtn\" href=\"#popup\" data-toggle=\"modal\"><strong>Fiyat Teklifi Al<\/strong><\/a><\/td>\n<\/tr>\n<tr align=\"center\">\n<td>F &#8211; 2 Cam T\u00fcl\u00fc Ta\u015f\u0131y\u0131c\u0131l\u0131<\/td>\n<td>&#8211;<\/td>\n<td>Rulo ile Sat\u0131\u015f<\/td>\n<td>&gt;50 gr\/m\u00b2<\/td>\n<td><a href=\"https:\/\/acarkereste.com\/iletisim\">Sorunuz<\/a><\/td>\n<td><a class=\"teklifalbtn\" href=\"#popup\" data-toggle=\"modal\"><strong>Fiyat Teklifi Al<\/strong><\/a><\/td>\n<\/tr>\n<tr align=\"center\">\n<td>F &#8211; 3 Cam T\u00fcl\u00fc Ta\u015f\u0131y\u0131c\u0131l\u0131<\/td>\n<td>&#8211;<\/td>\n<td>Rulo ile Sat\u0131\u015f<\/td>\n<td>&gt;50 gr\/m\u00b2<\/td>\n<td><a href=\"https:\/\/acarkereste.com\/iletisim\">Sorunuz<\/a><\/td>\n<td><a class=\"teklifalbtn\" href=\"#popup\" data-toggle=\"modal\"><strong>Fiyat Teklifi Al<\/strong><\/a><\/td>\n<\/tr>\n<tr align=\"center\">\n<td>FAL &#8211; 3 Al\u00fcminyum Folyolu<br \/>\nCam T\u00fcl\u00fc Ta\u015f\u0131y\u0131c\u0131l\u0131<\/td>\n<td>&#8211;<\/td>\n<td>Rulo ile Sat\u0131\u015f<\/td>\n<td>&gt;50 gr\/m\u00b2<\/td>\n<td><a href=\"https:\/\/acarkereste.com\/iletisim\">Sorunuz<\/a><\/td>\n<td><a class=\"teklifalbtn\" href=\"#popup\" data-toggle=\"modal\"><strong>Fiyat Teklifi Al<\/strong><\/a><\/td>\n<\/tr>\n<tr align=\"center\">\n<td>PP &#8211; 3 Polyester Ke\u00e7e Ta\u015f\u0131y\u0131c\u0131l\u0131<\/td>\n<td>&#8211;<\/td>\n<td>Rulo ile Sat\u0131\u015f<\/td>\n<td>&gt;50 gr\/m\u00b2<\/td>\n<td><a href=\"https:\/\/acarkereste.com\/iletisim\">Sorunuz<\/a><\/td>\n<td><a class=\"teklifalbtn\" href=\"#popup\" data-toggle=\"modal\"><strong>Fiyat Teklifi Al<\/strong><\/a><\/td>\n<\/tr>\n<tr align=\"center\">\n<td>PP &#8211; 4 Polyester Ke\u00e7e Ta\u015f\u0131y\u0131c\u0131l\u0131<\/td>\n<td>&#8211;<\/td>\n<td>Rulo ile Sat\u0131\u015f<\/td>\n<td>&gt;50 gr\/m\u00b2<\/td>\n<td><a href=\"https:\/\/acarkereste.com\/iletisim\">Sorunuz<\/a><\/td>\n<td><a class=\"teklifalbtn\" href=\"#popup\" data-toggle=\"modal\"><strong>Fiyat Teklifi Al<\/strong><\/a><\/td>\n<\/tr>\n<tr align=\"center\">\n<td>PAL &#8211; 3 Al\u00fcminyum Folyolu<br \/>\nPolyester Ke\u00e7e Ta\u015f\u0131y\u0131c\u0131l\u0131<\/td>\n<td>&#8211;<\/td>\n<td>Rulo ile Sat\u0131\u015f<\/td>\n<td>&gt;50 gr\/m\u00b2<\/td>\n<td><a href=\"https:\/\/acarkereste.com\/iletisim\">Sorunuz<\/a><\/td>\n<td><a class=\"teklifalbtn\" href=\"#popup\" data-toggle=\"modal\"><strong>Fiyat Teklifi Al<\/strong><\/a><\/td>\n<\/tr>\n<tr align=\"center\">\n<td>PAR &#8211; 40K Polyester Ke\u00e7e Ta\u015f\u0131y\u0131c\u0131l\u0131<br \/>\nArduvaz Ta\u015f\u0131 Kapl\u0131<\/td>\n<td>K\u0131rm\u0131z\u0131<\/td>\n<td>Rulo ile Sat\u0131\u015f<\/td>\n<td>&gt;50 gr\/m\u00b2<\/td>\n<td><a href=\"https:\/\/acarkereste.com\/iletisim\">Sorunuz<\/a><\/td>\n<td><a class=\"teklifalbtn\" href=\"#popup\" data-toggle=\"modal\"><strong>Fiyat Teklifi Al<\/strong><\/a><\/td>\n<\/tr>\n<tr align=\"center\">\n<td>PAR &#8211; 40Y Polyester Ke\u00e7e Ta\u015f\u0131y\u0131c\u0131l\u0131<br \/>\nArduvaz Ta\u015f\u0131 Kapl\u0131<\/td>\n<td>Ye\u015fil<\/td>\n<td>Rulo ile Sat\u0131\u015f<\/td>\n<td>&gt;50 gr\/m\u00b2<\/td>\n<td><a href=\"https:\/\/acarkereste.com\/iletisim\">Sorunuz<\/a><\/td>\n<td><a class=\"teklifalbtn\" href=\"#popup\" data-toggle=\"modal\"><strong>Fiyat Teklifi Al<\/strong><\/a><\/td>\n<\/tr>\n<tr align=\"center\">\n<td>PAR &#8211; 50K Polyester Ke\u00e7e Ta\u015f\u0131y\u0131c\u0131l\u0131<br \/>\nArduvaz Ta\u015f\u0131 Kapl\u0131<\/td>\n<td>K\u0131rm\u0131z\u0131<\/td>\n<td>Rulo ile Sat\u0131\u015f<\/td>\n<td>&gt;50 gr\/m\u00b2<\/td>\n<td><a href=\"https:\/\/acarkereste.com\/iletisim\">Sorunuz<\/a><\/td>\n<td><a class=\"teklifalbtn\" href=\"#popup\" data-toggle=\"modal\"><strong>Fiyat Teklifi Al<\/strong><\/a><\/td>\n<\/tr>\n<tr align=\"center\">\n<td>PAR &#8211; 50Y Polyester Ke\u00e7e Ta\u015f\u0131y\u0131c\u0131l\u0131<br \/>\nArduvaz Ta\u015f\u0131 Kapl\u0131<\/td>\n<td>Ye\u015fil<\/td>\n<td>Rulo ile Sat\u0131\u015f<\/td>\n<td>&gt;50 gr\/m\u00b2<\/td>\n<td><a href=\"https:\/\/acarkereste.com\/iletisim\">Sorunuz<\/a><\/td>\n<td><a class=\"teklifalbtn\" href=\"#popup\" data-toggle=\"modal\"><strong>Fiyat Teklifi Al<\/strong><\/a><\/td>\n<\/tr>\n<\/tbody>\n<\/table>\n<p>* Fiyatlar\u0131m\u0131za KDV dahil de\u011fildir.<br \/>\n* Toptan rulo al\u0131mlar\u0131n\u0131zda iskonto yap\u0131l\u0131r.<\/p>\n<h3>\u00dcr\u00fcn G\u00f6rselleri<\/h3>\n<div class=\"row gallery\"><div class=\"small-photo col-sm-3 col-xs-6\">\n                            <div class=\"photo-wrap\">\n                                <img decoding=\"async\" src=\"https:\/\/acarkereste.com\/wp-content\/uploads\/2020\/09\/membran-izopak-cati-uygulamasi-201x144.jpg\">\n\t\t\t\t\t\t\t\t<div class=\"wrap-gallery\">\n\t\t\t\t\t\t\t\t  <div class=\"gallery-info\">B\u00dcY\u00dcT<span class=\"glyphicon glyphicon-fullscreen\" aria-hidden=\"true\"><\/span><\/div> \n\t\t\t\t\t\t\t\t  <a data-fancybox=\"gallery\" href=\"https:\/\/acarkereste.com\/wp-content\/uploads\/2020\/09\/membran-izopak-cati-uygulamasi.jpg\" class=\"mask\"><\/a>\n\t\t\t\t\t\t\t\t<\/div>\n                            <\/div>  \n                        <\/div><div class=\"small-photo col-sm-3 col-xs-6\">\n                            <div class=\"photo-wrap\">\n                                <img decoding=\"async\" src=\"https:\/\/acarkereste.com\/wp-content\/uploads\/2020\/09\/membran-uygulanmis-cati-gorsel-201x144.jpg\">\n\t\t\t\t\t\t\t\t<div class=\"wrap-gallery\">\n\t\t\t\t\t\t\t\t  <div class=\"gallery-info\">B\u00dcY\u00dcT<span class=\"glyphicon glyphicon-fullscreen\" aria-hidden=\"true\"><\/span><\/div> \n\t\t\t\t\t\t\t\t  <a data-fancybox=\"gallery\" href=\"https:\/\/acarkereste.com\/wp-content\/uploads\/2020\/09\/membran-uygulanmis-cati-gorsel.jpg\" class=\"mask\"><\/a>\n\t\t\t\t\t\t\t\t<\/div>\n                            <\/div>  \n                        <\/div><div class=\"small-photo col-sm-3 col-xs-6\">\n                            <div class=\"photo-wrap\">\n                                <img decoding=\"async\" src=\"https:\/\/acarkereste.com\/wp-content\/uploads\/2020\/09\/membran-yatay-cati-uygulamasi-201x144.jpg\">\n\t\t\t\t\t\t\t\t<div class=\"wrap-gallery\">\n\t\t\t\t\t\t\t\t  <div class=\"gallery-info\">B\u00dcY\u00dcT<span class=\"glyphicon glyphicon-fullscreen\" aria-hidden=\"true\"><\/span><\/div> \n\t\t\t\t\t\t\t\t  <a data-fancybox=\"gallery\" href=\"https:\/\/acarkereste.com\/wp-content\/uploads\/2020\/09\/membran-yatay-cati-uygulamasi.jpg\" class=\"mask\"><\/a>\n\t\t\t\t\t\t\t\t<\/div>\n                            <\/div>  \n                        <\/div><div class=\"small-photo col-sm-3 col-xs-6\">\n                            <div class=\"photo-wrap\">\n                                <img decoding=\"async\" src=\"https:\/\/acarkereste.com\/wp-content\/uploads\/2020\/09\/membran-izopak-uygulama-201x144.jpg\">\n\t\t\t\t\t\t\t\t<div class=\"wrap-gallery\">\n\t\t\t\t\t\t\t\t  <div class=\"gallery-info\">B\u00dcY\u00dcT<span class=\"glyphicon glyphicon-fullscreen\" aria-hidden=\"true\"><\/span><\/div> \n\t\t\t\t\t\t\t\t  <a data-fancybox=\"gallery\" href=\"https:\/\/acarkereste.com\/wp-content\/uploads\/2020\/09\/membran-izopak-uygulama.jpg\" class=\"mask\"><\/a>\n\t\t\t\t\t\t\t\t<\/div>\n                            <\/div>  \n                        <\/div><\/div>\n<h2>Membran S\u0131k\u00e7a Sorulan Sorular<\/h2>\n<div class=\"panel-group\" id=\"accordion\" aria-multiselectable=\"true\"><div class=\"panel\">\n                <div class=\"panel-heading\" id=\"heading0\">\n                    <h4 class=\"panel-title\">\n                        <a data-toggle=\"collapse\" data-parent=\"#accordion\" href=\"#collapse0\" class=\"collapsed\"><div class=\"soru\">Kullan\u0131lan malzemeler nedir?<\/div><div class=\"arti\"><span class=\"duz\"><\/span><span class=\"dik\"><\/span><\/div><\/a>\n                    <\/h4>\n                <\/div>\n                <div id=\"collapse0\" class=\"panel-collapse collapse in\">\n                    <div class=\"panel-body\">\n                        <p>Kulland\u0131\u011f\u0131m\u0131z t\u00fcm malzemeler 1. s\u0131n\u0131f polyester ke\u00e7e, \u00f6zel i\u00e7erikli asfalt ve polietilen film malzemeleridir.<\/p>\n\n                    <\/div>\n                <\/div>\n            <\/div><div class=\"panel\">\n                <div class=\"panel-heading\" id=\"heading1\">\n                    <h4 class=\"panel-title\">\n                        <a data-toggle=\"collapse\" data-parent=\"#accordion\" href=\"#collapse1\" class=\"collapsed\"><div class=\"soru\">Yurtd\u0131\u015f\u0131na \u00fcretim, teslimat sa\u011fl\u0131yor musunuz?<\/div><div class=\"arti\"><span class=\"duz\"><\/span><span class=\"dik\"><\/span><\/div><\/a>\n                    <\/h4>\n                <\/div>\n                <div id=\"collapse1\" class=\"panel-collapse collapse \">\n                    <div class=\"panel-body\">\n                        <p>Al\u0131nan sipari\u015f modeline g\u00f6re \u00fcretim yap\u0131lmakta ve g\u00f6nderim sa\u011flanmaktad\u0131r.<\/p>\n\n                    <\/div>\n                <\/div>\n            <\/div><div class=\"panel\">\n                <div class=\"panel-heading\" id=\"heading2\">\n                    <h4 class=\"panel-title\">\n                        <a data-toggle=\"collapse\" data-parent=\"#accordion\" href=\"#collapse2\" class=\"collapsed\"><div class=\"soru\">Kalite dereceniz nedir?<\/div><div class=\"arti\"><span class=\"duz\"><\/span><span class=\"dik\"><\/span><\/div><\/a>\n                    <\/h4>\n                <\/div>\n                <div id=\"collapse2\" class=\"panel-collapse collapse \">\n                    <div class=\"panel-body\">\n                        <p>M\u00fc\u015fterilerimizin iste\u011fine g\u00f6re istenilen kalitede \u00fcr\u00fcn hem \u00fcretilmektedir hem de stoklar\u0131m\u0131zda bulunuyorsa direk teslimi sa\u011flanmaktad\u0131r.<\/p>\n\n                    <\/div>\n                <\/div>\n            <\/div><div class=\"panel\">\n                <div class=\"panel-heading\" id=\"heading3\">\n                    <h4 class=\"panel-title\">\n                        <a data-toggle=\"collapse\" data-parent=\"#accordion\" href=\"#collapse3\" class=\"collapsed\"><div class=\"soru\">Ne kadar s\u00fcrede \u00fcr\u00fcnler teslim edilir?<\/div><div class=\"arti\"><span class=\"duz\"><\/span><span class=\"dik\"><\/span><\/div><\/a>\n                    <\/h4>\n                <\/div>\n                <div id=\"collapse3\" class=\"panel-collapse collapse \">\n                    <div class=\"panel-body\">\n                        <p>\u0130n\u015faat ve kereste \u00fczerine olan \u00fcr\u00fcnlerimiz g\u00fcn i\u00e7erisinde, \u00f6zel \u00fcretim \u00fcr\u00fcnler ise 1 - 3 i\u015f g\u00fcn\u00fc i\u00e7erisinde teslimi ger\u00e7ekle\u015ftirilir.<\/p>\n\n                    <\/div>\n                <\/div>\n            <\/div><div class=\"panel\">\n                <div class=\"panel-heading\" id=\"heading4\">\n                    <h4 class=\"panel-title\">\n                        <a data-toggle=\"collapse\" data-parent=\"#accordion\" href=\"#collapse4\" class=\"collapsed\"><div class=\"soru\">\u00dcr\u00fcnden memnun kal\u0131nmad\u0131\u011f\u0131 ya da sorun olu\u015ftu\u011fu takdirde ne yapmal\u0131y\u0131m?<\/div><div class=\"arti\"><span class=\"duz\"><\/span><span class=\"dik\"><\/span><\/div><\/a>\n                    <\/h4>\n                <\/div>\n                <div id=\"collapse4\" class=\"panel-collapse collapse \">\n                    <div class=\"panel-body\">\n                        <p>M\u00fc\u015fterimizin memnun kalaca\u011f\u0131 \u015fekilde daima hatam\u0131z\u0131 telafi etmek isteriz.<\/p>\n\n                    <\/div>\n                <\/div>\n            <\/div><\/div>\n","protected":false},"excerpt":{"rendered":"<p>Membran toptan ve perakende sat\u0131\u015f\u0131 yapan firmam\u0131z\u0131n sitesinde; membran modelleri ve teknik \u00f6zellikleri bulunmaktad\u0131r. Fiyat al\u0131n.<\/p>\n","protected":false},"author":14,"featured_media":3952,"parent":32,"menu_order":16,"comment_status":"closed","ping_status":"closed","template":"page-service.php","meta":{"_joinchat":[],"footnotes":""},"class_list":["post-3904","page","type-page","status-publish","has-post-thumbnail","hentry"],"acf":[],"yoast_head":"<!-- This site is optimized with the Yoast SEO plugin v23.0 - https:\/\/yoast.com\/wordpress\/plugins\/seo\/ -->\n<title>Membran Su Yal\u0131t\u0131m Malzemesi - Acar Orman \u00dcr\u00fcnleri<\/title>\n<meta name=\"description\" content=\"Membran toptan ve perakende sat\u0131\u015f\u0131 yapan firmam\u0131z\u0131n sitesinde; membran modelleri ve teknik \u00f6zellikleri bulunmaktad\u0131r. Fiyat teklifi al.\" \/>\n<meta name=\"robots\" content=\"index, follow, max-snippet:-1, max-image-preview:large, max-video-preview:-1\" \/>\n<link rel=\"canonical\" href=\"https:\/\/acarkereste.com\/?page_id=3904\" \/>\n<meta property=\"og:locale\" content=\"tr_TR\" \/>\n<meta property=\"og:type\" content=\"article\" \/>\n<meta property=\"og:title\" content=\"Membran Su Yal\u0131t\u0131m Malzemesi - Acar Orman \u00dcr\u00fcnleri\" \/>\n<meta property=\"og:description\" content=\"Membran toptan ve perakende sat\u0131\u015f\u0131 yapan firmam\u0131z\u0131n sitesinde; membran modelleri ve teknik \u00f6zellikleri bulunmaktad\u0131r. Fiyat teklifi al.\" \/>\n<meta property=\"og:url\" content=\"https:\/\/acarkereste.com\/?page_id=3904\" \/>\n<meta property=\"og:site_name\" content=\"Acar Orman\" \/>\n<meta property=\"article:modified_time\" content=\"2021-11-23T14:15:31+00:00\" \/>\n<meta property=\"og:image\" content=\"https:\/\/acarkereste.com\/wp-content\/uploads\/2020\/09\/membran-izopak-kategori-gorseli.jpg\" \/>\n\t<meta property=\"og:image:width\" content=\"276\" \/>\n\t<meta property=\"og:image:height\" content=\"470\" \/>\n\t<meta property=\"og:image:type\" content=\"image\/jpeg\" \/>\n<meta name=\"twitter:label1\" content=\"Tahmini okuma s\u00fcresi\" \/>\n\t<meta name=\"twitter:data1\" content=\"3 dakika\" \/>\n<script type=\"application\/ld+json\" class=\"yoast-schema-graph\">{\"@context\":\"https:\/\/schema.org\",\"@graph\":[{\"@type\":\"WebPage\",\"@id\":\"https:\/\/acarkereste.com\/?page_id=3904\",\"url\":\"https:\/\/acarkereste.com\/?page_id=3904\",\"name\":\"Membran Su Yal\u0131t\u0131m Malzemesi - Acar Orman \u00dcr\u00fcnleri\",\"isPartOf\":{\"@id\":\"https:\/\/acarkereste.com\/#website\"},\"primaryImageOfPage\":{\"@id\":\"https:\/\/acarkereste.com\/?page_id=3904#primaryimage\"},\"image\":{\"@id\":\"https:\/\/acarkereste.com\/?page_id=3904#primaryimage\"},\"thumbnailUrl\":\"https:\/\/acarkereste.com\/wp-content\/uploads\/2020\/09\/membran-izopak-kategori-gorseli.jpg\",\"datePublished\":\"2020-09-02T16:02:32+00:00\",\"dateModified\":\"2021-11-23T14:15:31+00:00\",\"description\":\"Membran toptan ve perakende sat\u0131\u015f\u0131 yapan firmam\u0131z\u0131n sitesinde; membran modelleri ve teknik \u00f6zellikleri bulunmaktad\u0131r. Fiyat teklifi al.\",\"breadcrumb\":{\"@id\":\"https:\/\/acarkereste.com\/?page_id=3904#breadcrumb\"},\"inLanguage\":\"tr\",\"potentialAction\":[{\"@type\":\"ReadAction\",\"target\":[\"https:\/\/acarkereste.com\/?page_id=3904\"]}]},{\"@type\":\"ImageObject\",\"inLanguage\":\"tr\",\"@id\":\"https:\/\/acarkereste.com\/?page_id=3904#primaryimage\",\"url\":\"https:\/\/acarkereste.com\/wp-content\/uploads\/2020\/09\/membran-izopak-kategori-gorseli.jpg\",\"contentUrl\":\"https:\/\/acarkereste.com\/wp-content\/uploads\/2020\/09\/membran-izopak-kategori-gorseli.jpg\",\"width\":276,\"height\":470,\"caption\":\"Membran Kategori G\u00f6rseli\"},{\"@type\":\"BreadcrumbList\",\"@id\":\"https:\/\/acarkereste.com\/?page_id=3904#breadcrumb\",\"itemListElement\":[{\"@type\":\"ListItem\",\"position\":1,\"name\":\"Ana Sayfa\",\"item\":\"https:\/\/acarkereste.com\/\"},{\"@type\":\"ListItem\",\"position\":2,\"name\":\"\u00dcr\u00fcnler\",\"item\":\"https:\/\/acarkereste.com\/?page_id=32\"},{\"@type\":\"ListItem\",\"position\":3,\"name\":\"Membran\"}]},{\"@type\":\"WebSite\",\"@id\":\"https:\/\/acarkereste.com\/#website\",\"url\":\"https:\/\/acarkereste.com\/\",\"name\":\"Acar Orman\",\"description\":\"Lambri &amp; Kereste \u00dcr\u00fcnleri\",\"publisher\":{\"@id\":\"https:\/\/acarkereste.com\/#organization\"},\"potentialAction\":[{\"@type\":\"SearchAction\",\"target\":{\"@type\":\"EntryPoint\",\"urlTemplate\":\"https:\/\/acarkereste.com\/?s={search_term_string}\"},\"query-input\":\"required name=search_term_string\"}],\"inLanguage\":\"tr\"},{\"@type\":\"Organization\",\"@id\":\"https:\/\/acarkereste.com\/#organization\",\"name\":\"G\u00fcner Oto\",\"url\":\"https:\/\/acarkereste.com\/\",\"logo\":{\"@type\":\"ImageObject\",\"inLanguage\":\"tr\",\"@id\":\"https:\/\/acarkereste.com\/#\/schema\/logo\/image\/\",\"url\":\"\",\"contentUrl\":\"\",\"caption\":\"G\u00fcner Oto\"},\"image\":{\"@id\":\"https:\/\/acarkereste.com\/#\/schema\/logo\/image\/\"}}]}<\/script>\n<!-- \/ Yoast SEO plugin. -->","yoast_head_json":{"title":"Membran Su Yal\u0131t\u0131m Malzemesi - Acar Orman \u00dcr\u00fcnleri","description":"Membran toptan ve perakende sat\u0131\u015f\u0131 yapan firmam\u0131z\u0131n sitesinde; membran modelleri ve teknik \u00f6zellikleri bulunmaktad\u0131r. Fiyat teklifi al.","robots":{"index":"index","follow":"follow","max-snippet":"max-snippet:-1","max-image-preview":"max-image-preview:large","max-video-preview":"max-video-preview:-1"},"canonical":"https:\/\/acarkereste.com\/?page_id=3904","og_locale":"tr_TR","og_type":"article","og_title":"Membran Su Yal\u0131t\u0131m Malzemesi - Acar Orman \u00dcr\u00fcnleri","og_description":"Membran toptan ve perakende sat\u0131\u015f\u0131 yapan firmam\u0131z\u0131n sitesinde; membran modelleri ve teknik \u00f6zellikleri bulunmaktad\u0131r. Fiyat teklifi al.","og_url":"https:\/\/acarkereste.com\/?page_id=3904","og_site_name":"Acar Orman","article_modified_time":"2021-11-23T14:15:31+00:00","og_image":[{"width":276,"height":470,"url":"https:\/\/acarkereste.com\/wp-content\/uploads\/2020\/09\/membran-izopak-kategori-gorseli.jpg","type":"image\/jpeg"}],"twitter_misc":{"Tahmini okuma s\u00fcresi":"3 dakika"},"schema":{"@context":"https:\/\/schema.org","@graph":[{"@type":"WebPage","@id":"https:\/\/acarkereste.com\/?page_id=3904","url":"https:\/\/acarkereste.com\/?page_id=3904","name":"Membran Su Yal\u0131t\u0131m Malzemesi - Acar Orman \u00dcr\u00fcnleri","isPartOf":{"@id":"https:\/\/acarkereste.com\/#website"},"primaryImageOfPage":{"@id":"https:\/\/acarkereste.com\/?page_id=3904#primaryimage"},"image":{"@id":"https:\/\/acarkereste.com\/?page_id=3904#primaryimage"},"thumbnailUrl":"https:\/\/acarkereste.com\/wp-content\/uploads\/2020\/09\/membran-izopak-kategori-gorseli.jpg","datePublished":"2020-09-02T16:02:32+00:00","dateModified":"2021-11-23T14:15:31+00:00","description":"Membran toptan ve perakende sat\u0131\u015f\u0131 yapan firmam\u0131z\u0131n sitesinde; membran modelleri ve teknik \u00f6zellikleri bulunmaktad\u0131r. Fiyat teklifi al.","breadcrumb":{"@id":"https:\/\/acarkereste.com\/?page_id=3904#breadcrumb"},"inLanguage":"tr","potentialAction":[{"@type":"ReadAction","target":["https:\/\/acarkereste.com\/?page_id=3904"]}]},{"@type":"ImageObject","inLanguage":"tr","@id":"https:\/\/acarkereste.com\/?page_id=3904#primaryimage","url":"https:\/\/acarkereste.com\/wp-content\/uploads\/2020\/09\/membran-izopak-kategori-gorseli.jpg","contentUrl":"https:\/\/acarkereste.com\/wp-content\/uploads\/2020\/09\/membran-izopak-kategori-gorseli.jpg","width":276,"height":470,"caption":"Membran Kategori G\u00f6rseli"},{"@type":"BreadcrumbList","@id":"https:\/\/acarkereste.com\/?page_id=3904#breadcrumb","itemListElement":[{"@type":"ListItem","position":1,"name":"Ana Sayfa","item":"https:\/\/acarkereste.com\/"},{"@type":"ListItem","position":2,"name":"\u00dcr\u00fcnler","item":"https:\/\/acarkereste.com\/?page_id=32"},{"@type":"ListItem","position":3,"name":"Membran"}]},{"@type":"WebSite","@id":"https:\/\/acarkereste.com\/#website","url":"https:\/\/acarkereste.com\/","name":"Acar Orman","description":"Lambri &amp; Kereste \u00dcr\u00fcnleri","publisher":{"@id":"https:\/\/acarkereste.com\/#organization"},"potentialAction":[{"@type":"SearchAction","target":{"@type":"EntryPoint","urlTemplate":"https:\/\/acarkereste.com\/?s={search_term_string}"},"query-input":"required name=search_term_string"}],"inLanguage":"tr"},{"@type":"Organization","@id":"https:\/\/acarkereste.com\/#organization","name":"G\u00fcner Oto","url":"https:\/\/acarkereste.com\/","logo":{"@type":"ImageObject","inLanguage":"tr","@id":"https:\/\/acarkereste.com\/#\/schema\/logo\/image\/","url":"","contentUrl":"","caption":"G\u00fcner Oto"},"image":{"@id":"https:\/\/acarkereste.com\/#\/schema\/logo\/image\/"}}]}},"_links":{"self":[{"href":"https:\/\/acarkereste.com\/index.php?rest_route=\/wp\/v2\/pages\/3904","targetHints":{"allow":["GET"]}}],"collection":[{"href":"https:\/\/acarkereste.com\/index.php?rest_route=\/wp\/v2\/pages"}],"about":[{"href":"https:\/\/acarkereste.com\/index.php?rest_route=\/wp\/v2\/types\/page"}],"author":[{"embeddable":true,"href":"https:\/\/acarkereste.com\/index.php?rest_route=\/wp\/v2\/users\/14"}],"replies":[{"embeddable":true,"href":"https:\/\/acarkereste.com\/index.php?rest_route=%2Fwp%2Fv2%2Fcomments&post=3904"}],"version-history":[{"count":0,"href":"https:\/\/acarkereste.com\/index.php?rest_route=\/wp\/v2\/pages\/3904\/revisions"}],"up":[{"embeddable":true,"href":"https:\/\/acarkereste.com\/index.php?rest_route=\/wp\/v2\/pages\/32"}],"wp:featuredmedia":[{"embeddable":true,"href":"https:\/\/acarkereste.com\/index.php?rest_route=\/wp\/v2\/media\/3952"}],"wp:attachment":[{"href":"https:\/\/acarkereste.com\/index.php?rest_route=%2Fwp%2Fv2%2Fmedia&parent=3904"}],"curies":[{"name":"wp","href":"https:\/\/api.w.org\/{rel}","templated":true}]}}