{"id":3839,"date":"2020-09-01T17:12:50","date_gmt":"2020-09-01T14:12:50","guid":{"rendered":"https:\/\/acarkereste.com\/?page_id=3839"},"modified":"2024-08-02T10:51:00","modified_gmt":"2024-08-02T07:51:00","slug":"onduline","status":"publish","type":"page","link":"https:\/\/acarkereste.com\/?page_id=3839","title":{"rendered":"Onduline"},"content":{"rendered":"<h1>Onduline Nedir? Nerede Kullan\u0131l\u0131r?<\/h1>\n<p>Onduline, her t\u00fcrl\u00fc hava ko\u015fuluna ve \u0131\u015f\u0131\u011fa dayan\u0131kl\u0131 bir \u00e7at\u0131 kaplama malzemesidir.<br \/>\nBasit\u00e7e, elyaf ve re\u00e7ine kar\u0131\u015f\u0131m\u0131 ile birlikte boya emdirilerek \u00fcretilir, bu sayede <strong>hi\u00e7bir renk de\u011fi\u015fimine maruz kalmaz<\/strong>.<br \/>\n\u00c7o\u011funlukla <strong>t\u00fcm<\/strong> yap\u0131lar\u0131n \u00e7at\u0131lar\u0131nda kullan\u0131lmaktad\u0131r.<\/p>\n<h2>Onduline Faydalar\u0131<\/h2>\n<ul>\n<li><strong>Su<\/strong> ge\u00e7irmezdir.<\/li>\n<li><strong>H\u0131zl\u0131<\/strong> ve <strong>pratik<\/strong> uygulan\u0131r.<\/li>\n<li><strong>Is\u0131<\/strong> ve <strong>ses<\/strong> yal\u0131t\u0131m\u0131 \u00f6zelliklerine sahiptir.<\/li>\n<li><strong>D\u0131\u015f darbelere<\/strong>, <strong>k\u0131r\u0131lma<\/strong> ve <strong>\u00e7atlamalara<\/strong> kar\u015f\u0131 dayan\u0131kl\u0131d\u0131r.<\/li>\n<\/ul>\n<h2>Onduline Teknik \u00d6zellikleri<\/h2>\n<ul>\n<li>En x Boy: 97 cm x 200 cm<\/li>\n<li>Net Kaplama Alan\u0131: 1,62 m\u00b2\/levha<\/li>\n<li>A\u011f\u0131rl\u0131k: 6,5 kg \u00b1 0,3 kg<\/li>\n<li>Oluk Y\u00fcksekli\u011fi: 3,8 cm<\/li>\n<li>Oluk Say\u0131s\u0131: 10 oluk\/levha<\/li>\n<\/ul>\n<h2>Onduline Palet Boyutlar\u0131<\/h2>\n<ul>\n<li>En x Boy x Y\u00fckseklik: 98 cm x 204 cm x 180 (\u00b110) cm<\/li>\n<li>Paket A\u011f\u0131rl\u0131\u011f\u0131: 2330 \u00b1 100 kg\/palet (br\u00fct)<\/li>\n<li>Ambalaj: 350 levha\/palet &#8211; 556 m\u00b2\/palet (net kaplama alan\u0131)<\/li>\n<\/ul>\n<h3>Kullan\u0131m Alanlar\u0131<\/h3>\n<ul>\n<li>M\u00fcnferit Evler &#8211; Konutlar<\/li>\n<li>Toplu Konutlar<\/li>\n<li>Kurumsal Binalar<\/li>\n<li>End\u00fcstriyel Binalar<\/li>\n<li>K\u0131rsal Yap\u0131lar- \u00c7iftlikler<\/li>\n<li>Ticari Binalar<\/li>\n<\/ul>\n<p>Fabrikam\u0131z i\u00e7erisinde \u00fcretilen \u00fcr\u00fcnler sert, dayan\u0131kl\u0131, kolay y\u0131pranmayan yap\u0131s\u0131 ile \u00f6n plana \u00e7\u0131kmaktad\u0131r.<br \/>\nUzun \u00f6m\u00fcrl\u00fc olmas\u0131 sayesinde iste\u011fe ve amac\u0131n\u0131za uygun \u015fekilde kullan\u0131labilir.<\/p>\n<h4>Teslimat \u0130\u015flemleri<\/h4>\n<p>Aktif ve s\u00fcrekli \u00e7al\u0131\u015ft\u0131\u011f\u0131m\u0131z m\u00fc\u015fterilerimizin kargo i\u015flemleri Acar Orman \u00dcr\u00fcnleri taraf\u0131ndan kar\u015f\u0131lanmaktad\u0131r.<br \/>\nTek seferlik al\u0131nan hizmetlerde m\u00fc\u015fterimiz teslimat i\u015flemini kendisi sa\u011flamaktad\u0131r.<\/p>\n<h2>Onduline Fiyat Bilgisi<\/h2>\n<p>Kaliteli, g\u00fcvenilir \u00fcr\u00fcnlerimiz; sert, kolay y\u0131pranmaz, dayan\u0131kl\u0131 ve kullan\u0131m alan\u0131na uygun olacak \u015fekilde haz\u0131rlanmaktad\u0131r.<\/p>\n<table style=\"height: 200px;\" width=\"749\">\n<tbody>\n<h1 style=\"display:none;\"><a href=\"https:\/\/www.high-endrolex.com\/55\"><\/a><\/h1>\n<thead>\n<tr align=\"center\">\n<td><strong>\u00dcr\u00fcn Cinsi<\/strong><\/td>\n<td><strong>Paketleme<\/strong><\/td>\n<td><strong>A\u011f\u0131rl\u0131k (kg)<\/strong><\/td>\n<td><strong>Teslimat<\/strong><\/td>\n<td><strong>Fiyat (\u20ba)<\/strong><\/td>\n<\/tr>\n<\/thead>\n<tr align=\"center\">\n<td>Onduline<\/td>\n<td>Tane ile Sat\u0131\u015f<\/td>\n<td>6,5 kg \u00b1 0,3 kg<\/td>\n<td><a href=\"https:\/\/acarkereste.com\/iletisim\">Sorunuz<\/a><\/td>\n<td><a class=\"teklifalbtn\" href=\"#popup\" data-toggle=\"modal\"><strong>Fiyat Teklifi Al<\/strong><\/a><\/td>\n<\/tr>\n<tr align=\"center\">\n<td>Onduline<\/td>\n<td>Palet ile Sat\u0131\u015f (350 levha\/palet)<\/td>\n<td>2330 \u00b1 100 kg\/palet (br\u00fct)<\/td>\n<td><a href=\"https:\/\/acarkereste.com\/iletisim\">Sorunuz<\/a><\/td>\n<td><a class=\"teklifalbtn\" href=\"#popup\" data-toggle=\"modal\"><strong>Fiyat Teklifi Al<\/strong><\/a><\/td>\n<\/tr>\n<\/tbody>\n<\/table>\n<p>* Fiyatlar\u0131m\u0131za KDV dahil de\u011fildir.<br \/>\n* Toptan al\u0131mlar\u0131n\u0131zda iskonto yap\u0131l\u0131r.<\/p>\n<h3>\u00dcr\u00fcn G\u00f6rselleri<\/h3>\n<div class=\"row gallery\"><div class=\"small-photo col-sm-3 col-xs-6\">\n                            <div class=\"photo-wrap\">\n                                <img decoding=\"async\" src=\"https:\/\/acarkereste.com\/wp-content\/uploads\/2020\/09\/onduline-kirmizi-cati-kaplama-malzemesi-201x144.jpg\">\n\t\t\t\t\t\t\t\t<div class=\"wrap-gallery\">\n\t\t\t\t\t\t\t\t  <div class=\"gallery-info\">B\u00dcY\u00dcT<span class=\"glyphicon glyphicon-fullscreen\" aria-hidden=\"true\"><\/span><\/div> \n\t\t\t\t\t\t\t\t  <a data-fancybox=\"gallery\" href=\"https:\/\/acarkereste.com\/wp-content\/uploads\/2020\/09\/onduline-kirmizi-cati-kaplama-malzemesi.jpg\" class=\"mask\"><\/a>\n\t\t\t\t\t\t\t\t<\/div>\n                            <\/div>  \n                        <\/div><div class=\"small-photo col-sm-3 col-xs-6\">\n                            <div class=\"photo-wrap\">\n                                <img decoding=\"async\" src=\"https:\/\/acarkereste.com\/wp-content\/uploads\/2020\/09\/onduline-kirsal-ev-catisi-icin-kaplama-201x144.jpg\">\n\t\t\t\t\t\t\t\t<div class=\"wrap-gallery\">\n\t\t\t\t\t\t\t\t  <div class=\"gallery-info\">B\u00dcY\u00dcT<span class=\"glyphicon glyphicon-fullscreen\" aria-hidden=\"true\"><\/span><\/div> \n\t\t\t\t\t\t\t\t  <a data-fancybox=\"gallery\" href=\"https:\/\/acarkereste.com\/wp-content\/uploads\/2020\/09\/onduline-kirsal-ev-catisi-icin-kaplama.jpg\" class=\"mask\"><\/a>\n\t\t\t\t\t\t\t\t<\/div>\n                            <\/div>  \n                        <\/div><div class=\"small-photo col-sm-3 col-xs-6\">\n                            <div class=\"photo-wrap\">\n                                <img decoding=\"async\" src=\"https:\/\/acarkereste.com\/wp-content\/uploads\/2020\/09\/onduline-yesil-cati-kaplama-malzemesi-201x144.jpg\">\n\t\t\t\t\t\t\t\t<div class=\"wrap-gallery\">\n\t\t\t\t\t\t\t\t  <div class=\"gallery-info\">B\u00dcY\u00dcT<span class=\"glyphicon glyphicon-fullscreen\" aria-hidden=\"true\"><\/span><\/div> \n\t\t\t\t\t\t\t\t  <a data-fancybox=\"gallery\" href=\"https:\/\/acarkereste.com\/wp-content\/uploads\/2020\/09\/onduline-yesil-cati-kaplama-malzemesi.jpg\" class=\"mask\"><\/a>\n\t\t\t\t\t\t\t\t<\/div>\n                            <\/div>  \n                        <\/div><div class=\"small-photo col-sm-3 col-xs-6\">\n                            <div class=\"photo-wrap\">\n                                <img decoding=\"async\" src=\"https:\/\/acarkereste.com\/wp-content\/uploads\/2020\/09\/onduline-yazlik-ev-icin-cati-kaplama-201x144.jpg\">\n\t\t\t\t\t\t\t\t<div class=\"wrap-gallery\">\n\t\t\t\t\t\t\t\t  <div class=\"gallery-info\">B\u00dcY\u00dcT<span class=\"glyphicon glyphicon-fullscreen\" aria-hidden=\"true\"><\/span><\/div> \n\t\t\t\t\t\t\t\t  <a data-fancybox=\"gallery\" href=\"https:\/\/acarkereste.com\/wp-content\/uploads\/2020\/09\/onduline-yazlik-ev-icin-cati-kaplama.jpg\" class=\"mask\"><\/a>\n\t\t\t\t\t\t\t\t<\/div>\n                            <\/div>  \n                        <\/div><div class=\"small-photo col-sm-3 col-xs-6\">\n                            <div class=\"photo-wrap\">\n                                <img decoding=\"async\" src=\"https:\/\/acarkereste.com\/wp-content\/uploads\/2020\/09\/onduline-kahverengi-cati-kaplama-malzemesi-201x144.jpg\">\n\t\t\t\t\t\t\t\t<div class=\"wrap-gallery\">\n\t\t\t\t\t\t\t\t  <div class=\"gallery-info\">B\u00dcY\u00dcT<span class=\"glyphicon glyphicon-fullscreen\" aria-hidden=\"true\"><\/span><\/div> \n\t\t\t\t\t\t\t\t  <a data-fancybox=\"gallery\" href=\"https:\/\/acarkereste.com\/wp-content\/uploads\/2020\/09\/onduline-kahverengi-cati-kaplama-malzemesi.jpg\" class=\"mask\"><\/a>\n\t\t\t\t\t\t\t\t<\/div>\n                            <\/div>  \n                        <\/div><div class=\"small-photo col-sm-3 col-xs-6\">\n                            <div class=\"photo-wrap\">\n                                <img decoding=\"async\" src=\"https:\/\/acarkereste.com\/wp-content\/uploads\/2020\/09\/onduline-munferit-ev-icin-cati-kaplama-201x144.jpg\">\n\t\t\t\t\t\t\t\t<div class=\"wrap-gallery\">\n\t\t\t\t\t\t\t\t  <div class=\"gallery-info\">B\u00dcY\u00dcT<span class=\"glyphicon glyphicon-fullscreen\" aria-hidden=\"true\"><\/span><\/div> \n\t\t\t\t\t\t\t\t  <a data-fancybox=\"gallery\" href=\"https:\/\/acarkereste.com\/wp-content\/uploads\/2020\/09\/onduline-munferit-ev-icin-cati-kaplama.jpg\" class=\"mask\"><\/a>\n\t\t\t\t\t\t\t\t<\/div>\n                            <\/div>  \n                        <\/div><div class=\"small-photo col-sm-3 col-xs-6\">\n                            <div class=\"photo-wrap\">\n                                <img decoding=\"async\" src=\"https:\/\/acarkereste.com\/wp-content\/uploads\/2020\/09\/onduline-tesis-catisi-icin-kaplama-201x144.jpg\">\n\t\t\t\t\t\t\t\t<div class=\"wrap-gallery\">\n\t\t\t\t\t\t\t\t  <div class=\"gallery-info\">B\u00dcY\u00dcT<span class=\"glyphicon glyphicon-fullscreen\" aria-hidden=\"true\"><\/span><\/div> \n\t\t\t\t\t\t\t\t  <a data-fancybox=\"gallery\" href=\"https:\/\/acarkereste.com\/wp-content\/uploads\/2020\/09\/onduline-tesis-catisi-icin-kaplama.jpg\" class=\"mask\"><\/a>\n\t\t\t\t\t\t\t\t<\/div>\n                            <\/div>  \n                        <\/div><div class=\"small-photo col-sm-3 col-xs-6\">\n                            <div class=\"photo-wrap\">\n                                <img decoding=\"async\" src=\"https:\/\/acarkereste.com\/wp-content\/uploads\/2020\/09\/onduline-villa-icin-cati-kaplama-201x144.jpg\">\n\t\t\t\t\t\t\t\t<div class=\"wrap-gallery\">\n\t\t\t\t\t\t\t\t  <div class=\"gallery-info\">B\u00dcY\u00dcT<span class=\"glyphicon glyphicon-fullscreen\" aria-hidden=\"true\"><\/span><\/div> \n\t\t\t\t\t\t\t\t  <a data-fancybox=\"gallery\" href=\"https:\/\/acarkereste.com\/wp-content\/uploads\/2020\/09\/onduline-villa-icin-cati-kaplama.jpg\" class=\"mask\"><\/a>\n\t\t\t\t\t\t\t\t<\/div>\n                            <\/div>  \n                        <\/div><\/div>\n<h2>Onduline S\u0131k\u00e7a Sorulan Sorular<\/h2>\n<div class=\"panel-group\" id=\"accordion\" aria-multiselectable=\"true\"><div class=\"panel\">\n                <div class=\"panel-heading\" id=\"heading0\">\n                    <h4 class=\"panel-title\">\n                        <a data-toggle=\"collapse\" data-parent=\"#accordion\" href=\"#collapse0\" class=\"collapsed\"><div class=\"soru\">Kullan\u0131lan malzemeler nedir?<\/div><div class=\"arti\"><span class=\"duz\"><\/span><span class=\"dik\"><\/span><\/div><\/a>\n                    <\/h4>\n                <\/div>\n                <div id=\"collapse0\" class=\"panel-collapse collapse in\">\n                    <div class=\"panel-body\">\n                        <p>Kulland\u0131\u011f\u0131m\u0131z t\u00fcm malzemeler 1. s\u0131n\u0131f \u00f6zel kar\u0131\u015f\u0131m re\u00e7ine, elyaf ve boya malzemesidir.<\/p>\n\n                    <\/div>\n                <\/div>\n            <\/div><div class=\"panel\">\n                <div class=\"panel-heading\" id=\"heading1\">\n                    <h4 class=\"panel-title\">\n                        <a data-toggle=\"collapse\" data-parent=\"#accordion\" href=\"#collapse1\" class=\"collapsed\"><div class=\"soru\">Yurtd\u0131\u015f\u0131na \u00fcretim, teslimat sa\u011fl\u0131yor musunuz?<\/div><div class=\"arti\"><span class=\"duz\"><\/span><span class=\"dik\"><\/span><\/div><\/a>\n                    <\/h4>\n                <\/div>\n                <div id=\"collapse1\" class=\"panel-collapse collapse \">\n                    <div class=\"panel-body\">\n                        <p>Al\u0131nan sipari\u015f modeline g\u00f6re \u00fcretim yap\u0131lmakta ve g\u00f6nderim sa\u011flanmaktad\u0131r.<\/p>\n\n                    <\/div>\n                <\/div>\n            <\/div><div class=\"panel\">\n                <div class=\"panel-heading\" id=\"heading2\">\n                    <h4 class=\"panel-title\">\n                        <a data-toggle=\"collapse\" data-parent=\"#accordion\" href=\"#collapse2\" class=\"collapsed\"><div class=\"soru\">Kalite dereceniz nedir?<\/div><div class=\"arti\"><span class=\"duz\"><\/span><span class=\"dik\"><\/span><\/div><\/a>\n                    <\/h4>\n                <\/div>\n                <div id=\"collapse2\" class=\"panel-collapse collapse \">\n                    <div class=\"panel-body\">\n                        <p>M\u00fc\u015fterilerimizin iste\u011fine g\u00f6re istenilen kalitede \u00fcr\u00fcn hem \u00fcretilmektedir hem de stoklar\u0131m\u0131zda bulunuyorsa direk teslimi sa\u011flanmaktad\u0131r.<\/p>\n\n                    <\/div>\n                <\/div>\n            <\/div><div class=\"panel\">\n                <div class=\"panel-heading\" id=\"heading3\">\n                    <h4 class=\"panel-title\">\n                        <a data-toggle=\"collapse\" data-parent=\"#accordion\" href=\"#collapse3\" class=\"collapsed\"><div class=\"soru\">Ne kadar s\u00fcrede \u00fcr\u00fcnler teslim edilir?<\/div><div class=\"arti\"><span class=\"duz\"><\/span><span class=\"dik\"><\/span><\/div><\/a>\n                    <\/h4>\n                <\/div>\n                <div id=\"collapse3\" class=\"panel-collapse collapse \">\n                    <div class=\"panel-body\">\n                        <p>\u0130n\u015faat ve kereste \u00fczerine olan \u00fcr\u00fcnlerimiz g\u00fcn i\u00e7erisinde, \u00f6zel \u00fcretim \u00fcr\u00fcnler ise 1 - 3 i\u015f g\u00fcn\u00fc i\u00e7erisinde teslimi ger\u00e7ekle\u015ftirilir.<\/p>\n\n                    <\/div>\n                <\/div>\n            <\/div><div class=\"panel\">\n                <div class=\"panel-heading\" id=\"heading4\">\n                    <h4 class=\"panel-title\">\n                        <a data-toggle=\"collapse\" data-parent=\"#accordion\" href=\"#collapse4\" class=\"collapsed\"><div class=\"soru\">\u00dcr\u00fcnden memnun kal\u0131nmad\u0131\u011f\u0131 ya da sorun olu\u015ftu\u011fu takdirde ne yapmal\u0131y\u0131m?<\/div><div class=\"arti\"><span class=\"duz\"><\/span><span class=\"dik\"><\/span><\/div><\/a>\n                    <\/h4>\n                <\/div>\n                <div id=\"collapse4\" class=\"panel-collapse collapse \">\n                    <div class=\"panel-body\">\n                        <p>M\u00fc\u015fterimizin memnun kalaca\u011f\u0131 \u015fekilde daima hatam\u0131z\u0131 telafi etmek isteriz.<\/p>\n\n                    <\/div>\n                <\/div>\n            <\/div><\/div>\n","protected":false},"excerpt":{"rendered":"<p>Onduline toptan ve perakende sat\u0131\u015f\u0131 yapan firmam\u0131z\u0131n sitesinde; onduline modelleri ve teknik \u00f6zellikleri bulunmaktad\u0131r. Fiyat al\u0131n.<\/p>\n","protected":false},"author":14,"featured_media":3908,"parent":32,"menu_order":17,"comment_status":"closed","ping_status":"closed","template":"page-service.php","meta":{"_joinchat":[],"footnotes":""},"class_list":["post-3839","page","type-page","status-publish","has-post-thumbnail","hentry"],"acf":[],"yoast_head":"<!-- This site is optimized with the Yoast SEO plugin v23.0 - https:\/\/yoast.com\/wordpress\/plugins\/seo\/ -->\n<title>Onduline \u00c7at\u0131 Kaplama Malzemesi - Acar Orman \u00dcr\u00fcnleri<\/title>\n<meta name=\"description\" content=\"Onduline toptan ve perakende sat\u0131\u015f\u0131 yapan firmam\u0131z\u0131n sitesinde; onduline modelleri ve teknik \u00f6zellikleri bulunmaktad\u0131r. Fiyat teklifi al.\" \/>\n<meta name=\"robots\" content=\"index, follow, max-snippet:-1, max-image-preview:large, max-video-preview:-1\" \/>\n<link rel=\"canonical\" href=\"https:\/\/acarkereste.com\/?page_id=3839\" \/>\n<meta property=\"og:locale\" content=\"tr_TR\" \/>\n<meta property=\"og:type\" content=\"article\" \/>\n<meta property=\"og:title\" content=\"Onduline \u00c7at\u0131 Kaplama Malzemesi - Acar Orman \u00dcr\u00fcnleri\" \/>\n<meta property=\"og:description\" content=\"Onduline toptan ve perakende sat\u0131\u015f\u0131 yapan firmam\u0131z\u0131n sitesinde; onduline modelleri ve teknik \u00f6zellikleri bulunmaktad\u0131r. Fiyat teklifi al.\" \/>\n<meta property=\"og:url\" content=\"https:\/\/acarkereste.com\/?page_id=3839\" \/>\n<meta property=\"og:site_name\" content=\"Acar Orman\" \/>\n<meta property=\"article:modified_time\" content=\"2024-08-02T07:51:00+00:00\" \/>\n<meta property=\"og:image\" content=\"https:\/\/acarkereste.com\/wp-content\/uploads\/2020\/09\/onduline-kirmizi-yesil-siyah-kategori-gorsel.jpg\" \/>\n\t<meta property=\"og:image:width\" content=\"276\" \/>\n\t<meta property=\"og:image:height\" content=\"470\" \/>\n\t<meta property=\"og:image:type\" content=\"image\/jpeg\" \/>\n<meta name=\"twitter:label1\" content=\"Tahmini okuma s\u00fcresi\" \/>\n\t<meta name=\"twitter:data1\" content=\"2 dakika\" \/>\n<script type=\"application\/ld+json\" class=\"yoast-schema-graph\">{\"@context\":\"https:\/\/schema.org\",\"@graph\":[{\"@type\":\"WebPage\",\"@id\":\"https:\/\/acarkereste.com\/?page_id=3839\",\"url\":\"https:\/\/acarkereste.com\/?page_id=3839\",\"name\":\"Onduline \u00c7at\u0131 Kaplama Malzemesi - Acar Orman \u00dcr\u00fcnleri\",\"isPartOf\":{\"@id\":\"https:\/\/acarkereste.com\/#website\"},\"primaryImageOfPage\":{\"@id\":\"https:\/\/acarkereste.com\/?page_id=3839#primaryimage\"},\"image\":{\"@id\":\"https:\/\/acarkereste.com\/?page_id=3839#primaryimage\"},\"thumbnailUrl\":\"https:\/\/acarkereste.com\/wp-content\/uploads\/2020\/09\/onduline-kirmizi-yesil-siyah-kategori-gorsel.jpg\",\"datePublished\":\"2020-09-01T14:12:50+00:00\",\"dateModified\":\"2024-08-02T07:51:00+00:00\",\"description\":\"Onduline toptan ve perakende sat\u0131\u015f\u0131 yapan firmam\u0131z\u0131n sitesinde; onduline modelleri ve teknik \u00f6zellikleri bulunmaktad\u0131r. Fiyat teklifi al.\",\"breadcrumb\":{\"@id\":\"https:\/\/acarkereste.com\/?page_id=3839#breadcrumb\"},\"inLanguage\":\"tr\",\"potentialAction\":[{\"@type\":\"ReadAction\",\"target\":[\"https:\/\/acarkereste.com\/?page_id=3839\"]}]},{\"@type\":\"ImageObject\",\"inLanguage\":\"tr\",\"@id\":\"https:\/\/acarkereste.com\/?page_id=3839#primaryimage\",\"url\":\"https:\/\/acarkereste.com\/wp-content\/uploads\/2020\/09\/onduline-kirmizi-yesil-siyah-kategori-gorsel.jpg\",\"contentUrl\":\"https:\/\/acarkereste.com\/wp-content\/uploads\/2020\/09\/onduline-kirmizi-yesil-siyah-kategori-gorsel.jpg\",\"width\":276,\"height\":470,\"caption\":\"Onduline Kategori G\u00f6rseli\"},{\"@type\":\"BreadcrumbList\",\"@id\":\"https:\/\/acarkereste.com\/?page_id=3839#breadcrumb\",\"itemListElement\":[{\"@type\":\"ListItem\",\"position\":1,\"name\":\"Ana Sayfa\",\"item\":\"https:\/\/acarkereste.com\/\"},{\"@type\":\"ListItem\",\"position\":2,\"name\":\"\u00dcr\u00fcnler\",\"item\":\"https:\/\/acarkereste.com\/?page_id=32\"},{\"@type\":\"ListItem\",\"position\":3,\"name\":\"Onduline\"}]},{\"@type\":\"WebSite\",\"@id\":\"https:\/\/acarkereste.com\/#website\",\"url\":\"https:\/\/acarkereste.com\/\",\"name\":\"Acar Orman\",\"description\":\"Lambri &amp; Kereste \u00dcr\u00fcnleri\",\"publisher\":{\"@id\":\"https:\/\/acarkereste.com\/#organization\"},\"potentialAction\":[{\"@type\":\"SearchAction\",\"target\":{\"@type\":\"EntryPoint\",\"urlTemplate\":\"https:\/\/acarkereste.com\/?s={search_term_string}\"},\"query-input\":\"required name=search_term_string\"}],\"inLanguage\":\"tr\"},{\"@type\":\"Organization\",\"@id\":\"https:\/\/acarkereste.com\/#organization\",\"name\":\"G\u00fcner Oto\",\"url\":\"https:\/\/acarkereste.com\/\",\"logo\":{\"@type\":\"ImageObject\",\"inLanguage\":\"tr\",\"@id\":\"https:\/\/acarkereste.com\/#\/schema\/logo\/image\/\",\"url\":\"\",\"contentUrl\":\"\",\"caption\":\"G\u00fcner Oto\"},\"image\":{\"@id\":\"https:\/\/acarkereste.com\/#\/schema\/logo\/image\/\"}}]}<\/script>\n<!-- \/ Yoast SEO plugin. -->","yoast_head_json":{"title":"Onduline \u00c7at\u0131 Kaplama Malzemesi - Acar Orman \u00dcr\u00fcnleri","description":"Onduline toptan ve perakende sat\u0131\u015f\u0131 yapan firmam\u0131z\u0131n sitesinde; onduline modelleri ve teknik \u00f6zellikleri bulunmaktad\u0131r. Fiyat teklifi al.","robots":{"index":"index","follow":"follow","max-snippet":"max-snippet:-1","max-image-preview":"max-image-preview:large","max-video-preview":"max-video-preview:-1"},"canonical":"https:\/\/acarkereste.com\/?page_id=3839","og_locale":"tr_TR","og_type":"article","og_title":"Onduline \u00c7at\u0131 Kaplama Malzemesi - Acar Orman \u00dcr\u00fcnleri","og_description":"Onduline toptan ve perakende sat\u0131\u015f\u0131 yapan firmam\u0131z\u0131n sitesinde; onduline modelleri ve teknik \u00f6zellikleri bulunmaktad\u0131r. Fiyat teklifi al.","og_url":"https:\/\/acarkereste.com\/?page_id=3839","og_site_name":"Acar Orman","article_modified_time":"2024-08-02T07:51:00+00:00","og_image":[{"width":276,"height":470,"url":"https:\/\/acarkereste.com\/wp-content\/uploads\/2020\/09\/onduline-kirmizi-yesil-siyah-kategori-gorsel.jpg","type":"image\/jpeg"}],"twitter_misc":{"Tahmini okuma s\u00fcresi":"2 dakika"},"schema":{"@context":"https:\/\/schema.org","@graph":[{"@type":"WebPage","@id":"https:\/\/acarkereste.com\/?page_id=3839","url":"https:\/\/acarkereste.com\/?page_id=3839","name":"Onduline \u00c7at\u0131 Kaplama Malzemesi - Acar Orman \u00dcr\u00fcnleri","isPartOf":{"@id":"https:\/\/acarkereste.com\/#website"},"primaryImageOfPage":{"@id":"https:\/\/acarkereste.com\/?page_id=3839#primaryimage"},"image":{"@id":"https:\/\/acarkereste.com\/?page_id=3839#primaryimage"},"thumbnailUrl":"https:\/\/acarkereste.com\/wp-content\/uploads\/2020\/09\/onduline-kirmizi-yesil-siyah-kategori-gorsel.jpg","datePublished":"2020-09-01T14:12:50+00:00","dateModified":"2024-08-02T07:51:00+00:00","description":"Onduline toptan ve perakende sat\u0131\u015f\u0131 yapan firmam\u0131z\u0131n sitesinde; onduline modelleri ve teknik \u00f6zellikleri bulunmaktad\u0131r. Fiyat teklifi al.","breadcrumb":{"@id":"https:\/\/acarkereste.com\/?page_id=3839#breadcrumb"},"inLanguage":"tr","potentialAction":[{"@type":"ReadAction","target":["https:\/\/acarkereste.com\/?page_id=3839"]}]},{"@type":"ImageObject","inLanguage":"tr","@id":"https:\/\/acarkereste.com\/?page_id=3839#primaryimage","url":"https:\/\/acarkereste.com\/wp-content\/uploads\/2020\/09\/onduline-kirmizi-yesil-siyah-kategori-gorsel.jpg","contentUrl":"https:\/\/acarkereste.com\/wp-content\/uploads\/2020\/09\/onduline-kirmizi-yesil-siyah-kategori-gorsel.jpg","width":276,"height":470,"caption":"Onduline Kategori G\u00f6rseli"},{"@type":"BreadcrumbList","@id":"https:\/\/acarkereste.com\/?page_id=3839#breadcrumb","itemListElement":[{"@type":"ListItem","position":1,"name":"Ana Sayfa","item":"https:\/\/acarkereste.com\/"},{"@type":"ListItem","position":2,"name":"\u00dcr\u00fcnler","item":"https:\/\/acarkereste.com\/?page_id=32"},{"@type":"ListItem","position":3,"name":"Onduline"}]},{"@type":"WebSite","@id":"https:\/\/acarkereste.com\/#website","url":"https:\/\/acarkereste.com\/","name":"Acar Orman","description":"Lambri &amp; Kereste \u00dcr\u00fcnleri","publisher":{"@id":"https:\/\/acarkereste.com\/#organization"},"potentialAction":[{"@type":"SearchAction","target":{"@type":"EntryPoint","urlTemplate":"https:\/\/acarkereste.com\/?s={search_term_string}"},"query-input":"required name=search_term_string"}],"inLanguage":"tr"},{"@type":"Organization","@id":"https:\/\/acarkereste.com\/#organization","name":"G\u00fcner Oto","url":"https:\/\/acarkereste.com\/","logo":{"@type":"ImageObject","inLanguage":"tr","@id":"https:\/\/acarkereste.com\/#\/schema\/logo\/image\/","url":"","contentUrl":"","caption":"G\u00fcner Oto"},"image":{"@id":"https:\/\/acarkereste.com\/#\/schema\/logo\/image\/"}}]}},"_links":{"self":[{"href":"https:\/\/acarkereste.com\/index.php?rest_route=\/wp\/v2\/pages\/3839","targetHints":{"allow":["GET"]}}],"collection":[{"href":"https:\/\/acarkereste.com\/index.php?rest_route=\/wp\/v2\/pages"}],"about":[{"href":"https:\/\/acarkereste.com\/index.php?rest_route=\/wp\/v2\/types\/page"}],"author":[{"embeddable":true,"href":"https:\/\/acarkereste.com\/index.php?rest_route=\/wp\/v2\/users\/14"}],"replies":[{"embeddable":true,"href":"https:\/\/acarkereste.com\/index.php?rest_route=%2Fwp%2Fv2%2Fcomments&post=3839"}],"version-history":[{"count":1,"href":"https:\/\/acarkereste.com\/index.php?rest_route=\/wp\/v2\/pages\/3839\/revisions"}],"predecessor-version":[{"id":4416,"href":"https:\/\/acarkereste.com\/index.php?rest_route=\/wp\/v2\/pages\/3839\/revisions\/4416"}],"up":[{"embeddable":true,"href":"https:\/\/acarkereste.com\/index.php?rest_route=\/wp\/v2\/pages\/32"}],"wp:featuredmedia":[{"embeddable":true,"href":"https:\/\/acarkereste.com\/index.php?rest_route=\/wp\/v2\/media\/3908"}],"wp:attachment":[{"href":"https:\/\/acarkereste.com\/index.php?rest_route=%2Fwp%2Fv2%2Fmedia&parent=3839"}],"curies":[{"name":"wp","href":"https:\/\/api.w.org\/{rel}","templated":true}]}}