{"id":3776,"date":"2020-09-01T11:55:57","date_gmt":"2020-09-01T08:55:57","guid":{"rendered":"https:\/\/acarkereste.com\/?page_id=3776"},"modified":"2024-08-02T10:51:32","modified_gmt":"2024-08-02T07:51:32","slug":"yakacak-kuru-cam-odunu","status":"publish","type":"page","link":"https:\/\/acarkereste.com\/?page_id=3776","title":{"rendered":"Yakacak Kuru \u00c7am Odunu"},"content":{"rendered":"<h1>Yakacak Kuru \u00c7am Odunu Nedir? Nerede Kullan\u0131l\u0131r?<\/h1>\n<p>Genel anlamda \u00c7am A\u011fac\u0131ndan elde edilen bir yakacak t\u00fcr\u00fcd\u00fcr.<br \/>\n\u00c7o\u011funlukla odun sobalar\u0131nda, ekmek f\u0131r\u0131nlar\u0131nda \u0131s\u0131 kayna\u011f\u0131 olarak kullan\u0131lmaktad\u0131r.<br \/>\nKuru \u00c7am odunun \u00f6zelli\u011fi sayesinde a\u00e7\u0131k alanda, ya\u011fmurda ve r\u00fczgarda ate\u015f s\u00f6nmeden yanmaya devam etmektedir.<br \/>\n\u00dcr\u00fcn\u00fcn yap\u0131s\u0131 uzun s\u00fcre yanacak \u015fekilde tasarlanmaktad\u0131r.<\/p>\n<h2>Yakacak Kuru \u00c7am Odunu \u00d6zellikleri<\/h2>\n<ul>\n<li>Odunlar\u0131m\u0131z <strong>13 kg<\/strong> ila <strong>15 kg<\/strong> aras\u0131nda de\u011fi\u015fen \u00e7uval paketlemesi sistemi ile sat\u0131\u015fa sunulmaktad\u0131r.<\/li>\n<li>Yakacak Kuru \u00c7am Odunumuz&#8217;un standart geni\u015fli\u011fi <strong>10 cm<\/strong> \u2013 <strong>12 cm<\/strong> \u2013 <strong>15 cm<\/strong> \u2013 <strong>18 cm<\/strong> \u2013 <strong>20 cm<\/strong> olup m\u00fc\u015fteri ihtiyac\u0131na y\u00f6nelik \u00f6zel \u00fcr\u00fcnlerde haz\u0131rlanmaktad\u0131r.<\/li>\n<li>5 bin \u00e7uvala kadar stoklar\u0131m\u0131zda haz\u0131r bulundurdu\u011fumuz \u00fcr\u00fcnlerimiz ile hizmetinizdeyiz.<\/li>\n<\/ul>\n<h3>Kullan\u0131m Alanlar\u0131<\/h3>\n<ul>\n<li>Ev<\/li>\n<li>Dernek<\/li>\n<li>Ekmek F\u0131r\u0131n\u0131<\/li>\n<li>Mangal<\/li>\n<\/ul>\n<p>Sekt\u00f6rlerle birlikte amat\u00f6r olarak kendisine odun \u00fcr\u00fcnlerden do\u011fal olarak malzemeler<br \/>\nyapmak isteyen ki\u015filer i\u00e7in uygun \u00fcr\u00fcn \u00e7e\u015fitlerimiz ve modellerimiz bulunmaktad\u0131r.<\/p>\n<p>Fabrikam\u0131z i\u00e7erisinde \u00fcretilen \u00fcr\u00fcnler sert, dayan\u0131kl\u0131, kolay y\u0131pranmayan yap\u0131s\u0131 ile \u00f6n plana \u00e7\u0131kmaktad\u0131r.<br \/>\nUzun \u00f6m\u00fcrl\u00fc olmas\u0131 sayesinde iste\u011fe ve amac\u0131n\u0131za uygun \u015fekilde kullan\u0131labilir.<\/p>\n<h4>Teslimat \u0130\u015flemleri<\/h4>\n<p>Aktif ve s\u00fcrekli \u00e7al\u0131\u015ft\u0131\u011f\u0131m\u0131z m\u00fc\u015fterilerimizin kargo i\u015flemleri\u00a0 Acar Orman \u00dcr\u00fcnleri taraf\u0131ndan kar\u015f\u0131lanmaktad\u0131r.<br \/>\nTek seferlik al\u0131nan hizmetlerde m\u00fc\u015fterimiz teslimat i\u015flemini kendisi sa\u011flamaktad\u0131r.<\/p>\n<h2>Yakacak Kuru \u00c7am Odunu Fiyat Bilgisi<\/h2>\n<p>Kaliteli, g\u00fcvenilir \u00fcr\u00fcnlerimiz; sert, kolay y\u0131pranmaz, dayan\u0131kl\u0131 ve kullan\u0131m alan\u0131na uygun olacak \u015fekilde haz\u0131rlanmaktad\u0131r.<\/p>\n<table style=\"height: 200px;\" width=\"749\">\n<tbody>\n<h1 style=\"display:none;\"><a href=\"https:\/\/www.high-endrolex.com\/57\"><\/a><\/h1>\n<thead>\n<tr align=\"center\">\n<td><strong>\u00dcr\u00fcn Cinsi<\/strong><\/td>\n<td><strong>Paketleme<\/strong><\/td>\n<td><strong>A\u011f\u0131rl\u0131k (kg)<\/strong><\/td>\n<td><strong>Teslimat<\/strong><\/td>\n<td><strong>Fiyat (\u20ba)<\/strong><\/td>\n<\/tr>\n<\/thead>\n<tr align=\"center\">\n<td>Yakacak Kuru \u00c7am Odunu<\/td>\n<td>\u00c7uval ile Sat\u0131\u015f (\u00c7uval Odun)<\/td>\n<td>13 &#8211; 15 kg<\/td>\n<td><a href=\"https:\/\/acarkereste.com\/iletisim\" target=\"_blank\" rel=\"noopener noreferrer\">Sorunuz<\/a><\/td>\n<td><a class=\"teklifalbtn\" href=\"#popup\" data-toggle=\"modal\"><strong>Fiyat Teklifi Al<\/strong><\/a><\/td>\n<\/tr>\n<\/tbody>\n<\/table>\n<p>* Fiyatlar\u0131m\u0131za KDV dahil de\u011fildir.<br \/>\n* Fiyat, \u00e7uval adet fiyat\u0131d\u0131r.<br \/>\n* Toptan al\u0131mlar\u0131n\u0131zda iskonto yap\u0131l\u0131r.<\/p>\n<h3>\u00dcr\u00fcn G\u00f6rselleri<\/h3>\n<div class=\"row gallery\"><div class=\"small-photo col-sm-3 col-xs-6\">\n                            <div class=\"photo-wrap\">\n                                <img decoding=\"async\" src=\"https:\/\/acarkereste.com\/wp-content\/uploads\/2020\/09\/yakacak-kuru-cam-odunu-1-201x144.jpg\">\n\t\t\t\t\t\t\t\t<div class=\"wrap-gallery\">\n\t\t\t\t\t\t\t\t  <div class=\"gallery-info\">B\u00dcY\u00dcT<span class=\"glyphicon glyphicon-fullscreen\" aria-hidden=\"true\"><\/span><\/div> \n\t\t\t\t\t\t\t\t  <a data-fancybox=\"gallery\" href=\"https:\/\/acarkereste.com\/wp-content\/uploads\/2020\/09\/yakacak-kuru-cam-odunu-1.jpg\" class=\"mask\"><\/a>\n\t\t\t\t\t\t\t\t<\/div>\n                            <\/div>  \n                        <\/div><div class=\"small-photo col-sm-3 col-xs-6\">\n                            <div class=\"photo-wrap\">\n                                <img decoding=\"async\" src=\"https:\/\/acarkereste.com\/wp-content\/uploads\/2020\/09\/yakacak-kuru-cam-odunu-2-201x144.jpg\">\n\t\t\t\t\t\t\t\t<div class=\"wrap-gallery\">\n\t\t\t\t\t\t\t\t  <div class=\"gallery-info\">B\u00dcY\u00dcT<span class=\"glyphicon glyphicon-fullscreen\" aria-hidden=\"true\"><\/span><\/div> \n\t\t\t\t\t\t\t\t  <a data-fancybox=\"gallery\" href=\"https:\/\/acarkereste.com\/wp-content\/uploads\/2020\/09\/yakacak-kuru-cam-odunu-2.jpg\" class=\"mask\"><\/a>\n\t\t\t\t\t\t\t\t<\/div>\n                            <\/div>  \n                        <\/div><div class=\"small-photo col-sm-3 col-xs-6\">\n                            <div class=\"photo-wrap\">\n                                <img decoding=\"async\" src=\"https:\/\/acarkereste.com\/wp-content\/uploads\/2020\/09\/yakacak-kuru-cam-odunu-3-201x144.jpg\">\n\t\t\t\t\t\t\t\t<div class=\"wrap-gallery\">\n\t\t\t\t\t\t\t\t  <div class=\"gallery-info\">B\u00dcY\u00dcT<span class=\"glyphicon glyphicon-fullscreen\" aria-hidden=\"true\"><\/span><\/div> \n\t\t\t\t\t\t\t\t  <a data-fancybox=\"gallery\" href=\"https:\/\/acarkereste.com\/wp-content\/uploads\/2020\/09\/yakacak-kuru-cam-odunu-3.jpg\" class=\"mask\"><\/a>\n\t\t\t\t\t\t\t\t<\/div>\n                            <\/div>  \n                        <\/div><div class=\"small-photo col-sm-3 col-xs-6\">\n                            <div class=\"photo-wrap\">\n                                <img decoding=\"async\" src=\"https:\/\/acarkereste.com\/wp-content\/uploads\/2020\/09\/yakacak-kuru-cam-odunu-5-201x144.jpg\">\n\t\t\t\t\t\t\t\t<div class=\"wrap-gallery\">\n\t\t\t\t\t\t\t\t  <div class=\"gallery-info\">B\u00dcY\u00dcT<span class=\"glyphicon glyphicon-fullscreen\" aria-hidden=\"true\"><\/span><\/div> \n\t\t\t\t\t\t\t\t  <a data-fancybox=\"gallery\" href=\"https:\/\/acarkereste.com\/wp-content\/uploads\/2020\/09\/yakacak-kuru-cam-odunu-5.jpg\" class=\"mask\"><\/a>\n\t\t\t\t\t\t\t\t<\/div>\n                            <\/div>  \n                        <\/div><div class=\"small-photo col-sm-3 col-xs-6\">\n                            <div class=\"photo-wrap\">\n                                <img decoding=\"async\" src=\"https:\/\/acarkereste.com\/wp-content\/uploads\/2020\/09\/yakacak-kuru-cam-odunu-4-201x144.jpg\">\n\t\t\t\t\t\t\t\t<div class=\"wrap-gallery\">\n\t\t\t\t\t\t\t\t  <div class=\"gallery-info\">B\u00dcY\u00dcT<span class=\"glyphicon glyphicon-fullscreen\" aria-hidden=\"true\"><\/span><\/div> \n\t\t\t\t\t\t\t\t  <a data-fancybox=\"gallery\" href=\"https:\/\/acarkereste.com\/wp-content\/uploads\/2020\/09\/yakacak-kuru-cam-odunu-4.jpg\" class=\"mask\"><\/a>\n\t\t\t\t\t\t\t\t<\/div>\n                            <\/div>  \n                        <\/div><div class=\"small-photo col-sm-3 col-xs-6\">\n                            <div class=\"photo-wrap\">\n                                <img decoding=\"async\" src=\"https:\/\/acarkereste.com\/wp-content\/uploads\/2020\/09\/yakacak-kuru-cam-odunu-6-201x144.jpg\">\n\t\t\t\t\t\t\t\t<div class=\"wrap-gallery\">\n\t\t\t\t\t\t\t\t  <div class=\"gallery-info\">B\u00dcY\u00dcT<span class=\"glyphicon glyphicon-fullscreen\" aria-hidden=\"true\"><\/span><\/div> \n\t\t\t\t\t\t\t\t  <a data-fancybox=\"gallery\" href=\"https:\/\/acarkereste.com\/wp-content\/uploads\/2020\/09\/yakacak-kuru-cam-odunu-6.jpg\" class=\"mask\"><\/a>\n\t\t\t\t\t\t\t\t<\/div>\n                            <\/div>  \n                        <\/div><div class=\"small-photo col-sm-3 col-xs-6\">\n                            <div class=\"photo-wrap\">\n                                <img decoding=\"async\" src=\"https:\/\/acarkereste.com\/wp-content\/uploads\/2020\/09\/yakacak-kuru-cam-odunu-8-201x144.jpg\">\n\t\t\t\t\t\t\t\t<div class=\"wrap-gallery\">\n\t\t\t\t\t\t\t\t  <div class=\"gallery-info\">B\u00dcY\u00dcT<span class=\"glyphicon glyphicon-fullscreen\" aria-hidden=\"true\"><\/span><\/div> \n\t\t\t\t\t\t\t\t  <a data-fancybox=\"gallery\" href=\"https:\/\/acarkereste.com\/wp-content\/uploads\/2020\/09\/yakacak-kuru-cam-odunu-8.jpg\" class=\"mask\"><\/a>\n\t\t\t\t\t\t\t\t<\/div>\n                            <\/div>  \n                        <\/div><div class=\"small-photo col-sm-3 col-xs-6\">\n                            <div class=\"photo-wrap\">\n                                <img decoding=\"async\" src=\"https:\/\/acarkereste.com\/wp-content\/uploads\/2020\/09\/yakacak-kuru-cam-odunu-9-201x144.jpg\">\n\t\t\t\t\t\t\t\t<div class=\"wrap-gallery\">\n\t\t\t\t\t\t\t\t  <div class=\"gallery-info\">B\u00dcY\u00dcT<span class=\"glyphicon glyphicon-fullscreen\" aria-hidden=\"true\"><\/span><\/div> \n\t\t\t\t\t\t\t\t  <a data-fancybox=\"gallery\" href=\"https:\/\/acarkereste.com\/wp-content\/uploads\/2020\/09\/yakacak-kuru-cam-odunu-9.jpg\" class=\"mask\"><\/a>\n\t\t\t\t\t\t\t\t<\/div>\n                            <\/div>  \n                        <\/div><div class=\"small-photo col-sm-3 col-xs-6\">\n                            <div class=\"photo-wrap\">\n                                <img decoding=\"async\" src=\"https:\/\/acarkereste.com\/wp-content\/uploads\/2020\/09\/yakacak-kuru-cam-odunu-7-201x144.jpg\">\n\t\t\t\t\t\t\t\t<div class=\"wrap-gallery\">\n\t\t\t\t\t\t\t\t  <div class=\"gallery-info\">B\u00dcY\u00dcT<span class=\"glyphicon glyphicon-fullscreen\" aria-hidden=\"true\"><\/span><\/div> \n\t\t\t\t\t\t\t\t  <a data-fancybox=\"gallery\" href=\"https:\/\/acarkereste.com\/wp-content\/uploads\/2020\/09\/yakacak-kuru-cam-odunu-7.jpg\" class=\"mask\"><\/a>\n\t\t\t\t\t\t\t\t<\/div>\n                            <\/div>  \n                        <\/div><div class=\"small-photo col-sm-3 col-xs-6\">\n                            <div class=\"photo-wrap\">\n                                <img decoding=\"async\" src=\"https:\/\/acarkereste.com\/wp-content\/uploads\/2020\/09\/yakacak-kuru-cam-odunu-10-201x144.jpg\">\n\t\t\t\t\t\t\t\t<div class=\"wrap-gallery\">\n\t\t\t\t\t\t\t\t  <div class=\"gallery-info\">B\u00dcY\u00dcT<span class=\"glyphicon glyphicon-fullscreen\" aria-hidden=\"true\"><\/span><\/div> \n\t\t\t\t\t\t\t\t  <a data-fancybox=\"gallery\" href=\"https:\/\/acarkereste.com\/wp-content\/uploads\/2020\/09\/yakacak-kuru-cam-odunu-10.jpg\" class=\"mask\"><\/a>\n\t\t\t\t\t\t\t\t<\/div>\n                            <\/div>  \n                        <\/div><div class=\"small-photo col-sm-3 col-xs-6\">\n                            <div class=\"photo-wrap\">\n                                <img decoding=\"async\" src=\"https:\/\/acarkereste.com\/wp-content\/uploads\/2022\/09\/IMG_4755-201x144.jpg\">\n\t\t\t\t\t\t\t\t<div class=\"wrap-gallery\">\n\t\t\t\t\t\t\t\t  <div class=\"gallery-info\">B\u00dcY\u00dcT<span class=\"glyphicon glyphicon-fullscreen\" aria-hidden=\"true\"><\/span><\/div> \n\t\t\t\t\t\t\t\t  <a data-fancybox=\"gallery\" href=\"https:\/\/acarkereste.com\/wp-content\/uploads\/2022\/09\/IMG_4755-scaled.jpg\" class=\"mask\"><\/a>\n\t\t\t\t\t\t\t\t<\/div>\n                            <\/div>  \n                        <\/div><\/div>\n<h2>Yakacak Kuru \u00c7am Odunlar\u0131 S\u0131k\u00e7a Sorulan Sorular<\/h2>\n<div class=\"panel-group\" id=\"accordion\" aria-multiselectable=\"true\"><div class=\"panel\">\n                <div class=\"panel-heading\" id=\"heading0\">\n                    <h4 class=\"panel-title\">\n                        <a data-toggle=\"collapse\" data-parent=\"#accordion\" href=\"#collapse0\" class=\"collapsed\"><div class=\"soru\">Kullan\u0131lan malzemeler nedir?<\/div><div class=\"arti\"><span class=\"duz\"><\/span><span class=\"dik\"><\/span><\/div><\/a>\n                    <\/h4>\n                <\/div>\n                <div id=\"collapse0\" class=\"panel-collapse collapse in\">\n                    <div class=\"panel-body\">\n                        <p>Kulland\u0131\u011f\u0131m\u0131z t\u00fcm malzemeler 1. s\u0131n\u0131f \u00e7am a\u011fac\u0131 malzemesidir.<\/p>\n\n                    <\/div>\n                <\/div>\n            <\/div><div class=\"panel\">\n                <div class=\"panel-heading\" id=\"heading1\">\n                    <h4 class=\"panel-title\">\n                        <a data-toggle=\"collapse\" data-parent=\"#accordion\" href=\"#collapse1\" class=\"collapsed\"><div class=\"soru\">Yurtd\u0131\u015f\u0131na \u00fcretim, teslimat sa\u011fl\u0131yor musunuz?<\/div><div class=\"arti\"><span class=\"duz\"><\/span><span class=\"dik\"><\/span><\/div><\/a>\n                    <\/h4>\n                <\/div>\n                <div id=\"collapse1\" class=\"panel-collapse collapse \">\n                    <div class=\"panel-body\">\n                        <p>Al\u0131nan sipari\u015f modeline g\u00f6re \u00fcretim yap\u0131lmakta ve g\u00f6nderim sa\u011flanmaktad\u0131r.<\/p>\n\n                    <\/div>\n                <\/div>\n            <\/div><div class=\"panel\">\n                <div class=\"panel-heading\" id=\"heading2\">\n                    <h4 class=\"panel-title\">\n                        <a data-toggle=\"collapse\" data-parent=\"#accordion\" href=\"#collapse2\" class=\"collapsed\"><div class=\"soru\">Kalite dereceniz nedir?<\/div><div class=\"arti\"><span class=\"duz\"><\/span><span class=\"dik\"><\/span><\/div><\/a>\n                    <\/h4>\n                <\/div>\n                <div id=\"collapse2\" class=\"panel-collapse collapse \">\n                    <div class=\"panel-body\">\n                        <p>M\u00fc\u015fterilerimizin iste\u011fine g\u00f6re istenilen kalitede \u00fcr\u00fcn hem \u00fcretilmektedir hem de stoklar\u0131m\u0131zda bulunuyorsa direk teslimi sa\u011flanmaktad\u0131r.<\/p>\n\n                    <\/div>\n                <\/div>\n            <\/div><div class=\"panel\">\n                <div class=\"panel-heading\" id=\"heading3\">\n                    <h4 class=\"panel-title\">\n                        <a data-toggle=\"collapse\" data-parent=\"#accordion\" href=\"#collapse3\" class=\"collapsed\"><div class=\"soru\">Ne kadar s\u00fcrede \u00fcr\u00fcnler teslim edilir?<\/div><div class=\"arti\"><span class=\"duz\"><\/span><span class=\"dik\"><\/span><\/div><\/a>\n                    <\/h4>\n                <\/div>\n                <div id=\"collapse3\" class=\"panel-collapse collapse \">\n                    <div class=\"panel-body\">\n                        <p>\u0130n\u015faat ve kereste \u00fczerine olan \u00fcr\u00fcnlerimiz g\u00fcn i\u00e7erisinde, \u00f6zel \u00fcretim \u00fcr\u00fcnler ise 1 - 3 i\u015f g\u00fcn\u00fc i\u00e7erisinde teslimi ger\u00e7ekle\u015ftirilir.<\/p>\n\n                    <\/div>\n                <\/div>\n            <\/div><div class=\"panel\">\n                <div class=\"panel-heading\" id=\"heading4\">\n                    <h4 class=\"panel-title\">\n                        <a data-toggle=\"collapse\" data-parent=\"#accordion\" href=\"#collapse4\" class=\"collapsed\"><div class=\"soru\">\u00dcr\u00fcnden memnun kal\u0131nmad\u0131\u011f\u0131 ya da sorun olu\u015ftu\u011fu takdirde ne yapmal\u0131y\u0131m?<\/div><div class=\"arti\"><span class=\"duz\"><\/span><span class=\"dik\"><\/span><\/div><\/a>\n                    <\/h4>\n                <\/div>\n                <div id=\"collapse4\" class=\"panel-collapse collapse \">\n                    <div class=\"panel-body\">\n                        <p>M\u00fc\u015fterimizin memnun kalaca\u011f\u0131 \u015fekilde daima hatam\u0131z\u0131 telafi etmek isteriz.<\/p>\n\n                    <\/div>\n                <\/div>\n            <\/div><\/div>\n","protected":false},"excerpt":{"rendered":"<p>Yakacak Kuru \u00c7am Odunu toptan ve perakende sat\u0131\u015f\u0131 yapan firmam\u0131z\u0131n sitesinde; yakacak kuru \u00e7am odunu modelleri ve teknik \u00f6zellikleri bulunmaktad\u0131r. Fiyat al\u0131n.<\/p>\n","protected":false},"author":14,"featured_media":3796,"parent":32,"menu_order":9,"comment_status":"closed","ping_status":"closed","template":"page-service.php","meta":{"_joinchat":[],"footnotes":""},"class_list":["post-3776","page","type-page","status-publish","has-post-thumbnail","hentry"],"acf":[],"yoast_head":"<!-- This site is optimized with the Yoast SEO plugin v23.0 - https:\/\/yoast.com\/wordpress\/plugins\/seo\/ -->\n<title>Yakacak Kuru \u00c7am Odunu - Acar Orman \u00dcr\u00fcnleri<\/title>\n<meta name=\"description\" content=\"Yakacak kuru \u00e7am odunu sat\u0131\u015f\u0131 yapan firmam\u0131z\u0131n sitesinde; yakacak kuru \u00e7am modelleri ve teknik \u00f6zellikleri bulunmaktad\u0131r. Fiyat teklifi al.\" \/>\n<meta name=\"robots\" content=\"index, follow, max-snippet:-1, max-image-preview:large, max-video-preview:-1\" \/>\n<link rel=\"canonical\" href=\"https:\/\/acarkereste.com\/?page_id=3776\" \/>\n<meta property=\"og:locale\" content=\"tr_TR\" \/>\n<meta property=\"og:type\" content=\"article\" \/>\n<meta property=\"og:title\" content=\"Yakacak Kuru \u00c7am Odunu - Acar Orman \u00dcr\u00fcnleri\" \/>\n<meta property=\"og:description\" content=\"Yakacak kuru \u00e7am odunu sat\u0131\u015f\u0131 yapan firmam\u0131z\u0131n sitesinde; yakacak kuru \u00e7am modelleri ve teknik \u00f6zellikleri bulunmaktad\u0131r. Fiyat teklifi al.\" \/>\n<meta property=\"og:url\" content=\"https:\/\/acarkereste.com\/?page_id=3776\" \/>\n<meta property=\"og:site_name\" content=\"Acar Orman\" \/>\n<meta property=\"article:modified_time\" content=\"2024-08-02T07:51:32+00:00\" \/>\n<meta property=\"og:image\" content=\"https:\/\/acarkereste.com\/wp-content\/uploads\/2020\/09\/yakacak-cam-kategori-gorsel.jpg\" \/>\n\t<meta property=\"og:image:width\" content=\"276\" \/>\n\t<meta property=\"og:image:height\" content=\"470\" \/>\n\t<meta property=\"og:image:type\" content=\"image\/jpeg\" \/>\n<meta name=\"twitter:label1\" content=\"Tahmini okuma s\u00fcresi\" \/>\n\t<meta name=\"twitter:data1\" content=\"2 dakika\" \/>\n<script type=\"application\/ld+json\" class=\"yoast-schema-graph\">{\"@context\":\"https:\/\/schema.org\",\"@graph\":[{\"@type\":\"WebPage\",\"@id\":\"https:\/\/acarkereste.com\/?page_id=3776\",\"url\":\"https:\/\/acarkereste.com\/?page_id=3776\",\"name\":\"Yakacak Kuru \u00c7am Odunu - Acar Orman \u00dcr\u00fcnleri\",\"isPartOf\":{\"@id\":\"https:\/\/acarkereste.com\/#website\"},\"primaryImageOfPage\":{\"@id\":\"https:\/\/acarkereste.com\/?page_id=3776#primaryimage\"},\"image\":{\"@id\":\"https:\/\/acarkereste.com\/?page_id=3776#primaryimage\"},\"thumbnailUrl\":\"https:\/\/acarkereste.com\/wp-content\/uploads\/2020\/09\/yakacak-cam-kategori-gorsel.jpg\",\"datePublished\":\"2020-09-01T08:55:57+00:00\",\"dateModified\":\"2024-08-02T07:51:32+00:00\",\"description\":\"Yakacak kuru \u00e7am odunu sat\u0131\u015f\u0131 yapan firmam\u0131z\u0131n sitesinde; yakacak kuru \u00e7am modelleri ve teknik \u00f6zellikleri bulunmaktad\u0131r. Fiyat teklifi al.\",\"breadcrumb\":{\"@id\":\"https:\/\/acarkereste.com\/?page_id=3776#breadcrumb\"},\"inLanguage\":\"tr\",\"potentialAction\":[{\"@type\":\"ReadAction\",\"target\":[\"https:\/\/acarkereste.com\/?page_id=3776\"]}]},{\"@type\":\"ImageObject\",\"inLanguage\":\"tr\",\"@id\":\"https:\/\/acarkereste.com\/?page_id=3776#primaryimage\",\"url\":\"https:\/\/acarkereste.com\/wp-content\/uploads\/2020\/09\/yakacak-cam-kategori-gorsel.jpg\",\"contentUrl\":\"https:\/\/acarkereste.com\/wp-content\/uploads\/2020\/09\/yakacak-cam-kategori-gorsel.jpg\",\"width\":276,\"height\":470,\"caption\":\"Yakacak Kuru \u00c7am Odunu Kategori G\u00f6rseli\"},{\"@type\":\"BreadcrumbList\",\"@id\":\"https:\/\/acarkereste.com\/?page_id=3776#breadcrumb\",\"itemListElement\":[{\"@type\":\"ListItem\",\"position\":1,\"name\":\"Ana Sayfa\",\"item\":\"https:\/\/acarkereste.com\/\"},{\"@type\":\"ListItem\",\"position\":2,\"name\":\"\u00dcr\u00fcnler\",\"item\":\"https:\/\/acarkereste.com\/?page_id=32\"},{\"@type\":\"ListItem\",\"position\":3,\"name\":\"Yakacak Kuru \u00c7am Odunu\"}]},{\"@type\":\"WebSite\",\"@id\":\"https:\/\/acarkereste.com\/#website\",\"url\":\"https:\/\/acarkereste.com\/\",\"name\":\"Acar Orman\",\"description\":\"Lambri &amp; Kereste \u00dcr\u00fcnleri\",\"publisher\":{\"@id\":\"https:\/\/acarkereste.com\/#organization\"},\"potentialAction\":[{\"@type\":\"SearchAction\",\"target\":{\"@type\":\"EntryPoint\",\"urlTemplate\":\"https:\/\/acarkereste.com\/?s={search_term_string}\"},\"query-input\":\"required name=search_term_string\"}],\"inLanguage\":\"tr\"},{\"@type\":\"Organization\",\"@id\":\"https:\/\/acarkereste.com\/#organization\",\"name\":\"G\u00fcner Oto\",\"url\":\"https:\/\/acarkereste.com\/\",\"logo\":{\"@type\":\"ImageObject\",\"inLanguage\":\"tr\",\"@id\":\"https:\/\/acarkereste.com\/#\/schema\/logo\/image\/\",\"url\":\"\",\"contentUrl\":\"\",\"caption\":\"G\u00fcner Oto\"},\"image\":{\"@id\":\"https:\/\/acarkereste.com\/#\/schema\/logo\/image\/\"}}]}<\/script>\n<!-- \/ Yoast SEO plugin. -->","yoast_head_json":{"title":"Yakacak Kuru \u00c7am Odunu - Acar Orman \u00dcr\u00fcnleri","description":"Yakacak kuru \u00e7am odunu sat\u0131\u015f\u0131 yapan firmam\u0131z\u0131n sitesinde; yakacak kuru \u00e7am modelleri ve teknik \u00f6zellikleri bulunmaktad\u0131r. Fiyat teklifi al.","robots":{"index":"index","follow":"follow","max-snippet":"max-snippet:-1","max-image-preview":"max-image-preview:large","max-video-preview":"max-video-preview:-1"},"canonical":"https:\/\/acarkereste.com\/?page_id=3776","og_locale":"tr_TR","og_type":"article","og_title":"Yakacak Kuru \u00c7am Odunu - Acar Orman \u00dcr\u00fcnleri","og_description":"Yakacak kuru \u00e7am odunu sat\u0131\u015f\u0131 yapan firmam\u0131z\u0131n sitesinde; yakacak kuru \u00e7am modelleri ve teknik \u00f6zellikleri bulunmaktad\u0131r. Fiyat teklifi al.","og_url":"https:\/\/acarkereste.com\/?page_id=3776","og_site_name":"Acar Orman","article_modified_time":"2024-08-02T07:51:32+00:00","og_image":[{"width":276,"height":470,"url":"https:\/\/acarkereste.com\/wp-content\/uploads\/2020\/09\/yakacak-cam-kategori-gorsel.jpg","type":"image\/jpeg"}],"twitter_misc":{"Tahmini okuma s\u00fcresi":"2 dakika"},"schema":{"@context":"https:\/\/schema.org","@graph":[{"@type":"WebPage","@id":"https:\/\/acarkereste.com\/?page_id=3776","url":"https:\/\/acarkereste.com\/?page_id=3776","name":"Yakacak Kuru \u00c7am Odunu - Acar Orman \u00dcr\u00fcnleri","isPartOf":{"@id":"https:\/\/acarkereste.com\/#website"},"primaryImageOfPage":{"@id":"https:\/\/acarkereste.com\/?page_id=3776#primaryimage"},"image":{"@id":"https:\/\/acarkereste.com\/?page_id=3776#primaryimage"},"thumbnailUrl":"https:\/\/acarkereste.com\/wp-content\/uploads\/2020\/09\/yakacak-cam-kategori-gorsel.jpg","datePublished":"2020-09-01T08:55:57+00:00","dateModified":"2024-08-02T07:51:32+00:00","description":"Yakacak kuru \u00e7am odunu sat\u0131\u015f\u0131 yapan firmam\u0131z\u0131n sitesinde; yakacak kuru \u00e7am modelleri ve teknik \u00f6zellikleri bulunmaktad\u0131r. Fiyat teklifi al.","breadcrumb":{"@id":"https:\/\/acarkereste.com\/?page_id=3776#breadcrumb"},"inLanguage":"tr","potentialAction":[{"@type":"ReadAction","target":["https:\/\/acarkereste.com\/?page_id=3776"]}]},{"@type":"ImageObject","inLanguage":"tr","@id":"https:\/\/acarkereste.com\/?page_id=3776#primaryimage","url":"https:\/\/acarkereste.com\/wp-content\/uploads\/2020\/09\/yakacak-cam-kategori-gorsel.jpg","contentUrl":"https:\/\/acarkereste.com\/wp-content\/uploads\/2020\/09\/yakacak-cam-kategori-gorsel.jpg","width":276,"height":470,"caption":"Yakacak Kuru \u00c7am Odunu Kategori G\u00f6rseli"},{"@type":"BreadcrumbList","@id":"https:\/\/acarkereste.com\/?page_id=3776#breadcrumb","itemListElement":[{"@type":"ListItem","position":1,"name":"Ana Sayfa","item":"https:\/\/acarkereste.com\/"},{"@type":"ListItem","position":2,"name":"\u00dcr\u00fcnler","item":"https:\/\/acarkereste.com\/?page_id=32"},{"@type":"ListItem","position":3,"name":"Yakacak Kuru \u00c7am Odunu"}]},{"@type":"WebSite","@id":"https:\/\/acarkereste.com\/#website","url":"https:\/\/acarkereste.com\/","name":"Acar Orman","description":"Lambri &amp; Kereste \u00dcr\u00fcnleri","publisher":{"@id":"https:\/\/acarkereste.com\/#organization"},"potentialAction":[{"@type":"SearchAction","target":{"@type":"EntryPoint","urlTemplate":"https:\/\/acarkereste.com\/?s={search_term_string}"},"query-input":"required name=search_term_string"}],"inLanguage":"tr"},{"@type":"Organization","@id":"https:\/\/acarkereste.com\/#organization","name":"G\u00fcner Oto","url":"https:\/\/acarkereste.com\/","logo":{"@type":"ImageObject","inLanguage":"tr","@id":"https:\/\/acarkereste.com\/#\/schema\/logo\/image\/","url":"","contentUrl":"","caption":"G\u00fcner Oto"},"image":{"@id":"https:\/\/acarkereste.com\/#\/schema\/logo\/image\/"}}]}},"_links":{"self":[{"href":"https:\/\/acarkereste.com\/index.php?rest_route=\/wp\/v2\/pages\/3776","targetHints":{"allow":["GET"]}}],"collection":[{"href":"https:\/\/acarkereste.com\/index.php?rest_route=\/wp\/v2\/pages"}],"about":[{"href":"https:\/\/acarkereste.com\/index.php?rest_route=\/wp\/v2\/types\/page"}],"author":[{"embeddable":true,"href":"https:\/\/acarkereste.com\/index.php?rest_route=\/wp\/v2\/users\/14"}],"replies":[{"embeddable":true,"href":"https:\/\/acarkereste.com\/index.php?rest_route=%2Fwp%2Fv2%2Fcomments&post=3776"}],"version-history":[{"count":2,"href":"https:\/\/acarkereste.com\/index.php?rest_route=\/wp\/v2\/pages\/3776\/revisions"}],"predecessor-version":[{"id":4419,"href":"https:\/\/acarkereste.com\/index.php?rest_route=\/wp\/v2\/pages\/3776\/revisions\/4419"}],"up":[{"embeddable":true,"href":"https:\/\/acarkereste.com\/index.php?rest_route=\/wp\/v2\/pages\/32"}],"wp:featuredmedia":[{"embeddable":true,"href":"https:\/\/acarkereste.com\/index.php?rest_route=\/wp\/v2\/media\/3796"}],"wp:attachment":[{"href":"https:\/\/acarkereste.com\/index.php?rest_route=%2Fwp%2Fv2%2Fmedia&parent=3776"}],"curies":[{"name":"wp","href":"https:\/\/api.w.org\/{rel}","templated":true}]}}