{"id":3624,"date":"2020-08-26T16:36:52","date_gmt":"2020-08-26T13:36:52","guid":{"rendered":"https:\/\/acarkereste.com\/?page_id=3624"},"modified":"2025-09-26T03:35:38","modified_gmt":"2025-09-26T00:35:38","slug":"cerez-politikasi","status":"publish","type":"page","link":"https:\/\/acarkereste.com\/?page_id=3624","title":{"rendered":"\u00c7erez Politikas\u0131"},"content":{"rendered":"<h1 style=\"text-align: left;\">\u00c7erez (Cookie) Politikas\u0131<\/h1>\n<p style=\"text-align: left;\">www.acarormanurunleri.com.tr ve mobil uygulamalar\u0131nda (t\u00fcm\u00fc birlikte \u201cPlatform\u201d olarak an\u0131lacakt\u0131r) muhtelif t\u00fcrde \u00e7erezler kullan\u0131lmaktad\u0131r. Bunlar oturum \u00e7erezleri, kal\u0131c\u0131 \u00e7erezler, teknik \u00e7erezler, otantikasyon \u00e7erezleri, flash \u00e7erezler, ki\u015fiselle\u015ftirilme \u00e7erezleri, analtik \u00e7erezler ve \u00fc\u00e7\u00fcnc\u00fc parti \u00e7erezleri gibi tan\u0131mlama bilgileridir. \u00c7erez kullan\u0131lmas\u0131n\u0131 tercih etmezseniz taray\u0131c\u0131n\u0131z\u0131n ayarlar\u0131ndan \u00e7erez\u2019leri silebilir ya da engelleyebilirsiniz. Ancak Platform\u2019un kullan\u0131m\u0131n\u0131 etkileyebilece\u011fini hat\u0131rlatmak isteriz. Taray\u0131c\u0131n\u0131zdan \u00e7erez ayarlar\u0131n\u0131z\u0131 de\u011fi\u015ftirmedi\u011finiz s\u00fcrece bu Platform\u2019da \u00e7erez kullan\u0131m\u0131n\u0131 kabul etti\u011finiz varsay\u0131lacakt\u0131r. Toplanan verilerle ilgili d\u00fczenlemelere internet sitemizde ve uygulamam\u0131zda yer alan Gizlilik \u0130lkeleri Metni\u2019nden ula\u015fabilirsiniz.<\/p>\n<h1 style=\"text-align: left;\">Platform\u2019da Kullan\u0131lan \u00c7erezler<\/h1>\n<h4 style=\"text-align: left;\">\u00c7erez Nedir ve Neden Kullan\u0131lmaktad\u0131r?<\/h4>\n<p style=\"text-align: left;\">\u00c7erezler, ziyaret etti\u011finiz internet siteleri taraf\u0131ndan taray\u0131c\u0131lar arac\u0131l\u0131\u011f\u0131yla cihaz\u0131n\u0131za veya a\u011f sunucusuna depolanan k\u00fc\u00e7\u00fck metin dosyalar\u0131d\u0131r. \u00c7erezler konusunda daha detayl\u0131 bilgi almak i\u00e7in:\u00a0<a href=\"http:\/\/www.aboutcookies.org\/\">http:\/\/www.aboutcookies.org\/<\/a>\u00a0ve\u00a0<a href=\"http:\/\/www.allaboutcookies.org\/\">http:\/\/www.allaboutcookies.org\/<\/a> adreslerini ziyaret edebilirsiniz. Platform\u2019da \u00e7erez kullan\u0131lmas\u0131n\u0131n ba\u015fl\u0131ca ama\u00e7lar\u0131 a\u015fa\u011f\u0131daki gibidir: Platform\u2019un i\u015flevselli\u011fini ve performans\u0131n\u0131 artt\u0131rarak sizlere sunulan hizmetleri geli\u015ftirmek. Platform\u2019u iyile\u015ftirmek ve Platform \u00fczerinden yeni \u00f6zellikler sunmak ve sunulan \u00f6zellikleri sizlerin tercihlerine g\u00f6re ki\u015fiselle\u015ftirmek. Platform\u2019un, sizin ve Acar Orman \u00dcr\u00fcnleri Kurulu\u015flar\u0131\u2019n\u0131n hukuki ve ticari g\u00fcvenli\u011finin teminini sa\u011flamak.<\/p>\n<h4 style=\"text-align: left;\">Platform\u2019da Kullan\u0131lan \u00c7erezlerin S\u00fcreleri<\/h4>\n<h4 style=\"text-align: left;\">Oturum \u00c7erezleri<\/h4>\n<p style=\"text-align: left;\"><strong>(Session Cookies)<\/strong><\/p>\n<p style=\"text-align: left;\">Oturum \u00e7erezleri ziyaret\u00e7ilerimizin Platform\u2019u ziyaretleri s\u00fcresince kullan\u0131lan, taray\u0131c\u0131 kapat\u0131ld\u0131ktan sonra silinen ge\u00e7ici \u00e7erezlerdir. Bu t\u00fcr \u00e7erezlerin kullan\u0131lmas\u0131n\u0131n temel amac\u0131 ziyaretiniz s\u00fcresince Platform\u2019un d\u00fczg\u00fcn bir bi\u00e7imde \u00e7al\u0131\u015fmas\u0131n\u0131n teminini sa\u011flamakt\u0131r. \u00d6rne\u011fin; birden fazla sayfadan olu\u015fan \u00e7evrimi\u00e7i formlar\u0131 doldurman\u0131z sa\u011flanmaktad\u0131r.<\/p>\n<h4 style=\"text-align: left;\">Kal\u0131c\u0131 \u00c7erezler<\/h4>\n<p style=\"text-align: left;\"><strong>(Persisten Cookies)<\/strong><\/p>\n<p style=\"text-align: left;\">Kal\u0131c\u0131 \u00e7erezler Platform\u2019un i\u015flevselli\u011fini art\u0131rmak, ziyaret\u00e7ilerimize daha h\u0131zl\u0131 ve iyi bir hizmet sunmak amac\u0131yla kullan\u0131lan \u00e7erez t\u00fcrleridir. Bu t\u00fcr \u00e7erezler tercihlerinizi hat\u0131rlamak i\u00e7in kullan\u0131l\u0131r ve taray\u0131c\u0131lar vas\u0131tas\u0131yla cihaz\u0131n\u0131zda depolan\u0131r. Kal\u0131c\u0131 \u00e7erezlerin baz\u0131 t\u00fcrleri; Platform\u2019u kullan\u0131m amac\u0131n\u0131z gibi hususlar g\u00f6z \u00f6n\u00fcnde bulundurarak sizlere \u00f6zel \u00f6neriler sunulmas\u0131 i\u00e7in kullan\u0131labilmektedir. Kal\u0131c\u0131 \u00e7erezler sayesinde Platform\u2019u ayn\u0131 cihazla tekrardan ziyaret etmeniz durumunda, cihaz\u0131n\u0131zda Platform taraf\u0131ndan olu\u015fturulmu\u015f bir \u00e7erez olup olmad\u0131\u011f\u0131 kontrol edilir ve var ise, sizin Platform\u2019u daha \u00f6nce ziyaret etti\u011finiz anla\u015f\u0131l\u0131r ve size iletilecek i\u00e7erik bu do\u011frultuda belirlenir ve b\u00f6ylelikle sizlere daha iyi bir hizmet sunulur.<\/p>\n<h4 style=\"text-align: left;\">Platformlarda Kullan\u0131lan \u00c7erezlerin Kategorileri<\/h4>\n<h4 style=\"text-align: left;\">Teknik \u00c7erezler<\/h4>\n<p style=\"text-align: left;\"><strong>(Technical Cookies)<\/strong><\/p>\n<p style=\"text-align: left;\">Teknik \u00e7erezler ile Platform\u2019un \u00e7al\u0131\u015fmas\u0131n\u0131n sa\u011flanmakta, Platform\u2019un \u00e7al\u0131\u015fmayan sayfalar\u0131 ve alanlar\u0131 tespit edilmektedir.<\/p>\n<h4 style=\"text-align: left;\">Otantikasyon \u00c7erezleri<\/h4>\n<p style=\"text-align: left;\"><strong>(Authentication Cookies)<\/strong><\/p>\n<p style=\"text-align: left;\">Ziyaret\u00e7iler, \u015fifrelerini kullanarak Platform\u2019a giri\u015f yapmalar\u0131 durumunda, bu t\u00fcr \u00e7erezler ile, ziyaret\u00e7inin Platform\u2019da ziyaret etti\u011fi her bir sayfada Platform kullan\u0131c\u0131s\u0131 oldu\u011fu belirlenerek, kullan\u0131c\u0131n\u0131n her sayfada \u015fifresini yeniden girmesi \u00f6nlenir.<\/p>\n<h4 style=\"text-align: left;\">Flash \u00c7erezleri<\/h4>\n<p style=\"text-align: left;\"><strong><i>(<\/i>Flash Cookies)<\/strong><\/p>\n<p style=\"text-align: left;\">Platform\u2019da yer alan g\u00f6r\u00fcnt\u00fc veya ses i\u00e7eriklerini etkinle\u015ftirmek i\u00e7in kullan\u0131lan \u00e7erez t\u00fcrleridir.<\/p>\n<h4 style=\"text-align: left;\">Ki\u015fiselle\u015ftirme \u00c7erezleri<\/h4>\n<p style=\"text-align: left;\"><strong>(Customization Cookies)<\/strong><\/p>\n<p style=\"text-align: left;\">Kullan\u0131c\u0131lar\u0131n tercihlerini farkl\u0131 internet sitesinin farkl\u0131 sayfalar\u0131n\u0131 ziyarette de hat\u0131rlamak i\u00e7in kullan\u0131lan \u00e7erezlerdir. \u00d6rne\u011fin, se\u00e7mi\u015f oldu\u011funuz dil tercihinizin hat\u0131rlanmas\u0131.<\/p>\n<h4 style=\"text-align: left;\">Analitik \u00c7erezler<\/h4>\n<p style=\"text-align: left;\"><strong>(Analytical Cookies)<\/strong><\/p>\n<p style=\"text-align: left;\">Analitik \u00e7erezler ile Platform\u2019u ziyaret edenlerin say\u0131lar\u0131, Platform\u2019da g\u00f6r\u00fcnt\u00fclenen sayfalar\u0131n tespiti, Platform ziyaret saatleri, sayfa kayd\u0131rma hareketleri gibi analitik sonu\u00e7lar\u0131n \u00fcretimini sa\u011flayan \u00e7erezlerdir.<\/p>\n<h1 style=\"text-align: left;\">\u00c7erez A\u00e7\u0131klama, S\u00fcre ve Tercihler<\/h1>\n<h4 style=\"text-align: left;\">Analitik \u00c7erezler<\/h4>\n<h4 style=\"text-align: left;\">Reklam<\/h4>\n<p style=\"text-align: left;\">Davran\u0131\u015fsal ve hedef odakl\u0131 reklamlar\u0131n ziyaret\u00e7ilere g\u00f6sterilmesi amac\u0131yla kullan\u0131lmaktad\u0131r. \u00c7erezin ilk kurulumundan ya da son g\u00fcncellenmesinden itibaren 6 ay Taray\u0131c\u0131 ayarlar\u0131 arac\u0131\u011f\u0131yla kabul etmek ya da reddetmek m\u00fcmk\u00fcn\u00fcd\u00fcr.<\/p>\n<h4 style=\"text-align: left;\">Pazar Analizi<\/h4>\n<p style=\"text-align: left;\">Pazar analizi y\u00fcr\u00fct\u00fclmesi amac\u0131yla kullan\u0131lmaktad\u0131r. \u00c7erezin ilk kurulumundan ya da son g\u00fcncellenmesinden itibaren 360 g\u00fcn Taray\u0131c\u0131 ayarlar\u0131 arac\u0131\u011f\u0131yla kabul etmek ya da reddetmek m\u00fcmk\u00fcn\u00fcd\u00fcr.<\/p>\n<h4 style=\"text-align: left;\">Kampanya\/ Promosyon<\/h4>\n<p style=\"text-align: left;\">Kampanyalar\u0131n etkisinin hesaplanmas\u0131 i\u00e7in kullan\u0131lmaktad\u0131r. \u00c7erezin ilk kurulumundan ya da son g\u00fcncellenmesinden itibaren 360 g\u00fcn Taray\u0131c\u0131 ayarlar\u0131 arac\u0131\u011f\u0131yla kabul etmek ya da reddetmek m\u00fcmk\u00fcn\u00fcd\u00fcr.<\/p>\n<h4 style=\"text-align: left;\">Facebook<\/h4>\n<p style=\"text-align: left;\">Bu t\u00fcr \u00e7erezler, Facebook \u00fcyelerinin (veya \u00fcye olmayan ki\u015filerin) pazar analizi ve \u00fcr\u00fcn geli\u015fimi amac\u0131yla izlenmesini sa\u011flar. \u00c7erezin ilk kurulumundan ya da son g\u00fcncellenmesinden itibaren 360 g\u00fcn Taray\u0131c\u0131 ayarlar\u0131 arac\u0131\u011f\u0131yla kabul etmek ya da reddetmek m\u00fcmk\u00fcn\u00fcd\u00fcr.<\/p>\n<h4 style=\"text-align: left;\">Google Analitikleri<\/h4>\n<p style=\"text-align: left;\">Bu t\u00fc \u00e7erezler t\u00fcm istatistiksel verilerin toplanmas\u0131n\u0131, bu \u015fekilde Platform\u2019un sunumunun ve kullan\u0131m\u0131n\u0131n geli\u015ftirilmesini sa\u011flar. Google, bu istatistiklere toplumsal istatistikler ve ilgilere ili\u015fkin veriler eklemek suretiyle, kullan\u0131c\u0131lar\u0131 daha iyi anlamam\u0131z\u0131 sa\u011flar. Platform\u2019da, Google Analitik \u00e7erezleri kullanmaktad\u0131r. S\u00f6z konusu \u00e7erezler ile toplanan veriler, ABD\u2019de bulunan Google sunucular\u0131na aktar\u0131lmakta ve s\u00f6z konusu veriler Google\u2019\u0131n veri koruma ilkeleri ile uyumlu olarak muhafaza edilmektedir. \u0130ngiltere&#8217;nin En \u0130yi Vape Ma\u011fazan\u0131zda, pop\u00fcler markalar da dahil olmak \u00fczere g\u00fcvenilir markalar\u0131n \u00f6zenle se\u00e7ilmi\u015f bir se\u00e7kisini sunuyoruz <a href=\"https:\/\/www.randmtornadokaufen.de\/\">tornado vape<\/a>.<\/p>\n<h4 style=\"text-align: left;\">\u00c7erezlerin Kontrol\u00fc<\/h4>\n<h4 style=\"text-align: left;\">Kaynak Site<\/h4>\n<p style=\"text-align: left;\">Kaynak site kullan\u0131c\u0131lar\u0131n tercihlerini daha iyi anlamak ve ilgili i\u00e7erikler sunmak i\u00e7in kullan\u0131l\u0131r. \u00c7erezin ilk kurulumundan ya da son g\u00fcncellenmesinden itibaren 360 g\u00fcn Taray\u0131c\u0131 ayarlar\u0131 arac\u0131\u011f\u0131yla kabul etmek ya da reddetmek m\u00fcmk\u00fcn\u00fcd\u00fcr.<\/p>\n<h4 style=\"text-align: left;\">Son Ziyaret ve Hareket<\/h4>\n<p style=\"text-align: left;\">Kullan\u0131c\u0131lara Platform\u2019u son ziyaretlerinden itibaren neler de\u011fi\u015fti\u011fine ili\u015fkin g\u00fcncellemelerde bulunmak ve kullan\u0131c\u0131lar\u0131n tercihlerini daha iyi anlamak i\u00e7in kullan\u0131l\u0131r. \u00c7erezin ilk kurulumundan ya da son g\u00fcncellenmesinden itibaren 360 g\u00fcn Taray\u0131c\u0131 ayarlar\u0131 arac\u0131\u011f\u0131yla kabul etmek ya da reddetmek m\u00fcmk\u00fcn\u00fcd\u00fcr.<\/p>\n<h4 style=\"text-align: left;\">Teknik \u00c7erezler<\/h4>\n<h4 style=\"text-align: left;\">Oturum<\/h4>\n<p style=\"text-align: left;\">Oturum \u00e7erezleri oturumun s\u00fcreklili\u011finin sa\u011flanmas\u0131 amac\u0131yla kullan\u0131l\u0131r. \u00c7erezin ilk kurulumundan ya da son g\u00fcncellenmesinden itibaren 90 g\u00fcn Taray\u0131c\u0131 ayarlar\u0131 arac\u0131\u011f\u0131yla kabul etmek ya da reddetmek m\u00fcmk\u00fcn\u00fcd\u00fcr.<\/p>\n<h4 style=\"text-align: left;\">Otantikasyon \u00c7erezleri<\/h4>\n<h4 style=\"text-align: left;\">Kullan\u0131c\u0131 Kimli\u011fi<\/h4>\n<p style=\"text-align: left;\">Kullan\u0131c\u0131 kimli\u011fi \u00e7erezler, kullan\u0131c\u0131lar\u0131n yaln\u0131zca kendi bilgilerini g\u00f6rmeleri i\u00e7in kullan\u0131l\u0131r. \u00c7erezin ilk kurulumundan ya da son g\u00fcncellenmesinden itibaren 360 g\u00fcn Taray\u0131c\u0131 ayarlar\u0131 arac\u0131\u011f\u0131yla kabul etmek ya da reddetmek m\u00fcmk\u00fcnd\u00fcr.<\/p>\n<h4 style=\"text-align: left;\">\u00c7erezlerin Kullan\u0131m\u0131 Veri Sahipleri Taraf\u0131ndan Engellenebilir mi?<\/h4>\n<p style=\"text-align: left;\">Taray\u0131c\u0131n\u0131z\u0131n ayarlar\u0131n\u0131 de\u011fi\u015ftirerek \u00e7erezlere ili\u015fkin tercihlerinizi ki\u015fiselle\u015ftirme imkan\u0131na sahipsiniz. \u00c7erezleri devre d\u0131\u015f\u0131 b\u0131rakman\u0131z halinde Platform\u2019un baz\u0131 \u00f6zellikleri i\u015flevselli\u011fini kaybedebilir, Platform\u2019daki kullan\u0131c\u0131 deneyiminiz etkilenebilir veya Platform\u2019u ziyaret etti\u011finizde sizin i\u00e7in ki\u015fiselle\u015ftirilmi\u015f olan bilgilere ula\u015famayabilirsiniz. Platform\u2019u g\u00f6r\u00fcnt\u00fclemek i\u00e7in farkl\u0131 cihazlar kullan\u0131yorsan\u0131z (\u00f6rn. bilgisayar, ak\u0131ll\u0131 telefon, tablet vb.), bu cihazlar\u0131n her birindeki her taray\u0131c\u0131n\u0131n \u00e7erez tercihlerinize uygun \u015fekilde ayarlanm\u0131\u015f oldu\u011fundan emin olman\u0131z gerekir.<\/p>\n","protected":false},"excerpt":{"rendered":"<p>\u00c7erez (Cookie) Politikas\u0131 www.acarormanurunleri.com.tr ve mobil uygulamalar\u0131nda (t\u00fcm\u00fc birlikte \u201cPlatform\u201d olarak an\u0131lacakt\u0131r) muhtelif t\u00fcrde \u00e7erezler kullan\u0131lmaktad\u0131r. Bunlar oturum \u00e7erezleri, kal\u0131c\u0131 \u00e7erezler, teknik \u00e7erezler, otantikasyon \u00e7erezleri, flash \u00e7erezler, ki\u015fiselle\u015ftirilme \u00e7erezleri, analtik \u00e7erezler ve \u00fc\u00e7\u00fcnc\u00fc parti \u00e7erezleri gibi tan\u0131mlama bilgileridir. \u00c7erez kullan\u0131lmas\u0131n\u0131 tercih etmezseniz taray\u0131c\u0131n\u0131z\u0131n ayarlar\u0131ndan \u00e7erez\u2019leri silebilir ya da engelleyebilirsiniz. Ancak Platform\u2019un kullan\u0131m\u0131n\u0131 etkileyebilece\u011fini hat\u0131rlatmak isteriz. [&hellip;]<\/p>\n","protected":false},"author":14,"featured_media":0,"parent":0,"menu_order":25,"comment_status":"closed","ping_status":"closed","template":"","meta":{"_joinchat":[],"footnotes":""},"class_list":["post-3624","page","type-page","status-publish","hentry"],"acf":[],"yoast_head":"<!-- This site is optimized with the Yoast SEO plugin v23.0 - https:\/\/yoast.com\/wordpress\/plugins\/seo\/ -->\n<title>\u00c7erez Politikas\u0131 - Acar Orman \u00dcr\u00fcnleri<\/title>\n<meta name=\"description\" content=\"\u00c7erezler, ziyaret etti\u011finiz internet siteleri taraf\u0131ndan taray\u0131c\u0131lar ile cihaz\u0131n\u0131za veya a\u011f sunucusuna depolanan k\u00fc\u00e7\u00fck metin dosyalar\u0131d\u0131r.\" \/>\n<meta name=\"robots\" content=\"index, follow, max-snippet:-1, max-image-preview:large, max-video-preview:-1\" \/>\n<link rel=\"canonical\" href=\"https:\/\/acarkereste.com\/?page_id=3624\" \/>\n<meta property=\"og:locale\" content=\"tr_TR\" \/>\n<meta property=\"og:type\" content=\"article\" \/>\n<meta property=\"og:title\" content=\"\u00c7erez Politikas\u0131 - Acar Orman \u00dcr\u00fcnleri\" \/>\n<meta property=\"og:description\" content=\"\u00c7erezler, ziyaret etti\u011finiz internet siteleri taraf\u0131ndan taray\u0131c\u0131lar ile cihaz\u0131n\u0131za veya a\u011f sunucusuna depolanan k\u00fc\u00e7\u00fck metin dosyalar\u0131d\u0131r.\" \/>\n<meta property=\"og:url\" content=\"https:\/\/acarkereste.com\/?page_id=3624\" \/>\n<meta property=\"og:site_name\" content=\"Acar Orman\" \/>\n<meta property=\"article:modified_time\" content=\"2025-09-26T00:35:38+00:00\" \/>\n<meta name=\"twitter:label1\" content=\"Tahmini okuma s\u00fcresi\" \/>\n\t<meta name=\"twitter:data1\" content=\"6 dakika\" \/>\n<script type=\"application\/ld+json\" class=\"yoast-schema-graph\">{\"@context\":\"https:\/\/schema.org\",\"@graph\":[{\"@type\":\"WebPage\",\"@id\":\"https:\/\/acarkereste.com\/?page_id=3624\",\"url\":\"https:\/\/acarkereste.com\/?page_id=3624\",\"name\":\"\u00c7erez Politikas\u0131 - Acar Orman \u00dcr\u00fcnleri\",\"isPartOf\":{\"@id\":\"https:\/\/acarkereste.com\/#website\"},\"datePublished\":\"2020-08-26T13:36:52+00:00\",\"dateModified\":\"2025-09-26T00:35:38+00:00\",\"description\":\"\u00c7erezler, ziyaret etti\u011finiz internet siteleri taraf\u0131ndan taray\u0131c\u0131lar ile cihaz\u0131n\u0131za veya a\u011f sunucusuna depolanan k\u00fc\u00e7\u00fck metin dosyalar\u0131d\u0131r.\",\"breadcrumb\":{\"@id\":\"https:\/\/acarkereste.com\/?page_id=3624#breadcrumb\"},\"inLanguage\":\"tr\",\"potentialAction\":[{\"@type\":\"ReadAction\",\"target\":[\"https:\/\/acarkereste.com\/?page_id=3624\"]}]},{\"@type\":\"BreadcrumbList\",\"@id\":\"https:\/\/acarkereste.com\/?page_id=3624#breadcrumb\",\"itemListElement\":[{\"@type\":\"ListItem\",\"position\":1,\"name\":\"Ana Sayfa\",\"item\":\"https:\/\/acarkereste.com\/\"},{\"@type\":\"ListItem\",\"position\":2,\"name\":\"\u00c7erez Politikas\u0131\"}]},{\"@type\":\"WebSite\",\"@id\":\"https:\/\/acarkereste.com\/#website\",\"url\":\"https:\/\/acarkereste.com\/\",\"name\":\"Acar Orman\",\"description\":\"Lambri &amp; Kereste \u00dcr\u00fcnleri\",\"publisher\":{\"@id\":\"https:\/\/acarkereste.com\/#organization\"},\"potentialAction\":[{\"@type\":\"SearchAction\",\"target\":{\"@type\":\"EntryPoint\",\"urlTemplate\":\"https:\/\/acarkereste.com\/?s={search_term_string}\"},\"query-input\":\"required name=search_term_string\"}],\"inLanguage\":\"tr\"},{\"@type\":\"Organization\",\"@id\":\"https:\/\/acarkereste.com\/#organization\",\"name\":\"G\u00fcner Oto\",\"url\":\"https:\/\/acarkereste.com\/\",\"logo\":{\"@type\":\"ImageObject\",\"inLanguage\":\"tr\",\"@id\":\"https:\/\/acarkereste.com\/#\/schema\/logo\/image\/\",\"url\":\"\",\"contentUrl\":\"\",\"caption\":\"G\u00fcner Oto\"},\"image\":{\"@id\":\"https:\/\/acarkereste.com\/#\/schema\/logo\/image\/\"}}]}<\/script>\n<!-- \/ Yoast SEO plugin. -->","yoast_head_json":{"title":"\u00c7erez Politikas\u0131 - Acar Orman \u00dcr\u00fcnleri","description":"\u00c7erezler, ziyaret etti\u011finiz internet siteleri taraf\u0131ndan taray\u0131c\u0131lar ile cihaz\u0131n\u0131za veya a\u011f sunucusuna depolanan k\u00fc\u00e7\u00fck metin dosyalar\u0131d\u0131r.","robots":{"index":"index","follow":"follow","max-snippet":"max-snippet:-1","max-image-preview":"max-image-preview:large","max-video-preview":"max-video-preview:-1"},"canonical":"https:\/\/acarkereste.com\/?page_id=3624","og_locale":"tr_TR","og_type":"article","og_title":"\u00c7erez Politikas\u0131 - Acar Orman \u00dcr\u00fcnleri","og_description":"\u00c7erezler, ziyaret etti\u011finiz internet siteleri taraf\u0131ndan taray\u0131c\u0131lar ile cihaz\u0131n\u0131za veya a\u011f sunucusuna depolanan k\u00fc\u00e7\u00fck metin dosyalar\u0131d\u0131r.","og_url":"https:\/\/acarkereste.com\/?page_id=3624","og_site_name":"Acar Orman","article_modified_time":"2025-09-26T00:35:38+00:00","twitter_misc":{"Tahmini okuma s\u00fcresi":"6 dakika"},"schema":{"@context":"https:\/\/schema.org","@graph":[{"@type":"WebPage","@id":"https:\/\/acarkereste.com\/?page_id=3624","url":"https:\/\/acarkereste.com\/?page_id=3624","name":"\u00c7erez Politikas\u0131 - Acar Orman \u00dcr\u00fcnleri","isPartOf":{"@id":"https:\/\/acarkereste.com\/#website"},"datePublished":"2020-08-26T13:36:52+00:00","dateModified":"2025-09-26T00:35:38+00:00","description":"\u00c7erezler, ziyaret etti\u011finiz internet siteleri taraf\u0131ndan taray\u0131c\u0131lar ile cihaz\u0131n\u0131za veya a\u011f sunucusuna depolanan k\u00fc\u00e7\u00fck metin dosyalar\u0131d\u0131r.","breadcrumb":{"@id":"https:\/\/acarkereste.com\/?page_id=3624#breadcrumb"},"inLanguage":"tr","potentialAction":[{"@type":"ReadAction","target":["https:\/\/acarkereste.com\/?page_id=3624"]}]},{"@type":"BreadcrumbList","@id":"https:\/\/acarkereste.com\/?page_id=3624#breadcrumb","itemListElement":[{"@type":"ListItem","position":1,"name":"Ana Sayfa","item":"https:\/\/acarkereste.com\/"},{"@type":"ListItem","position":2,"name":"\u00c7erez Politikas\u0131"}]},{"@type":"WebSite","@id":"https:\/\/acarkereste.com\/#website","url":"https:\/\/acarkereste.com\/","name":"Acar Orman","description":"Lambri &amp; Kereste \u00dcr\u00fcnleri","publisher":{"@id":"https:\/\/acarkereste.com\/#organization"},"potentialAction":[{"@type":"SearchAction","target":{"@type":"EntryPoint","urlTemplate":"https:\/\/acarkereste.com\/?s={search_term_string}"},"query-input":"required name=search_term_string"}],"inLanguage":"tr"},{"@type":"Organization","@id":"https:\/\/acarkereste.com\/#organization","name":"G\u00fcner Oto","url":"https:\/\/acarkereste.com\/","logo":{"@type":"ImageObject","inLanguage":"tr","@id":"https:\/\/acarkereste.com\/#\/schema\/logo\/image\/","url":"","contentUrl":"","caption":"G\u00fcner Oto"},"image":{"@id":"https:\/\/acarkereste.com\/#\/schema\/logo\/image\/"}}]}},"_links":{"self":[{"href":"https:\/\/acarkereste.com\/index.php?rest_route=\/wp\/v2\/pages\/3624","targetHints":{"allow":["GET"]}}],"collection":[{"href":"https:\/\/acarkereste.com\/index.php?rest_route=\/wp\/v2\/pages"}],"about":[{"href":"https:\/\/acarkereste.com\/index.php?rest_route=\/wp\/v2\/types\/page"}],"author":[{"embeddable":true,"href":"https:\/\/acarkereste.com\/index.php?rest_route=\/wp\/v2\/users\/14"}],"replies":[{"embeddable":true,"href":"https:\/\/acarkereste.com\/index.php?rest_route=%2Fwp%2Fv2%2Fcomments&post=3624"}],"version-history":[{"count":3,"href":"https:\/\/acarkereste.com\/index.php?rest_route=\/wp\/v2\/pages\/3624\/revisions"}],"predecessor-version":[{"id":4525,"href":"https:\/\/acarkereste.com\/index.php?rest_route=\/wp\/v2\/pages\/3624\/revisions\/4525"}],"wp:attachment":[{"href":"https:\/\/acarkereste.com\/index.php?rest_route=%2Fwp%2Fv2%2Fmedia&parent=3624"}],"curies":[{"name":"wp","href":"https:\/\/api.w.org\/{rel}","templated":true}]}}