{"id":3622,"date":"2020-08-26T16:35:06","date_gmt":"2020-08-26T13:35:06","guid":{"rendered":"https:\/\/acarkereste.com\/?page_id=3622"},"modified":"2020-08-26T16:35:06","modified_gmt":"2020-08-26T13:35:06","slug":"bilgi-guvenligi","status":"publish","type":"page","link":"https:\/\/acarkereste.com\/?page_id=3622","title":{"rendered":"Bilgi G\u00fcvenli\u011fi"},"content":{"rendered":"<h1 style=\"text-align: left;\"><b>Bilgi G\u00fcvenli\u011fi<\/b><\/h1>\n<p style=\"text-align: left;\">Acar Orman \u00dcr\u00fcnleri, faaliyetleri s\u0131ras\u0131nda;<\/p>\n<p style=\"text-align: left;\">Bilgi G\u00fcvenli\u011fi Y\u00f6netim Sistemi \u015fartlar\u0131na uymay\u0131,<\/p>\n<p style=\"text-align: left;\">Bilgi G\u00fcvenli\u011fi ile ilgili t\u00fcm yasal mevzuata uyum sa\u011flamay\u0131,<\/p>\n<p style=\"text-align: left;\">Bilgi Varl\u0131klar\u0131na ili\u015fkin riskleri tespit etmeyi ve y\u00f6netmeyi, gerekli aksiyonlar\u0131 almay\u0131, bilginin korunmas\u0131 i\u00e7in s\u00fcrekli iyile\u015ftirme anlay\u0131\u015f\u0131 ile \u00e7al\u0131\u015fmalar yapmay\u0131,<\/p>\n<p style=\"text-align: left;\">Bilgi G\u00fcvenli\u011fi Y\u00f6netim Sistemi Kapsam\u0131nda yer alan t\u00fcm s\u00fcre\u00e7lerde ve varl\u0131klarda gizlilik, b\u00fct\u00fcnl\u00fck ve eri\u015febilirlik prensiplerine uymay\u0131,<\/p>\n<p style=\"text-align: left;\">\u00c7al\u0131\u015fanlar\u0131n, tedarik\u00e7ilerin, m\u00fc\u015fterilerin ve kamuoyu nezdindeki itibar ve marka de\u011ferimizin korunmas\u0131 amac\u0131yla ger\u00e7ekle\u015ftirdi\u011fimiz faaliyetlerde olu\u015fan bilginin gizlili\u011fini, b\u00fct\u00fcnl\u00fc\u011f\u00fcn\u00fc ve eri\u015filebilirli\u011fini sa\u011flamay\u0131,<\/p>\n<p style=\"text-align: left;\">Bilgi G\u00fcvenli\u011fi Y\u00f6netim Sisteminin fark\u0131ndal\u0131\u011f\u0131n\u0131n olu\u015fmas\u0131 i\u00e7in e\u011fitim ve bilgilendirme faaliyetlerinde bulunmay\u0131,<\/p>\n<p style=\"text-align: left;\">Bilgi G\u00fcvenli\u011fi Y\u00f6netim Sistemini s\u00fcrekli yenilemeyi ve iyile\u015ftirmelerde bulunmay\u0131 taahh\u00fct eder.<\/p>\n","protected":false},"excerpt":{"rendered":"<p>Bilgi G\u00fcvenli\u011fi Acar Orman \u00dcr\u00fcnleri, faaliyetleri s\u0131ras\u0131nda; Bilgi G\u00fcvenli\u011fi Y\u00f6netim Sistemi \u015fartlar\u0131na uymay\u0131, Bilgi G\u00fcvenli\u011fi ile ilgili t\u00fcm yasal mevzuata uyum sa\u011flamay\u0131, Bilgi Varl\u0131klar\u0131na ili\u015fkin riskleri tespit etmeyi ve y\u00f6netmeyi, gerekli aksiyonlar\u0131 almay\u0131, bilginin korunmas\u0131 i\u00e7in s\u00fcrekli iyile\u015ftirme anlay\u0131\u015f\u0131 ile \u00e7al\u0131\u015fmalar yapmay\u0131, Bilgi G\u00fcvenli\u011fi Y\u00f6netim Sistemi Kapsam\u0131nda yer alan t\u00fcm s\u00fcre\u00e7lerde ve varl\u0131klarda gizlilik, b\u00fct\u00fcnl\u00fck [&hellip;]<\/p>\n","protected":false},"author":14,"featured_media":0,"parent":0,"menu_order":24,"comment_status":"closed","ping_status":"closed","template":"","meta":{"_joinchat":[],"footnotes":""},"class_list":["post-3622","page","type-page","status-publish","hentry"],"acf":[],"yoast_head":"<!-- This site is optimized with the Yoast SEO plugin v23.0 - https:\/\/yoast.com\/wordpress\/plugins\/seo\/ -->\n<title>Bilgi G\u00fcvenli\u011fi - Acar Orman \u00dcr\u00fcnleri<\/title>\n<meta name=\"description\" content=\"Bilgi G\u00fcvenli\u011fi Y\u00f6netim Sistemini s\u00fcrekli yenilemeyi ve iyile\u015ftirmelerde bulunmay\u0131 taahh\u00fct eder. Detayl\u0131 bilgi i\u00e7in t\u0131klay\u0131n.\" \/>\n<meta name=\"robots\" content=\"index, follow, max-snippet:-1, max-image-preview:large, max-video-preview:-1\" \/>\n<link rel=\"canonical\" href=\"https:\/\/acarkereste.com\/?page_id=3622\" \/>\n<meta property=\"og:locale\" content=\"tr_TR\" \/>\n<meta property=\"og:type\" content=\"article\" \/>\n<meta property=\"og:title\" content=\"Bilgi G\u00fcvenli\u011fi - Acar Orman \u00dcr\u00fcnleri\" \/>\n<meta property=\"og:description\" content=\"Bilgi G\u00fcvenli\u011fi Y\u00f6netim Sistemini s\u00fcrekli yenilemeyi ve iyile\u015ftirmelerde bulunmay\u0131 taahh\u00fct eder. Detayl\u0131 bilgi i\u00e7in t\u0131klay\u0131n.\" \/>\n<meta property=\"og:url\" content=\"https:\/\/acarkereste.com\/?page_id=3622\" \/>\n<meta property=\"og:site_name\" content=\"Acar Orman\" \/>\n<meta name=\"twitter:label1\" content=\"Tahmini okuma s\u00fcresi\" \/>\n\t<meta name=\"twitter:data1\" content=\"1 dakika\" \/>\n<script type=\"application\/ld+json\" class=\"yoast-schema-graph\">{\"@context\":\"https:\/\/schema.org\",\"@graph\":[{\"@type\":\"WebPage\",\"@id\":\"https:\/\/acarkereste.com\/?page_id=3622\",\"url\":\"https:\/\/acarkereste.com\/?page_id=3622\",\"name\":\"Bilgi G\u00fcvenli\u011fi - Acar Orman \u00dcr\u00fcnleri\",\"isPartOf\":{\"@id\":\"https:\/\/acarkereste.com\/#website\"},\"datePublished\":\"2020-08-26T13:35:06+00:00\",\"dateModified\":\"2020-08-26T13:35:06+00:00\",\"description\":\"Bilgi G\u00fcvenli\u011fi Y\u00f6netim Sistemini s\u00fcrekli yenilemeyi ve iyile\u015ftirmelerde bulunmay\u0131 taahh\u00fct eder. Detayl\u0131 bilgi i\u00e7in t\u0131klay\u0131n.\",\"breadcrumb\":{\"@id\":\"https:\/\/acarkereste.com\/?page_id=3622#breadcrumb\"},\"inLanguage\":\"tr\",\"potentialAction\":[{\"@type\":\"ReadAction\",\"target\":[\"https:\/\/acarkereste.com\/?page_id=3622\"]}]},{\"@type\":\"BreadcrumbList\",\"@id\":\"https:\/\/acarkereste.com\/?page_id=3622#breadcrumb\",\"itemListElement\":[{\"@type\":\"ListItem\",\"position\":1,\"name\":\"Ana Sayfa\",\"item\":\"https:\/\/acarkereste.com\/\"},{\"@type\":\"ListItem\",\"position\":2,\"name\":\"Bilgi G\u00fcvenli\u011fi\"}]},{\"@type\":\"WebSite\",\"@id\":\"https:\/\/acarkereste.com\/#website\",\"url\":\"https:\/\/acarkereste.com\/\",\"name\":\"Acar Orman\",\"description\":\"Lambri &amp; Kereste \u00dcr\u00fcnleri\",\"publisher\":{\"@id\":\"https:\/\/acarkereste.com\/#organization\"},\"potentialAction\":[{\"@type\":\"SearchAction\",\"target\":{\"@type\":\"EntryPoint\",\"urlTemplate\":\"https:\/\/acarkereste.com\/?s={search_term_string}\"},\"query-input\":\"required name=search_term_string\"}],\"inLanguage\":\"tr\"},{\"@type\":\"Organization\",\"@id\":\"https:\/\/acarkereste.com\/#organization\",\"name\":\"G\u00fcner Oto\",\"url\":\"https:\/\/acarkereste.com\/\",\"logo\":{\"@type\":\"ImageObject\",\"inLanguage\":\"tr\",\"@id\":\"https:\/\/acarkereste.com\/#\/schema\/logo\/image\/\",\"url\":\"\",\"contentUrl\":\"\",\"caption\":\"G\u00fcner Oto\"},\"image\":{\"@id\":\"https:\/\/acarkereste.com\/#\/schema\/logo\/image\/\"}}]}<\/script>\n<!-- \/ Yoast SEO plugin. -->","yoast_head_json":{"title":"Bilgi G\u00fcvenli\u011fi - Acar Orman \u00dcr\u00fcnleri","description":"Bilgi G\u00fcvenli\u011fi Y\u00f6netim Sistemini s\u00fcrekli yenilemeyi ve iyile\u015ftirmelerde bulunmay\u0131 taahh\u00fct eder. Detayl\u0131 bilgi i\u00e7in t\u0131klay\u0131n.","robots":{"index":"index","follow":"follow","max-snippet":"max-snippet:-1","max-image-preview":"max-image-preview:large","max-video-preview":"max-video-preview:-1"},"canonical":"https:\/\/acarkereste.com\/?page_id=3622","og_locale":"tr_TR","og_type":"article","og_title":"Bilgi G\u00fcvenli\u011fi - Acar Orman \u00dcr\u00fcnleri","og_description":"Bilgi G\u00fcvenli\u011fi Y\u00f6netim Sistemini s\u00fcrekli yenilemeyi ve iyile\u015ftirmelerde bulunmay\u0131 taahh\u00fct eder. Detayl\u0131 bilgi i\u00e7in t\u0131klay\u0131n.","og_url":"https:\/\/acarkereste.com\/?page_id=3622","og_site_name":"Acar Orman","twitter_misc":{"Tahmini okuma s\u00fcresi":"1 dakika"},"schema":{"@context":"https:\/\/schema.org","@graph":[{"@type":"WebPage","@id":"https:\/\/acarkereste.com\/?page_id=3622","url":"https:\/\/acarkereste.com\/?page_id=3622","name":"Bilgi G\u00fcvenli\u011fi - Acar Orman \u00dcr\u00fcnleri","isPartOf":{"@id":"https:\/\/acarkereste.com\/#website"},"datePublished":"2020-08-26T13:35:06+00:00","dateModified":"2020-08-26T13:35:06+00:00","description":"Bilgi G\u00fcvenli\u011fi Y\u00f6netim Sistemini s\u00fcrekli yenilemeyi ve iyile\u015ftirmelerde bulunmay\u0131 taahh\u00fct eder. Detayl\u0131 bilgi i\u00e7in t\u0131klay\u0131n.","breadcrumb":{"@id":"https:\/\/acarkereste.com\/?page_id=3622#breadcrumb"},"inLanguage":"tr","potentialAction":[{"@type":"ReadAction","target":["https:\/\/acarkereste.com\/?page_id=3622"]}]},{"@type":"BreadcrumbList","@id":"https:\/\/acarkereste.com\/?page_id=3622#breadcrumb","itemListElement":[{"@type":"ListItem","position":1,"name":"Ana Sayfa","item":"https:\/\/acarkereste.com\/"},{"@type":"ListItem","position":2,"name":"Bilgi G\u00fcvenli\u011fi"}]},{"@type":"WebSite","@id":"https:\/\/acarkereste.com\/#website","url":"https:\/\/acarkereste.com\/","name":"Acar Orman","description":"Lambri &amp; Kereste \u00dcr\u00fcnleri","publisher":{"@id":"https:\/\/acarkereste.com\/#organization"},"potentialAction":[{"@type":"SearchAction","target":{"@type":"EntryPoint","urlTemplate":"https:\/\/acarkereste.com\/?s={search_term_string}"},"query-input":"required name=search_term_string"}],"inLanguage":"tr"},{"@type":"Organization","@id":"https:\/\/acarkereste.com\/#organization","name":"G\u00fcner Oto","url":"https:\/\/acarkereste.com\/","logo":{"@type":"ImageObject","inLanguage":"tr","@id":"https:\/\/acarkereste.com\/#\/schema\/logo\/image\/","url":"","contentUrl":"","caption":"G\u00fcner Oto"},"image":{"@id":"https:\/\/acarkereste.com\/#\/schema\/logo\/image\/"}}]}},"_links":{"self":[{"href":"https:\/\/acarkereste.com\/index.php?rest_route=\/wp\/v2\/pages\/3622","targetHints":{"allow":["GET"]}}],"collection":[{"href":"https:\/\/acarkereste.com\/index.php?rest_route=\/wp\/v2\/pages"}],"about":[{"href":"https:\/\/acarkereste.com\/index.php?rest_route=\/wp\/v2\/types\/page"}],"author":[{"embeddable":true,"href":"https:\/\/acarkereste.com\/index.php?rest_route=\/wp\/v2\/users\/14"}],"replies":[{"embeddable":true,"href":"https:\/\/acarkereste.com\/index.php?rest_route=%2Fwp%2Fv2%2Fcomments&post=3622"}],"version-history":[{"count":0,"href":"https:\/\/acarkereste.com\/index.php?rest_route=\/wp\/v2\/pages\/3622\/revisions"}],"wp:attachment":[{"href":"https:\/\/acarkereste.com\/index.php?rest_route=%2Fwp%2Fv2%2Fmedia&parent=3622"}],"curies":[{"name":"wp","href":"https:\/\/api.w.org\/{rel}","templated":true}]}}