{"id":3620,"date":"2020-08-26T16:27:05","date_gmt":"2020-08-26T13:27:05","guid":{"rendered":"https:\/\/acarkereste.com\/?page_id=3620"},"modified":"2020-08-26T16:29:25","modified_gmt":"2020-08-26T13:29:25","slug":"gizlilik-politikasi","status":"publish","type":"page","link":"https:\/\/acarkereste.com\/?page_id=3620","title":{"rendered":"Gizlilik Politikas\u0131"},"content":{"rendered":"<h1 style=\"text-align: left;\"><b>Gizlilik Politikas\u0131<\/b><\/h1>\n<p style=\"text-align: left;\">Acar Orman \u00dcr\u00fcnleri, al\u0131\u015fveri\u015f yaparken kullanm\u0131\u015f oldu\u011funuz ki\u015fisel bilgilerinizi (teslimat\/fatura adresleri, telefon numaralar\u0131, vs.) ba\u015fka kurum ve kurulu\u015flarla kesinlikle payla\u015fmayacakt\u0131r. Acar Orman \u00dcr\u00fcnleri, ki\u015fisel bilgileri kesinlikle \u00f6zel ve gizli tutmay\u0131; bunu bir s\u0131r saklama y\u00fck\u00fcml\u00fcl\u00fc\u011f\u00fc olarak addetmeyi ve gizlili\u011fin sa\u011flanmas\u0131 ve s\u00fcrd\u00fcr\u00fclmesi, gizli bilginin tamam\u0131n\u0131n veya herhangi bir k\u0131sm\u0131n\u0131n kamu alan\u0131na girmesini veya yetkisiz kullan\u0131m\u0131n\u0131 veya \u00fc\u00e7\u00fcnc\u00fc bir ki\u015fiye if\u015fas\u0131n\u0131 \u00f6nlemek i\u00e7in gerekli t\u00fcm tedbirleri almay\u0131 ve gerekli \u00f6zeni g\u00f6stermeyi taahh\u00fct etmektedir. Acar Orman \u00dcr\u00fcnleri\u2019nin y\u00fcr\u00fcrl\u00fckteki yasalar uyar\u0131nca ve idari, adli ve di\u011fer resmi makamlar\u0131n talebi \u00fczerine bu bilgileri kanunlar \u00e7er\u00e7evesinde if\u015fa etme hakk\u0131 sakl\u0131d\u0131r.<\/p>\n","protected":false},"excerpt":{"rendered":"<p>Gizlilik Politikas\u0131 Acar Orman \u00dcr\u00fcnleri, al\u0131\u015fveri\u015f yaparken kullanm\u0131\u015f oldu\u011funuz ki\u015fisel bilgilerinizi (teslimat\/fatura adresleri, telefon numaralar\u0131, vs.) ba\u015fka kurum ve kurulu\u015flarla kesinlikle payla\u015fmayacakt\u0131r. Acar Orman \u00dcr\u00fcnleri, ki\u015fisel bilgileri kesinlikle \u00f6zel ve gizli tutmay\u0131; bunu bir s\u0131r saklama y\u00fck\u00fcml\u00fcl\u00fc\u011f\u00fc olarak addetmeyi ve gizlili\u011fin sa\u011flanmas\u0131 ve s\u00fcrd\u00fcr\u00fclmesi, gizli bilginin tamam\u0131n\u0131n veya herhangi bir k\u0131sm\u0131n\u0131n kamu alan\u0131na girmesini veya [&hellip;]<\/p>\n","protected":false},"author":14,"featured_media":0,"parent":0,"menu_order":23,"comment_status":"closed","ping_status":"closed","template":"","meta":{"_joinchat":[],"footnotes":""},"class_list":["post-3620","page","type-page","status-publish","hentry"],"acf":[],"yoast_head":"<!-- This site is optimized with the Yoast SEO plugin v23.0 - https:\/\/yoast.com\/wordpress\/plugins\/seo\/ -->\n<title>Gizlilik Politikas\u0131 - Acar Orman \u00dcr\u00fcnleri<\/title>\n<meta name=\"description\" content=\"Acar Orman \u00dcr\u00fcnleri, al\u0131\u015fveri\u015f yaparken kullanm\u0131\u015f oldu\u011funuz ki\u015fisel bilgilerinizi ba\u015fka kurum ve kurulu\u015flarla kesinlikle payla\u015fmayacakt\u0131r.\" \/>\n<meta name=\"robots\" content=\"index, follow, max-snippet:-1, max-image-preview:large, max-video-preview:-1\" \/>\n<link rel=\"canonical\" href=\"https:\/\/acarkereste.com\/?page_id=3620\" \/>\n<meta property=\"og:locale\" content=\"tr_TR\" \/>\n<meta property=\"og:type\" content=\"article\" \/>\n<meta property=\"og:title\" content=\"Gizlilik Politikas\u0131 - Acar Orman \u00dcr\u00fcnleri\" \/>\n<meta property=\"og:description\" content=\"Acar Orman \u00dcr\u00fcnleri, al\u0131\u015fveri\u015f yaparken kullanm\u0131\u015f oldu\u011funuz ki\u015fisel bilgilerinizi ba\u015fka kurum ve kurulu\u015flarla kesinlikle payla\u015fmayacakt\u0131r.\" \/>\n<meta property=\"og:url\" content=\"https:\/\/acarkereste.com\/?page_id=3620\" \/>\n<meta property=\"og:site_name\" content=\"Acar Orman\" \/>\n<meta property=\"article:modified_time\" content=\"2020-08-26T13:29:25+00:00\" \/>\n<meta name=\"twitter:label1\" content=\"Tahmini okuma s\u00fcresi\" \/>\n\t<meta name=\"twitter:data1\" content=\"1 dakika\" \/>\n<script type=\"application\/ld+json\" class=\"yoast-schema-graph\">{\"@context\":\"https:\/\/schema.org\",\"@graph\":[{\"@type\":\"WebPage\",\"@id\":\"https:\/\/acarkereste.com\/?page_id=3620\",\"url\":\"https:\/\/acarkereste.com\/?page_id=3620\",\"name\":\"Gizlilik Politikas\u0131 - Acar Orman \u00dcr\u00fcnleri\",\"isPartOf\":{\"@id\":\"https:\/\/acarkereste.com\/#website\"},\"datePublished\":\"2020-08-26T13:27:05+00:00\",\"dateModified\":\"2020-08-26T13:29:25+00:00\",\"description\":\"Acar Orman \u00dcr\u00fcnleri, al\u0131\u015fveri\u015f yaparken kullanm\u0131\u015f oldu\u011funuz ki\u015fisel bilgilerinizi ba\u015fka kurum ve kurulu\u015flarla kesinlikle payla\u015fmayacakt\u0131r.\",\"breadcrumb\":{\"@id\":\"https:\/\/acarkereste.com\/?page_id=3620#breadcrumb\"},\"inLanguage\":\"tr\",\"potentialAction\":[{\"@type\":\"ReadAction\",\"target\":[\"https:\/\/acarkereste.com\/?page_id=3620\"]}]},{\"@type\":\"BreadcrumbList\",\"@id\":\"https:\/\/acarkereste.com\/?page_id=3620#breadcrumb\",\"itemListElement\":[{\"@type\":\"ListItem\",\"position\":1,\"name\":\"Ana Sayfa\",\"item\":\"https:\/\/acarkereste.com\/\"},{\"@type\":\"ListItem\",\"position\":2,\"name\":\"Gizlilik Politikas\u0131\"}]},{\"@type\":\"WebSite\",\"@id\":\"https:\/\/acarkereste.com\/#website\",\"url\":\"https:\/\/acarkereste.com\/\",\"name\":\"Acar Orman\",\"description\":\"Lambri &amp; Kereste \u00dcr\u00fcnleri\",\"publisher\":{\"@id\":\"https:\/\/acarkereste.com\/#organization\"},\"potentialAction\":[{\"@type\":\"SearchAction\",\"target\":{\"@type\":\"EntryPoint\",\"urlTemplate\":\"https:\/\/acarkereste.com\/?s={search_term_string}\"},\"query-input\":\"required name=search_term_string\"}],\"inLanguage\":\"tr\"},{\"@type\":\"Organization\",\"@id\":\"https:\/\/acarkereste.com\/#organization\",\"name\":\"G\u00fcner Oto\",\"url\":\"https:\/\/acarkereste.com\/\",\"logo\":{\"@type\":\"ImageObject\",\"inLanguage\":\"tr\",\"@id\":\"https:\/\/acarkereste.com\/#\/schema\/logo\/image\/\",\"url\":\"\",\"contentUrl\":\"\",\"caption\":\"G\u00fcner Oto\"},\"image\":{\"@id\":\"https:\/\/acarkereste.com\/#\/schema\/logo\/image\/\"}}]}<\/script>\n<!-- \/ Yoast SEO plugin. -->","yoast_head_json":{"title":"Gizlilik Politikas\u0131 - Acar Orman \u00dcr\u00fcnleri","description":"Acar Orman \u00dcr\u00fcnleri, al\u0131\u015fveri\u015f yaparken kullanm\u0131\u015f oldu\u011funuz ki\u015fisel bilgilerinizi ba\u015fka kurum ve kurulu\u015flarla kesinlikle payla\u015fmayacakt\u0131r.","robots":{"index":"index","follow":"follow","max-snippet":"max-snippet:-1","max-image-preview":"max-image-preview:large","max-video-preview":"max-video-preview:-1"},"canonical":"https:\/\/acarkereste.com\/?page_id=3620","og_locale":"tr_TR","og_type":"article","og_title":"Gizlilik Politikas\u0131 - Acar Orman \u00dcr\u00fcnleri","og_description":"Acar Orman \u00dcr\u00fcnleri, al\u0131\u015fveri\u015f yaparken kullanm\u0131\u015f oldu\u011funuz ki\u015fisel bilgilerinizi ba\u015fka kurum ve kurulu\u015flarla kesinlikle payla\u015fmayacakt\u0131r.","og_url":"https:\/\/acarkereste.com\/?page_id=3620","og_site_name":"Acar Orman","article_modified_time":"2020-08-26T13:29:25+00:00","twitter_misc":{"Tahmini okuma s\u00fcresi":"1 dakika"},"schema":{"@context":"https:\/\/schema.org","@graph":[{"@type":"WebPage","@id":"https:\/\/acarkereste.com\/?page_id=3620","url":"https:\/\/acarkereste.com\/?page_id=3620","name":"Gizlilik Politikas\u0131 - Acar Orman \u00dcr\u00fcnleri","isPartOf":{"@id":"https:\/\/acarkereste.com\/#website"},"datePublished":"2020-08-26T13:27:05+00:00","dateModified":"2020-08-26T13:29:25+00:00","description":"Acar Orman \u00dcr\u00fcnleri, al\u0131\u015fveri\u015f yaparken kullanm\u0131\u015f oldu\u011funuz ki\u015fisel bilgilerinizi ba\u015fka kurum ve kurulu\u015flarla kesinlikle payla\u015fmayacakt\u0131r.","breadcrumb":{"@id":"https:\/\/acarkereste.com\/?page_id=3620#breadcrumb"},"inLanguage":"tr","potentialAction":[{"@type":"ReadAction","target":["https:\/\/acarkereste.com\/?page_id=3620"]}]},{"@type":"BreadcrumbList","@id":"https:\/\/acarkereste.com\/?page_id=3620#breadcrumb","itemListElement":[{"@type":"ListItem","position":1,"name":"Ana Sayfa","item":"https:\/\/acarkereste.com\/"},{"@type":"ListItem","position":2,"name":"Gizlilik Politikas\u0131"}]},{"@type":"WebSite","@id":"https:\/\/acarkereste.com\/#website","url":"https:\/\/acarkereste.com\/","name":"Acar Orman","description":"Lambri &amp; Kereste \u00dcr\u00fcnleri","publisher":{"@id":"https:\/\/acarkereste.com\/#organization"},"potentialAction":[{"@type":"SearchAction","target":{"@type":"EntryPoint","urlTemplate":"https:\/\/acarkereste.com\/?s={search_term_string}"},"query-input":"required name=search_term_string"}],"inLanguage":"tr"},{"@type":"Organization","@id":"https:\/\/acarkereste.com\/#organization","name":"G\u00fcner Oto","url":"https:\/\/acarkereste.com\/","logo":{"@type":"ImageObject","inLanguage":"tr","@id":"https:\/\/acarkereste.com\/#\/schema\/logo\/image\/","url":"","contentUrl":"","caption":"G\u00fcner Oto"},"image":{"@id":"https:\/\/acarkereste.com\/#\/schema\/logo\/image\/"}}]}},"_links":{"self":[{"href":"https:\/\/acarkereste.com\/index.php?rest_route=\/wp\/v2\/pages\/3620","targetHints":{"allow":["GET"]}}],"collection":[{"href":"https:\/\/acarkereste.com\/index.php?rest_route=\/wp\/v2\/pages"}],"about":[{"href":"https:\/\/acarkereste.com\/index.php?rest_route=\/wp\/v2\/types\/page"}],"author":[{"embeddable":true,"href":"https:\/\/acarkereste.com\/index.php?rest_route=\/wp\/v2\/users\/14"}],"replies":[{"embeddable":true,"href":"https:\/\/acarkereste.com\/index.php?rest_route=%2Fwp%2Fv2%2Fcomments&post=3620"}],"version-history":[{"count":0,"href":"https:\/\/acarkereste.com\/index.php?rest_route=\/wp\/v2\/pages\/3620\/revisions"}],"wp:attachment":[{"href":"https:\/\/acarkereste.com\/index.php?rest_route=%2Fwp%2Fv2%2Fmedia&parent=3620"}],"curies":[{"name":"wp","href":"https:\/\/api.w.org\/{rel}","templated":true}]}}