{"id":36,"date":"2015-04-20T20:42:17","date_gmt":"2015-04-20T17:42:17","guid":{"rendered":"http:\/\/www.otoekspertizsefakoy.com\/?page_id=36"},"modified":"2023-11-03T12:20:00","modified_gmt":"2023-11-03T09:20:00","slug":"iletisim","status":"publish","type":"page","link":"https:\/\/acarkereste.com\/?page_id=36","title":{"rendered":"\u0130leti\u015fim"},"content":{"rendered":"<h4><strong>Acar Orman \u00dcr\u00fcnleri<br \/>\nLambri &amp; Kereste Malzemeleri<\/strong><\/h4>\n<p><strong>A\u00e7\u0131k Adres<\/strong><\/p>\n<p>Habibler Mah. Eski Edirne Asfalt\u0131, No:856<br \/>\nP.K. 34270 Habibler, Sultangazi \/ \u0130stanbul<\/p>\n<p><strong>E\u015fref Acar<\/strong><br \/>\n0532 631 07 73<\/p>\n<p><strong>Bayram Acar<\/strong><br \/>\n0533 924 92 29<\/p>\n<p><strong>Konum<\/strong><\/p>\n<p><a href=\"https:\/\/www.google.com\/maps\/dir\/\/Habibler+mah,+Acar+Orman+%C3%9Cr%C3%BCnleri,+Eski+Edirne+Asf.+No:856,+34270+Sultangazi%2F%C4%B0stanbul,+T%C3%BCrkiye\/@40.5224726,28.6224929,7z\/data=!4m9!4m8!1m0!1m5!1m1!1s0x14caaf00a39158f1:0x5f3b2e815981be68!2m2!1d28.841627!2d41.126838!3e0\"><strong>Google&#8217;dan Yol Tarifi Al<\/strong> <\/a><\/p>\n<p><strong><a href=\"https:\/\/yandex.com.tr\/harita\/115704\/sultangazi\/?from=tabbar&amp;ll=28.834326%2C41.131405&amp;mode=routes&amp;rtext=~41.126806%2C28.841661&amp;rtt=auto&amp;ruri=~ymapsbm1%3A%2F%2Forg%3Foid%3D238866465744&amp;source=serp_navig&amp;z=14\">Yandex&#8217;ten Yol Tarifi Al<\/a><\/strong><\/p>\n<p><strong>E-mail<\/strong>: info@acarkereste.com<\/p>\n<p><strong>\u00c7al\u0131\u015fma Saatleri<\/strong><\/p>\n<p>Haftai\u00e7i &#8211; Cumartesi<br \/>\n08:30 \u2013 19:00 \/ 08:30 \u2013 18:00<\/p>\n","protected":false},"excerpt":{"rendered":"<p>Acar Orman \u00dcr\u00fcnleri Lambri &amp; Kereste Malzemeleri A\u00e7\u0131k Adres Habibler Mah. Eski Edirne Asfalt\u0131, No:856 P.K. 34270 Habibler, Sultangazi \/ \u0130stanbul E\u015fref Acar 0532 631 07 73 Bayram Acar 0533 924 92 29 Konum Google&#8217;dan Yol Tarifi Al Yandex&#8217;ten Yol Tarifi Al E-mail: info@acarkereste.com \u00c7al\u0131\u015fma Saatleri Haftai\u00e7i &#8211; Cumartesi 08:30 \u2013 19:00 \/ 08:30 \u2013 [&hellip;]<\/p>\n","protected":false},"author":14,"featured_media":0,"parent":0,"menu_order":18,"comment_status":"closed","ping_status":"closed","template":"page-contact.php","meta":{"_joinchat":[],"footnotes":""},"class_list":["post-36","page","type-page","status-publish","hentry"],"acf":[],"yoast_head":"<!-- This site is optimized with the Yoast SEO plugin v23.0 - https:\/\/yoast.com\/wordpress\/plugins\/seo\/ -->\n<title>\u0130leti\u015fim - Acar Orman \u00dcr\u00fcnleri Habibler, Ey\u00fcpsultan, \u0130stanbul<\/title>\n<meta name=\"description\" content=\"Habibler Mah. Eski Edirne Asfalt\u0131,No:856 Sultangazi \/ \u0130stanbul&#039;day\u0131z. \u0130leti\u015fim i\u00e7in 0212 595 25 33 numaral\u0131 telefondan ula\u015fabilirsiniz.\" \/>\n<meta name=\"robots\" content=\"index, follow, max-snippet:-1, max-image-preview:large, max-video-preview:-1\" \/>\n<link rel=\"canonical\" href=\"https:\/\/acarkereste.com\/?page_id=36\" \/>\n<meta property=\"og:locale\" content=\"tr_TR\" \/>\n<meta property=\"og:type\" content=\"article\" \/>\n<meta property=\"og:title\" content=\"\u0130leti\u015fim - Acar Orman \u00dcr\u00fcnleri Habibler, Ey\u00fcpsultan, \u0130stanbul\" \/>\n<meta property=\"og:description\" content=\"Habibler Mah. Eski Edirne Asfalt\u0131,No:856 Sultangazi \/ \u0130stanbul&#039;day\u0131z. \u0130leti\u015fim i\u00e7in 0212 595 25 33 numaral\u0131 telefondan ula\u015fabilirsiniz.\" \/>\n<meta property=\"og:url\" content=\"https:\/\/acarkereste.com\/?page_id=36\" \/>\n<meta property=\"og:site_name\" content=\"Acar Orman\" \/>\n<meta property=\"article:modified_time\" content=\"2023-11-03T09:20:00+00:00\" \/>\n<meta name=\"twitter:label1\" content=\"Tahmini okuma s\u00fcresi\" \/>\n\t<meta name=\"twitter:data1\" content=\"1 dakika\" \/>\n<script type=\"application\/ld+json\" class=\"yoast-schema-graph\">{\"@context\":\"https:\/\/schema.org\",\"@graph\":[{\"@type\":\"WebPage\",\"@id\":\"https:\/\/acarkereste.com\/?page_id=36\",\"url\":\"https:\/\/acarkereste.com\/?page_id=36\",\"name\":\"\u0130leti\u015fim - Acar Orman \u00dcr\u00fcnleri Habibler, Ey\u00fcpsultan, \u0130stanbul\",\"isPartOf\":{\"@id\":\"https:\/\/acarkereste.com\/#website\"},\"datePublished\":\"2015-04-20T17:42:17+00:00\",\"dateModified\":\"2023-11-03T09:20:00+00:00\",\"description\":\"Habibler Mah. Eski Edirne Asfalt\u0131,No:856 Sultangazi \/ \u0130stanbul'day\u0131z. \u0130leti\u015fim i\u00e7in 0212 595 25 33 numaral\u0131 telefondan ula\u015fabilirsiniz.\",\"breadcrumb\":{\"@id\":\"https:\/\/acarkereste.com\/?page_id=36#breadcrumb\"},\"inLanguage\":\"tr\",\"potentialAction\":[{\"@type\":\"ReadAction\",\"target\":[\"https:\/\/acarkereste.com\/?page_id=36\"]}]},{\"@type\":\"BreadcrumbList\",\"@id\":\"https:\/\/acarkereste.com\/?page_id=36#breadcrumb\",\"itemListElement\":[{\"@type\":\"ListItem\",\"position\":1,\"name\":\"Ana Sayfa\",\"item\":\"https:\/\/acarkereste.com\/\"},{\"@type\":\"ListItem\",\"position\":2,\"name\":\"\u0130leti\u015fim\"}]},{\"@type\":\"WebSite\",\"@id\":\"https:\/\/acarkereste.com\/#website\",\"url\":\"https:\/\/acarkereste.com\/\",\"name\":\"Acar Orman\",\"description\":\"Lambri &amp; Kereste \u00dcr\u00fcnleri\",\"publisher\":{\"@id\":\"https:\/\/acarkereste.com\/#organization\"},\"potentialAction\":[{\"@type\":\"SearchAction\",\"target\":{\"@type\":\"EntryPoint\",\"urlTemplate\":\"https:\/\/acarkereste.com\/?s={search_term_string}\"},\"query-input\":\"required name=search_term_string\"}],\"inLanguage\":\"tr\"},{\"@type\":\"Organization\",\"@id\":\"https:\/\/acarkereste.com\/#organization\",\"name\":\"G\u00fcner Oto\",\"url\":\"https:\/\/acarkereste.com\/\",\"logo\":{\"@type\":\"ImageObject\",\"inLanguage\":\"tr\",\"@id\":\"https:\/\/acarkereste.com\/#\/schema\/logo\/image\/\",\"url\":\"\",\"contentUrl\":\"\",\"caption\":\"G\u00fcner Oto\"},\"image\":{\"@id\":\"https:\/\/acarkereste.com\/#\/schema\/logo\/image\/\"}}]}<\/script>\n<!-- \/ Yoast SEO plugin. -->","yoast_head_json":{"title":"\u0130leti\u015fim - Acar Orman \u00dcr\u00fcnleri Habibler, Ey\u00fcpsultan, \u0130stanbul","description":"Habibler Mah. Eski Edirne Asfalt\u0131,No:856 Sultangazi \/ \u0130stanbul'day\u0131z. \u0130leti\u015fim i\u00e7in 0212 595 25 33 numaral\u0131 telefondan ula\u015fabilirsiniz.","robots":{"index":"index","follow":"follow","max-snippet":"max-snippet:-1","max-image-preview":"max-image-preview:large","max-video-preview":"max-video-preview:-1"},"canonical":"https:\/\/acarkereste.com\/?page_id=36","og_locale":"tr_TR","og_type":"article","og_title":"\u0130leti\u015fim - Acar Orman \u00dcr\u00fcnleri Habibler, Ey\u00fcpsultan, \u0130stanbul","og_description":"Habibler Mah. Eski Edirne Asfalt\u0131,No:856 Sultangazi \/ \u0130stanbul'day\u0131z. \u0130leti\u015fim i\u00e7in 0212 595 25 33 numaral\u0131 telefondan ula\u015fabilirsiniz.","og_url":"https:\/\/acarkereste.com\/?page_id=36","og_site_name":"Acar Orman","article_modified_time":"2023-11-03T09:20:00+00:00","twitter_misc":{"Tahmini okuma s\u00fcresi":"1 dakika"},"schema":{"@context":"https:\/\/schema.org","@graph":[{"@type":"WebPage","@id":"https:\/\/acarkereste.com\/?page_id=36","url":"https:\/\/acarkereste.com\/?page_id=36","name":"\u0130leti\u015fim - Acar Orman \u00dcr\u00fcnleri Habibler, Ey\u00fcpsultan, \u0130stanbul","isPartOf":{"@id":"https:\/\/acarkereste.com\/#website"},"datePublished":"2015-04-20T17:42:17+00:00","dateModified":"2023-11-03T09:20:00+00:00","description":"Habibler Mah. Eski Edirne Asfalt\u0131,No:856 Sultangazi \/ \u0130stanbul'day\u0131z. \u0130leti\u015fim i\u00e7in 0212 595 25 33 numaral\u0131 telefondan ula\u015fabilirsiniz.","breadcrumb":{"@id":"https:\/\/acarkereste.com\/?page_id=36#breadcrumb"},"inLanguage":"tr","potentialAction":[{"@type":"ReadAction","target":["https:\/\/acarkereste.com\/?page_id=36"]}]},{"@type":"BreadcrumbList","@id":"https:\/\/acarkereste.com\/?page_id=36#breadcrumb","itemListElement":[{"@type":"ListItem","position":1,"name":"Ana Sayfa","item":"https:\/\/acarkereste.com\/"},{"@type":"ListItem","position":2,"name":"\u0130leti\u015fim"}]},{"@type":"WebSite","@id":"https:\/\/acarkereste.com\/#website","url":"https:\/\/acarkereste.com\/","name":"Acar Orman","description":"Lambri &amp; Kereste \u00dcr\u00fcnleri","publisher":{"@id":"https:\/\/acarkereste.com\/#organization"},"potentialAction":[{"@type":"SearchAction","target":{"@type":"EntryPoint","urlTemplate":"https:\/\/acarkereste.com\/?s={search_term_string}"},"query-input":"required name=search_term_string"}],"inLanguage":"tr"},{"@type":"Organization","@id":"https:\/\/acarkereste.com\/#organization","name":"G\u00fcner Oto","url":"https:\/\/acarkereste.com\/","logo":{"@type":"ImageObject","inLanguage":"tr","@id":"https:\/\/acarkereste.com\/#\/schema\/logo\/image\/","url":"","contentUrl":"","caption":"G\u00fcner Oto"},"image":{"@id":"https:\/\/acarkereste.com\/#\/schema\/logo\/image\/"}}]}},"_links":{"self":[{"href":"https:\/\/acarkereste.com\/index.php?rest_route=\/wp\/v2\/pages\/36","targetHints":{"allow":["GET"]}}],"collection":[{"href":"https:\/\/acarkereste.com\/index.php?rest_route=\/wp\/v2\/pages"}],"about":[{"href":"https:\/\/acarkereste.com\/index.php?rest_route=\/wp\/v2\/types\/page"}],"author":[{"embeddable":true,"href":"https:\/\/acarkereste.com\/index.php?rest_route=\/wp\/v2\/users\/14"}],"replies":[{"embeddable":true,"href":"https:\/\/acarkereste.com\/index.php?rest_route=%2Fwp%2Fv2%2Fcomments&post=36"}],"version-history":[{"count":0,"href":"https:\/\/acarkereste.com\/index.php?rest_route=\/wp\/v2\/pages\/36\/revisions"}],"wp:attachment":[{"href":"https:\/\/acarkereste.com\/index.php?rest_route=%2Fwp%2Fv2%2Fmedia&parent=36"}],"curies":[{"name":"wp","href":"https:\/\/api.w.org\/{rel}","templated":true}]}}