{"id":32,"date":"2015-04-20T20:41:52","date_gmt":"2015-04-20T17:41:52","guid":{"rendered":"http:\/\/www.otoekspertizsefakoy.com\/?page_id=32"},"modified":"2023-10-19T13:24:57","modified_gmt":"2023-10-19T10:24:57","slug":"urunler","status":"publish","type":"page","link":"https:\/\/acarkereste.com\/?page_id=32","title":{"rendered":"\u00dcr\u00fcnler"},"content":{"rendered":"<h1>\u00dcr\u00fcnlerimiz<\/h1>\n","protected":false},"excerpt":{"rendered":"<p>Kaliteli G\u00fcvenilir \u00fcr\u00fcnlerimiz, sert, kolay y\u0131pranmaz, dayan\u0131kl\u0131 ve kullan\u0131m alan\u0131na uygun olacak \u015fekilde haz\u0131rlanmaktad\u0131r.<\/p>\n","protected":false},"author":14,"featured_media":0,"parent":0,"menu_order":3,"comment_status":"closed","ping_status":"closed","template":"page-services.php","meta":{"_joinchat":[],"footnotes":""},"class_list":["post-32","page","type-page","status-publish","hentry"],"acf":[],"yoast_head":"<!-- This site is optimized with the Yoast SEO plugin v23.0 - https:\/\/yoast.com\/wordpress\/plugins\/seo\/ -->\n<title>\u00dcr\u00fcnler - Acar Orman \u00dcr\u00fcnleri<\/title>\n<meta name=\"description\" content=\"Kaliteli g\u00fcvenilir \u00fcr\u00fcnlerimiz, sert, kolay y\u0131pranmaz, dayan\u0131kl\u0131 ve kullan\u0131m alan\u0131na uygun olacak \u015fekilde haz\u0131rlanmaktad\u0131r. Fiyat teklifi al.\" \/>\n<meta name=\"robots\" content=\"index, follow, max-snippet:-1, max-image-preview:large, max-video-preview:-1\" \/>\n<link rel=\"canonical\" href=\"https:\/\/acarkereste.com\/?page_id=32\" \/>\n<meta property=\"og:locale\" content=\"tr_TR\" \/>\n<meta property=\"og:type\" content=\"article\" \/>\n<meta property=\"og:title\" content=\"\u00dcr\u00fcnler - Acar Orman \u00dcr\u00fcnleri\" \/>\n<meta property=\"og:description\" content=\"Kaliteli g\u00fcvenilir \u00fcr\u00fcnlerimiz, sert, kolay y\u0131pranmaz, dayan\u0131kl\u0131 ve kullan\u0131m alan\u0131na uygun olacak \u015fekilde haz\u0131rlanmaktad\u0131r. Fiyat teklifi al.\" \/>\n<meta property=\"og:url\" content=\"https:\/\/acarkereste.com\/?page_id=32\" \/>\n<meta property=\"og:site_name\" content=\"Acar Orman\" \/>\n<meta property=\"article:modified_time\" content=\"2023-10-19T10:24:57+00:00\" \/>\n<meta name=\"twitter:label1\" content=\"Tahmini okuma s\u00fcresi\" \/>\n\t<meta name=\"twitter:data1\" content=\"1 dakika\" \/>\n<script type=\"application\/ld+json\" class=\"yoast-schema-graph\">{\"@context\":\"https:\/\/schema.org\",\"@graph\":[{\"@type\":\"WebPage\",\"@id\":\"https:\/\/acarkereste.com\/?page_id=32\",\"url\":\"https:\/\/acarkereste.com\/?page_id=32\",\"name\":\"\u00dcr\u00fcnler - Acar Orman \u00dcr\u00fcnleri\",\"isPartOf\":{\"@id\":\"https:\/\/acarkereste.com\/#website\"},\"datePublished\":\"2015-04-20T17:41:52+00:00\",\"dateModified\":\"2023-10-19T10:24:57+00:00\",\"description\":\"Kaliteli g\u00fcvenilir \u00fcr\u00fcnlerimiz, sert, kolay y\u0131pranmaz, dayan\u0131kl\u0131 ve kullan\u0131m alan\u0131na uygun olacak \u015fekilde haz\u0131rlanmaktad\u0131r. Fiyat teklifi al.\",\"breadcrumb\":{\"@id\":\"https:\/\/acarkereste.com\/?page_id=32#breadcrumb\"},\"inLanguage\":\"tr\",\"potentialAction\":[{\"@type\":\"ReadAction\",\"target\":[\"https:\/\/acarkereste.com\/?page_id=32\"]}]},{\"@type\":\"BreadcrumbList\",\"@id\":\"https:\/\/acarkereste.com\/?page_id=32#breadcrumb\",\"itemListElement\":[{\"@type\":\"ListItem\",\"position\":1,\"name\":\"Ana Sayfa\",\"item\":\"https:\/\/acarkereste.com\/\"},{\"@type\":\"ListItem\",\"position\":2,\"name\":\"\u00dcr\u00fcnler\"}]},{\"@type\":\"WebSite\",\"@id\":\"https:\/\/acarkereste.com\/#website\",\"url\":\"https:\/\/acarkereste.com\/\",\"name\":\"Acar Orman\",\"description\":\"Lambri &amp; Kereste \u00dcr\u00fcnleri\",\"publisher\":{\"@id\":\"https:\/\/acarkereste.com\/#organization\"},\"potentialAction\":[{\"@type\":\"SearchAction\",\"target\":{\"@type\":\"EntryPoint\",\"urlTemplate\":\"https:\/\/acarkereste.com\/?s={search_term_string}\"},\"query-input\":\"required name=search_term_string\"}],\"inLanguage\":\"tr\"},{\"@type\":\"Organization\",\"@id\":\"https:\/\/acarkereste.com\/#organization\",\"name\":\"G\u00fcner Oto\",\"url\":\"https:\/\/acarkereste.com\/\",\"logo\":{\"@type\":\"ImageObject\",\"inLanguage\":\"tr\",\"@id\":\"https:\/\/acarkereste.com\/#\/schema\/logo\/image\/\",\"url\":\"\",\"contentUrl\":\"\",\"caption\":\"G\u00fcner Oto\"},\"image\":{\"@id\":\"https:\/\/acarkereste.com\/#\/schema\/logo\/image\/\"}}]}<\/script>\n<!-- \/ Yoast SEO plugin. -->","yoast_head_json":{"title":"\u00dcr\u00fcnler - Acar Orman \u00dcr\u00fcnleri","description":"Kaliteli g\u00fcvenilir \u00fcr\u00fcnlerimiz, sert, kolay y\u0131pranmaz, dayan\u0131kl\u0131 ve kullan\u0131m alan\u0131na uygun olacak \u015fekilde haz\u0131rlanmaktad\u0131r. Fiyat teklifi al.","robots":{"index":"index","follow":"follow","max-snippet":"max-snippet:-1","max-image-preview":"max-image-preview:large","max-video-preview":"max-video-preview:-1"},"canonical":"https:\/\/acarkereste.com\/?page_id=32","og_locale":"tr_TR","og_type":"article","og_title":"\u00dcr\u00fcnler - Acar Orman \u00dcr\u00fcnleri","og_description":"Kaliteli g\u00fcvenilir \u00fcr\u00fcnlerimiz, sert, kolay y\u0131pranmaz, dayan\u0131kl\u0131 ve kullan\u0131m alan\u0131na uygun olacak \u015fekilde haz\u0131rlanmaktad\u0131r. Fiyat teklifi al.","og_url":"https:\/\/acarkereste.com\/?page_id=32","og_site_name":"Acar Orman","article_modified_time":"2023-10-19T10:24:57+00:00","twitter_misc":{"Tahmini okuma s\u00fcresi":"1 dakika"},"schema":{"@context":"https:\/\/schema.org","@graph":[{"@type":"WebPage","@id":"https:\/\/acarkereste.com\/?page_id=32","url":"https:\/\/acarkereste.com\/?page_id=32","name":"\u00dcr\u00fcnler - Acar Orman \u00dcr\u00fcnleri","isPartOf":{"@id":"https:\/\/acarkereste.com\/#website"},"datePublished":"2015-04-20T17:41:52+00:00","dateModified":"2023-10-19T10:24:57+00:00","description":"Kaliteli g\u00fcvenilir \u00fcr\u00fcnlerimiz, sert, kolay y\u0131pranmaz, dayan\u0131kl\u0131 ve kullan\u0131m alan\u0131na uygun olacak \u015fekilde haz\u0131rlanmaktad\u0131r. Fiyat teklifi al.","breadcrumb":{"@id":"https:\/\/acarkereste.com\/?page_id=32#breadcrumb"},"inLanguage":"tr","potentialAction":[{"@type":"ReadAction","target":["https:\/\/acarkereste.com\/?page_id=32"]}]},{"@type":"BreadcrumbList","@id":"https:\/\/acarkereste.com\/?page_id=32#breadcrumb","itemListElement":[{"@type":"ListItem","position":1,"name":"Ana Sayfa","item":"https:\/\/acarkereste.com\/"},{"@type":"ListItem","position":2,"name":"\u00dcr\u00fcnler"}]},{"@type":"WebSite","@id":"https:\/\/acarkereste.com\/#website","url":"https:\/\/acarkereste.com\/","name":"Acar Orman","description":"Lambri &amp; Kereste \u00dcr\u00fcnleri","publisher":{"@id":"https:\/\/acarkereste.com\/#organization"},"potentialAction":[{"@type":"SearchAction","target":{"@type":"EntryPoint","urlTemplate":"https:\/\/acarkereste.com\/?s={search_term_string}"},"query-input":"required name=search_term_string"}],"inLanguage":"tr"},{"@type":"Organization","@id":"https:\/\/acarkereste.com\/#organization","name":"G\u00fcner Oto","url":"https:\/\/acarkereste.com\/","logo":{"@type":"ImageObject","inLanguage":"tr","@id":"https:\/\/acarkereste.com\/#\/schema\/logo\/image\/","url":"","contentUrl":"","caption":"G\u00fcner Oto"},"image":{"@id":"https:\/\/acarkereste.com\/#\/schema\/logo\/image\/"}}]}},"_links":{"self":[{"href":"https:\/\/acarkereste.com\/index.php?rest_route=\/wp\/v2\/pages\/32","targetHints":{"allow":["GET"]}}],"collection":[{"href":"https:\/\/acarkereste.com\/index.php?rest_route=\/wp\/v2\/pages"}],"about":[{"href":"https:\/\/acarkereste.com\/index.php?rest_route=\/wp\/v2\/types\/page"}],"author":[{"embeddable":true,"href":"https:\/\/acarkereste.com\/index.php?rest_route=\/wp\/v2\/users\/14"}],"replies":[{"embeddable":true,"href":"https:\/\/acarkereste.com\/index.php?rest_route=%2Fwp%2Fv2%2Fcomments&post=32"}],"version-history":[{"count":0,"href":"https:\/\/acarkereste.com\/index.php?rest_route=\/wp\/v2\/pages\/32\/revisions"}],"wp:attachment":[{"href":"https:\/\/acarkereste.com\/index.php?rest_route=%2Fwp%2Fv2%2Fmedia&parent=32"}],"curies":[{"name":"wp","href":"https:\/\/api.w.org\/{rel}","templated":true}]}}