{"id":2933,"date":"2020-03-26T16:13:19","date_gmt":"2020-03-26T13:13:19","guid":{"rendered":"https:\/\/acarkereste.com\/?page_id=2933"},"modified":"2024-08-22T04:10:05","modified_gmt":"2024-08-22T01:10:05","slug":"kisisel-verilerin-korunmasi-kanunu-kvkk","status":"publish","type":"page","link":"https:\/\/acarkereste.com\/?page_id=2933","title":{"rendered":"Ki\u015fisel Verilerin Korunmas\u0131 Kanunu (KVKK)"},"content":{"rendered":"<h1>Ki\u015fisel Verilerinizin Korunmas\u0131 Kanunu Hakk\u0131nda Ayd\u0131nlatma Metni<\/h1>\n<p>Bir taraftan \u201cHabibler Mahallesi Eski Edirne Asfalt\u0131 No:856 Sultangazi \/ \u0130stanbul\u201d adresinde mukim Acar Orman \u00dcr\u00fcnleri \u0130n\u015faat Sanayi Ticaret Limited \u015eirketi (A\u015fa\u011f\u0131da k\u0131saca \u201cAcar Orman \u00dcr\u00fcnleri\u201d olarak an\u0131lacakt\u0131r) ile di\u011fer tarafta <a href=\"https:\/\/acarkereste.com\">acarormanurunleri.com.tr<\/a> internet sitesi ve\/veya mobil uygulama (\u201cSite ve\/veya Mobil Uygulama\u201d)ziyaret\u00e7isi (\u201cM\u00fc\u015fteri \/ Ziyaret\u00e7i \/ Kullan\u0131c\u0131\u201d) aras\u0131nda ki g\u00fcvenli\u011fi g\u00f6z \u00f6n\u00fcnde bulundurarak, ba\u015fta \u00f6zel hayat\u0131n gizlili\u011fi olmak \u00fczere, temel hak ve \u00f6zg\u00fcrl\u00fcklerin korunmas\u0131 amac\u0131yla, ki\u015fisel verilerle ilgili d\u00fczenlenen Ki\u015fisel Verilerin Korunmas\u0131 Kanunu* (\u201cKanun\u201d) istinaden ayd\u0131nlatma y\u00fck\u00fcml\u00fcl\u00fc\u011f\u00fc s\u00f6zle\u015fme akdedilmi\u015ftir.<\/p>\n<h2>Ziyaret\u00e7i\/Kullan\u0131c\u0131n\u0131n Hak ve Y\u00fck\u00fcml\u00fcl\u00fckleri<\/h2>\n<p>Site ve\/veya Mobil Uygulama, herkesin kullan\u0131m\u0131na a\u00e7\u0131k bir site ve\/veya mobil uygulamad\u0131r. Site ve\/veya Mobil Uygulama \u00fczerinden verilen hizmetler \u00fccretsizdir.<\/p>\n<p>Ziyaret\u00e7i\/Kullan\u0131c\u0131, Site\u2019yi ve\/veya Mobil Uygulamay\u0131 kullan\u0131m\u0131nda, s\u00f6zle\u015fmede yer alan t\u00fcm \u015fartlara ve Site\u2019nin ve\/veya Mobil Uygulaman\u0131n ilgili yerlerinde belirtilen kurallara uygun hareket edece\u011fini kabul, beyan ve taahh\u00fct eder.<\/p>\n<p>Ziyaret\u00e7i\/Kullan\u0131c\u0131lar\u0131n Site\u2019yi ve\/veya Mobil Uygulamay\u0131 kullanmas\u0131n\u0131 \u00f6nleyici veya zorla\u015ft\u0131r\u0131c\u0131 eylemlerde bulunamaz; sunucular\u0131 ya da veritabanlar\u0131n\u0131 otomatik programlarla y\u00fckleyip kilitleyemez, verileri yan\u0131lt\u0131c\u0131 giri\u015fimlerde bulunamaz; aksi takdirde Ziyaret\u00e7i Acar Orman \u00dcr\u00fcnleri taraf\u0131ndan bu durumdan do\u011fabilecek her t\u00fcrl\u00fc hukuki ve cezai sorumlulu\u011fu \u00fcstlenece\u011fini kabul eder.<\/p>\n<p>Site ve\/veya Mobil Uygulama i\u00e7erisinde yap\u0131lan yaz\u0131\u015fmalar\u0131n yede\u011finin al\u0131nmas\u0131 ki\u015filerin sorumlulu\u011fundad\u0131r ve Acar Orman \u00dcr\u00fcnleri taraf\u0131ndan \u00f6nerilmektedir. Yaz\u0131\u015fmalar\u0131n yedeklerinin al\u0131nmamas\u0131 nedeniyle kaybolmas\u0131ndan ve Acar Orman \u00dcr\u00fcnleri sorumlu tutulamaz.<\/p>\n<p>Ziyaret\u00e7i\/Kullan\u0131c\u0131, Site\u2019de ve\/veya Mobil Uygulamada kay\u0131t yapt\u0131r\u0131rken, ileti\u015fim formu doldururken ki\u015fisel ve di\u011fer bilgilerin do\u011fru oldu\u011funu ve bu bilgilerin do\u011fru olmamas\u0131 halinde Acar Orman \u00dcr\u00fcnleri bu sebeple u\u011frayaca\u011f\u0131 t\u00fcm zararlar\u0131 derhal tazmin edece\u011fini kabul, beyan ve taahh\u00fct eder.<\/p>\n<p>Site\u2019de ve\/veya Mobil Uygulamada, ziyaret\u00e7ilere bilgi ve kolayl\u0131k sa\u011flamak amac\u0131 ile yer alan linkler (farkl\u0131 internet sitelerine ve\/veya mobil uygulamalara y\u00f6nlendiren ba\u011flant\u0131lar) ile ilgili riskler Ziyaret\u00e7i\/Kullan\u0131c\u0131&#8217;ya aittir Acar Orman \u00dcr\u00fcnleri taraf\u0131ndan bu linklere site ve\/veya mobil uygulama i\u00e7eri\u011finde sadece ziyaret\u00e7ilere bilgi ve kolayl\u0131k sa\u011flamak amac\u0131yla yer verilmektedir.<\/p>\n<p>Site\u2019de ve\/veya Mobil Uygulama\u2019da sunulan g\u00f6rsel, yaz\u0131sal i\u00e7erik, ki\u015fisel kullan\u0131m i\u00e7indir. Site\u2019nin ve\/veya Mobil Uygulama\u2019n\u0131n i\u00e7eri\u011finde yer alan b\u00fct\u00fcn yaz\u0131lar\u0131n, grafiklerin, foto\u011fraflar\u0131n, videolar\u0131n, animasyonlar\u0131n, seslerin her t\u00fcrl\u00fc hakk\u0131 sakl\u0131d\u0131r; aksi belirtilmedik\u00e7e, ticari ya da ki\u015fisel ama\u00e7larla, izinsiz kullan\u0131lamaz.<\/p>\n<p>Acar Orman \u00dcr\u00fcnleri\u2019nin izni ve onay\u0131 olmaks\u0131z\u0131n, Site\u2019de ve\/veya Mobil Uygulama\u2019da yer alan herhangi bir unsuru di\u011fer bir mecrada veya internet sitesinde ve\/veya mobil uygulamada yay\u0131nlamak veya link vermek yasakt\u0131r.<\/p>\n<p>Ziyaret\u00e7i\/Kullan\u0131c\u0131 Acar Orman \u00dcr\u00fcnleri&#8217;nin Site\u2019de ve\/veya Mobil Uygulamada yer alan telif haklar\u0131na tabi \u00e7al\u0131\u015fmalar\u0131n\u0131 hi\u00e7bir surette kullanamaz, yeniden satamaz, payla\u015famaz, da\u011f\u0131tamaz, sergileyemez, kopyalayamaz, \u00e7o\u011faltamaz, i\u015fleyemez, bunlardan t\u00fcremi\u015f \u00e7al\u0131\u015fmalar yapamaz, haz\u0131rlayamaz. Aksi takdirde, Ziyaret\u00e7i\/Kullan\u0131c\u0131, Acar Orman \u00dcr\u00fcnleri&#8217;nin u\u011fram\u0131\u015f oldu\u011fu veyahut u\u011frayabilece\u011fi t\u00fcm zararlardan sorumlu olaca\u011f\u0131n\u0131 beyan, kabul ve taahh\u00fct eder.<\/p>\n<p>Sayfalar\u0131n tasar\u0131m\u0131nda ve veritaban\u0131 olu\u015fturulmas\u0131nda kullan\u0131lan ve her hakk\u0131 Acar Orman \u00dcr\u00fcnleri&#8217;ne ait olan yaz\u0131l\u0131m\u0131n kopyalanmas\u0131 veya kullan\u0131lmas\u0131 kesinlikle yasakt\u0131r.<\/p>\n<h2>Acar Orman \u00dcr\u00fcnleri Hak ve Y\u00fck\u00fcml\u00fcl\u00fckleri<\/h2>\n<p>A\u015fa\u011f\u0131da belirtilen durumlarda, Acar Orman \u00dcr\u00fcnleri&#8217;nin kanundan do\u011fan t\u00fcm haklar\u0131n\u0131n yan\u0131nda s\u00f6z konusu i\u015flemleri iptal etme hakk\u0131 bulunmaktad\u0131r:<\/p>\n<p>Yanl\u0131\u015f, d\u00fczensiz, eksik ve yan\u0131lt\u0131c\u0131 bilgileri, genel ahlak kurallar\u0131na uygun olmayan ifadeleri i\u00e7eren ve T\u00fcrkiye Cumhuriyeti kanunlar\u0131na uygun olmayan bilgilerin Site\u2019ye ve\/veya Mobil Uygulama\u2019ya kaydedilmesi durumunda;<\/p>\n<p>Site\u2019de ve\/veya Mobil Uygulama\u2019da yer alan \u00e7al\u0131\u015fmalar\u0131n ve verinin k\u0131smen veya t\u00fcm\u00fcyle kopyalanarak kullan\u0131lmas\u0131 veya kullan\u0131lmaya \u00e7al\u0131\u015f\u0131lmas\u0131 durumunda;<\/p>\n<p>Site\u2019nin ve\/veya Mobil Uygulama\u2019n\u0131n genel g\u00fcvenli\u011fini tehdit edecek, Site\u2019nin ve\/veya Mobil Uygulama\u2019n\u0131n ve kullan\u0131lan yaz\u0131l\u0131mlar\u0131n \u00e7al\u0131\u015fmas\u0131n\u0131 engelleyecek yaz\u0131l\u0131mlar\u0131n kullan\u0131lmas\u0131, faaliyetlerin yap\u0131lmas\u0131, yap\u0131lmaya \u00e7al\u0131\u015f\u0131lmas\u0131 ve bilgilerin al\u0131nmas\u0131, silinmesi, de\u011fi\u015ftirilmesi durumunda;<\/p>\n<p>Ziyaret\u00e7i\/Kullan\u0131c\u0131n\u0131n, Acar Orman \u00dcr\u00fcnleri kampanyalar\u0131n\u0131n, sat\u0131\u015f sisteminin veya Site\u2019nin ve\/veya Mobil Uygulama\u2019n\u0131n herhangi bir a\u00e7\u0131\u011f\u0131ndan (teknik vs.) faydalanarak Acar Orman \u00dcr\u00fcnleri\u2019ne zarar vermesi, haks\u0131z bir menfaat sa\u011flamas\u0131, tekrarlanan uygulamalar yapmas\u0131 \u015feklinde sat\u0131\u015f sisteminin veya Site\u2019nin ve\/veya Mobil Uygulama\u2019n\u0131n k\u00f6t\u00fcye kullan\u0131lmas\u0131n\u0131n Acar Orman \u00dcr\u00fcnleri taraf\u0131ndan tespit edilmesi durumunda,<\/p>\n<p>Ziyaret\u00e7i\/Kullan\u0131c\u0131n\u0131n, Site\u2019yi ve\/veya Mobil Uygulama\u2019y\u0131 kullan\u0131m\u0131nda, S\u00f6zle\u015fme\u2019de yer alan t\u00fcm \u015fartlara ve Site\u2019nin ve\/veya Mobil Uygulama\u2019n\u0131n ilgili yerlerinde belirtilen kurallara ve y\u00fcr\u00fcrl\u00fckteki mevzuata ayk\u0131r\u0131 hareket etmesi durumunda.<\/p>\n<p>Do\u011fabilecek her t\u00fcrl\u00fc hukuki ve cezai y\u00fck\u00fcml\u00fcl\u00fck Ziyaret\u00e7i\/Kullan\u0131c\u0131ya aittir.<\/p>\n<h2>Gizlilik Ve Veri G\u00fcvenli\u011fi Politikas\u0131<\/h2>\n<p>Acar Orman \u00dcr\u00fcnleri ziyaret\u00e7ilerinin gizlilik haklar\u0131na ve ki\u015fisel verilerinin korunmas\u0131na b\u00fcy\u00fck \u00f6nem vermekte, Ki\u015fisel Verilerin Korunmas\u0131 hakk\u0131ndaki yasal d\u00fczenlemelere uymakta ve a\u015fa\u011f\u0131da a\u00e7\u0131klanan \u201cGizlilik ve Veri G\u00fcvenli\u011fi Politikas\u0131\u201dn\u0131 uygulamaktad\u0131r. A\u015fa\u011f\u0131daki maddeler, sitemizde ve\/veya mobil uygulamam\u0131zda toplanan ziyaret\u00e7i ve kullan\u0131c\u0131 bilgilerinin neler oldu\u011fu, hangi ama\u00e7lar i\u00e7in topland\u0131\u011f\u0131, hangi \u015fekillerde kullan\u0131ld\u0131\u011f\u0131, bu bilgileri nas\u0131l de\u011fi\u015ftirebilece\u011finiz, sizinle yap\u0131lan ileti\u015fim konusundaki tercihlerinizin yan\u0131 s\u0131ra ki\u015fisel verilerin nas\u0131l g\u00fcvenceye al\u0131nd\u0131\u011f\u0131, hangi t\u00fcr ki\u015fisel verilerin hangi ama\u00e7larla i\u015flendi\u011fi, ki\u015fisel verileriniz ile ilgili haklar\u0131n\u0131z gibi konular\u0131 i\u00e7ermektedir.<\/p>\n<p>Acar Orman \u00dcr\u00fcnleri internet sitesi ve\/veya mobil uygulama i\u00e7inde sorular\u0131n\u0131za cevap vermek ve yeni veya de\u011fi\u015ftirilmi\u015f hizmetler hakk\u0131nda sizi bilgilendirmek i\u00e7in (\u00f6rn. isminiz, cep telefon numaran\u0131z, e-posta adresiniz)<\/p>\n<p>Haber b\u00fcltenleri ve kataloglar gibi pazarlama teklifleri g\u00f6ndermek i\u00e7in (\u00f6rn e-posta adresiniz ve isminiz)<\/p>\n<p>\u00dcr\u00fcnlerimiz hakk\u0131nda teknik bilgi ve fiyat listesi i\u00e7in (\u00f6rn. isminiz, telefon numaran\u0131z, adresiniz)<\/p>\n<p>Ki\u015fisel bilgilerinizi, size uygun pazarlama teklifleri ve bilgileri sunmak ad\u0131na analiz etmek i\u00e7in (\u00f6rn. e-posta adresiniz)<\/p>\n<h4>Toplanan Bilgilerin Kullan\u0131m\u0131<\/h4>\n<p>Sitede ve\/veya Mobil Uygulama\u2019da toplanan bilgiler a\u015fa\u011f\u0131daki ama\u00e7lar i\u00e7in kullan\u0131l\u0131r:<\/p>\n<p>M\u00fc\u015fterilerimizle ilgili ileti\u015fimi sa\u011flamak<\/p>\n<p>\u00dcr\u00fcnler, servisler, kampanyalar ve promosyonlarla ilgili bilgi vermek<\/p>\n<p>Trend analizleri ve istatistiksel analizler yapmak<\/p>\n<p>Sitenin ve\/veya Mobil Uygulama\u2019n\u0131n g\u00fcvenli\u011fini g\u00fc\u00e7lendirmek<\/p>\n<h4>Toplanan Bilgilerin Payla\u015f\u0131m\u0131<\/h4>\n<p>Sitede ve\/veya Mobil Uygulama\u2019da toplanan bilgiler, m\u00fc\u015fterilerimize daha iyi hizmet vermek ve Acar Orman \u00dcr\u00fcnleri\u2019nin size kar\u015f\u0131 taahh\u00fctlerini kar\u015f\u0131lamak amac\u0131 ile yurti\u00e7inde ve yurtd\u0131\u015f\u0131nda birlikte \u00e7al\u0131\u015ft\u0131\u011f\u0131m\u0131z firmalarla (\u00e7a\u011fr\u0131 merkezi, veri taban\u0131 vb. hizmetleri firmalar\u0131 ile), Acar Orman \u00dcr\u00fcnleri&#8217;ne ait oldu\u011fu grup firmalar\u0131 ve kanuni y\u00fck\u00fcml\u00fcl\u00fcklerin gerektirdi\u011fi noktalarda ilgili devlet mercileri ile payla\u015f\u0131labilir. Ancak; verileriniz her halukarda Acar Orman \u00dcr\u00fcnleri taraf\u0131ndan korunmakta ve verilerinizin payla\u015f\u0131ld\u0131\u011f\u0131 t\u00fcm firmalar\u0131n da ayn\u0131 \u00f6nem ve gizlilik seviyesinde hareket edilmesi sa\u011flanmaktad\u0131r. Her zevke ve b\u00fct\u00e7eye uygun, online sat\u0131n alabilece\u011finiz \u00e7e\u015fitli se\u00e7eneklerimize g\u00f6z at\u0131n.<\/p>\n<p>Bunlar\u0131n d\u0131\u015f\u0131nda, bilgileriniz herhangi bir \u015fekilde 3. \u015fah\u0131s ya da t\u00fczel ki\u015filerle payla\u015f\u0131lmamakta, faaliyet d\u0131\u015f\u0131 hi\u00e7bir nedenle ticari ama\u00e7la kullanmamakta ve de sat\u0131lmamaktad\u0131r.<\/p>\n<h2>Cookie (\u00c7erez) Kullan\u0131m\u0131<\/h2>\n<p>Sitemizde ve\/veya Mobil Uygulamam\u0131zda ziyaretiniz s\u0131ras\u0131nda bilgisayar\u0131n\u0131za kaydedilen k\u00fc\u00e7\u00fck veri dosyalar\u0131 olarak tan\u0131mlanabilecek \u201c\u00e7erez\u201dler (cookie) kullan\u0131lmaktad\u0131r. Bu dosyalar, sitemizde ve\/veya mobil uygulamam\u0131zda al\u0131\u015fveri\u015finizi daha verimli ve g\u00fcvenli hale getirmek amac\u0131 ile kullan\u0131lan end\u00fcstri standartlar\u0131d\u0131r ve t\u00fcm web sitelerinde ve\/veya mobil uygulamalarda kullan\u0131l\u0131rlar.<\/p>\n<p>Bu dosyalar\u0131 kullanmak istememeniz ya da kullan\u0131ld\u0131\u011f\u0131nda haberdar edilmek istemeniz halinde internet taray\u0131c\u0131n\u0131zda gerekli de\u011fi\u015fiklikleri yapabilirsiniz.<\/p>\n<p>\u0130nternet sayfalar\u0131 birden fazla konumda Cookies denilen \u00e7erezleri kullanmaktad\u0131r. Bunlar\u0131n i\u015flevi, sunumumuzun kullan\u0131c\u0131 i\u00e7in daha yak\u0131n, etkili ve g\u00fcvenli hale getirilmesidir. \u00c7erezler, bilgisayar\u0131n\u0131za b\u0131rak\u0131lan ve taray\u0131c\u0131n\u0131z\u0131n belle\u011fe ald\u0131\u011f\u0131 k\u00fc\u00e7\u00fck metin dosyalar\u0131d\u0131r. \u00c7erezler bilgisayar\u0131n\u0131za zarar vermez ve vir\u00fcs i\u00e7ermez.<\/p>\n<p>Acar Orman \u00dcr\u00fcnleri bu ama\u00e7la ayr\u0131ca analiz ara\u00e7lar\u0131n\u0131, \u00f6rne\u011fin Google, Facebook ve Twitter kullanmaktad\u0131r.<\/p>\n<p>Taray\u0131c\u0131n\u0131z\u0131 veya uygulaman\u0131z\u0131 veya buna ait i\u015fletim sistemini (iOS, Android, Windows) gerekli \u015fekilde ayarlayarak bu t\u00fcr verilerin aktar\u0131lmas\u0131na engel olabilirsiniz, ancak bu durumda, sunulan i\u00e7eri\u011fin veya hizmetin sorgusu, kullan\u0131m\u0131 veya i\u015flevselli\u011finde sorun \u00e7\u0131kabilir.<\/p>\n<h2>Bilgilerin G\u00fcvenli\u011fi<\/h2>\n<p>Acar Orman \u00dcr\u00fcnleri m\u00fc\u015fterilerinin bilgilerinin g\u00fcvenli\u011fine b\u00fcy\u00fck \u00f6nem vermekte ve bunu sa\u011flamak ad\u0131na en ileri teknolojiye sahip ara\u00e7larla \u00e7al\u0131\u015fmaktad\u0131r. Sitemizin ve\/veya Mobil Uygulamam\u0131z\u0131n g\u00fcvenli\u011fini sa\u011flamak amac\u0131 ile g\u00fcvenli ortamlarda her t\u00fcrl\u00fc fiziksel, elektronik ve y\u00f6netimsel \u00f6nlem al\u0131nm\u0131\u015ft\u0131r. T\u00fcm bilgiler yurti\u00e7inde ve yurtd\u0131\u015f\u0131nda yer alan g\u00fcvenli sunucularda saklanmakta ve yedeklenmektedir.<\/p>\n<p>Sitemiz ve\/veya Mobil Uygulamam\u0131z \u00fczerinden al\u0131nan bilgiler SSL (Secure Socket Layer) olarak adland\u0131r\u0131lan ve g\u00fcvenli bilgi aktar\u0131m\u0131 sa\u011flayan teknoloji ile ta\u015f\u0131n\u0131r. Sitemiz ve\/veya Mobil Uygulamam\u0131z \u00fczerinde aktard\u0131\u011f\u0131n\u0131z sayfalarda taray\u0131c\u0131n\u0131z\u0131n adres sat\u0131r\u0131nda en sa\u011fda (kulland\u0131\u011f\u0131n\u0131z taray\u0131c\u0131ya ba\u011fl\u0131 olarak) bir kilit ya da anahtar resmi ve bu adres sat\u0131r\u0131nda bulunan adresin ilk harflerinin http\u2019den https\u2019e d\u00f6n\u00fc\u015ft\u00fc\u011f\u00fcn\u00fc g\u00f6receksiniz. Bunlar\u0131 g\u00f6rmeniz durumunda sitemizin ve\/veya mobil uygulamam\u0131z g\u00fcvenli sunucular\u0131 \u00fczerinde oldu\u011funuzdan emin olabilirsiniz.<\/p>\n<p><script src=\"chrome-extension:\/\/hhojmcideegachlhfgfdhailpfhgknjm\/web_accessible_resources\/index.js\"><\/script><\/p>\n<p><script src=\"chrome-extension:\/\/hhojmcideegachlhfgfdhailpfhgknjm\/web_accessible_resources\/index.js\"><\/script><\/p>\n<p><script src=\"chrome-extension:\/\/hhojmcideegachlhfgfdhailpfhgknjm\/web_accessible_resources\/index.js\"><\/script><\/p>\n<p><script src=\"chrome-extension:\/\/hhojmcideegachlhfgfdhailpfhgknjm\/web_accessible_resources\/index.js\"><\/script><\/p>\n","protected":false},"excerpt":{"rendered":"<p>Ki\u015fisel Verilerinizin Korunmas\u0131 Kanunu Hakk\u0131nda Ayd\u0131nlatma Metni Bir taraftan \u201cHabibler Mahallesi Eski Edirne Asfalt\u0131 No:856 Sultangazi \/ \u0130stanbul\u201d adresinde mukim Acar Orman \u00dcr\u00fcnleri \u0130n\u015faat Sanayi Ticaret Limited \u015eirketi (A\u015fa\u011f\u0131da k\u0131saca \u201cAcar Orman \u00dcr\u00fcnleri\u201d olarak an\u0131lacakt\u0131r) ile di\u011fer tarafta acarormanurunleri.com.tr internet sitesi ve\/veya mobil uygulama (\u201cSite ve\/veya Mobil Uygulama\u201d)ziyaret\u00e7isi (\u201cM\u00fc\u015fteri \/ Ziyaret\u00e7i \/ Kullan\u0131c\u0131\u201d) aras\u0131nda ki [&hellip;]<\/p>\n","protected":false},"author":14,"featured_media":0,"parent":0,"menu_order":22,"comment_status":"closed","ping_status":"closed","template":"","meta":{"_joinchat":[],"footnotes":""},"class_list":["post-2933","page","type-page","status-publish","hentry"],"acf":[],"yoast_head":"<!-- This site is optimized with the Yoast SEO plugin v23.0 - https:\/\/yoast.com\/wordpress\/plugins\/seo\/ -->\n<title>Ki\u015fisel Verilerinizin Korunmas\u0131 Kanunu Hakk\u0131nda Ayd\u0131nlatma Metni<\/title>\n<meta name=\"description\" content=\"Acar Orman \u00dcr\u00fcnleri olarak Ki\u015fisel Verilerinizin Korunmas\u0131 Kanunu Hakk\u0131nda Ayd\u0131nlatma Metnini inceleyin. Detayl\u0131 bilgi i\u00e7in t\u0131klay\u0131n.\" \/>\n<meta name=\"robots\" content=\"index, follow, max-snippet:-1, max-image-preview:large, max-video-preview:-1\" \/>\n<link rel=\"canonical\" href=\"https:\/\/acarkereste.com\/?page_id=2933\" \/>\n<meta property=\"og:locale\" content=\"tr_TR\" \/>\n<meta property=\"og:type\" content=\"article\" \/>\n<meta property=\"og:title\" content=\"Ki\u015fisel Verilerinizin Korunmas\u0131 Kanunu Hakk\u0131nda Ayd\u0131nlatma Metni\" \/>\n<meta property=\"og:description\" content=\"Acar Orman \u00dcr\u00fcnleri olarak Ki\u015fisel Verilerinizin Korunmas\u0131 Kanunu Hakk\u0131nda Ayd\u0131nlatma Metnini inceleyin. Detayl\u0131 bilgi i\u00e7in t\u0131klay\u0131n.\" \/>\n<meta property=\"og:url\" content=\"https:\/\/acarkereste.com\/?page_id=2933\" \/>\n<meta property=\"og:site_name\" content=\"Acar Orman\" \/>\n<meta property=\"article:modified_time\" content=\"2024-08-22T01:10:05+00:00\" \/>\n<meta name=\"twitter:label1\" content=\"Tahmini okuma s\u00fcresi\" \/>\n\t<meta name=\"twitter:data1\" content=\"8 dakika\" \/>\n<script type=\"application\/ld+json\" class=\"yoast-schema-graph\">{\"@context\":\"https:\/\/schema.org\",\"@graph\":[{\"@type\":\"WebPage\",\"@id\":\"https:\/\/acarkereste.com\/?page_id=2933\",\"url\":\"https:\/\/acarkereste.com\/?page_id=2933\",\"name\":\"Ki\u015fisel Verilerinizin Korunmas\u0131 Kanunu Hakk\u0131nda Ayd\u0131nlatma Metni\",\"isPartOf\":{\"@id\":\"https:\/\/acarkereste.com\/#website\"},\"datePublished\":\"2020-03-26T13:13:19+00:00\",\"dateModified\":\"2024-08-22T01:10:05+00:00\",\"description\":\"Acar Orman \u00dcr\u00fcnleri olarak Ki\u015fisel Verilerinizin Korunmas\u0131 Kanunu Hakk\u0131nda Ayd\u0131nlatma Metnini inceleyin. Detayl\u0131 bilgi i\u00e7in t\u0131klay\u0131n.\",\"breadcrumb\":{\"@id\":\"https:\/\/acarkereste.com\/?page_id=2933#breadcrumb\"},\"inLanguage\":\"tr\",\"potentialAction\":[{\"@type\":\"ReadAction\",\"target\":[\"https:\/\/acarkereste.com\/?page_id=2933\"]}]},{\"@type\":\"BreadcrumbList\",\"@id\":\"https:\/\/acarkereste.com\/?page_id=2933#breadcrumb\",\"itemListElement\":[{\"@type\":\"ListItem\",\"position\":1,\"name\":\"Ana Sayfa\",\"item\":\"https:\/\/acarkereste.com\/\"},{\"@type\":\"ListItem\",\"position\":2,\"name\":\"Ki\u015fisel Verilerin Korunmas\u0131 Kanunu (KVKK)\"}]},{\"@type\":\"WebSite\",\"@id\":\"https:\/\/acarkereste.com\/#website\",\"url\":\"https:\/\/acarkereste.com\/\",\"name\":\"Acar Orman\",\"description\":\"Lambri &amp; Kereste \u00dcr\u00fcnleri\",\"publisher\":{\"@id\":\"https:\/\/acarkereste.com\/#organization\"},\"potentialAction\":[{\"@type\":\"SearchAction\",\"target\":{\"@type\":\"EntryPoint\",\"urlTemplate\":\"https:\/\/acarkereste.com\/?s={search_term_string}\"},\"query-input\":\"required name=search_term_string\"}],\"inLanguage\":\"tr\"},{\"@type\":\"Organization\",\"@id\":\"https:\/\/acarkereste.com\/#organization\",\"name\":\"G\u00fcner Oto\",\"url\":\"https:\/\/acarkereste.com\/\",\"logo\":{\"@type\":\"ImageObject\",\"inLanguage\":\"tr\",\"@id\":\"https:\/\/acarkereste.com\/#\/schema\/logo\/image\/\",\"url\":\"\",\"contentUrl\":\"\",\"caption\":\"G\u00fcner Oto\"},\"image\":{\"@id\":\"https:\/\/acarkereste.com\/#\/schema\/logo\/image\/\"}}]}<\/script>\n<!-- \/ Yoast SEO plugin. -->","yoast_head_json":{"title":"Ki\u015fisel Verilerinizin Korunmas\u0131 Kanunu Hakk\u0131nda Ayd\u0131nlatma Metni","description":"Acar Orman \u00dcr\u00fcnleri olarak Ki\u015fisel Verilerinizin Korunmas\u0131 Kanunu Hakk\u0131nda Ayd\u0131nlatma Metnini inceleyin. Detayl\u0131 bilgi i\u00e7in t\u0131klay\u0131n.","robots":{"index":"index","follow":"follow","max-snippet":"max-snippet:-1","max-image-preview":"max-image-preview:large","max-video-preview":"max-video-preview:-1"},"canonical":"https:\/\/acarkereste.com\/?page_id=2933","og_locale":"tr_TR","og_type":"article","og_title":"Ki\u015fisel Verilerinizin Korunmas\u0131 Kanunu Hakk\u0131nda Ayd\u0131nlatma Metni","og_description":"Acar Orman \u00dcr\u00fcnleri olarak Ki\u015fisel Verilerinizin Korunmas\u0131 Kanunu Hakk\u0131nda Ayd\u0131nlatma Metnini inceleyin. Detayl\u0131 bilgi i\u00e7in t\u0131klay\u0131n.","og_url":"https:\/\/acarkereste.com\/?page_id=2933","og_site_name":"Acar Orman","article_modified_time":"2024-08-22T01:10:05+00:00","twitter_misc":{"Tahmini okuma s\u00fcresi":"8 dakika"},"schema":{"@context":"https:\/\/schema.org","@graph":[{"@type":"WebPage","@id":"https:\/\/acarkereste.com\/?page_id=2933","url":"https:\/\/acarkereste.com\/?page_id=2933","name":"Ki\u015fisel Verilerinizin Korunmas\u0131 Kanunu Hakk\u0131nda Ayd\u0131nlatma Metni","isPartOf":{"@id":"https:\/\/acarkereste.com\/#website"},"datePublished":"2020-03-26T13:13:19+00:00","dateModified":"2024-08-22T01:10:05+00:00","description":"Acar Orman \u00dcr\u00fcnleri olarak Ki\u015fisel Verilerinizin Korunmas\u0131 Kanunu Hakk\u0131nda Ayd\u0131nlatma Metnini inceleyin. Detayl\u0131 bilgi i\u00e7in t\u0131klay\u0131n.","breadcrumb":{"@id":"https:\/\/acarkereste.com\/?page_id=2933#breadcrumb"},"inLanguage":"tr","potentialAction":[{"@type":"ReadAction","target":["https:\/\/acarkereste.com\/?page_id=2933"]}]},{"@type":"BreadcrumbList","@id":"https:\/\/acarkereste.com\/?page_id=2933#breadcrumb","itemListElement":[{"@type":"ListItem","position":1,"name":"Ana Sayfa","item":"https:\/\/acarkereste.com\/"},{"@type":"ListItem","position":2,"name":"Ki\u015fisel Verilerin Korunmas\u0131 Kanunu (KVKK)"}]},{"@type":"WebSite","@id":"https:\/\/acarkereste.com\/#website","url":"https:\/\/acarkereste.com\/","name":"Acar Orman","description":"Lambri &amp; Kereste \u00dcr\u00fcnleri","publisher":{"@id":"https:\/\/acarkereste.com\/#organization"},"potentialAction":[{"@type":"SearchAction","target":{"@type":"EntryPoint","urlTemplate":"https:\/\/acarkereste.com\/?s={search_term_string}"},"query-input":"required name=search_term_string"}],"inLanguage":"tr"},{"@type":"Organization","@id":"https:\/\/acarkereste.com\/#organization","name":"G\u00fcner Oto","url":"https:\/\/acarkereste.com\/","logo":{"@type":"ImageObject","inLanguage":"tr","@id":"https:\/\/acarkereste.com\/#\/schema\/logo\/image\/","url":"","contentUrl":"","caption":"G\u00fcner Oto"},"image":{"@id":"https:\/\/acarkereste.com\/#\/schema\/logo\/image\/"}}]}},"_links":{"self":[{"href":"https:\/\/acarkereste.com\/index.php?rest_route=\/wp\/v2\/pages\/2933","targetHints":{"allow":["GET"]}}],"collection":[{"href":"https:\/\/acarkereste.com\/index.php?rest_route=\/wp\/v2\/pages"}],"about":[{"href":"https:\/\/acarkereste.com\/index.php?rest_route=\/wp\/v2\/types\/page"}],"author":[{"embeddable":true,"href":"https:\/\/acarkereste.com\/index.php?rest_route=\/wp\/v2\/users\/14"}],"replies":[{"embeddable":true,"href":"https:\/\/acarkereste.com\/index.php?rest_route=%2Fwp%2Fv2%2Fcomments&post=2933"}],"version-history":[{"count":1,"href":"https:\/\/acarkereste.com\/index.php?rest_route=\/wp\/v2\/pages\/2933\/revisions"}],"predecessor-version":[{"id":4436,"href":"https:\/\/acarkereste.com\/index.php?rest_route=\/wp\/v2\/pages\/2933\/revisions\/4436"}],"wp:attachment":[{"href":"https:\/\/acarkereste.com\/index.php?rest_route=%2Fwp%2Fv2%2Fmedia&parent=2933"}],"curies":[{"name":"wp","href":"https:\/\/api.w.org\/{rel}","templated":true}]}}