{"id":28,"date":"2015-04-20T20:41:26","date_gmt":"2015-04-20T17:41:26","guid":{"rendered":"http:\/\/www.otoekspertizsefakoy.com\/?page_id=28"},"modified":"2022-04-27T19:10:06","modified_gmt":"2022-04-27T16:10:06","slug":"kurumsal","status":"publish","type":"page","link":"https:\/\/acarkereste.com\/?page_id=28","title":{"rendered":"Kurumsal"},"content":{"rendered":"<h1>Acar Orman \u00dcr\u00fcnleri<\/h1>\n<h4>\u0130lk olarak 1984 y\u0131l\u0131nda Gazi Mahallesi&#8217;nde faaliyete ba\u015flayan Acar Orman \u00dcr\u00fcnlerinin ilk fabrikas\u0131, Esentepe b\u00f6lgesinde 3000 metrekare bir alan \u00fczerinde \u00fczerinde 1000 metrekare kapal\u0131 alanda kurulmu\u015ftur. 1984 y\u0131l\u0131ndan 2000 y\u0131l\u0131na kadar hizmet verdi\u011fimiz Gazi mahallesi&#8217;nde bulunan merkezimizden m\u00fc\u015fterilerimize daha iyi hizmet vermek i\u00e7in Sultangazi Habibler&#8217;e ta\u015f\u0131nd\u0131k.<\/h4>\n<p>Gazi mahallesi merkezimizde 2 ki\u015fi ile \u00e7\u0131kt\u0131\u011f\u0131m\u0131z bu yolda \u015fu an 10 ki\u015filik alan\u0131nda uzman deneyimli ekibimiz ile siz de\u011ferli m\u00fc\u015fterilerimize\u00a0 hizmet vermekteyiz. Habibler merkezimizde 20 senedir m\u00fc\u015fterilerimiz i\u00e7in \u00e7\u00f6z\u00fcm odakl\u0131 \u00e7al\u0131\u015f\u0131yor. Hizmetlerimiz daima daha iyi olacak \u015fekilde geli\u015ftiriyoruz.<\/p>\n<p>En b\u00fcy\u00fck amac\u0131m\u0131z s\u00fcrekli olarak geli\u015fmek ve yenilenmek. Kaliteli G\u00fcvenilir \u00fcr\u00fcnlerimiz, sert,kolay y\u0131pranmaz, dayan\u0131kl\u0131 ve kullan\u0131m alan\u0131na uygun olacak \u015fekilde haz\u0131rlanmaktad\u0131r. \u0130lk g\u00fcnk\u00fc hevesimiz ve iste\u011fimizle aktif olarak hizmet vermeye devam etmekteyiz.<\/p>\n","protected":false},"excerpt":{"rendered":"<p>Acar Orman \u00dcr\u00fcnleri, \u0130lk olarak 1984 y\u0131l\u0131nda Gazi Mahallesi&#8217;nde faaliyete ba\u015flayan Acar Orman \u00dcr\u00fcnlerinin ilk fabrikas\u0131, Esentepe b\u00f6lgesinde 3000 metrekare bir alan \u00fczerinde \u00fczerinde 1000 metrekare kapal\u0131 alanda kurulmu\u015ftur. <\/p>\n","protected":false},"author":14,"featured_media":0,"parent":0,"menu_order":2,"comment_status":"closed","ping_status":"closed","template":"","meta":{"_joinchat":[],"footnotes":""},"class_list":["post-28","page","type-page","status-publish","hentry"],"acf":[],"yoast_head":"<!-- This site is optimized with the Yoast SEO plugin v23.0 - https:\/\/yoast.com\/wordpress\/plugins\/seo\/ -->\n<title>Acar Orman \u00dcr\u00fcnleri, Ah\u015fap Lambiri, \u0130n\u015faatl\u0131k Kereste - Kurumsal<\/title>\n<meta name=\"description\" content=\"Acar Orman \u00dcr\u00fcnleri, sekt\u00f6r\u00fcnde uzun y\u0131l tecr\u00fcbesiyle bireysel ve kurumsal m\u00fc\u015fterilerimize kaliteli hizmet sunmak amac\u0131 ile kurulmu\u015ftur.\" \/>\n<meta name=\"robots\" content=\"index, follow, max-snippet:-1, max-image-preview:large, max-video-preview:-1\" \/>\n<link rel=\"canonical\" href=\"https:\/\/acarkereste.com\/?page_id=28\" \/>\n<meta property=\"og:locale\" content=\"tr_TR\" \/>\n<meta property=\"og:type\" content=\"article\" \/>\n<meta property=\"og:title\" content=\"Acar Orman \u00dcr\u00fcnleri, Ah\u015fap Lambiri, \u0130n\u015faatl\u0131k Kereste - Kurumsal\" \/>\n<meta property=\"og:description\" content=\"Acar Orman \u00dcr\u00fcnleri, sekt\u00f6r\u00fcnde uzun y\u0131l tecr\u00fcbesiyle bireysel ve kurumsal m\u00fc\u015fterilerimize kaliteli hizmet sunmak amac\u0131 ile kurulmu\u015ftur.\" \/>\n<meta property=\"og:url\" content=\"https:\/\/acarkereste.com\/?page_id=28\" \/>\n<meta property=\"og:site_name\" content=\"Acar Orman\" \/>\n<meta property=\"article:modified_time\" content=\"2022-04-27T16:10:06+00:00\" \/>\n<meta name=\"twitter:label1\" content=\"Tahmini okuma s\u00fcresi\" \/>\n\t<meta name=\"twitter:data1\" content=\"1 dakika\" \/>\n<script type=\"application\/ld+json\" class=\"yoast-schema-graph\">{\"@context\":\"https:\/\/schema.org\",\"@graph\":[{\"@type\":\"WebPage\",\"@id\":\"https:\/\/acarkereste.com\/?page_id=28\",\"url\":\"https:\/\/acarkereste.com\/?page_id=28\",\"name\":\"Acar Orman \u00dcr\u00fcnleri, Ah\u015fap Lambiri, \u0130n\u015faatl\u0131k Kereste - Kurumsal\",\"isPartOf\":{\"@id\":\"https:\/\/acarkereste.com\/#website\"},\"datePublished\":\"2015-04-20T17:41:26+00:00\",\"dateModified\":\"2022-04-27T16:10:06+00:00\",\"description\":\"Acar Orman \u00dcr\u00fcnleri, sekt\u00f6r\u00fcnde uzun y\u0131l tecr\u00fcbesiyle bireysel ve kurumsal m\u00fc\u015fterilerimize kaliteli hizmet sunmak amac\u0131 ile kurulmu\u015ftur.\",\"breadcrumb\":{\"@id\":\"https:\/\/acarkereste.com\/?page_id=28#breadcrumb\"},\"inLanguage\":\"tr\",\"potentialAction\":[{\"@type\":\"ReadAction\",\"target\":[\"https:\/\/acarkereste.com\/?page_id=28\"]}]},{\"@type\":\"BreadcrumbList\",\"@id\":\"https:\/\/acarkereste.com\/?page_id=28#breadcrumb\",\"itemListElement\":[{\"@type\":\"ListItem\",\"position\":1,\"name\":\"Ana Sayfa\",\"item\":\"https:\/\/acarkereste.com\/\"},{\"@type\":\"ListItem\",\"position\":2,\"name\":\"Kurumsal\"}]},{\"@type\":\"WebSite\",\"@id\":\"https:\/\/acarkereste.com\/#website\",\"url\":\"https:\/\/acarkereste.com\/\",\"name\":\"Acar Orman\",\"description\":\"Lambri &amp; Kereste \u00dcr\u00fcnleri\",\"publisher\":{\"@id\":\"https:\/\/acarkereste.com\/#organization\"},\"potentialAction\":[{\"@type\":\"SearchAction\",\"target\":{\"@type\":\"EntryPoint\",\"urlTemplate\":\"https:\/\/acarkereste.com\/?s={search_term_string}\"},\"query-input\":\"required name=search_term_string\"}],\"inLanguage\":\"tr\"},{\"@type\":\"Organization\",\"@id\":\"https:\/\/acarkereste.com\/#organization\",\"name\":\"G\u00fcner Oto\",\"url\":\"https:\/\/acarkereste.com\/\",\"logo\":{\"@type\":\"ImageObject\",\"inLanguage\":\"tr\",\"@id\":\"https:\/\/acarkereste.com\/#\/schema\/logo\/image\/\",\"url\":\"\",\"contentUrl\":\"\",\"caption\":\"G\u00fcner Oto\"},\"image\":{\"@id\":\"https:\/\/acarkereste.com\/#\/schema\/logo\/image\/\"}}]}<\/script>\n<!-- \/ Yoast SEO plugin. -->","yoast_head_json":{"title":"Acar Orman \u00dcr\u00fcnleri, Ah\u015fap Lambiri, \u0130n\u015faatl\u0131k Kereste - Kurumsal","description":"Acar Orman \u00dcr\u00fcnleri, sekt\u00f6r\u00fcnde uzun y\u0131l tecr\u00fcbesiyle bireysel ve kurumsal m\u00fc\u015fterilerimize kaliteli hizmet sunmak amac\u0131 ile kurulmu\u015ftur.","robots":{"index":"index","follow":"follow","max-snippet":"max-snippet:-1","max-image-preview":"max-image-preview:large","max-video-preview":"max-video-preview:-1"},"canonical":"https:\/\/acarkereste.com\/?page_id=28","og_locale":"tr_TR","og_type":"article","og_title":"Acar Orman \u00dcr\u00fcnleri, Ah\u015fap Lambiri, \u0130n\u015faatl\u0131k Kereste - Kurumsal","og_description":"Acar Orman \u00dcr\u00fcnleri, sekt\u00f6r\u00fcnde uzun y\u0131l tecr\u00fcbesiyle bireysel ve kurumsal m\u00fc\u015fterilerimize kaliteli hizmet sunmak amac\u0131 ile kurulmu\u015ftur.","og_url":"https:\/\/acarkereste.com\/?page_id=28","og_site_name":"Acar Orman","article_modified_time":"2022-04-27T16:10:06+00:00","twitter_misc":{"Tahmini okuma s\u00fcresi":"1 dakika"},"schema":{"@context":"https:\/\/schema.org","@graph":[{"@type":"WebPage","@id":"https:\/\/acarkereste.com\/?page_id=28","url":"https:\/\/acarkereste.com\/?page_id=28","name":"Acar Orman \u00dcr\u00fcnleri, Ah\u015fap Lambiri, \u0130n\u015faatl\u0131k Kereste - Kurumsal","isPartOf":{"@id":"https:\/\/acarkereste.com\/#website"},"datePublished":"2015-04-20T17:41:26+00:00","dateModified":"2022-04-27T16:10:06+00:00","description":"Acar Orman \u00dcr\u00fcnleri, sekt\u00f6r\u00fcnde uzun y\u0131l tecr\u00fcbesiyle bireysel ve kurumsal m\u00fc\u015fterilerimize kaliteli hizmet sunmak amac\u0131 ile kurulmu\u015ftur.","breadcrumb":{"@id":"https:\/\/acarkereste.com\/?page_id=28#breadcrumb"},"inLanguage":"tr","potentialAction":[{"@type":"ReadAction","target":["https:\/\/acarkereste.com\/?page_id=28"]}]},{"@type":"BreadcrumbList","@id":"https:\/\/acarkereste.com\/?page_id=28#breadcrumb","itemListElement":[{"@type":"ListItem","position":1,"name":"Ana Sayfa","item":"https:\/\/acarkereste.com\/"},{"@type":"ListItem","position":2,"name":"Kurumsal"}]},{"@type":"WebSite","@id":"https:\/\/acarkereste.com\/#website","url":"https:\/\/acarkereste.com\/","name":"Acar Orman","description":"Lambri &amp; Kereste \u00dcr\u00fcnleri","publisher":{"@id":"https:\/\/acarkereste.com\/#organization"},"potentialAction":[{"@type":"SearchAction","target":{"@type":"EntryPoint","urlTemplate":"https:\/\/acarkereste.com\/?s={search_term_string}"},"query-input":"required name=search_term_string"}],"inLanguage":"tr"},{"@type":"Organization","@id":"https:\/\/acarkereste.com\/#organization","name":"G\u00fcner Oto","url":"https:\/\/acarkereste.com\/","logo":{"@type":"ImageObject","inLanguage":"tr","@id":"https:\/\/acarkereste.com\/#\/schema\/logo\/image\/","url":"","contentUrl":"","caption":"G\u00fcner Oto"},"image":{"@id":"https:\/\/acarkereste.com\/#\/schema\/logo\/image\/"}}]}},"_links":{"self":[{"href":"https:\/\/acarkereste.com\/index.php?rest_route=\/wp\/v2\/pages\/28","targetHints":{"allow":["GET"]}}],"collection":[{"href":"https:\/\/acarkereste.com\/index.php?rest_route=\/wp\/v2\/pages"}],"about":[{"href":"https:\/\/acarkereste.com\/index.php?rest_route=\/wp\/v2\/types\/page"}],"author":[{"embeddable":true,"href":"https:\/\/acarkereste.com\/index.php?rest_route=\/wp\/v2\/users\/14"}],"replies":[{"embeddable":true,"href":"https:\/\/acarkereste.com\/index.php?rest_route=%2Fwp%2Fv2%2Fcomments&post=28"}],"version-history":[{"count":0,"href":"https:\/\/acarkereste.com\/index.php?rest_route=\/wp\/v2\/pages\/28\/revisions"}],"wp:attachment":[{"href":"https:\/\/acarkereste.com\/index.php?rest_route=%2Fwp%2Fv2%2Fmedia&parent=28"}],"curies":[{"name":"wp","href":"https:\/\/api.w.org\/{rel}","templated":true}]}}