{"id":2537,"date":"2019-08-28T15:53:35","date_gmt":"2019-08-28T12:53:35","guid":{"rendered":"https:\/\/acarkereste.com\/?page_id=2537"},"modified":"2021-02-02T12:51:30","modified_gmt":"2021-02-02T09:51:30","slug":"plywood","status":"publish","type":"page","link":"https:\/\/acarkereste.com\/?page_id=2537","title":{"rendered":"Plywood"},"content":{"rendered":"<h1>Plywood Nedir? Nerede Kullan\u0131l\u0131r?<\/h1>\n<p>Plywood&#8217;un kullan\u0131ld\u0131\u011f\u0131 alanlar \u00e7o\u011funlukla in\u015faat sekt\u00f6r\u00fc olmak ile birlikte mobilya yap\u0131m\u0131nda duvar b\u00f6lmesi olu\u015fturmada etkilidir.<br \/>\nGenellikle in\u015faat kal\u0131plar\u0131nda Plywood kullan\u0131lmaktad\u0131r.<br \/>\nBunun yan\u0131 s\u0131ra bir de \u00f6nemli derecede kamyon kasalar\u0131n\u0131n tabanlar\u0131nda da aktif kullan\u0131lmaktad\u0131r.<\/p>\n<h2>Plywood Yap\u0131m A\u015famas\u0131<\/h2>\n<p>Olu\u015fturdu\u011fumuz ince a\u011fa\u00e7 katmanlara \u00f6zel tutkallar ve yap\u0131\u015ft\u0131r\u0131c\u0131lar uyarlanmaktad\u0131r.<br \/>\nTutkal i\u015flemi sa\u011fland\u0131ktan sonra y\u00fcksek dereceli bas\u0131n\u00e7 makineleri ile paneller olu\u015fturulur.<br \/>\n\u0130stenilen \u00f6l\u00e7\u00fclere g\u00f6re haz\u0131rlanan \u00fcr\u00fcnlerimiz son i\u015flem olan epoksi boya sonras\u0131 sat\u0131\u015fa uygun hale getirilir.<\/p>\n<h3>Kullan\u0131m Alanlar\u0131<\/h3>\n<ul>\n<li>\u0130n\u015faat Sekt\u00f6r\u00fc<\/li>\n<li>Peyzaj Mimarl\u0131\u011f\u0131<\/li>\n<li>Mobilya Sekt\u00f6r\u00fc<\/li>\n<li>Marangoz ve Ah\u015fap Tasar\u0131m\u0131<\/li>\n<li>Billboard, Pano, Duvar B\u00f6lmeleri<\/li>\n<\/ul>\n<p><em>Fabrikam\u0131z i\u00e7erisinde \u00fcretilen \u00fcr\u00fcnler sert, dayan\u0131kl\u0131, kolay y\u0131pranmayan yap\u0131s\u0131 ile \u00f6n plana \u00e7\u0131kmaktad\u0131r.<\/em><br \/>\n<em>uzun \u00f6m\u00fcrl\u00fc olmas\u0131 sayesinde iste\u011fe ve amac\u0131n\u0131za uygun \u015fekilde kullan\u0131labilir<\/em><\/p>\n<h4>Teslimat \u0130\u015flemleri<\/h4>\n<p>Aktif ve s\u00fcrekli \u00e7al\u0131\u015ft\u0131\u011f\u0131m\u0131z m\u00fc\u015fterilerimizin kargo i\u015flemleri Acar Orman \u00dcr\u00fcnleri taraf\u0131ndan kar\u015f\u0131lanmaktad\u0131r.<br \/>\nTek seferlik al\u0131nan hizmetlerde m\u00fc\u015fterimiz teslimat i\u015flemini kendisi sa\u011flamaktad\u0131r.<\/p>\n<h3>Fiyat Bilgisi<\/h3>\n<p><strong><a href=\"https:\/\/acarkereste.com\/iletisim\">Fiyat bilgisi i\u00e7in l\u00fctfen bizimle ileti\u015fime ge\u00e7in. Her \u00f6l\u00e7\u00fcye \u00f6zel fiyatland\u0131rma yapmaktay\u0131z.<\/a><\/strong><\/p>\n<h3>\u00dcr\u00fcn G\u00f6rselleri<\/h3>\n<div class=\"row gallery\"><div class=\"small-photo col-sm-3 col-xs-6\">\n                            <div class=\"photo-wrap\">\n                                <img decoding=\"async\" src=\"https:\/\/acarkereste.com\/wp-content\/uploads\/2020\/08\/plywood-1-201x144.jpg\">\n\t\t\t\t\t\t\t\t<div class=\"wrap-gallery\">\n\t\t\t\t\t\t\t\t  <div class=\"gallery-info\">B\u00dcY\u00dcT<span class=\"glyphicon glyphicon-fullscreen\" aria-hidden=\"true\"><\/span><\/div> \n\t\t\t\t\t\t\t\t  <a data-fancybox=\"gallery\" href=\"https:\/\/acarkereste.com\/wp-content\/uploads\/2020\/08\/plywood-1.jpg\" class=\"mask\"><\/a>\n\t\t\t\t\t\t\t\t<\/div>\n                            <\/div>  \n                        <\/div><div class=\"small-photo col-sm-3 col-xs-6\">\n                            <div class=\"photo-wrap\">\n                                <img decoding=\"async\" src=\"https:\/\/acarkereste.com\/wp-content\/uploads\/2020\/08\/plywood-2-201x144.jpg\">\n\t\t\t\t\t\t\t\t<div class=\"wrap-gallery\">\n\t\t\t\t\t\t\t\t  <div class=\"gallery-info\">B\u00dcY\u00dcT<span class=\"glyphicon glyphicon-fullscreen\" aria-hidden=\"true\"><\/span><\/div> \n\t\t\t\t\t\t\t\t  <a data-fancybox=\"gallery\" href=\"https:\/\/acarkereste.com\/wp-content\/uploads\/2020\/08\/plywood-2.jpg\" class=\"mask\"><\/a>\n\t\t\t\t\t\t\t\t<\/div>\n                            <\/div>  \n                        <\/div><div class=\"small-photo col-sm-3 col-xs-6\">\n                            <div class=\"photo-wrap\">\n                                <img decoding=\"async\" src=\"https:\/\/acarkereste.com\/wp-content\/uploads\/2020\/08\/plywood-3-201x144.jpg\">\n\t\t\t\t\t\t\t\t<div class=\"wrap-gallery\">\n\t\t\t\t\t\t\t\t  <div class=\"gallery-info\">B\u00dcY\u00dcT<span class=\"glyphicon glyphicon-fullscreen\" aria-hidden=\"true\"><\/span><\/div> \n\t\t\t\t\t\t\t\t  <a data-fancybox=\"gallery\" href=\"https:\/\/acarkereste.com\/wp-content\/uploads\/2020\/08\/plywood-3.jpg\" class=\"mask\"><\/a>\n\t\t\t\t\t\t\t\t<\/div>\n                            <\/div>  \n                        <\/div><div class=\"small-photo col-sm-3 col-xs-6\">\n                            <div class=\"photo-wrap\">\n                                <img decoding=\"async\" src=\"https:\/\/acarkereste.com\/wp-content\/uploads\/2020\/08\/plywood-4-201x144.jpg\">\n\t\t\t\t\t\t\t\t<div class=\"wrap-gallery\">\n\t\t\t\t\t\t\t\t  <div class=\"gallery-info\">B\u00dcY\u00dcT<span class=\"glyphicon glyphicon-fullscreen\" aria-hidden=\"true\"><\/span><\/div> \n\t\t\t\t\t\t\t\t  <a data-fancybox=\"gallery\" href=\"https:\/\/acarkereste.com\/wp-content\/uploads\/2020\/08\/plywood-4.jpg\" class=\"mask\"><\/a>\n\t\t\t\t\t\t\t\t<\/div>\n                            <\/div>  \n                        <\/div><div class=\"small-photo col-sm-3 col-xs-6\">\n                            <div class=\"photo-wrap\">\n                                <img decoding=\"async\" src=\"https:\/\/acarkereste.com\/wp-content\/uploads\/2020\/08\/plywood-5-201x144.jpg\">\n\t\t\t\t\t\t\t\t<div class=\"wrap-gallery\">\n\t\t\t\t\t\t\t\t  <div class=\"gallery-info\">B\u00dcY\u00dcT<span class=\"glyphicon glyphicon-fullscreen\" aria-hidden=\"true\"><\/span><\/div> \n\t\t\t\t\t\t\t\t  <a data-fancybox=\"gallery\" href=\"https:\/\/acarkereste.com\/wp-content\/uploads\/2020\/08\/plywood-5.jpg\" class=\"mask\"><\/a>\n\t\t\t\t\t\t\t\t<\/div>\n                            <\/div>  \n                        <\/div><div class=\"small-photo col-sm-3 col-xs-6\">\n                            <div class=\"photo-wrap\">\n                                <img decoding=\"async\" src=\"https:\/\/acarkereste.com\/wp-content\/uploads\/2020\/08\/plywood-6-201x144.jpg\">\n\t\t\t\t\t\t\t\t<div class=\"wrap-gallery\">\n\t\t\t\t\t\t\t\t  <div class=\"gallery-info\">B\u00dcY\u00dcT<span class=\"glyphicon glyphicon-fullscreen\" aria-hidden=\"true\"><\/span><\/div> \n\t\t\t\t\t\t\t\t  <a data-fancybox=\"gallery\" href=\"https:\/\/acarkereste.com\/wp-content\/uploads\/2020\/08\/plywood-6.jpg\" class=\"mask\"><\/a>\n\t\t\t\t\t\t\t\t<\/div>\n                            <\/div>  \n                        <\/div><div class=\"small-photo col-sm-3 col-xs-6\">\n                            <div class=\"photo-wrap\">\n                                <img decoding=\"async\" src=\"https:\/\/acarkereste.com\/wp-content\/uploads\/2020\/08\/plywood-7-201x144.jpg\">\n\t\t\t\t\t\t\t\t<div class=\"wrap-gallery\">\n\t\t\t\t\t\t\t\t  <div class=\"gallery-info\">B\u00dcY\u00dcT<span class=\"glyphicon glyphicon-fullscreen\" aria-hidden=\"true\"><\/span><\/div> \n\t\t\t\t\t\t\t\t  <a data-fancybox=\"gallery\" href=\"https:\/\/acarkereste.com\/wp-content\/uploads\/2020\/08\/plywood-7.jpg\" class=\"mask\"><\/a>\n\t\t\t\t\t\t\t\t<\/div>\n                            <\/div>  \n                        <\/div><div class=\"small-photo col-sm-3 col-xs-6\">\n                            <div class=\"photo-wrap\">\n                                <img decoding=\"async\" src=\"https:\/\/acarkereste.com\/wp-content\/uploads\/2020\/08\/plywood-8-201x144.jpg\">\n\t\t\t\t\t\t\t\t<div class=\"wrap-gallery\">\n\t\t\t\t\t\t\t\t  <div class=\"gallery-info\">B\u00dcY\u00dcT<span class=\"glyphicon glyphicon-fullscreen\" aria-hidden=\"true\"><\/span><\/div> \n\t\t\t\t\t\t\t\t  <a data-fancybox=\"gallery\" href=\"https:\/\/acarkereste.com\/wp-content\/uploads\/2020\/08\/plywood-8.jpg\" class=\"mask\"><\/a>\n\t\t\t\t\t\t\t\t<\/div>\n                            <\/div>  \n                        <\/div><\/div>\n","protected":false},"excerpt":{"rendered":"<p>Plywood toptan ve perakende sat\u0131\u015f\u0131 yapan firmam\u0131z\u0131n sitesinde; kereste modelleri ve teknik \u00f6zellikleri bulunmaktad\u0131r. Fiyat al\u0131n.<\/p>\n","protected":false},"author":14,"featured_media":3006,"parent":32,"menu_order":13,"comment_status":"closed","ping_status":"closed","template":"page-service.php","meta":{"_joinchat":[],"footnotes":""},"class_list":["post-2537","page","type-page","status-publish","has-post-thumbnail","hentry"],"acf":[],"yoast_head":"<!-- This site is optimized with the Yoast SEO plugin v23.0 - https:\/\/yoast.com\/wordpress\/plugins\/seo\/ -->\n<title>Plywood - Acar Orman \u00dcr\u00fcnleri<\/title>\n<meta name=\"description\" content=\"Plywood toptan ve perakende sat\u0131\u015f\u0131 yapan firmam\u0131z\u0131n sitesinde; plywood modelleri ve teknik \u00f6zellikleri bulunmaktad\u0131r. Fiyat teklifi al.\" \/>\n<meta name=\"robots\" content=\"index, follow, max-snippet:-1, max-image-preview:large, max-video-preview:-1\" \/>\n<link rel=\"canonical\" href=\"https:\/\/acarkereste.com\/?page_id=2537\" \/>\n<meta property=\"og:locale\" content=\"tr_TR\" \/>\n<meta property=\"og:type\" content=\"article\" \/>\n<meta property=\"og:title\" content=\"Plywood - Acar Orman \u00dcr\u00fcnleri\" \/>\n<meta property=\"og:description\" content=\"Plywood toptan ve perakende sat\u0131\u015f\u0131 yapan firmam\u0131z\u0131n sitesinde; plywood modelleri ve teknik \u00f6zellikleri bulunmaktad\u0131r. Fiyat teklifi al.\" \/>\n<meta property=\"og:url\" content=\"https:\/\/acarkereste.com\/?page_id=2537\" \/>\n<meta property=\"og:site_name\" content=\"Acar Orman\" \/>\n<meta property=\"article:modified_time\" content=\"2021-02-02T09:51:30+00:00\" \/>\n<meta property=\"og:image\" content=\"https:\/\/acarkereste.com\/wp-content\/uploads\/2020\/06\/acik-renkli-plywood.jpg\" \/>\n\t<meta property=\"og:image:width\" content=\"276\" \/>\n\t<meta property=\"og:image:height\" content=\"470\" \/>\n\t<meta property=\"og:image:type\" content=\"image\/jpeg\" \/>\n<meta name=\"twitter:label1\" content=\"Tahmini okuma s\u00fcresi\" \/>\n\t<meta name=\"twitter:data1\" content=\"1 dakika\" \/>\n<script type=\"application\/ld+json\" class=\"yoast-schema-graph\">{\"@context\":\"https:\/\/schema.org\",\"@graph\":[{\"@type\":\"WebPage\",\"@id\":\"https:\/\/acarkereste.com\/?page_id=2537\",\"url\":\"https:\/\/acarkereste.com\/?page_id=2537\",\"name\":\"Plywood - Acar Orman \u00dcr\u00fcnleri\",\"isPartOf\":{\"@id\":\"https:\/\/acarkereste.com\/#website\"},\"primaryImageOfPage\":{\"@id\":\"https:\/\/acarkereste.com\/?page_id=2537#primaryimage\"},\"image\":{\"@id\":\"https:\/\/acarkereste.com\/?page_id=2537#primaryimage\"},\"thumbnailUrl\":\"https:\/\/acarkereste.com\/wp-content\/uploads\/2020\/06\/acik-renkli-plywood.jpg\",\"datePublished\":\"2019-08-28T12:53:35+00:00\",\"dateModified\":\"2021-02-02T09:51:30+00:00\",\"description\":\"Plywood toptan ve perakende sat\u0131\u015f\u0131 yapan firmam\u0131z\u0131n sitesinde; plywood modelleri ve teknik \u00f6zellikleri bulunmaktad\u0131r. Fiyat teklifi al.\",\"breadcrumb\":{\"@id\":\"https:\/\/acarkereste.com\/?page_id=2537#breadcrumb\"},\"inLanguage\":\"tr\",\"potentialAction\":[{\"@type\":\"ReadAction\",\"target\":[\"https:\/\/acarkereste.com\/?page_id=2537\"]}]},{\"@type\":\"ImageObject\",\"inLanguage\":\"tr\",\"@id\":\"https:\/\/acarkereste.com\/?page_id=2537#primaryimage\",\"url\":\"https:\/\/acarkereste.com\/wp-content\/uploads\/2020\/06\/acik-renkli-plywood.jpg\",\"contentUrl\":\"https:\/\/acarkereste.com\/wp-content\/uploads\/2020\/06\/acik-renkli-plywood.jpg\",\"width\":276,\"height\":470,\"caption\":\"A\u00e7\u0131k Renkli Plywood\"},{\"@type\":\"BreadcrumbList\",\"@id\":\"https:\/\/acarkereste.com\/?page_id=2537#breadcrumb\",\"itemListElement\":[{\"@type\":\"ListItem\",\"position\":1,\"name\":\"Ana Sayfa\",\"item\":\"https:\/\/acarkereste.com\/\"},{\"@type\":\"ListItem\",\"position\":2,\"name\":\"\u00dcr\u00fcnler\",\"item\":\"https:\/\/acarkereste.com\/?page_id=32\"},{\"@type\":\"ListItem\",\"position\":3,\"name\":\"Plywood\"}]},{\"@type\":\"WebSite\",\"@id\":\"https:\/\/acarkereste.com\/#website\",\"url\":\"https:\/\/acarkereste.com\/\",\"name\":\"Acar Orman\",\"description\":\"Lambri &amp; Kereste \u00dcr\u00fcnleri\",\"publisher\":{\"@id\":\"https:\/\/acarkereste.com\/#organization\"},\"potentialAction\":[{\"@type\":\"SearchAction\",\"target\":{\"@type\":\"EntryPoint\",\"urlTemplate\":\"https:\/\/acarkereste.com\/?s={search_term_string}\"},\"query-input\":\"required name=search_term_string\"}],\"inLanguage\":\"tr\"},{\"@type\":\"Organization\",\"@id\":\"https:\/\/acarkereste.com\/#organization\",\"name\":\"G\u00fcner Oto\",\"url\":\"https:\/\/acarkereste.com\/\",\"logo\":{\"@type\":\"ImageObject\",\"inLanguage\":\"tr\",\"@id\":\"https:\/\/acarkereste.com\/#\/schema\/logo\/image\/\",\"url\":\"\",\"contentUrl\":\"\",\"caption\":\"G\u00fcner Oto\"},\"image\":{\"@id\":\"https:\/\/acarkereste.com\/#\/schema\/logo\/image\/\"}}]}<\/script>\n<!-- \/ Yoast SEO plugin. -->","yoast_head_json":{"title":"Plywood - Acar Orman \u00dcr\u00fcnleri","description":"Plywood toptan ve perakende sat\u0131\u015f\u0131 yapan firmam\u0131z\u0131n sitesinde; plywood modelleri ve teknik \u00f6zellikleri bulunmaktad\u0131r. Fiyat teklifi al.","robots":{"index":"index","follow":"follow","max-snippet":"max-snippet:-1","max-image-preview":"max-image-preview:large","max-video-preview":"max-video-preview:-1"},"canonical":"https:\/\/acarkereste.com\/?page_id=2537","og_locale":"tr_TR","og_type":"article","og_title":"Plywood - Acar Orman \u00dcr\u00fcnleri","og_description":"Plywood toptan ve perakende sat\u0131\u015f\u0131 yapan firmam\u0131z\u0131n sitesinde; plywood modelleri ve teknik \u00f6zellikleri bulunmaktad\u0131r. Fiyat teklifi al.","og_url":"https:\/\/acarkereste.com\/?page_id=2537","og_site_name":"Acar Orman","article_modified_time":"2021-02-02T09:51:30+00:00","og_image":[{"width":276,"height":470,"url":"https:\/\/acarkereste.com\/wp-content\/uploads\/2020\/06\/acik-renkli-plywood.jpg","type":"image\/jpeg"}],"twitter_misc":{"Tahmini okuma s\u00fcresi":"1 dakika"},"schema":{"@context":"https:\/\/schema.org","@graph":[{"@type":"WebPage","@id":"https:\/\/acarkereste.com\/?page_id=2537","url":"https:\/\/acarkereste.com\/?page_id=2537","name":"Plywood - Acar Orman \u00dcr\u00fcnleri","isPartOf":{"@id":"https:\/\/acarkereste.com\/#website"},"primaryImageOfPage":{"@id":"https:\/\/acarkereste.com\/?page_id=2537#primaryimage"},"image":{"@id":"https:\/\/acarkereste.com\/?page_id=2537#primaryimage"},"thumbnailUrl":"https:\/\/acarkereste.com\/wp-content\/uploads\/2020\/06\/acik-renkli-plywood.jpg","datePublished":"2019-08-28T12:53:35+00:00","dateModified":"2021-02-02T09:51:30+00:00","description":"Plywood toptan ve perakende sat\u0131\u015f\u0131 yapan firmam\u0131z\u0131n sitesinde; plywood modelleri ve teknik \u00f6zellikleri bulunmaktad\u0131r. Fiyat teklifi al.","breadcrumb":{"@id":"https:\/\/acarkereste.com\/?page_id=2537#breadcrumb"},"inLanguage":"tr","potentialAction":[{"@type":"ReadAction","target":["https:\/\/acarkereste.com\/?page_id=2537"]}]},{"@type":"ImageObject","inLanguage":"tr","@id":"https:\/\/acarkereste.com\/?page_id=2537#primaryimage","url":"https:\/\/acarkereste.com\/wp-content\/uploads\/2020\/06\/acik-renkli-plywood.jpg","contentUrl":"https:\/\/acarkereste.com\/wp-content\/uploads\/2020\/06\/acik-renkli-plywood.jpg","width":276,"height":470,"caption":"A\u00e7\u0131k Renkli Plywood"},{"@type":"BreadcrumbList","@id":"https:\/\/acarkereste.com\/?page_id=2537#breadcrumb","itemListElement":[{"@type":"ListItem","position":1,"name":"Ana Sayfa","item":"https:\/\/acarkereste.com\/"},{"@type":"ListItem","position":2,"name":"\u00dcr\u00fcnler","item":"https:\/\/acarkereste.com\/?page_id=32"},{"@type":"ListItem","position":3,"name":"Plywood"}]},{"@type":"WebSite","@id":"https:\/\/acarkereste.com\/#website","url":"https:\/\/acarkereste.com\/","name":"Acar Orman","description":"Lambri &amp; Kereste \u00dcr\u00fcnleri","publisher":{"@id":"https:\/\/acarkereste.com\/#organization"},"potentialAction":[{"@type":"SearchAction","target":{"@type":"EntryPoint","urlTemplate":"https:\/\/acarkereste.com\/?s={search_term_string}"},"query-input":"required name=search_term_string"}],"inLanguage":"tr"},{"@type":"Organization","@id":"https:\/\/acarkereste.com\/#organization","name":"G\u00fcner Oto","url":"https:\/\/acarkereste.com\/","logo":{"@type":"ImageObject","inLanguage":"tr","@id":"https:\/\/acarkereste.com\/#\/schema\/logo\/image\/","url":"","contentUrl":"","caption":"G\u00fcner Oto"},"image":{"@id":"https:\/\/acarkereste.com\/#\/schema\/logo\/image\/"}}]}},"_links":{"self":[{"href":"https:\/\/acarkereste.com\/index.php?rest_route=\/wp\/v2\/pages\/2537","targetHints":{"allow":["GET"]}}],"collection":[{"href":"https:\/\/acarkereste.com\/index.php?rest_route=\/wp\/v2\/pages"}],"about":[{"href":"https:\/\/acarkereste.com\/index.php?rest_route=\/wp\/v2\/types\/page"}],"author":[{"embeddable":true,"href":"https:\/\/acarkereste.com\/index.php?rest_route=\/wp\/v2\/users\/14"}],"replies":[{"embeddable":true,"href":"https:\/\/acarkereste.com\/index.php?rest_route=%2Fwp%2Fv2%2Fcomments&post=2537"}],"version-history":[{"count":0,"href":"https:\/\/acarkereste.com\/index.php?rest_route=\/wp\/v2\/pages\/2537\/revisions"}],"up":[{"embeddable":true,"href":"https:\/\/acarkereste.com\/index.php?rest_route=\/wp\/v2\/pages\/32"}],"wp:featuredmedia":[{"embeddable":true,"href":"https:\/\/acarkereste.com\/index.php?rest_route=\/wp\/v2\/media\/3006"}],"wp:attachment":[{"href":"https:\/\/acarkereste.com\/index.php?rest_route=%2Fwp%2Fv2%2Fmedia&parent=2537"}],"curies":[{"name":"wp","href":"https:\/\/api.w.org\/{rel}","templated":true}]}}