{"id":183,"date":"2015-05-07T21:51:25","date_gmt":"2015-05-07T18:51:25","guid":{"rendered":"http:\/\/www.otoekspertizsefakoy.com\/?page_id=183"},"modified":"2021-11-23T17:14:11","modified_gmt":"2021-11-23T14:14:11","slug":"osb-levha","status":"publish","type":"page","link":"https:\/\/acarkereste.com\/?page_id=183","title":{"rendered":"Osb Levha"},"content":{"rendered":"<h1>Osb Levha Nedir? Nerede Kullan\u0131l\u0131r?<\/h1>\n<p>Genel anlamda \u0130n\u015faat veya farkl\u0131 bir b\u00f6lgeyi \u00e7evirme ve kapatma malzemesi olarak bilinmektedir.<br \/>\n\u00c7o\u011funlukla \u00c7ardak veya kamelya yap\u0131m\u0131nda kullan\u0131lmaktad\u0131r. \u00c7at\u0131 kaplamalar\u0131 i\u00e7in uygun bir yap\u0131ya sahiptir.<br \/>\n\u0130n\u015faat b\u00f6lgesinin etraf\u0131n\u0131n \u00e7evrilerek kapat\u0131lmas\u0131 i\u00e7in rahat\u00e7a kullan\u0131labilmektedir.<\/p>\n<h2>Osb Yap\u0131m A\u015famalar\u0131<\/h2>\n<p>Osb yap\u0131s\u0131 genel anlamda tala\u015f malzemelerinin bir araya getirilmesinden olu\u015fturulur.<br \/>\nTala\u015f kullan\u0131ma haz\u0131r olacak \u015fekilde temizlenir ve yap\u0131s\u0131 uygun hale getirilir.<br \/>\n\u00dcr\u00fcn\u00fcn yap\u0131s\u0131n\u0131n bozulmamas\u0131 daha dayan\u0131kl\u0131 bir hal almas\u0131 i\u00e7in re\u00e7inelenmektedir.<br \/>\nSon olarak Is\u0131 ve bas\u0131n i\u015flemi uyguland\u0131ktan sonra plaka \u015feklini alan \u00fcr\u00fcn\u00fcm\u00fcz kullan\u0131ma haz\u0131r hale gelir.<\/p>\n<h3>Kullan\u0131m Alanlar\u0131<\/h3>\n<ul>\n<li>\u0130n\u015faat Sekt\u00f6r\u00fc<\/li>\n<li>Peyzaj Mimarl\u0131\u011f\u0131<\/li>\n<li>Mobilya Sekt\u00f6r\u00fc<\/li>\n<li>Marangoz ve Ah\u015fap Tasar\u0131m\u0131<\/li>\n<\/ul>\n<p><em>Sekt\u00f6rlerle birlikte amat\u00f6r olarak kendisine ah\u015fap \u00fcr\u00fcnlerden do\u011fal olarak malzemeler <\/em><br \/>\n<em>yapmak isteyen ki\u015filer i\u00e7in uygun \u00fcr\u00fcn \u00e7e\u015fitlerimiz ve modellerimiz bulunmaktad\u0131r.<\/em><\/p>\n<p>Fabrikam\u0131z i\u00e7erisinde \u00fcretilen \u00fcr\u00fcnler sert, dayan\u0131kl\u0131, kolay y\u0131pranmayan yap\u0131s\u0131 ile \u00f6n plana \u00e7\u0131kmaktad\u0131r.<br \/>\nUzun \u00f6m\u00fcrl\u00fc olmas\u0131 sayesinde iste\u011fe ve amac\u0131n\u0131za uygun \u015fekilde kullan\u0131labilir<\/p>\n<h4>Teslimat \u0130\u015flemleri<\/h4>\n<p>Aktif ve s\u00fcrekli \u00e7al\u0131\u015ft\u0131\u011f\u0131m\u0131z m\u00fc\u015fterilerimizin kargo i\u015flemleri Acar Orman \u00dcr\u00fcnleri taraf\u0131ndan kar\u015f\u0131lanmaktad\u0131r.<br \/>\nTek seferlik al\u0131nan hizmetlerde m\u00fc\u015fterimiz teslimat i\u015flemini kendisi sa\u011flamaktad\u0131r.<\/p>\n<h2>OSB Levha\u00a0Fiyat Bilgisi<\/h2>\n<p>Kaliteli, g\u00fcvenilir \u00fcr\u00fcnlerimiz; sert, kolay y\u0131pranmaz, dayan\u0131kl\u0131 ve kullan\u0131m alan\u0131na uygun olacak \u015fekilde haz\u0131rlanmaktad\u0131r.<\/p>\n<table style=\"height: 200px;\" width=\"500\">\n<tbody>\n<thead>\n<tr align=\"center\">\n<td><strong>En (cm)<\/strong><\/td>\n<td><strong>Boy (cm)<\/strong><\/td>\n<td><strong>Kal\u0131nl\u0131k (mm)<\/strong><\/td>\n<td><strong>Fiyat (\u20ba)<\/strong><\/td>\n<\/tr>\n<\/thead>\n<tr align=\"center\">\n<td>122 cm<\/td>\n<td>244 cm<\/td>\n<td>9 mm<\/td>\n<td><a class=\"teklifalbtn\" href=\"#popup\" data-toggle=\"modal\"><strong>Fiyat Teklifi Al<\/strong><\/a><\/td>\n<\/tr>\n<tr align=\"center\">\n<td>122 cm<\/td>\n<td>244 cm<\/td>\n<td>11 mm<\/td>\n<td><a class=\"teklifalbtn\" href=\"#popup\" data-toggle=\"modal\"><strong>Fiyat Teklifi Al<\/strong><\/a><\/td>\n<\/tr>\n<\/tbody>\n<\/table>\n<p>* Fiyatlar\u0131m\u0131za KDV dahil de\u011fildir.<br \/>\n* Y\u00fcksek Metrek\u00fcp (m\u00b3) taleplerinizde iskonto yap\u0131l\u0131r.<\/p>\n<h3>\u00dcr\u00fcn G\u00f6rselleri<\/h3>\n<div class=\"row gallery\"><div class=\"small-photo col-sm-3 col-xs-6\">\n                            <div class=\"photo-wrap\">\n                                <img decoding=\"async\" src=\"https:\/\/acarkereste.com\/wp-content\/uploads\/2020\/08\/osb-levha-7-201x144.jpg\">\n\t\t\t\t\t\t\t\t<div class=\"wrap-gallery\">\n\t\t\t\t\t\t\t\t  <div class=\"gallery-info\">B\u00dcY\u00dcT<span class=\"glyphicon glyphicon-fullscreen\" aria-hidden=\"true\"><\/span><\/div> \n\t\t\t\t\t\t\t\t  <a data-fancybox=\"gallery\" href=\"https:\/\/acarkereste.com\/wp-content\/uploads\/2020\/08\/osb-levha-7.jpg\" class=\"mask\"><\/a>\n\t\t\t\t\t\t\t\t<\/div>\n                            <\/div>  \n                        <\/div><div class=\"small-photo col-sm-3 col-xs-6\">\n                            <div class=\"photo-wrap\">\n                                <img decoding=\"async\" src=\"https:\/\/acarkereste.com\/wp-content\/uploads\/2020\/08\/osb-levha-6-201x144.jpg\">\n\t\t\t\t\t\t\t\t<div class=\"wrap-gallery\">\n\t\t\t\t\t\t\t\t  <div class=\"gallery-info\">B\u00dcY\u00dcT<span class=\"glyphicon glyphicon-fullscreen\" aria-hidden=\"true\"><\/span><\/div> \n\t\t\t\t\t\t\t\t  <a data-fancybox=\"gallery\" href=\"https:\/\/acarkereste.com\/wp-content\/uploads\/2020\/08\/osb-levha-6.jpg\" class=\"mask\"><\/a>\n\t\t\t\t\t\t\t\t<\/div>\n                            <\/div>  \n                        <\/div><div class=\"small-photo col-sm-3 col-xs-6\">\n                            <div class=\"photo-wrap\">\n                                <img decoding=\"async\" src=\"https:\/\/acarkereste.com\/wp-content\/uploads\/2020\/08\/osb-levha-5-201x144.jpg\">\n\t\t\t\t\t\t\t\t<div class=\"wrap-gallery\">\n\t\t\t\t\t\t\t\t  <div class=\"gallery-info\">B\u00dcY\u00dcT<span class=\"glyphicon glyphicon-fullscreen\" aria-hidden=\"true\"><\/span><\/div> \n\t\t\t\t\t\t\t\t  <a data-fancybox=\"gallery\" href=\"https:\/\/acarkereste.com\/wp-content\/uploads\/2020\/08\/osb-levha-5.jpg\" class=\"mask\"><\/a>\n\t\t\t\t\t\t\t\t<\/div>\n                            <\/div>  \n                        <\/div><div class=\"small-photo col-sm-3 col-xs-6\">\n                            <div class=\"photo-wrap\">\n                                <img decoding=\"async\" src=\"https:\/\/acarkereste.com\/wp-content\/uploads\/2020\/08\/osb-levha-8-201x144.jpg\">\n\t\t\t\t\t\t\t\t<div class=\"wrap-gallery\">\n\t\t\t\t\t\t\t\t  <div class=\"gallery-info\">B\u00dcY\u00dcT<span class=\"glyphicon glyphicon-fullscreen\" aria-hidden=\"true\"><\/span><\/div> \n\t\t\t\t\t\t\t\t  <a data-fancybox=\"gallery\" href=\"https:\/\/acarkereste.com\/wp-content\/uploads\/2020\/08\/osb-levha-8.jpg\" class=\"mask\"><\/a>\n\t\t\t\t\t\t\t\t<\/div>\n                            <\/div>  \n                        <\/div><div class=\"small-photo col-sm-3 col-xs-6\">\n                            <div class=\"photo-wrap\">\n                                <img decoding=\"async\" src=\"https:\/\/acarkereste.com\/wp-content\/uploads\/2020\/08\/osb-levha-1-201x144.jpg\">\n\t\t\t\t\t\t\t\t<div class=\"wrap-gallery\">\n\t\t\t\t\t\t\t\t  <div class=\"gallery-info\">B\u00dcY\u00dcT<span class=\"glyphicon glyphicon-fullscreen\" aria-hidden=\"true\"><\/span><\/div> \n\t\t\t\t\t\t\t\t  <a data-fancybox=\"gallery\" href=\"https:\/\/acarkereste.com\/wp-content\/uploads\/2020\/08\/osb-levha-1.jpg\" class=\"mask\"><\/a>\n\t\t\t\t\t\t\t\t<\/div>\n                            <\/div>  \n                        <\/div><div class=\"small-photo col-sm-3 col-xs-6\">\n                            <div class=\"photo-wrap\">\n                                <img decoding=\"async\" src=\"https:\/\/acarkereste.com\/wp-content\/uploads\/2020\/08\/osb-levha-3-201x144.jpg\">\n\t\t\t\t\t\t\t\t<div class=\"wrap-gallery\">\n\t\t\t\t\t\t\t\t  <div class=\"gallery-info\">B\u00dcY\u00dcT<span class=\"glyphicon glyphicon-fullscreen\" aria-hidden=\"true\"><\/span><\/div> \n\t\t\t\t\t\t\t\t  <a data-fancybox=\"gallery\" href=\"https:\/\/acarkereste.com\/wp-content\/uploads\/2020\/08\/osb-levha-3.jpg\" class=\"mask\"><\/a>\n\t\t\t\t\t\t\t\t<\/div>\n                            <\/div>  \n                        <\/div><div class=\"small-photo col-sm-3 col-xs-6\">\n                            <div class=\"photo-wrap\">\n                                <img decoding=\"async\" src=\"https:\/\/acarkereste.com\/wp-content\/uploads\/2020\/08\/osb-levha-2-201x144.jpg\">\n\t\t\t\t\t\t\t\t<div class=\"wrap-gallery\">\n\t\t\t\t\t\t\t\t  <div class=\"gallery-info\">B\u00dcY\u00dcT<span class=\"glyphicon glyphicon-fullscreen\" aria-hidden=\"true\"><\/span><\/div> \n\t\t\t\t\t\t\t\t  <a data-fancybox=\"gallery\" href=\"https:\/\/acarkereste.com\/wp-content\/uploads\/2020\/08\/osb-levha-2.jpg\" class=\"mask\"><\/a>\n\t\t\t\t\t\t\t\t<\/div>\n                            <\/div>  \n                        <\/div><div class=\"small-photo col-sm-3 col-xs-6\">\n                            <div class=\"photo-wrap\">\n                                <img decoding=\"async\" src=\"https:\/\/acarkereste.com\/wp-content\/uploads\/2020\/08\/osb-levha-4-201x144.jpg\">\n\t\t\t\t\t\t\t\t<div class=\"wrap-gallery\">\n\t\t\t\t\t\t\t\t  <div class=\"gallery-info\">B\u00dcY\u00dcT<span class=\"glyphicon glyphicon-fullscreen\" aria-hidden=\"true\"><\/span><\/div> \n\t\t\t\t\t\t\t\t  <a data-fancybox=\"gallery\" href=\"https:\/\/acarkereste.com\/wp-content\/uploads\/2020\/08\/osb-levha-4.jpg\" class=\"mask\"><\/a>\n\t\t\t\t\t\t\t\t<\/div>\n                            <\/div>  \n                        <\/div><\/div>\n","protected":false},"excerpt":{"rendered":"<p>Osb Levha toptan ve perakende sat\u0131\u015f\u0131 yapan firmam\u0131z\u0131n sitesinde; kereste modelleri ve teknik \u00f6zellikleri bulunmaktad\u0131r. Fiyat al\u0131n.<\/p>\n","protected":false},"author":14,"featured_media":3005,"parent":32,"menu_order":14,"comment_status":"closed","ping_status":"closed","template":"page-service.php","meta":{"_joinchat":[],"footnotes":""},"class_list":["post-183","page","type-page","status-publish","has-post-thumbnail","hentry"],"acf":[],"yoast_head":"<!-- This site is optimized with the Yoast SEO plugin v23.0 - https:\/\/yoast.com\/wordpress\/plugins\/seo\/ -->\n<title>Osb Levha - Acar Orman \u00dcr\u00fcnleri<\/title>\n<meta name=\"description\" content=\"Osb Levha toptan ve perakende sat\u0131\u015f\u0131 yapan firmam\u0131z\u0131n sitesinde; osb levha modelleri ve teknik \u00f6zellikleri bulunmaktad\u0131r. Fiyat teklifi al.\" \/>\n<meta name=\"robots\" content=\"index, follow, max-snippet:-1, max-image-preview:large, max-video-preview:-1\" \/>\n<link rel=\"canonical\" href=\"https:\/\/acarkereste.com\/?page_id=183\" \/>\n<meta property=\"og:locale\" content=\"tr_TR\" \/>\n<meta property=\"og:type\" content=\"article\" \/>\n<meta property=\"og:title\" content=\"Osb Levha - Acar Orman \u00dcr\u00fcnleri\" \/>\n<meta property=\"og:description\" content=\"Osb Levha toptan ve perakende sat\u0131\u015f\u0131 yapan firmam\u0131z\u0131n sitesinde; osb levha modelleri ve teknik \u00f6zellikleri bulunmaktad\u0131r. Fiyat teklifi al.\" \/>\n<meta property=\"og:url\" content=\"https:\/\/acarkereste.com\/?page_id=183\" \/>\n<meta property=\"og:site_name\" content=\"Acar Orman\" \/>\n<meta property=\"article:modified_time\" content=\"2021-11-23T14:14:11+00:00\" \/>\n<meta property=\"og:image\" content=\"https:\/\/acarkereste.com\/wp-content\/uploads\/2020\/06\/parlak-osb-levha-gorseli.jpg\" \/>\n\t<meta property=\"og:image:width\" content=\"276\" \/>\n\t<meta property=\"og:image:height\" content=\"470\" \/>\n\t<meta property=\"og:image:type\" content=\"image\/jpeg\" \/>\n<meta name=\"twitter:label1\" content=\"Tahmini okuma s\u00fcresi\" \/>\n\t<meta name=\"twitter:data1\" content=\"2 dakika\" \/>\n<script type=\"application\/ld+json\" class=\"yoast-schema-graph\">{\"@context\":\"https:\/\/schema.org\",\"@graph\":[{\"@type\":\"WebPage\",\"@id\":\"https:\/\/acarkereste.com\/?page_id=183\",\"url\":\"https:\/\/acarkereste.com\/?page_id=183\",\"name\":\"Osb Levha - Acar Orman \u00dcr\u00fcnleri\",\"isPartOf\":{\"@id\":\"https:\/\/acarkereste.com\/#website\"},\"primaryImageOfPage\":{\"@id\":\"https:\/\/acarkereste.com\/?page_id=183#primaryimage\"},\"image\":{\"@id\":\"https:\/\/acarkereste.com\/?page_id=183#primaryimage\"},\"thumbnailUrl\":\"https:\/\/acarkereste.com\/wp-content\/uploads\/2020\/06\/parlak-osb-levha-gorseli.jpg\",\"datePublished\":\"2015-05-07T18:51:25+00:00\",\"dateModified\":\"2021-11-23T14:14:11+00:00\",\"description\":\"Osb Levha toptan ve perakende sat\u0131\u015f\u0131 yapan firmam\u0131z\u0131n sitesinde; osb levha modelleri ve teknik \u00f6zellikleri bulunmaktad\u0131r. Fiyat teklifi al.\",\"breadcrumb\":{\"@id\":\"https:\/\/acarkereste.com\/?page_id=183#breadcrumb\"},\"inLanguage\":\"tr\",\"potentialAction\":[{\"@type\":\"ReadAction\",\"target\":[\"https:\/\/acarkereste.com\/?page_id=183\"]}]},{\"@type\":\"ImageObject\",\"inLanguage\":\"tr\",\"@id\":\"https:\/\/acarkereste.com\/?page_id=183#primaryimage\",\"url\":\"https:\/\/acarkereste.com\/wp-content\/uploads\/2020\/06\/parlak-osb-levha-gorseli.jpg\",\"contentUrl\":\"https:\/\/acarkereste.com\/wp-content\/uploads\/2020\/06\/parlak-osb-levha-gorseli.jpg\",\"width\":276,\"height\":470,\"caption\":\"Parlak Osb Levha\"},{\"@type\":\"BreadcrumbList\",\"@id\":\"https:\/\/acarkereste.com\/?page_id=183#breadcrumb\",\"itemListElement\":[{\"@type\":\"ListItem\",\"position\":1,\"name\":\"Ana Sayfa\",\"item\":\"https:\/\/acarkereste.com\/\"},{\"@type\":\"ListItem\",\"position\":2,\"name\":\"\u00dcr\u00fcnler\",\"item\":\"https:\/\/acarkereste.com\/?page_id=32\"},{\"@type\":\"ListItem\",\"position\":3,\"name\":\"Osb Levha\"}]},{\"@type\":\"WebSite\",\"@id\":\"https:\/\/acarkereste.com\/#website\",\"url\":\"https:\/\/acarkereste.com\/\",\"name\":\"Acar Orman\",\"description\":\"Lambri &amp; Kereste \u00dcr\u00fcnleri\",\"publisher\":{\"@id\":\"https:\/\/acarkereste.com\/#organization\"},\"potentialAction\":[{\"@type\":\"SearchAction\",\"target\":{\"@type\":\"EntryPoint\",\"urlTemplate\":\"https:\/\/acarkereste.com\/?s={search_term_string}\"},\"query-input\":\"required name=search_term_string\"}],\"inLanguage\":\"tr\"},{\"@type\":\"Organization\",\"@id\":\"https:\/\/acarkereste.com\/#organization\",\"name\":\"G\u00fcner Oto\",\"url\":\"https:\/\/acarkereste.com\/\",\"logo\":{\"@type\":\"ImageObject\",\"inLanguage\":\"tr\",\"@id\":\"https:\/\/acarkereste.com\/#\/schema\/logo\/image\/\",\"url\":\"\",\"contentUrl\":\"\",\"caption\":\"G\u00fcner Oto\"},\"image\":{\"@id\":\"https:\/\/acarkereste.com\/#\/schema\/logo\/image\/\"}}]}<\/script>\n<!-- \/ Yoast SEO plugin. -->","yoast_head_json":{"title":"Osb Levha - Acar Orman \u00dcr\u00fcnleri","description":"Osb Levha toptan ve perakende sat\u0131\u015f\u0131 yapan firmam\u0131z\u0131n sitesinde; osb levha modelleri ve teknik \u00f6zellikleri bulunmaktad\u0131r. Fiyat teklifi al.","robots":{"index":"index","follow":"follow","max-snippet":"max-snippet:-1","max-image-preview":"max-image-preview:large","max-video-preview":"max-video-preview:-1"},"canonical":"https:\/\/acarkereste.com\/?page_id=183","og_locale":"tr_TR","og_type":"article","og_title":"Osb Levha - Acar Orman \u00dcr\u00fcnleri","og_description":"Osb Levha toptan ve perakende sat\u0131\u015f\u0131 yapan firmam\u0131z\u0131n sitesinde; osb levha modelleri ve teknik \u00f6zellikleri bulunmaktad\u0131r. Fiyat teklifi al.","og_url":"https:\/\/acarkereste.com\/?page_id=183","og_site_name":"Acar Orman","article_modified_time":"2021-11-23T14:14:11+00:00","og_image":[{"width":276,"height":470,"url":"https:\/\/acarkereste.com\/wp-content\/uploads\/2020\/06\/parlak-osb-levha-gorseli.jpg","type":"image\/jpeg"}],"twitter_misc":{"Tahmini okuma s\u00fcresi":"2 dakika"},"schema":{"@context":"https:\/\/schema.org","@graph":[{"@type":"WebPage","@id":"https:\/\/acarkereste.com\/?page_id=183","url":"https:\/\/acarkereste.com\/?page_id=183","name":"Osb Levha - Acar Orman \u00dcr\u00fcnleri","isPartOf":{"@id":"https:\/\/acarkereste.com\/#website"},"primaryImageOfPage":{"@id":"https:\/\/acarkereste.com\/?page_id=183#primaryimage"},"image":{"@id":"https:\/\/acarkereste.com\/?page_id=183#primaryimage"},"thumbnailUrl":"https:\/\/acarkereste.com\/wp-content\/uploads\/2020\/06\/parlak-osb-levha-gorseli.jpg","datePublished":"2015-05-07T18:51:25+00:00","dateModified":"2021-11-23T14:14:11+00:00","description":"Osb Levha toptan ve perakende sat\u0131\u015f\u0131 yapan firmam\u0131z\u0131n sitesinde; osb levha modelleri ve teknik \u00f6zellikleri bulunmaktad\u0131r. Fiyat teklifi al.","breadcrumb":{"@id":"https:\/\/acarkereste.com\/?page_id=183#breadcrumb"},"inLanguage":"tr","potentialAction":[{"@type":"ReadAction","target":["https:\/\/acarkereste.com\/?page_id=183"]}]},{"@type":"ImageObject","inLanguage":"tr","@id":"https:\/\/acarkereste.com\/?page_id=183#primaryimage","url":"https:\/\/acarkereste.com\/wp-content\/uploads\/2020\/06\/parlak-osb-levha-gorseli.jpg","contentUrl":"https:\/\/acarkereste.com\/wp-content\/uploads\/2020\/06\/parlak-osb-levha-gorseli.jpg","width":276,"height":470,"caption":"Parlak Osb Levha"},{"@type":"BreadcrumbList","@id":"https:\/\/acarkereste.com\/?page_id=183#breadcrumb","itemListElement":[{"@type":"ListItem","position":1,"name":"Ana Sayfa","item":"https:\/\/acarkereste.com\/"},{"@type":"ListItem","position":2,"name":"\u00dcr\u00fcnler","item":"https:\/\/acarkereste.com\/?page_id=32"},{"@type":"ListItem","position":3,"name":"Osb Levha"}]},{"@type":"WebSite","@id":"https:\/\/acarkereste.com\/#website","url":"https:\/\/acarkereste.com\/","name":"Acar Orman","description":"Lambri &amp; Kereste \u00dcr\u00fcnleri","publisher":{"@id":"https:\/\/acarkereste.com\/#organization"},"potentialAction":[{"@type":"SearchAction","target":{"@type":"EntryPoint","urlTemplate":"https:\/\/acarkereste.com\/?s={search_term_string}"},"query-input":"required name=search_term_string"}],"inLanguage":"tr"},{"@type":"Organization","@id":"https:\/\/acarkereste.com\/#organization","name":"G\u00fcner Oto","url":"https:\/\/acarkereste.com\/","logo":{"@type":"ImageObject","inLanguage":"tr","@id":"https:\/\/acarkereste.com\/#\/schema\/logo\/image\/","url":"","contentUrl":"","caption":"G\u00fcner Oto"},"image":{"@id":"https:\/\/acarkereste.com\/#\/schema\/logo\/image\/"}}]}},"_links":{"self":[{"href":"https:\/\/acarkereste.com\/index.php?rest_route=\/wp\/v2\/pages\/183","targetHints":{"allow":["GET"]}}],"collection":[{"href":"https:\/\/acarkereste.com\/index.php?rest_route=\/wp\/v2\/pages"}],"about":[{"href":"https:\/\/acarkereste.com\/index.php?rest_route=\/wp\/v2\/types\/page"}],"author":[{"embeddable":true,"href":"https:\/\/acarkereste.com\/index.php?rest_route=\/wp\/v2\/users\/14"}],"replies":[{"embeddable":true,"href":"https:\/\/acarkereste.com\/index.php?rest_route=%2Fwp%2Fv2%2Fcomments&post=183"}],"version-history":[{"count":0,"href":"https:\/\/acarkereste.com\/index.php?rest_route=\/wp\/v2\/pages\/183\/revisions"}],"up":[{"embeddable":true,"href":"https:\/\/acarkereste.com\/index.php?rest_route=\/wp\/v2\/pages\/32"}],"wp:featuredmedia":[{"embeddable":true,"href":"https:\/\/acarkereste.com\/index.php?rest_route=\/wp\/v2\/media\/3005"}],"wp:attachment":[{"href":"https:\/\/acarkereste.com\/index.php?rest_route=%2Fwp%2Fv2%2Fmedia&parent=183"}],"curies":[{"name":"wp","href":"https:\/\/api.w.org\/{rel}","templated":true}]}}