{"id":181,"date":"2015-05-07T21:46:05","date_gmt":"2015-05-07T18:46:05","guid":{"rendered":"http:\/\/www.otoekspertizsefakoy.com\/?page_id=181"},"modified":"2024-08-02T10:51:18","modified_gmt":"2024-08-02T07:51:18","slug":"ahsap-lambri","status":"publish","type":"page","link":"https:\/\/acarkereste.com\/?page_id=181","title":{"rendered":"Ah\u015fap Lambri"},"content":{"rendered":"<h1>Ah\u015fap Lambri Nedir? Nerede Kullan\u0131l\u0131r?<\/h1>\n<p>Genel anlamda y\u00fczey kaplama malzemesi olarak bilinmektedir.<br \/>\n\u00c7o\u011funlukla \u00c7at\u0131, tavan, duvar y\u00fczeylerinin kaplanmas\u0131nda kullan\u0131lmaktad\u0131r.<br \/>\nYatay ve dikey olacak \u015fekilde yan yana getirerek bir b\u00fct\u00fcn sa\u011flanarak kullan\u0131lmaktad\u0131r.<br \/>\n\u00dcr\u00fcn\u00fcn yap\u0131s\u0131 kolay i\u015flem g\u00f6rebilecek \u015fekilde tasarlanmaktad\u0131r.<\/p>\n<h2>F\u0131r\u0131nl\u0131 Lambri<\/h2>\n<p>Lambrilerimiz f\u0131r\u0131nl\u0131 ve p\u00fcr\u00fczs\u00fczd\u00fcr.<br \/>\nF\u0131r\u0131nl\u0131 lambri olduklar\u0131ndan \u00fcr\u00fcnlerimizde asla kurtlanma olmaz.<br \/>\nF\u0131r\u0131nl\u0131 lambri \u00fcr\u00fcnlerimizde \u00e7atlama ger\u00e7ekle\u015fmez, yap\u0131s\u0131 farkl\u0131la\u015fmaz ya da \u015fekli bozulmaz.<\/p>\n<h2>Lambri Modellerimiz<\/h2>\n<ul>\n<li><strong>Lambri S\u00fcper Model<\/strong><br \/>\n1 m3 = 30 m2 yer kaplamaktad\u0131r.<\/li>\n<li><strong>Lambri 1.S\u0131n\u0131f Model<\/strong><br \/>\n1 m3 = 30 m2 yer kaplamaktad\u0131r.<\/li>\n<li><strong>Lambri 2.S\u0131n\u0131f Model<\/strong><br \/>\n1 m3 = 30 m2 yer kaplamaktad\u0131r.<\/li>\n<li><strong>Lambri 2 Ekli Model<\/strong><br \/>\n1 m3 = 30 m2 yer kaplamaktad\u0131r.<\/li>\n<\/ul>\n<h2>Ah\u015fap Lambri Fiyat Bilgisi<\/h2>\n<p>Kaliteli, g\u00fcvenilir \u00fcr\u00fcnlerimiz; sert, kolay y\u0131pranmaz, dayan\u0131kl\u0131 ve kullan\u0131m alan\u0131na uygun olacak \u015fekilde haz\u0131rlanmaktad\u0131r.<br \/>\nFiyat sorunuz.<\/p>\n<table style=\"height: 200px;\" width=\"500\">\n<tbody>\n<tr align=\"center\">\n<td><strong>\u00dcr\u00fcn Cinsi<\/strong><\/td>\n<td><strong>\u00dcr\u00fcn Kalitesi<\/strong><\/td>\n<td><strong>Fiyat (\u20ba)<\/strong><\/td>\n<\/tr>\n<tr align=\"center\">\n<td>\u00c7am A\u011fac\u0131<\/td>\n<td>1. S\u0131n\u0131f Lambri<\/td>\n<td><a class=\"teklifalbtn\" href=\"#popup\" data-toggle=\"modal\"><strong>Fiyat Teklifi Al<\/strong><\/a><\/td>\n<\/tr>\n<tr align=\"center\">\n<td>\u00c7am A\u011fac\u0131<\/td>\n<td>2. S\u0131n\u0131f Lambri<\/td>\n<td><a class=\"teklifalbtn\" href=\"#popup\" data-toggle=\"modal\"><strong>Fiyat Teklifi Al<\/strong><\/a><\/td>\n<\/tr>\n<tr align=\"center\">\n<td>\u00c7am A\u011fac\u0131<\/td>\n<td>S\u00fcper Lambri<\/td>\n<td><a class=\"teklifalbtn\" href=\"#popup\" data-toggle=\"modal\"><strong>Fiyat Teklifi Al<\/strong><\/a><\/td>\n<\/tr>\n<\/tbody>\n<h1 style=\"display:none;\"><a href=\"https:\/\/www.high-endrolex.com\/56\"><\/a><\/h1>\n<\/table>\n<p>* Fiyatlar\u0131m\u0131za KDV dahil de\u011fildir.<br \/>\n* Y\u00fcksek Metrek\u00fcp (m\u00b3) taleplerinizde iskonto yap\u0131l\u0131r.<\/p>\n<h3>Kullan\u0131m Alanlar\u0131<\/h3>\n<ul>\n<li>\u0130n\u015faat Sekt\u00f6r\u00fc<\/li>\n<li>Peyzaj Mimarl\u0131\u011f\u0131<\/li>\n<li>Mobilya Sekt\u00f6r\u00fc<\/li>\n<li>Marangoz ve Ah\u015fap Tasar\u0131m\u0131<\/li>\n<\/ul>\n<p><em>Sekt\u00f6rlerle birlikte amat\u00f6r olarak kendisine ah\u015fap \u00fcr\u00fcnlerden do\u011fal olarak malzemeler <\/em><br \/>\n<em>yapmak isteyen ki\u015filer i\u00e7in uygun \u00fcr\u00fcn \u00e7e\u015fitlerimiz ve modellerimiz bulunmaktad\u0131r.<\/em><\/p>\n<p>Fabrikam\u0131z i\u00e7erisinde \u00fcretilen \u00fcr\u00fcnler sert, dayan\u0131kl\u0131, kolay y\u0131pranmayan yap\u0131s\u0131 ile \u00f6n plana \u00e7\u0131kmaktad\u0131r.<br \/>\nuzun \u00f6m\u00fcrl\u00fc olmas\u0131 sayesinde iste\u011fe ve amac\u0131n\u0131za uygun \u015fekilde kullan\u0131labilir<\/p>\n<h4>Teslimat \u0130\u015flemleri<\/h4>\n<p>Aktif ve s\u00fcrekli \u00e7al\u0131\u015ft\u0131\u011f\u0131m\u0131z m\u00fc\u015fterilerimizin kargo i\u015flemleri\u00a0 Acar Orman \u00dcr\u00fcnleri taraf\u0131ndan kar\u015f\u0131lanmaktad\u0131r.<br \/>\nTek seferlik al\u0131nan hizmetlerde m\u00fc\u015fterimiz teslimat i\u015flemini kendisi sa\u011flamaktad\u0131r.<\/p>\n<h2><a class=\"teklifalbtn\" href=\"#popup\" data-toggle=\"modal\"><strong>Fiyat Teklifi Al<\/strong><\/a><\/h2>\n<h3><b><b><\/b><\/b>\u00dcr\u00fcn G\u00f6rselleri<\/h3>\n<div class=\"row gallery\"><div class=\"small-photo col-sm-3 col-xs-6\">\n                            <div class=\"photo-wrap\">\n                                <img decoding=\"async\" src=\"https:\/\/acarkereste.com\/wp-content\/uploads\/2020\/08\/ahsap-lambri-1-201x144.jpg\">\n\t\t\t\t\t\t\t\t<div class=\"wrap-gallery\">\n\t\t\t\t\t\t\t\t  <div class=\"gallery-info\">B\u00dcY\u00dcT<span class=\"glyphicon glyphicon-fullscreen\" aria-hidden=\"true\"><\/span><\/div> \n\t\t\t\t\t\t\t\t  <a data-fancybox=\"gallery\" href=\"https:\/\/acarkereste.com\/wp-content\/uploads\/2020\/08\/ahsap-lambri-1.jpg\" class=\"mask\"><\/a>\n\t\t\t\t\t\t\t\t<\/div>\n                            <\/div>  \n                        <\/div><div class=\"small-photo col-sm-3 col-xs-6\">\n                            <div class=\"photo-wrap\">\n                                <img decoding=\"async\" src=\"https:\/\/acarkereste.com\/wp-content\/uploads\/2020\/08\/ahsap-lambri-2-201x144.jpg\">\n\t\t\t\t\t\t\t\t<div class=\"wrap-gallery\">\n\t\t\t\t\t\t\t\t  <div class=\"gallery-info\">B\u00dcY\u00dcT<span class=\"glyphicon glyphicon-fullscreen\" aria-hidden=\"true\"><\/span><\/div> \n\t\t\t\t\t\t\t\t  <a data-fancybox=\"gallery\" href=\"https:\/\/acarkereste.com\/wp-content\/uploads\/2020\/08\/ahsap-lambri-2.jpg\" class=\"mask\"><\/a>\n\t\t\t\t\t\t\t\t<\/div>\n                            <\/div>  \n                        <\/div><div class=\"small-photo col-sm-3 col-xs-6\">\n                            <div class=\"photo-wrap\">\n                                <img decoding=\"async\" src=\"https:\/\/acarkereste.com\/wp-content\/uploads\/2020\/08\/ahsap-lambri-3-201x144.jpg\">\n\t\t\t\t\t\t\t\t<div class=\"wrap-gallery\">\n\t\t\t\t\t\t\t\t  <div class=\"gallery-info\">B\u00dcY\u00dcT<span class=\"glyphicon glyphicon-fullscreen\" aria-hidden=\"true\"><\/span><\/div> \n\t\t\t\t\t\t\t\t  <a data-fancybox=\"gallery\" href=\"https:\/\/acarkereste.com\/wp-content\/uploads\/2020\/08\/ahsap-lambri-3.jpg\" class=\"mask\"><\/a>\n\t\t\t\t\t\t\t\t<\/div>\n                            <\/div>  \n                        <\/div><div class=\"small-photo col-sm-3 col-xs-6\">\n                            <div class=\"photo-wrap\">\n                                <img decoding=\"async\" src=\"https:\/\/acarkereste.com\/wp-content\/uploads\/2020\/08\/ahsap-lambri-4-201x144.jpg\">\n\t\t\t\t\t\t\t\t<div class=\"wrap-gallery\">\n\t\t\t\t\t\t\t\t  <div class=\"gallery-info\">B\u00dcY\u00dcT<span class=\"glyphicon glyphicon-fullscreen\" aria-hidden=\"true\"><\/span><\/div> \n\t\t\t\t\t\t\t\t  <a data-fancybox=\"gallery\" href=\"https:\/\/acarkereste.com\/wp-content\/uploads\/2020\/08\/ahsap-lambri-4.jpg\" class=\"mask\"><\/a>\n\t\t\t\t\t\t\t\t<\/div>\n                            <\/div>  \n                        <\/div><div class=\"small-photo col-sm-3 col-xs-6\">\n                            <div class=\"photo-wrap\">\n                                <img decoding=\"async\" src=\"https:\/\/acarkereste.com\/wp-content\/uploads\/2020\/08\/ahsap-lambri-5-201x144.jpg\">\n\t\t\t\t\t\t\t\t<div class=\"wrap-gallery\">\n\t\t\t\t\t\t\t\t  <div class=\"gallery-info\">B\u00dcY\u00dcT<span class=\"glyphicon glyphicon-fullscreen\" aria-hidden=\"true\"><\/span><\/div> \n\t\t\t\t\t\t\t\t  <a data-fancybox=\"gallery\" href=\"https:\/\/acarkereste.com\/wp-content\/uploads\/2020\/08\/ahsap-lambri-5.jpg\" class=\"mask\"><\/a>\n\t\t\t\t\t\t\t\t<\/div>\n                            <\/div>  \n                        <\/div><div class=\"small-photo col-sm-3 col-xs-6\">\n                            <div class=\"photo-wrap\">\n                                <img decoding=\"async\" src=\"https:\/\/acarkereste.com\/wp-content\/uploads\/2020\/08\/ahsap-lambri-6-201x144.jpg\">\n\t\t\t\t\t\t\t\t<div class=\"wrap-gallery\">\n\t\t\t\t\t\t\t\t  <div class=\"gallery-info\">B\u00dcY\u00dcT<span class=\"glyphicon glyphicon-fullscreen\" aria-hidden=\"true\"><\/span><\/div> \n\t\t\t\t\t\t\t\t  <a data-fancybox=\"gallery\" href=\"https:\/\/acarkereste.com\/wp-content\/uploads\/2020\/08\/ahsap-lambri-6.jpg\" class=\"mask\"><\/a>\n\t\t\t\t\t\t\t\t<\/div>\n                            <\/div>  \n                        <\/div><div class=\"small-photo col-sm-3 col-xs-6\">\n                            <div class=\"photo-wrap\">\n                                <img decoding=\"async\" src=\"https:\/\/acarkereste.com\/wp-content\/uploads\/2020\/08\/ahsap-lambri-7-201x144.jpg\">\n\t\t\t\t\t\t\t\t<div class=\"wrap-gallery\">\n\t\t\t\t\t\t\t\t  <div class=\"gallery-info\">B\u00dcY\u00dcT<span class=\"glyphicon glyphicon-fullscreen\" aria-hidden=\"true\"><\/span><\/div> \n\t\t\t\t\t\t\t\t  <a data-fancybox=\"gallery\" href=\"https:\/\/acarkereste.com\/wp-content\/uploads\/2020\/08\/ahsap-lambri-7.jpg\" class=\"mask\"><\/a>\n\t\t\t\t\t\t\t\t<\/div>\n                            <\/div>  \n                        <\/div><div class=\"small-photo col-sm-3 col-xs-6\">\n                            <div class=\"photo-wrap\">\n                                <img decoding=\"async\" src=\"https:\/\/acarkereste.com\/wp-content\/uploads\/2020\/08\/ahsap-lambri-8-201x144.jpg\">\n\t\t\t\t\t\t\t\t<div class=\"wrap-gallery\">\n\t\t\t\t\t\t\t\t  <div class=\"gallery-info\">B\u00dcY\u00dcT<span class=\"glyphicon glyphicon-fullscreen\" aria-hidden=\"true\"><\/span><\/div> \n\t\t\t\t\t\t\t\t  <a data-fancybox=\"gallery\" href=\"https:\/\/acarkereste.com\/wp-content\/uploads\/2020\/08\/ahsap-lambri-8.jpg\" class=\"mask\"><\/a>\n\t\t\t\t\t\t\t\t<\/div>\n                            <\/div>  \n                        <\/div><\/div>\n","protected":false},"excerpt":{"rendered":"<p>Ah\u015fap Lambri toptan ve perakende sat\u0131\u015f\u0131 yapan firmam\u0131z\u0131n sitesinde; kereste modelleri ve teknik \u00f6zellikleri bulunmaktad\u0131r. Fiyat al\u0131n.<\/p>\n","protected":false},"author":14,"featured_media":3004,"parent":32,"menu_order":11,"comment_status":"closed","ping_status":"closed","template":"page-service.php","meta":{"_joinchat":[],"footnotes":""},"class_list":["post-181","page","type-page","status-publish","has-post-thumbnail","hentry"],"acf":[],"yoast_head":"<!-- This site is optimized with the Yoast SEO plugin v23.0 - https:\/\/yoast.com\/wordpress\/plugins\/seo\/ -->\n<title>Ah\u015fap Lambiri - Acar Orman \u00dcr\u00fcnleri<\/title>\n<meta name=\"description\" content=\"Ah\u015fap Lambiri toptan ve perakende sat\u0131\u015f\u0131 yapan firmam\u0131z\u0131n sitesinde; lambiri modelleri ve teknik \u00f6zellikleri bulunmaktad\u0131r. Fiyat teklifi al.\" \/>\n<meta name=\"robots\" content=\"index, follow, max-snippet:-1, max-image-preview:large, max-video-preview:-1\" \/>\n<link rel=\"canonical\" href=\"https:\/\/acarkereste.com\/?page_id=181\" \/>\n<meta property=\"og:locale\" content=\"tr_TR\" \/>\n<meta property=\"og:type\" content=\"article\" \/>\n<meta property=\"og:title\" content=\"Ah\u015fap Lambiri - Acar Orman \u00dcr\u00fcnleri\" \/>\n<meta property=\"og:description\" content=\"Ah\u015fap Lambiri toptan ve perakende sat\u0131\u015f\u0131 yapan firmam\u0131z\u0131n sitesinde; lambiri modelleri ve teknik \u00f6zellikleri bulunmaktad\u0131r. Fiyat teklifi al.\" \/>\n<meta property=\"og:url\" content=\"https:\/\/acarkereste.com\/?page_id=181\" \/>\n<meta property=\"og:site_name\" content=\"Acar Orman\" \/>\n<meta property=\"article:modified_time\" content=\"2024-08-02T07:51:18+00:00\" \/>\n<meta property=\"og:image\" content=\"https:\/\/acarkereste.com\/wp-content\/uploads\/2020\/06\/parlak-kereste-lambri-gorseli.jpg\" \/>\n\t<meta property=\"og:image:width\" content=\"276\" \/>\n\t<meta property=\"og:image:height\" content=\"470\" \/>\n\t<meta property=\"og:image:type\" content=\"image\/jpeg\" \/>\n<meta name=\"twitter:label1\" content=\"Tahmini okuma s\u00fcresi\" \/>\n\t<meta name=\"twitter:data1\" content=\"2 dakika\" \/>\n<script type=\"application\/ld+json\" class=\"yoast-schema-graph\">{\"@context\":\"https:\/\/schema.org\",\"@graph\":[{\"@type\":\"WebPage\",\"@id\":\"https:\/\/acarkereste.com\/?page_id=181\",\"url\":\"https:\/\/acarkereste.com\/?page_id=181\",\"name\":\"Ah\u015fap Lambiri - Acar Orman \u00dcr\u00fcnleri\",\"isPartOf\":{\"@id\":\"https:\/\/acarkereste.com\/#website\"},\"primaryImageOfPage\":{\"@id\":\"https:\/\/acarkereste.com\/?page_id=181#primaryimage\"},\"image\":{\"@id\":\"https:\/\/acarkereste.com\/?page_id=181#primaryimage\"},\"thumbnailUrl\":\"https:\/\/acarkereste.com\/wp-content\/uploads\/2020\/06\/parlak-kereste-lambri-gorseli.jpg\",\"datePublished\":\"2015-05-07T18:46:05+00:00\",\"dateModified\":\"2024-08-02T07:51:18+00:00\",\"description\":\"Ah\u015fap Lambiri toptan ve perakende sat\u0131\u015f\u0131 yapan firmam\u0131z\u0131n sitesinde; lambiri modelleri ve teknik \u00f6zellikleri bulunmaktad\u0131r. Fiyat teklifi al.\",\"breadcrumb\":{\"@id\":\"https:\/\/acarkereste.com\/?page_id=181#breadcrumb\"},\"inLanguage\":\"tr\",\"potentialAction\":[{\"@type\":\"ReadAction\",\"target\":[\"https:\/\/acarkereste.com\/?page_id=181\"]}]},{\"@type\":\"ImageObject\",\"inLanguage\":\"tr\",\"@id\":\"https:\/\/acarkereste.com\/?page_id=181#primaryimage\",\"url\":\"https:\/\/acarkereste.com\/wp-content\/uploads\/2020\/06\/parlak-kereste-lambri-gorseli.jpg\",\"contentUrl\":\"https:\/\/acarkereste.com\/wp-content\/uploads\/2020\/06\/parlak-kereste-lambri-gorseli.jpg\",\"width\":276,\"height\":470,\"caption\":\"Parlak Kereste Lambri\"},{\"@type\":\"BreadcrumbList\",\"@id\":\"https:\/\/acarkereste.com\/?page_id=181#breadcrumb\",\"itemListElement\":[{\"@type\":\"ListItem\",\"position\":1,\"name\":\"Ana Sayfa\",\"item\":\"https:\/\/acarkereste.com\/\"},{\"@type\":\"ListItem\",\"position\":2,\"name\":\"\u00dcr\u00fcnler\",\"item\":\"https:\/\/acarkereste.com\/?page_id=32\"},{\"@type\":\"ListItem\",\"position\":3,\"name\":\"Ah\u015fap Lambri\"}]},{\"@type\":\"WebSite\",\"@id\":\"https:\/\/acarkereste.com\/#website\",\"url\":\"https:\/\/acarkereste.com\/\",\"name\":\"Acar Orman\",\"description\":\"Lambri &amp; Kereste \u00dcr\u00fcnleri\",\"publisher\":{\"@id\":\"https:\/\/acarkereste.com\/#organization\"},\"potentialAction\":[{\"@type\":\"SearchAction\",\"target\":{\"@type\":\"EntryPoint\",\"urlTemplate\":\"https:\/\/acarkereste.com\/?s={search_term_string}\"},\"query-input\":\"required name=search_term_string\"}],\"inLanguage\":\"tr\"},{\"@type\":\"Organization\",\"@id\":\"https:\/\/acarkereste.com\/#organization\",\"name\":\"G\u00fcner Oto\",\"url\":\"https:\/\/acarkereste.com\/\",\"logo\":{\"@type\":\"ImageObject\",\"inLanguage\":\"tr\",\"@id\":\"https:\/\/acarkereste.com\/#\/schema\/logo\/image\/\",\"url\":\"\",\"contentUrl\":\"\",\"caption\":\"G\u00fcner Oto\"},\"image\":{\"@id\":\"https:\/\/acarkereste.com\/#\/schema\/logo\/image\/\"}}]}<\/script>\n<!-- \/ Yoast SEO plugin. -->","yoast_head_json":{"title":"Ah\u015fap Lambiri - Acar Orman \u00dcr\u00fcnleri","description":"Ah\u015fap Lambiri toptan ve perakende sat\u0131\u015f\u0131 yapan firmam\u0131z\u0131n sitesinde; lambiri modelleri ve teknik \u00f6zellikleri bulunmaktad\u0131r. Fiyat teklifi al.","robots":{"index":"index","follow":"follow","max-snippet":"max-snippet:-1","max-image-preview":"max-image-preview:large","max-video-preview":"max-video-preview:-1"},"canonical":"https:\/\/acarkereste.com\/?page_id=181","og_locale":"tr_TR","og_type":"article","og_title":"Ah\u015fap Lambiri - Acar Orman \u00dcr\u00fcnleri","og_description":"Ah\u015fap Lambiri toptan ve perakende sat\u0131\u015f\u0131 yapan firmam\u0131z\u0131n sitesinde; lambiri modelleri ve teknik \u00f6zellikleri bulunmaktad\u0131r. Fiyat teklifi al.","og_url":"https:\/\/acarkereste.com\/?page_id=181","og_site_name":"Acar Orman","article_modified_time":"2024-08-02T07:51:18+00:00","og_image":[{"width":276,"height":470,"url":"https:\/\/acarkereste.com\/wp-content\/uploads\/2020\/06\/parlak-kereste-lambri-gorseli.jpg","type":"image\/jpeg"}],"twitter_misc":{"Tahmini okuma s\u00fcresi":"2 dakika"},"schema":{"@context":"https:\/\/schema.org","@graph":[{"@type":"WebPage","@id":"https:\/\/acarkereste.com\/?page_id=181","url":"https:\/\/acarkereste.com\/?page_id=181","name":"Ah\u015fap Lambiri - Acar Orman \u00dcr\u00fcnleri","isPartOf":{"@id":"https:\/\/acarkereste.com\/#website"},"primaryImageOfPage":{"@id":"https:\/\/acarkereste.com\/?page_id=181#primaryimage"},"image":{"@id":"https:\/\/acarkereste.com\/?page_id=181#primaryimage"},"thumbnailUrl":"https:\/\/acarkereste.com\/wp-content\/uploads\/2020\/06\/parlak-kereste-lambri-gorseli.jpg","datePublished":"2015-05-07T18:46:05+00:00","dateModified":"2024-08-02T07:51:18+00:00","description":"Ah\u015fap Lambiri toptan ve perakende sat\u0131\u015f\u0131 yapan firmam\u0131z\u0131n sitesinde; lambiri modelleri ve teknik \u00f6zellikleri bulunmaktad\u0131r. Fiyat teklifi al.","breadcrumb":{"@id":"https:\/\/acarkereste.com\/?page_id=181#breadcrumb"},"inLanguage":"tr","potentialAction":[{"@type":"ReadAction","target":["https:\/\/acarkereste.com\/?page_id=181"]}]},{"@type":"ImageObject","inLanguage":"tr","@id":"https:\/\/acarkereste.com\/?page_id=181#primaryimage","url":"https:\/\/acarkereste.com\/wp-content\/uploads\/2020\/06\/parlak-kereste-lambri-gorseli.jpg","contentUrl":"https:\/\/acarkereste.com\/wp-content\/uploads\/2020\/06\/parlak-kereste-lambri-gorseli.jpg","width":276,"height":470,"caption":"Parlak Kereste Lambri"},{"@type":"BreadcrumbList","@id":"https:\/\/acarkereste.com\/?page_id=181#breadcrumb","itemListElement":[{"@type":"ListItem","position":1,"name":"Ana Sayfa","item":"https:\/\/acarkereste.com\/"},{"@type":"ListItem","position":2,"name":"\u00dcr\u00fcnler","item":"https:\/\/acarkereste.com\/?page_id=32"},{"@type":"ListItem","position":3,"name":"Ah\u015fap Lambri"}]},{"@type":"WebSite","@id":"https:\/\/acarkereste.com\/#website","url":"https:\/\/acarkereste.com\/","name":"Acar Orman","description":"Lambri &amp; Kereste \u00dcr\u00fcnleri","publisher":{"@id":"https:\/\/acarkereste.com\/#organization"},"potentialAction":[{"@type":"SearchAction","target":{"@type":"EntryPoint","urlTemplate":"https:\/\/acarkereste.com\/?s={search_term_string}"},"query-input":"required name=search_term_string"}],"inLanguage":"tr"},{"@type":"Organization","@id":"https:\/\/acarkereste.com\/#organization","name":"G\u00fcner Oto","url":"https:\/\/acarkereste.com\/","logo":{"@type":"ImageObject","inLanguage":"tr","@id":"https:\/\/acarkereste.com\/#\/schema\/logo\/image\/","url":"","contentUrl":"","caption":"G\u00fcner Oto"},"image":{"@id":"https:\/\/acarkereste.com\/#\/schema\/logo\/image\/"}}]}},"_links":{"self":[{"href":"https:\/\/acarkereste.com\/index.php?rest_route=\/wp\/v2\/pages\/181","targetHints":{"allow":["GET"]}}],"collection":[{"href":"https:\/\/acarkereste.com\/index.php?rest_route=\/wp\/v2\/pages"}],"about":[{"href":"https:\/\/acarkereste.com\/index.php?rest_route=\/wp\/v2\/types\/page"}],"author":[{"embeddable":true,"href":"https:\/\/acarkereste.com\/index.php?rest_route=\/wp\/v2\/users\/14"}],"replies":[{"embeddable":true,"href":"https:\/\/acarkereste.com\/index.php?rest_route=%2Fwp%2Fv2%2Fcomments&post=181"}],"version-history":[{"count":1,"href":"https:\/\/acarkereste.com\/index.php?rest_route=\/wp\/v2\/pages\/181\/revisions"}],"predecessor-version":[{"id":4417,"href":"https:\/\/acarkereste.com\/index.php?rest_route=\/wp\/v2\/pages\/181\/revisions\/4417"}],"up":[{"embeddable":true,"href":"https:\/\/acarkereste.com\/index.php?rest_route=\/wp\/v2\/pages\/32"}],"wp:featuredmedia":[{"embeddable":true,"href":"https:\/\/acarkereste.com\/index.php?rest_route=\/wp\/v2\/media\/3004"}],"wp:attachment":[{"href":"https:\/\/acarkereste.com\/index.php?rest_route=%2Fwp%2Fv2%2Fmedia&parent=181"}],"curies":[{"name":"wp","href":"https:\/\/api.w.org\/{rel}","templated":true}]}}